{"id":1240,"date":"2024-12-20T16:13:32","date_gmt":"2024-12-20T15:13:32","guid":{"rendered":"https:\/\/spectacles.lamaisonduconte.com\/?page_id=1240"},"modified":"2025-01-14T11:34:01","modified_gmt":"2025-01-14T10:34:01","slug":"mathilde-bensaid-envole","status":"publish","type":"page","link":"https:\/\/spectacles.lamaisonduconte.com\/index.php\/mathilde-bensaid-envole\/","title":{"rendered":"Mathilde Bensa\u00efd &#8211; Envol\u00e9"},"content":{"rendered":"\n<figure class=\"wp-block-image size-full is-resized\" style=\"margin-right:var(--wp--preset--spacing--40);margin-left:var(--wp--preset--spacing--40)\"><img loading=\"lazy\" decoding=\"async\" width=\"567\" height=\"700\" src=\"http:\/\/spectacles.lamaisonduconte.com\/wp-content\/uploads\/2024\/12\/SP-Bensaid-Envole.jpg\" alt=\"\" class=\"wp-image-1238\" style=\"width:357px\" srcset=\"https:\/\/spectacles.lamaisonduconte.com\/wp-content\/uploads\/2024\/12\/SP-Bensaid-Envole.jpg 567w, https:\/\/spectacles.lamaisonduconte.com\/wp-content\/uploads\/2024\/12\/SP-Bensaid-Envole-243x300.jpg 243w\" sizes=\"auto, (max-width: 567px) 100vw, 567px\" \/><\/figure>\n\n\n\n<h2 class=\"wp-block-heading has-foreground-color has-text-color has-link-color wp-elements-4283b9529d95ecf5ee174ed67ce5ef6d\" style=\"padding-right:var(--wp--preset--spacing--40);padding-left:var(--wp--preset--spacing--40)\"><br>ENVOL\u00c9<br><\/h2>\n\n\n\n<blockquote class=\"wp-block-quote has-foreground-color has-text-color has-link-color has-extra-small-font-size wp-elements-c7f581a50c7b2998c97214f64344b601 is-layout-flow wp-block-quote-is-layout-flow\" style=\"padding-right:0;padding-left:0\">\n<h6 class=\"wp-block-heading has-raleway-font-family has-extra-small-font-size\" style=\"padding-right:var(--wp--preset--spacing--40);padding-left:var(--wp--preset--spacing--40)\">D\u00e9couverte, s\u00e9paration, oiseau, hirondelle<br>\u00c2ge\u00a0: 2 ans+, tout-petits<\/h6>\n\n\n\n<p><\/p>\n<\/blockquote>\n\n\n\n<p class=\"has-foreground-color has-text-color has-link-color wp-elements-0800ef54de399ee0e892fba4841f2718\" style=\"padding-right:var(--wp--preset--spacing--40);padding-left:var(--wp--preset--spacing--40)\"><br>\u00ab Comment \u00e9voquer la s\u00e9paration avec le tout petit, sujet \u00e0 la fois d\u00e9licieux et effrayant pour lui ? Il arrive que le d\u00e9part soit choisi par l\u2019enfant lorsqu\u2019il commence \u00e0 marcher, \u00e0 s\u2019\u00e9loigner, prendre conscience qu\u2019un ailleurs existe\u2026 Il arrive aussi que l\u2019enfant voit l\u2019autre partir, le parent, l\u2019\u00eatre cher et ch\u00e9ri, connu et rassurant. Notre arriv\u00e9e au monde est suivie d\u2019une suite de s\u00e9parations\u2026 et de retrouvailles. Partir pour mieux se retrouver ! \u00bb<\/p>\n\n\n\n<p class=\"has-foreground-color has-text-color has-link-color wp-elements-4b9943a40f5816ba74f9591d1d1d6832\" style=\"padding-right:var(--wp--preset--spacing--40);padding-left:var(--wp--preset--spacing--40)\"><\/p>\n\n\n\n<p class=\"has-foreground-color has-text-color has-link-color wp-elements-ba1238313e84d32e61af7a13624464d4\"><\/p>\n\n\n\n<p class=\"has-foreground-color has-text-color has-link-color wp-elements-4fc5103a4d85ef7ed71036e598a6ecf3\" style=\"padding-right:var(--wp--preset--spacing--40);padding-left:var(--wp--preset--spacing--40)\"><br><strong>Lieux de repr\u00e9sentation\u00a0<\/strong>: th\u00e9\u00e2tres et forme LND (lieux non d\u00e9di\u00e9s, cr\u00e8ches, m\u00e9diath\u00e8ques\u2026)<\/p>\n\n\n\n<p class=\"has-foreground-color has-text-color has-link-color wp-elements-f6de4255282b5b4d8b925c60f4fa0b4c\" style=\"padding-top:var(--wp--preset--spacing--40);padding-right:var(--wp--preset--spacing--40);padding-bottom:var(--wp--preset--spacing--40);padding-left:var(--wp--preset--spacing--40)\"><strong>\u00c9quipe artiste&nbsp;au plateau<\/strong>&nbsp;: <a href=\"https:\/\/spectacles.lamaisonduconte.com\/index.php\/mathilde-bensaid-fiche-artiste\/\" data-type=\"page\" data-id=\"1236\">Mathilde Bensa\u00efd<\/a><\/p>\n\n\n\n<p class=\"has-foreground-color has-text-color has-link-color wp-elements-4b9943a40f5816ba74f9591d1d1d6832\" style=\"padding-right:var(--wp--preset--spacing--40);padding-left:var(--wp--preset--spacing--40)\"><\/p>\n\n\n\n<p class=\"has-foreground-color has-text-color has-link-color wp-elements-1c79c1fc3293c927e9c5b23573300450\" style=\"padding-right:var(--wp--preset--spacing--40);padding-left:var(--wp--preset--spacing--40)\"><strong>Production&nbsp;<\/strong>: <\/p>\n\n\n\n<p class=\"has-foreground-color has-text-color has-link-color wp-elements-ec035b7c44e86ae5f936e201e0069575\" style=\"padding-right:var(--wp--preset--spacing--40);padding-left:var(--wp--preset--spacing--40)\">Les Mots des images  <strong>Coproductions<\/strong> : Le Centre des Arts du R\u00e9cit, La Maison du Conte, Le Chateau Coquelle, La M\u00e9diath\u00e8que La Source.<\/p>\n\n\n\n<p class=\"has-foreground-color has-text-color has-link-color wp-elements-4861c563b4dadc57a0686e47d2c4b742\" style=\"padding-top:var(--wp--preset--spacing--60);padding-right:var(--wp--preset--spacing--40);padding-bottom:var(--wp--preset--spacing--60);padding-left:var(--wp--preset--spacing--40)\"><strong>Contact : <\/strong><\/p>\n\n\n\n<p class=\"has-foreground-color has-text-color has-link-color wp-elements-e0e5b7fa838a3e09e14f8e38bfc892cb\" style=\"margin-top:var(--wp--preset--spacing--30);margin-right:0;margin-bottom:var(--wp--preset--spacing--30);margin-left:var(--wp--preset--spacing--60);padding-right:var(--wp--preset--spacing--40);padding-left:var(--wp--preset--spacing--40)\">e-mail : <a href=\"mailto:mbensaid@gmail.com\">mbensaid@gmail.com<\/a><\/p>\n\n\n\n<p class=\"has-foreground-color has-text-color has-link-color wp-elements-5453fbca553682801cc878c90ba418f6\" style=\"padding-right:var(--wp--preset--spacing--40);padding-left:var(--wp--preset--spacing--40)\">Site web : <a href=\"https:\/\/www.lesmotsdesimages.fr\/\">www.lesmotsdesimages.fr<\/a><\/p>\n","protected":false},"excerpt":{"rendered":"<p>ENVOL\u00c9 D\u00e9couverte, s\u00e9paration, oiseau, hirondelle\u00c2ge\u00a0: 2 ans+, tout-petits \u00ab Comment \u00e9voquer la s\u00e9paration avec le tout petit, sujet \u00e0 la [&hellip;]<\/p>\n","protected":false},"author":1,"featured_media":1238,"parent":0,"menu_order":0,"comment_status":"closed","ping_status":"closed","template":"","meta":{"footnotes":""},"class_list":["post-1240","page","type-page","status-publish","has-post-thumbnail","hentry"],"_links":{"self":[{"href":"https:\/\/spectacles.lamaisonduconte.com\/index.php\/wp-json\/wp\/v2\/pages\/1240","targetHints":{"allow":["GET"]}}],"collection":[{"href":"https:\/\/spectacles.lamaisonduconte.com\/index.php\/wp-json\/wp\/v2\/pages"}],"about":[{"href":"https:\/\/spectacles.lamaisonduconte.com\/index.php\/wp-json\/wp\/v2\/types\/page"}],"author":[{"embeddable":true,"href":"https:\/\/spectacles.lamaisonduconte.com\/index.php\/wp-json\/wp\/v2\/users\/1"}],"replies":[{"embeddable":true,"href":"https:\/\/spectacles.lamaisonduconte.com\/index.php\/wp-json\/wp\/v2\/comments?post=1240"}],"version-history":[{"count":5,"href":"https:\/\/spectacles.lamaisonduconte.com\/index.php\/wp-json\/wp\/v2\/pages\/1240\/revisions"}],"predecessor-version":[{"id":1441,"href":"https:\/\/spectacles.lamaisonduconte.com\/index.php\/wp-json\/wp\/v2\/pages\/1240\/revisions\/1441"}],"wp:featuredmedia":[{"embeddable":true,"href":"https:\/\/spectacles.lamaisonduconte.com\/index.php\/wp-json\/wp\/v2\/media\/1238"}],"wp:attachment":[{"href":"https:\/\/spectacles.lamaisonduconte.com\/index.php\/wp-json\/wp\/v2\/media?parent=1240"}],"curies":[{"name":"wp","href":"https:\/\/api.w.org\/{rel}","templated":true}]}}