{"id":1249,"date":"2024-12-20T17:02:55","date_gmt":"2024-12-20T16:02:55","guid":{"rendered":"https:\/\/spectacles.lamaisonduconte.com\/?page_id=1249"},"modified":"2026-02-19T10:38:34","modified_gmt":"2026-02-19T09:38:34","slug":"florence-desnouveaux-comment-ma-tete","status":"publish","type":"page","link":"https:\/\/spectacles.lamaisonduconte.com\/index.php\/florence-desnouveaux-comment-ma-tete\/","title":{"rendered":"Florence Desnouveaux &#8211; Comment ma t\u00eate s&rsquo;est d\u00e9viss\u00e9e"},"content":{"rendered":"\n<figure class=\"wp-block-image size-full is-resized\" style=\"margin-right:var(--wp--preset--spacing--40);margin-left:var(--wp--preset--spacing--40)\"><img loading=\"lazy\" decoding=\"async\" width=\"567\" height=\"700\" src=\"http:\/\/spectacles.lamaisonduconte.com\/wp-content\/uploads\/2024\/11\/SP-Desnouveaux-Comment-ma-tete.jpg\" alt=\"\" class=\"wp-image-1654\" style=\"width:357px\" srcset=\"https:\/\/spectacles.lamaisonduconte.com\/wp-content\/uploads\/2024\/11\/SP-Desnouveaux-Comment-ma-tete.jpg 567w, https:\/\/spectacles.lamaisonduconte.com\/wp-content\/uploads\/2024\/11\/SP-Desnouveaux-Comment-ma-tete-243x300.jpg 243w\" sizes=\"auto, (max-width: 567px) 100vw, 567px\" \/><\/figure>\n\n\n\n<h2 class=\"wp-block-heading has-foreground-color has-text-color has-link-color wp-elements-35ba78d73f509895d09e31a541b6c85a\" style=\"padding-right:var(--wp--preset--spacing--40);padding-left:var(--wp--preset--spacing--40)\"><br>COMMENT MA T\u00caTE S&rsquo;EST D\u00c9VISS\u00c9E, MON \u00c9TAT DE GRENOUILLE<br><\/h2>\n\n\n\n<blockquote class=\"wp-block-quote has-foreground-color has-text-color has-link-color has-extra-small-font-size wp-elements-20cb076094a129f3195bf6262fb95a1d is-layout-flow wp-block-quote-is-layout-flow\" style=\"padding-right:0;padding-left:0\">\n<h6 class=\"wp-block-heading has-raleway-font-family has-extra-small-font-size\" style=\"padding-right:var(--wp--preset--spacing--40);padding-left:var(--wp--preset--spacing--40)\">Conte merveilleux, r\u00e9cit de vie, attentat, grenouille, ville<br>\u00c2ge&nbsp;: 14 ans +, coll\u00e8ge, lyc\u00e9e, adultes<\/h6>\n\n\n\n<p><\/p>\n<\/blockquote>\n\n\n\n<p class=\"has-foreground-color has-text-color has-link-color wp-elements-f8723634aa1c8b01cef13c924aa44b85\" style=\"padding-right:var(--wp--preset--spacing--40);padding-left:var(--wp--preset--spacing--40)\"><br>\u00ab C&rsquo;est l\u2019histoire d\u2019une femme qui habite \u00e0 Paris. La femme voit peu ses voisins. Elle voit surtout des portes. Un soir de novembre, dans ce quartier tr\u00e8s vivant du monde, des terroristes r\u00e9pandent la peur et la mort. La femme est sid\u00e9r\u00e9e. Elle en perd la t\u00eate. Dans sa course, la t\u00eate de la femme s\u00e8me des histoires de grenouilles : grenouille au beurre, princesse grenouille, grenouilles tomb\u00e9es du ciel. C\u2019est ainsi que la ville de Paris se transforme \u00e0 tout jamais ! \u00bb<\/p>\n\n\n\n<p class=\"has-foreground-color has-text-color has-link-color wp-elements-4b9943a40f5816ba74f9591d1d1d6832\" style=\"padding-right:var(--wp--preset--spacing--40);padding-left:var(--wp--preset--spacing--40)\"><\/p>\n\n\n\n<p class=\"has-foreground-color has-text-color has-link-color wp-elements-ba1238313e84d32e61af7a13624464d4\"><\/p>\n\n\n\n<p class=\"has-foreground-color has-text-color has-link-color wp-elements-0dd571d7468db780e4d625a2c814712c\" style=\"padding-right:var(--wp--preset--spacing--40);padding-left:var(--wp--preset--spacing--40)\"><br><strong>Lieux de repr\u00e9sentation&nbsp;<\/strong>: plateau (r\u00e9gie son et lumi\u00e8re)<\/p>\n\n\n\n<p class=\"has-foreground-color has-text-color has-link-color wp-elements-3709830ef089f4f3cf74f69955c5ae2e\" style=\"padding-top:var(--wp--preset--spacing--40);padding-right:var(--wp--preset--spacing--40);padding-bottom:var(--wp--preset--spacing--40);padding-left:var(--wp--preset--spacing--40)\"><strong>\u00c9quipe artiste&nbsp;au plateau<\/strong>&nbsp;: <a href=\"https:\/\/spectacles.lamaisonduconte.com\/index.php\/florence-desnouveaux-fiche-artiste\/\" data-type=\"page\" data-id=\"1245\">Florence Desnouveaux<\/a> et Aleksandra Betanska<\/p>\n\n\n\n<p class=\"has-foreground-color has-text-color has-link-color wp-elements-4b9943a40f5816ba74f9591d1d1d6832\" style=\"padding-right:var(--wp--preset--spacing--40);padding-left:var(--wp--preset--spacing--40)\"><\/p>\n\n\n\n<p class=\"has-foreground-color has-text-color has-link-color wp-elements-1c79c1fc3293c927e9c5b23573300450\" style=\"padding-right:var(--wp--preset--spacing--40);padding-left:var(--wp--preset--spacing--40)\"><strong>Production&nbsp;<\/strong>: <\/p>\n\n\n\n<p class=\"has-foreground-color has-text-color has-link-color wp-elements-70686b5d448973f83ebd51b99af7cfdd\" style=\"padding-right:var(--wp--preset--spacing--40);padding-left:var(--wp--preset--spacing--40)\">Cie des \u00e9pices \/ Partenaires et soutiens&nbsp;: DRAC \u00cele-de-France, Commune de la Norville, Festival Rumeurs urbaines \u2013 Cie Le temps de vivre, Centre des arts du r\u00e9cit en Is\u00e8re \u2013 Sc\u00e8ne conventionn\u00e9e d\u2019int\u00e9r\u00eat national Art et Cr\u00e9ation, Maison de l\u2019Oralit\u00e9 et du Patrimoine de Capbreton, la Communaut\u00e9 de Communes Maremne Adour C\u00f4te Sud, la Ville de Capbreton, la Maison du Conte, le Clavim et l\u2019Union R\u00e9gionale des Foyers Ruraux du Poitou-Charentes et son P\u00f4le culturel r\u00e9gional des arts de la parole et des \u00e9critures contemporaines, avec la participation artistique du Studio-ESCA.<\/p>\n\n\n\n<p class=\"has-foreground-color has-text-color has-link-color wp-elements-ad4b661ff57ce6a9875e3ad7673ef9f6\" style=\"padding-top:var(--wp--preset--spacing--40);padding-right:var(--wp--preset--spacing--40);padding-bottom:var(--wp--preset--spacing--40);padding-left:var(--wp--preset--spacing--40)\"><strong>Contact : <\/strong><\/p>\n\n\n\n<p class=\"has-foreground-color has-text-color has-link-color wp-elements-4d89af938c651c9c734257e2d6086274\" style=\"padding-top:var(--wp--preset--spacing--40);padding-right:var(--wp--preset--spacing--40);padding-bottom:var(--wp--preset--spacing--40);padding-left:var(--wp--preset--spacing--40)\">e-mail : <a href=\"mailto:lacompagniedesepices@orange.fr\">lacompagniedesepices@orange.fr<\/a><\/p>\n\n\n\n<p class=\"has-foreground-color has-text-color has-link-color wp-elements-e330f24b397c584a4c9f1ccf603ad20e\" style=\"padding-right:var(--wp--preset--spacing--40);padding-left:var(--wp--preset--spacing--40)\">Site web : <a href=\"https:\/\/www.lacompagniedesepices.org\">www.lacompagniedesepices.org<\/a><\/p>\n","protected":false},"excerpt":{"rendered":"<p>COMMENT MA T\u00caTE S&rsquo;EST D\u00c9VISS\u00c9E, MON \u00c9TAT DE GRENOUILLE Conte merveilleux, r\u00e9cit de vie, attentat, grenouille, ville\u00c2ge&nbsp;: 14 ans +, [&hellip;]<\/p>\n","protected":false},"author":1,"featured_media":1654,"parent":0,"menu_order":0,"comment_status":"closed","ping_status":"closed","template":"","meta":{"footnotes":""},"class_list":["post-1249","page","type-page","status-publish","has-post-thumbnail","hentry"],"_links":{"self":[{"href":"https:\/\/spectacles.lamaisonduconte.com\/index.php\/wp-json\/wp\/v2\/pages\/1249","targetHints":{"allow":["GET"]}}],"collection":[{"href":"https:\/\/spectacles.lamaisonduconte.com\/index.php\/wp-json\/wp\/v2\/pages"}],"about":[{"href":"https:\/\/spectacles.lamaisonduconte.com\/index.php\/wp-json\/wp\/v2\/types\/page"}],"author":[{"embeddable":true,"href":"https:\/\/spectacles.lamaisonduconte.com\/index.php\/wp-json\/wp\/v2\/users\/1"}],"replies":[{"embeddable":true,"href":"https:\/\/spectacles.lamaisonduconte.com\/index.php\/wp-json\/wp\/v2\/comments?post=1249"}],"version-history":[{"count":6,"href":"https:\/\/spectacles.lamaisonduconte.com\/index.php\/wp-json\/wp\/v2\/pages\/1249\/revisions"}],"predecessor-version":[{"id":1753,"href":"https:\/\/spectacles.lamaisonduconte.com\/index.php\/wp-json\/wp\/v2\/pages\/1249\/revisions\/1753"}],"wp:featuredmedia":[{"embeddable":true,"href":"https:\/\/spectacles.lamaisonduconte.com\/index.php\/wp-json\/wp\/v2\/media\/1654"}],"wp:attachment":[{"href":"https:\/\/spectacles.lamaisonduconte.com\/index.php\/wp-json\/wp\/v2\/media?parent=1249"}],"curies":[{"name":"wp","href":"https:\/\/api.w.org\/{rel}","templated":true}]}}