{"id":1254,"date":"2024-12-20T17:11:15","date_gmt":"2024-12-20T16:11:15","guid":{"rendered":"https:\/\/spectacles.lamaisonduconte.com\/?page_id=1254"},"modified":"2025-01-14T12:23:28","modified_gmt":"2025-01-14T11:23:28","slug":"sergio-grondin-domoun","status":"publish","type":"page","link":"https:\/\/spectacles.lamaisonduconte.com\/index.php\/sergio-grondin-domoun\/","title":{"rendered":"Sergio Grondin &#8211; Domoun"},"content":{"rendered":"\n<figure class=\"wp-block-image size-full is-resized\" style=\"margin-right:var(--wp--preset--spacing--40);margin-left:var(--wp--preset--spacing--40)\"><img loading=\"lazy\" decoding=\"async\" width=\"567\" height=\"700\" src=\"https:\/\/spectacles.lamaisonduconte.com\/wp-content\/uploads\/2024\/12\/SP-Grondin-Domoun.jpg\" alt=\"\" class=\"wp-image-1255\" style=\"width:357px\" srcset=\"https:\/\/spectacles.lamaisonduconte.com\/wp-content\/uploads\/2024\/12\/SP-Grondin-Domoun.jpg 567w, https:\/\/spectacles.lamaisonduconte.com\/wp-content\/uploads\/2024\/12\/SP-Grondin-Domoun-243x300.jpg 243w\" sizes=\"auto, (max-width: 567px) 100vw, 567px\" \/><\/figure>\n\n\n\n<h2 class=\"wp-block-heading has-foreground-color has-text-color has-link-color wp-elements-4ec92ba1b15819a147efe49a59e1b933\" style=\"padding-right:var(--wp--preset--spacing--40);padding-left:var(--wp--preset--spacing--40)\"><br>DOMOUN<br><\/h2>\n\n\n\n<blockquote class=\"wp-block-quote has-foreground-color has-text-color has-link-color has-extra-small-font-size wp-elements-4915b1c680c5c5336e0f0b8ec9e3576e is-layout-flow wp-block-quote-is-layout-flow\" style=\"padding-right:0;padding-left:0\">\n<h6 class=\"wp-block-heading has-raleway-font-family has-extra-small-font-size\" style=\"padding-right:var(--wp--preset--spacing--40);padding-left:var(--wp--preset--spacing--40)\">Enfants de la Creuse, adoption, d\u00e9portation, r\u00e9cit de vie, trag\u00e9die, Histoire<br>\u00c2ge\u00a0: 14 ans+, lyc\u00e9e, adultes<\/h6>\n\n\n\n<p><\/p>\n<\/blockquote>\n\n\n\n<p class=\"has-foreground-color has-text-color has-link-color wp-elements-03910ce0bee1ae2a667794cacc4d4d14\" style=\"padding-right:var(--wp--preset--spacing--40);padding-left:var(--wp--preset--spacing--40)\"><br>\u00ab Au travers de l\u2019affaire des Enfants de la Creuse, Sergio Grondin revient avec un nouveau projet d\u2019exploration documentaire autour des traumas de la s\u00e9paration et de ce qui fait r\u00e9paration. Fruit d\u2019un travail de collecte, ce spectacle lie deux trag\u00e9dies : celle du scandale des enfants de la Creuse et celle de sa propre famille. Puisqu\u2019on ne cicatrise jamais vraiment d\u2019une blessure d\u2019enfance : comment de zanfan-bandon\u00e9 redevenir Domoun (Humain) ? \u00bb<\/p>\n\n\n\n<p class=\"has-foreground-color has-text-color has-link-color wp-elements-4b9943a40f5816ba74f9591d1d1d6832\" style=\"padding-right:var(--wp--preset--spacing--40);padding-left:var(--wp--preset--spacing--40)\"><\/p>\n\n\n\n<p class=\"has-foreground-color has-text-color has-link-color wp-elements-ba1238313e84d32e61af7a13624464d4\"><\/p>\n\n\n\n<p class=\"has-foreground-color has-text-color has-link-color wp-elements-0dd571d7468db780e4d625a2c814712c\" style=\"padding-right:var(--wp--preset--spacing--40);padding-left:var(--wp--preset--spacing--40)\"><br><strong>Lieux de repr\u00e9sentation&nbsp;<\/strong>: plateau (r\u00e9gie son et lumi\u00e8re)<\/p>\n\n\n\n<p class=\"has-foreground-color has-text-color has-link-color wp-elements-2f80e9380df1de8e33b18a34a0fd66a2\" style=\"padding-top:var(--wp--preset--spacing--40);padding-right:var(--wp--preset--spacing--40);padding-bottom:var(--wp--preset--spacing--40);padding-left:var(--wp--preset--spacing--40)\"><strong>\u00c9quipe artiste&nbsp;au plateau<\/strong>&nbsp;: Sergio Grondin et Claire Nativel<\/p>\n\n\n\n<p class=\"has-foreground-color has-text-color has-link-color wp-elements-4b9943a40f5816ba74f9591d1d1d6832\" style=\"padding-right:var(--wp--preset--spacing--40);padding-left:var(--wp--preset--spacing--40)\"><\/p>\n\n\n\n<p class=\"has-foreground-color has-text-color has-link-color wp-elements-cf1ef74866d2ad175bff991404786758\" style=\"padding-right:var(--wp--preset--spacing--40);padding-left:var(--wp--preset--spacing--40)\"><strong>Coproductions&nbsp;<\/strong>:<\/p>\n\n\n\n<p class=\"has-foreground-color has-text-color has-link-color wp-elements-b118d2779da3ba3eb1068b731f4a6cdf\" style=\"padding-right:var(--wp--preset--spacing--40);padding-left:var(--wp--preset--spacing--40)\">Ce projet est soutenu dans le cadre de TRAFFIC par Chahuts, festival des arts de la parole \u2013 Bordeaux (33), Le Forum Jacques Pr\u00e9vert \u2013 Carros (06), La Maison du Conte \u2013 Chevilly-Larue (94), Cie Le Temps de Vivre \/ Festival Rumeurs Urbaines \u2013 Colombes (92), Le Th\u00e9\u00e2tre des Sources \u2013 Fontenay-aux-Roses (92), Le Centre des Arts du R\u00e9cit \u2013 Saint-Martin-d\u2019H\u00e8res (38), Le Th\u00e9\u00e2tre Le Strapontin \u2013 Pont-Scorff (56).\u2028Mais \u00e9galement par Le Th\u00e9\u00e2tre Luc Donat (974), le S\u00e9choir (974), le Th\u00e9\u00e2tre les Bambous (974), l\u2019Union R\u00e9gionale des Foyers Ruraux du Poitou-Charentes \/ Moulin des Marais (49).<\/p>\n\n\n\n<p class=\"has-foreground-color has-text-color has-link-color wp-elements-ad4b661ff57ce6a9875e3ad7673ef9f6\" style=\"padding-top:var(--wp--preset--spacing--40);padding-right:var(--wp--preset--spacing--40);padding-bottom:var(--wp--preset--spacing--40);padding-left:var(--wp--preset--spacing--40)\"><strong>Contact : <\/strong><\/p>\n\n\n\n<p class=\"has-foreground-color has-text-color has-link-color wp-elements-72b7921c2fc549b0161b1e9d44ac848f\" style=\"padding-top:var(--wp--preset--spacing--40);padding-right:var(--wp--preset--spacing--40);padding-bottom:var(--wp--preset--spacing--40);padding-left:var(--wp--preset--spacing--40)\">e-mail : <a href=\"mailto:sergio.grondin@gmail.com\">sergio.grondin@gmail.com<\/a><\/p>\n\n\n\n<p class=\"has-foreground-color has-text-color has-link-color wp-elements-99b15c3e00d887fd399d8f282a8e76af\" style=\"padding-right:var(--wp--preset--spacing--40);padding-left:var(--wp--preset--spacing--40)\">Site web : <a href=\"https:\/\/www.karanbolaz.com\/\">www.karanbolaz.com<\/a><\/p>\n","protected":false},"excerpt":{"rendered":"<p>DOMOUN Enfants de la Creuse, adoption, d\u00e9portation, r\u00e9cit de vie, trag\u00e9die, Histoire\u00c2ge\u00a0: 14 ans+, lyc\u00e9e, adultes \u00ab Au travers de [&hellip;]<\/p>\n","protected":false},"author":1,"featured_media":1255,"parent":0,"menu_order":0,"comment_status":"closed","ping_status":"closed","template":"","meta":{"footnotes":""},"class_list":["post-1254","page","type-page","status-publish","has-post-thumbnail","hentry"],"_links":{"self":[{"href":"https:\/\/spectacles.lamaisonduconte.com\/index.php\/wp-json\/wp\/v2\/pages\/1254","targetHints":{"allow":["GET"]}}],"collection":[{"href":"https:\/\/spectacles.lamaisonduconte.com\/index.php\/wp-json\/wp\/v2\/pages"}],"about":[{"href":"https:\/\/spectacles.lamaisonduconte.com\/index.php\/wp-json\/wp\/v2\/types\/page"}],"author":[{"embeddable":true,"href":"https:\/\/spectacles.lamaisonduconte.com\/index.php\/wp-json\/wp\/v2\/users\/1"}],"replies":[{"embeddable":true,"href":"https:\/\/spectacles.lamaisonduconte.com\/index.php\/wp-json\/wp\/v2\/comments?post=1254"}],"version-history":[{"count":4,"href":"https:\/\/spectacles.lamaisonduconte.com\/index.php\/wp-json\/wp\/v2\/pages\/1254\/revisions"}],"predecessor-version":[{"id":1492,"href":"https:\/\/spectacles.lamaisonduconte.com\/index.php\/wp-json\/wp\/v2\/pages\/1254\/revisions\/1492"}],"wp:featuredmedia":[{"embeddable":true,"href":"https:\/\/spectacles.lamaisonduconte.com\/index.php\/wp-json\/wp\/v2\/media\/1255"}],"wp:attachment":[{"href":"https:\/\/spectacles.lamaisonduconte.com\/index.php\/wp-json\/wp\/v2\/media?parent=1254"}],"curies":[{"name":"wp","href":"https:\/\/api.w.org\/{rel}","templated":true}]}}