{"id":1289,"date":"2025-01-06T15:51:33","date_gmt":"2025-01-06T14:51:33","guid":{"rendered":"https:\/\/spectacles.lamaisonduconte.com\/?page_id=1289"},"modified":"2026-03-24T09:40:56","modified_gmt":"2026-03-24T08:40:56","slug":"francine-vidal-cafe-ulysse","status":"publish","type":"page","link":"https:\/\/spectacles.lamaisonduconte.com\/index.php\/francine-vidal-cafe-ulysse\/","title":{"rendered":"Francine Vidal &#8211; Caf\u00e9 Ulysse"},"content":{"rendered":"\n<figure class=\"wp-block-image size-full is-resized\" style=\"margin-right:var(--wp--preset--spacing--40);margin-left:var(--wp--preset--spacing--40)\"><img loading=\"lazy\" decoding=\"async\" width=\"567\" height=\"700\" src=\"https:\/\/spectacles.lamaisonduconte.com\/wp-content\/uploads\/2025\/01\/SP-Vidal-cafe-Ulysse.jpg\" alt=\"\" class=\"wp-image-1290\" style=\"width:357px\" srcset=\"https:\/\/spectacles.lamaisonduconte.com\/wp-content\/uploads\/2025\/01\/SP-Vidal-cafe-Ulysse.jpg 567w, https:\/\/spectacles.lamaisonduconte.com\/wp-content\/uploads\/2025\/01\/SP-Vidal-cafe-Ulysse-243x300.jpg 243w\" sizes=\"auto, (max-width: 567px) 100vw, 567px\" \/><\/figure>\n\n\n\n<h2 class=\"wp-block-heading has-foreground-color has-text-color has-link-color wp-elements-41d3a5a0829af29d3f9ca1de84105a68\" style=\"padding-right:var(--wp--preset--spacing--40);padding-left:var(--wp--preset--spacing--40)\"><br>CAF\u00c9 ULYSSE<br><\/h2>\n\n\n\n<blockquote class=\"wp-block-quote has-foreground-color has-text-color has-link-color has-extra-small-font-size wp-elements-bc7dbba11007ad4759f32b5240d0fcdd is-layout-flow wp-block-quote-is-layout-flow\" style=\"padding-right:0;padding-left:0\">\n<h6 class=\"wp-block-heading has-raleway-font-family has-extra-small-font-size\" style=\"padding-right:var(--wp--preset--spacing--40);padding-left:var(--wp--preset--spacing--40)\">Odyss\u00e9e, Langue des Signes Fran\u00e7aise, langues, mythologie<br>\u00c2ge&nbsp;: 8 ans+<\/h6>\n\n\n\n<p><\/p>\n<\/blockquote>\n\n\n\n<p class=\"has-foreground-color has-text-color has-link-color wp-elements-74c791486ccf1c520b3417b05560095a\" style=\"padding-right:var(--wp--preset--spacing--40);padding-left:var(--wp--preset--spacing--40)\"><br>\u00ab Bienvenue dans un caf\u00e9 \u00e9ph\u00e9m\u00e8re ! Dans un chaleureux d\u00e9cor, le public est accueilli par un trio d\u2019acteurs polyglottes, qui sert caf\u00e9, th\u00e9 et eaux parfum\u00e9es. L\u2019Odyss\u00e9e est racont\u00e9e du point de vue des personnages contemporains d\u2019Ulysse : P\u00e9n\u00e9lope, T\u00e9l\u00e9maque, ses compagnons, ses parents, son fid\u00e8le et second d\u2019\u00e9quipage, Circ\u00e9, Calypso, son chien m\u00eame. Inspir\u00e9s de faits r\u00e9els et de t\u00e9moignages, ces r\u00e9cits entrent directement en r\u00e9sonance avec ceux de l\u2019Odyss\u00e9e. \u00bb<\/p>\n\n\n\n<p class=\"has-foreground-color has-text-color has-link-color wp-elements-4b9943a40f5816ba74f9591d1d1d6832\" style=\"padding-right:var(--wp--preset--spacing--40);padding-left:var(--wp--preset--spacing--40)\"><\/p>\n\n\n\n<p class=\"has-foreground-color has-text-color has-link-color wp-elements-ba1238313e84d32e61af7a13624464d4\"><\/p>\n\n\n\n<p class=\"has-foreground-color has-text-color has-link-color wp-elements-db83c5e4482fa01b81b1b1516272e585\" style=\"padding-right:var(--wp--preset--spacing--40);padding-left:var(--wp--preset--spacing--40)\"><br><strong>Lieux de repr\u00e9sentation&nbsp;<\/strong>: en ext\u00e9rieur ou en salle, dispositif sp\u00e9cifique<\/p>\n\n\n\n<p class=\"has-foreground-color has-text-color has-link-color wp-elements-01d73f36e638d3405e35698d208dfd91\" style=\"padding-top:var(--wp--preset--spacing--40);padding-right:var(--wp--preset--spacing--40);padding-bottom:var(--wp--preset--spacing--40);padding-left:var(--wp--preset--spacing--40)\"><strong>\u00c9quipe artiste&nbsp;au plateau<\/strong>&nbsp;: Isabelle Florido, Reinier Sagel et <a href=\"https:\/\/spectacles.lamaisonduconte.com\/index.php\/francine-vidal-fiche-artiste\/\" data-type=\"page\" data-id=\"784\">Francine Vidal<\/a><\/p>\n\n\n\n<p class=\"has-foreground-color has-text-color has-link-color wp-elements-4b9943a40f5816ba74f9591d1d1d6832\" style=\"padding-right:var(--wp--preset--spacing--40);padding-left:var(--wp--preset--spacing--40)\"><\/p>\n\n\n\n<p class=\"has-foreground-color has-text-color has-link-color wp-elements-1c79c1fc3293c927e9c5b23573300450\" style=\"padding-right:var(--wp--preset--spacing--40);padding-left:var(--wp--preset--spacing--40)\"><strong>Production&nbsp;<\/strong>: <\/p>\n\n\n\n<p class=\"has-foreground-color has-text-color has-link-color wp-elements-3a44e7a3e1ea453d0f2cbbcd1f633219\" style=\"padding-right:var(--wp--preset--spacing--40);padding-left:var(--wp--preset--spacing--40)\">Cie Caracol \/ Coproductions et accueils en r\u00e9sidence : Le Boulon &#8211; Centre National des Arts de la Rue de Vieux-Cond\u00e9, Espace Culturel du Brionnais, La Maison du Conte, Th\u00e9\u00e2tre Paul Eluard &#8211; Sc\u00e8ne conventionn\u00e9e pour la diversit\u00e9 linguistique, L\u2019Abattoir &#8211; Centre National des Arts de la Rue, Les Z\u2019accros de ma rue, La Transverse, Centre International de Th\u00e9\u00e2tre Francophone, Organisation Internationale de la Francophonie \/ Accueils en r\u00e9sidence : Animakt Anis-Gras, CCO, La Fabrique, La Minoterie, Le Silo<\/p>\n\n\n\n<p class=\"has-foreground-color has-text-color has-link-color wp-elements-23ffffd619285b209df5608e0908284a\" style=\"padding-right:var(--wp--preset--spacing--40);padding-left:var(--wp--preset--spacing--40)\">Aides au projet : DRAC Bourgogne-Franche-Comt\u00e9, Conseil R\u00e9gional de Bourgogne-Franche-Comt\u00e9, Conseil D\u00e9partemental de Sa\u00f4ne-et-Loire, ADAMI, SPEDIDAM<\/p>\n\n\n\n<p class=\"has-foreground-color has-text-color has-link-color wp-elements-4861c563b4dadc57a0686e47d2c4b742\" style=\"padding-top:var(--wp--preset--spacing--60);padding-right:var(--wp--preset--spacing--40);padding-bottom:var(--wp--preset--spacing--60);padding-left:var(--wp--preset--spacing--40)\"><strong>Contact : <\/strong><\/p>\n\n\n\n<p class=\"has-foreground-color has-text-color has-link-color wp-elements-b3b896a272283a76bbb9a5ab0b0ad303\" style=\"margin-top:var(--wp--preset--spacing--30);margin-right:0;margin-bottom:var(--wp--preset--spacing--30);margin-left:var(--wp--preset--spacing--60);padding-right:var(--wp--preset--spacing--40);padding-left:var(--wp--preset--spacing--40)\">e-mail : <a href=\"mailto:bonjour@parolesenjeu.fr\">bonjour@parolesenjeu.fr<\/a><\/p>\n\n\n\n<p class=\"has-foreground-color has-text-color has-link-color wp-elements-43fe9a45a306af138eaf31a19c784a6b\" style=\"padding-right:var(--wp--preset--spacing--40);padding-left:var(--wp--preset--spacing--40)\">Site web : <a href=\"https:\/\/www.parolesenjeu.fr\/\">parolesenjeu.fr<\/a><\/p>\n","protected":false},"excerpt":{"rendered":"<p>CAF\u00c9 ULYSSE Odyss\u00e9e, Langue des Signes Fran\u00e7aise, langues, mythologie\u00c2ge&nbsp;: 8 ans+ \u00ab Bienvenue dans un caf\u00e9 \u00e9ph\u00e9m\u00e8re ! Dans un [&hellip;]<\/p>\n","protected":false},"author":1,"featured_media":1290,"parent":0,"menu_order":0,"comment_status":"closed","ping_status":"closed","template":"","meta":{"footnotes":""},"class_list":["post-1289","page","type-page","status-publish","has-post-thumbnail","hentry"],"_links":{"self":[{"href":"https:\/\/spectacles.lamaisonduconte.com\/index.php\/wp-json\/wp\/v2\/pages\/1289","targetHints":{"allow":["GET"]}}],"collection":[{"href":"https:\/\/spectacles.lamaisonduconte.com\/index.php\/wp-json\/wp\/v2\/pages"}],"about":[{"href":"https:\/\/spectacles.lamaisonduconte.com\/index.php\/wp-json\/wp\/v2\/types\/page"}],"author":[{"embeddable":true,"href":"https:\/\/spectacles.lamaisonduconte.com\/index.php\/wp-json\/wp\/v2\/users\/1"}],"replies":[{"embeddable":true,"href":"https:\/\/spectacles.lamaisonduconte.com\/index.php\/wp-json\/wp\/v2\/comments?post=1289"}],"version-history":[{"count":3,"href":"https:\/\/spectacles.lamaisonduconte.com\/index.php\/wp-json\/wp\/v2\/pages\/1289\/revisions"}],"predecessor-version":[{"id":1812,"href":"https:\/\/spectacles.lamaisonduconte.com\/index.php\/wp-json\/wp\/v2\/pages\/1289\/revisions\/1812"}],"wp:featuredmedia":[{"embeddable":true,"href":"https:\/\/spectacles.lamaisonduconte.com\/index.php\/wp-json\/wp\/v2\/media\/1290"}],"wp:attachment":[{"href":"https:\/\/spectacles.lamaisonduconte.com\/index.php\/wp-json\/wp\/v2\/media?parent=1289"}],"curies":[{"name":"wp","href":"https:\/\/api.w.org\/{rel}","templated":true}]}}