{"id":1309,"date":"2025-01-06T16:24:56","date_gmt":"2025-01-06T15:24:56","guid":{"rendered":"https:\/\/spectacles.lamaisonduconte.com\/?page_id=1309"},"modified":"2025-01-22T10:48:12","modified_gmt":"2025-01-22T09:48:12","slug":"fanny-cheriaux-fiche-artiste","status":"publish","type":"page","link":"https:\/\/spectacles.lamaisonduconte.com\/index.php\/fanny-cheriaux-fiche-artiste\/","title":{"rendered":"Fanny Ch\u00e9riaux &#8211; Fiche artiste"},"content":{"rendered":"\n<p class=\"has-foreground-color has-text-color has-link-color has-extra-large-font-size wp-elements-e37aa28b2e50f9d5a3779823fe900767\" style=\"padding-right:var(--wp--preset--spacing--60);padding-left:var(--wp--preset--spacing--60);text-transform:uppercase\"><strong>FANNY CH\u00c9RIAUX<\/strong><br><\/p>\n\n\n\n<figure class=\"wp-block-image size-full is-resized is-style-rounded\" style=\"margin-top:var(--wp--preset--spacing--40);margin-right:var(--wp--preset--spacing--50);margin-bottom:var(--wp--preset--spacing--40);margin-left:var(--wp--preset--spacing--50)\"><img loading=\"lazy\" decoding=\"async\" width=\"1173\" height=\"1173\" src=\"https:\/\/spectacles.lamaisonduconte.com\/wp-content\/uploads\/2025\/01\/CHERIAUX-Fanny-1.jpg\" alt=\"\" class=\"wp-image-1629\" style=\"width:auto;height:250px\" srcset=\"https:\/\/spectacles.lamaisonduconte.com\/wp-content\/uploads\/2025\/01\/CHERIAUX-Fanny-1.jpg 1173w, https:\/\/spectacles.lamaisonduconte.com\/wp-content\/uploads\/2025\/01\/CHERIAUX-Fanny-1-300x300.jpg 300w, https:\/\/spectacles.lamaisonduconte.com\/wp-content\/uploads\/2025\/01\/CHERIAUX-Fanny-1-1024x1024.jpg 1024w, https:\/\/spectacles.lamaisonduconte.com\/wp-content\/uploads\/2025\/01\/CHERIAUX-Fanny-1-150x150.jpg 150w, https:\/\/spectacles.lamaisonduconte.com\/wp-content\/uploads\/2025\/01\/CHERIAUX-Fanny-1-768x768.jpg 768w\" sizes=\"auto, (max-width: 1173px) 100vw, 1173px\" \/><\/figure>\n\n\n\n<p><\/p>\n\n\n\n<p class=\"has-foreground-color has-text-color has-link-color wp-elements-a476ea08b9ff56b32947b56e241d789f\" style=\"padding-right:var(--wp--preset--spacing--60);padding-left:var(--wp--preset--spacing--60)\"><br><strong>Lien avec La Maison du Conte :<\/strong><\/p>\n\n\n\n<p class=\"has-foreground-color has-text-color has-link-color wp-elements-4c4da12affacf574b90727d3de923be1\" style=\"padding-right:var(--wp--preset--spacing--60);padding-left:var(--wp--preset--spacing--60)\">Artiste soutenue en cr\u00e9ation<\/p>\n\n\n\n<p class=\"has-foreground-color has-text-color has-link-color wp-elements-beec57b1a7338e2876cf6ed3e46c4fc9\" style=\"padding-right:var(--wp--preset--spacing--60);padding-left:var(--wp--preset--spacing--60)\"><br><strong>Situation g\u00e9ographique :<\/strong><\/p>\n\n\n\n<p class=\"has-foreground-color has-text-color has-link-color wp-elements-7adcd7644edf0242a4a222b8272bbde7\" style=\"padding-right:var(--wp--preset--spacing--60);padding-left:var(--wp--preset--spacing--60)\">Nouvelle-Aquitaine<br><\/p>\n\n\n\n<p class=\"has-foreground-color has-text-color has-link-color wp-elements-5595f2a8ec7818052388fd61c8b7ee0c\" style=\"padding-top:var(--wp--preset--spacing--40);padding-right:var(--wp--preset--spacing--60);padding-bottom:var(--wp--preset--spacing--40);padding-left:var(--wp--preset--spacing--60)\"><strong>Compagnie :<\/strong> Compagnie La Volige \/ Nicolas Bonneau \u00b7 Fanny Che\u0301riaux<\/p>\n\n\n\n<p class=\"has-foreground-color has-text-color has-link-color wp-elements-cf014018ed3bda8de3aa14281e68ca58\" style=\"padding-right:var(--wp--preset--spacing--60);padding-left:var(--wp--preset--spacing--60)\"><br><strong>Contact : <\/strong><\/p>\n\n\n\n<p class=\"has-foreground-color has-text-color has-link-color wp-elements-367b5134df800ad1076b6c117eca0125\" style=\"margin-top:var(--wp--preset--spacing--30);margin-right:var(--wp--preset--spacing--60);margin-bottom:var(--wp--preset--spacing--30);margin-left:var(--wp--preset--spacing--60)\"><\/p>\n\n\n\n<p>e<\/p>\n\n\n\n<p class=\"has-foreground-color has-text-color has-link-color wp-elements-1c80c0e76db3278822a8032408006cf4\" style=\"padding-right:var(--wp--preset--spacing--60);padding-left:var(--wp--preset--spacing--60)\">e-mail : <a href=\"mailto:noemie.sage@lavolige.fr\">noemie.sage@lavolige.fr<\/a><\/p>\n\n\n\n<p class=\"has-foreground-color has-text-color has-link-color wp-elements-5cbbb93c95448edb54c31a088f2df4e8\" style=\"padding-right:var(--wp--preset--spacing--60);padding-left:var(--wp--preset--spacing--60)\">Site web : <a href=\"https:\/\/www.lavolige.fr\/\">www.lavolige.fr<\/a><\/p>\n\n\n\n<p><\/p>\n\n\n\n<p><\/p>\n\n\n\n<p class=\"has-foreground-color has-text-color has-link-color wp-elements-26e5fc7a46fe0ff3425cd132b63fbcaf\" style=\"padding-top:var(--wp--preset--spacing--40);padding-right:var(--wp--preset--spacing--60);padding-bottom:var(--wp--preset--spacing--40);padding-left:var(--wp--preset--spacing--60)\"><strong>Spectacles produits\/Co-produits\/Accompagn\u00e9s<\/strong><\/p>\n\n\n\n<div class=\"wp-block-group is-nowrap is-layout-flex wp-container-core-group-is-layout-5b9859e8 wp-block-group-is-layout-flex\" style=\"padding-top:0;padding-right:var(--wp--preset--spacing--60);padding-bottom:0;padding-left:var(--wp--preset--spacing--60)\">\n<figure class=\"wp-block-image size-full is-resized\"><a href=\"https:\/\/spectacles.lamaisonduconte.com\/index.php\/sp-bonneau-montecristo\/\"><img loading=\"lazy\" decoding=\"async\" width=\"567\" height=\"700\" src=\"http:\/\/spectacles.lamaisonduconte.com\/wp-content\/uploads\/2024\/11\/SP-Bonneau-Montecristo-1.jpg\" alt=\"\" class=\"wp-image-1200\" style=\"width:217px;height:auto\" srcset=\"https:\/\/spectacles.lamaisonduconte.com\/wp-content\/uploads\/2024\/11\/SP-Bonneau-Montecristo-1.jpg 567w, https:\/\/spectacles.lamaisonduconte.com\/wp-content\/uploads\/2024\/11\/SP-Bonneau-Montecristo-1-243x300.jpg 243w\" sizes=\"auto, (max-width: 567px) 100vw, 567px\" \/><\/a><\/figure>\n<\/div>\n","protected":false},"excerpt":{"rendered":"<p>FANNY CH\u00c9RIAUX Lien avec La Maison du Conte : Artiste soutenue en cr\u00e9ation Situation g\u00e9ographique : Nouvelle-Aquitaine Compagnie : Compagnie [&hellip;]<\/p>\n","protected":false},"author":1,"featured_media":1629,"parent":0,"menu_order":0,"comment_status":"closed","ping_status":"closed","template":"","meta":{"footnotes":""},"class_list":["post-1309","page","type-page","status-publish","has-post-thumbnail","hentry"],"_links":{"self":[{"href":"https:\/\/spectacles.lamaisonduconte.com\/index.php\/wp-json\/wp\/v2\/pages\/1309","targetHints":{"allow":["GET"]}}],"collection":[{"href":"https:\/\/spectacles.lamaisonduconte.com\/index.php\/wp-json\/wp\/v2\/pages"}],"about":[{"href":"https:\/\/spectacles.lamaisonduconte.com\/index.php\/wp-json\/wp\/v2\/types\/page"}],"author":[{"embeddable":true,"href":"https:\/\/spectacles.lamaisonduconte.com\/index.php\/wp-json\/wp\/v2\/users\/1"}],"replies":[{"embeddable":true,"href":"https:\/\/spectacles.lamaisonduconte.com\/index.php\/wp-json\/wp\/v2\/comments?post=1309"}],"version-history":[{"count":5,"href":"https:\/\/spectacles.lamaisonduconte.com\/index.php\/wp-json\/wp\/v2\/pages\/1309\/revisions"}],"predecessor-version":[{"id":1630,"href":"https:\/\/spectacles.lamaisonduconte.com\/index.php\/wp-json\/wp\/v2\/pages\/1309\/revisions\/1630"}],"wp:featuredmedia":[{"embeddable":true,"href":"https:\/\/spectacles.lamaisonduconte.com\/index.php\/wp-json\/wp\/v2\/media\/1629"}],"wp:attachment":[{"href":"https:\/\/spectacles.lamaisonduconte.com\/index.php\/wp-json\/wp\/v2\/media?parent=1309"}],"curies":[{"name":"wp","href":"https:\/\/api.w.org\/{rel}","templated":true}]}}