{"id":1580,"date":"2025-01-18T15:05:52","date_gmt":"2025-01-18T14:05:52","guid":{"rendered":"https:\/\/spectacles.lamaisonduconte.com\/?page_id=1580"},"modified":"2025-01-22T10:27:24","modified_gmt":"2025-01-22T09:27:24","slug":"annabelle-sergent-la-bete","status":"publish","type":"page","link":"https:\/\/spectacles.lamaisonduconte.com\/index.php\/annabelle-sergent-la-bete\/","title":{"rendered":"Annabelle Sergent &#8211; La b\u00eate"},"content":{"rendered":"\n<figure class=\"wp-block-image size-full is-resized\" style=\"margin-right:var(--wp--preset--spacing--40);margin-left:var(--wp--preset--spacing--40)\"><img loading=\"lazy\" decoding=\"async\" width=\"567\" height=\"700\" src=\"https:\/\/spectacles.lamaisonduconte.com\/wp-content\/uploads\/2025\/01\/SP-Sergent-bete-1.jpg\" alt=\"\" class=\"wp-image-1612\" style=\"width:357px\" srcset=\"https:\/\/spectacles.lamaisonduconte.com\/wp-content\/uploads\/2025\/01\/SP-Sergent-bete-1.jpg 567w, https:\/\/spectacles.lamaisonduconte.com\/wp-content\/uploads\/2025\/01\/SP-Sergent-bete-1-243x300.jpg 243w\" sizes=\"auto, (max-width: 567px) 100vw, 567px\" \/><\/figure>\n\n\n\n<h2 class=\"wp-block-heading has-foreground-color has-text-color has-link-color wp-elements-f8c4afff04a8e64597d9ccc49e4ca83a\" style=\"padding-right:var(--wp--preset--spacing--40);padding-left:var(--wp--preset--spacing--40);text-transform:uppercase\"><br>la b\u00eate<br><\/h2>\n\n\n\n<blockquote class=\"wp-block-quote has-foreground-color has-text-color has-link-color has-extra-small-font-size wp-elements-1990e25966fc240f1c6d6a9264615d1b is-layout-flow wp-block-quote-is-layout-flow\" style=\"padding-right:0;padding-left:0\">\n<h6 class=\"wp-block-heading has-raleway-font-family has-extra-small-font-size\" style=\"padding-right:var(--wp--preset--spacing--40);padding-left:var(--wp--preset--spacing--40)\">Mus\u00e9e, nature, conf\u00e9rence, homme sauvage, adolescence, identit\u00e9, vivant, sauvage<br>\u00c2ge\u00a0: 10 ans+<\/h6>\n\n\n\n<p><\/p>\n<\/blockquote>\n\n\n\n<p class=\"has-foreground-color has-text-color has-link-color wp-elements-b8647ea441f62acb350d9caa70f7a7d6\" style=\"padding-right:var(--wp--preset--spacing--40);padding-left:var(--wp--preset--spacing--40)\"><br>\u00ab Jean Durruti, veilleur de nuit solitaire au Mus\u00e9um d\u2019Histoire Naturelle, nous convie \u00e0 une conf\u00e9rence passionn\u00e9e, une v\u00e9ritable enqu\u00eate sonore. C\u2019est en direct qu&rsquo;il nous fait revivre son \u00e9pop\u00e9e. Car depuis son enfance au Pays basque, il m\u00e8ne une qu\u00eate secr\u00e8te. La foudre lui est tomb\u00e9e dessus adolescent, alors sa m\u00e9moire lui \u00e9chappe. Qu\u2019est-ce qui se cache dans ses souvenirs, pr\u00eat \u00e0 ressurgir \u00e0 chaque orage. \u00bb<\/p>\n\n\n\n<p class=\"has-foreground-color has-text-color has-link-color wp-elements-4b9943a40f5816ba74f9591d1d1d6832\" style=\"padding-right:var(--wp--preset--spacing--40);padding-left:var(--wp--preset--spacing--40)\"><\/p>\n\n\n\n<p class=\"has-foreground-color has-text-color has-link-color wp-elements-4b9943a40f5816ba74f9591d1d1d6832\" style=\"padding-right:var(--wp--preset--spacing--40);padding-left:var(--wp--preset--spacing--40)\"><\/p>\n\n\n\n<p class=\"has-foreground-color has-text-color has-link-color wp-elements-ba1238313e84d32e61af7a13624464d4\"><\/p>\n\n\n\n<p class=\"has-foreground-color has-text-color has-link-color wp-elements-b84e5dd84c8d8b16ee0476b8c8be1fa8\" style=\"padding-right:var(--wp--preset--spacing--40);padding-left:var(--wp--preset--spacing--40)\"><br><strong>Lieux de repr\u00e9sentation\u00a0<\/strong>: plateau et lieux non-d\u00e9di\u00e9s (r\u00e9gie son autonome, noir complet n\u00e9cessaire)<\/p>\n\n\n\n<p class=\"has-foreground-color has-text-color has-link-color wp-elements-29d9fb415daaf2df162460d006e4d376\" style=\"padding-top:var(--wp--preset--spacing--40);padding-right:var(--wp--preset--spacing--40);padding-bottom:var(--wp--preset--spacing--40);padding-left:var(--wp--preset--spacing--40)\"><strong>\u00c9quipe artiste&nbsp;au plateau<\/strong>&nbsp;: Christophe Gravouil (interpr\u00e9tation et dramaturgie) et <a href=\"https:\/\/spectacles.lamaisonduconte.com\/index.php\/annabelle-sergent-fiche-artiste\/\" data-type=\"page\" data-id=\"741\">Annabelle Sergent<\/a> (mise en sc\u00e8ne et dramaturgie)<\/p>\n\n\n\n<p class=\"has-foreground-color has-text-color has-link-color wp-elements-00f97c7b74e1e07a7f5556c2c16569e0\" style=\"padding-right:var(--wp--preset--spacing--40);padding-left:var(--wp--preset--spacing--40)\"><strong>Teaser<\/strong> :<\/p>\n\n\n\n<figure class=\"wp-block-embed is-type-video is-provider-youtube wp-block-embed-youtube wp-embed-aspect-16-9 wp-has-aspect-ratio\"><div class=\"wp-block-embed__wrapper\">\n<iframe loading=\"lazy\" title=\"Teaser  LA B\u00caTE solo sonore Cie Loba \/ Annabelle Sergent\" width=\"500\" height=\"281\" src=\"https:\/\/www.youtube.com\/embed\/WAkP8dWml88?feature=oembed\" frameborder=\"0\" allow=\"accelerometer; autoplay; clipboard-write; encrypted-media; gyroscope; picture-in-picture; web-share\" referrerpolicy=\"strict-origin-when-cross-origin\" allowfullscreen><\/iframe>\n<\/div><\/figure>\n\n\n\n<p class=\"has-foreground-color has-text-color has-link-color wp-elements-f0259ec8662b547da507c2702333f79e\" style=\"padding-right:var(--wp--preset--spacing--40);padding-left:var(--wp--preset--spacing--40)\"><strong>Production\u00a0<\/strong>: Cie Loba \/ Coproductions et accueils en r\u00e9sidence : Le NEST Th\u00e9\u00e2tre, Le Th\u00e9\u00e2tre, Sc\u00e8ne Nationale de Saint-Nazaire,Le Th\u00e9\u00e2tre d\u2019Angoul\u00eame, Sc\u00e8ne nationale Carr\u00e9-Colonnes, Bordeaux M\u00e9tropole, Le Carr\u00e9, Sc\u00e8ne Nationale \u2013 Centre d\u2019art contemporain d\u2019int\u00e9r\u00eat national du Pays de Ch\u00e2teau-Gontie, Le Parvis, Sc\u00e8nes de Pays, Sc\u00e8ne Conventionn\u00e9e d\u2019int\u00e9r\u00eat national \u00ab Art en Territoire \u00bb, Mauges Communaut\u00e9, Le THV, Sc\u00e8ne Conventionn\u00e9e d\u2019int\u00e9r\u00eat national \u00ab Art, Enfants et Jeunesse \u00bb, Sc\u00e8nes Crois\u00e9es de Loz\u00e8re, Le Th\u00e9\u00e2tre Massalia, Sc\u00e8ne Conventionn\u00e9e d\u2019int\u00e9r\u00eat national \u00ab Art, Enfance, Jeunesse \u00bb, Saison Culturelle des Co\u00ebvrons, Le TRPL, Les Th\u00e9\u00e2tres municipaux d\u2019Angers \/ Soutiens : La Compagnie LOBA est conventionn\u00e9e avec L\u2019\u00c9tat \u2013 Minist\u00e8re de la Culture et de la Communication \u2013 Direction R\u00e9gionale des Affaires Culturelles des Pays de la Loire \/ La R\u00e9gion des Pays de la Loire \/ Le D\u00e9partement de Maine-et-Loire \/ La Ville d\u2019Angers \/ Spectacle programm\u00e9 dans le cadre de Voisinages, dispositif soutenu par la R\u00e9gion des Pays de la Loire.<\/p>\n\n\n\n<p class=\"has-foreground-color has-text-color has-link-color wp-elements-4b9943a40f5816ba74f9591d1d1d6832\" style=\"padding-right:var(--wp--preset--spacing--40);padding-left:var(--wp--preset--spacing--40)\"><\/p>\n\n\n\n<p class=\"has-foreground-color has-text-color has-link-color wp-elements-4861c563b4dadc57a0686e47d2c4b742\" style=\"padding-top:var(--wp--preset--spacing--60);padding-right:var(--wp--preset--spacing--40);padding-bottom:var(--wp--preset--spacing--60);padding-left:var(--wp--preset--spacing--40)\"><strong>Contact : <\/strong><\/p>\n\n\n\n<p class=\"has-foreground-color has-text-color has-link-color wp-elements-ed8ceaf3efdea294325e4ca199630859\" style=\"padding-right:var(--wp--preset--spacing--40);padding-left:var(--wp--preset--spacing--40)\">e-mail : <a href=\"mailto:cieloba@cieloba.org\">cieloba@cieloba.org<\/a><\/p>\n\n\n\n<p class=\"has-foreground-color has-text-color has-link-color wp-elements-f618ab480551cdcf83fa1f80fab13c23\" style=\"padding-right:var(--wp--preset--spacing--40);padding-left:var(--wp--preset--spacing--40)\">Site web : <a href=\"https:\/\/www.cieloba.org\">www.cieloba.org<\/a><\/p>\n\n\n\n<p class=\"has-foreground-color has-text-color has-link-color wp-elements-4b9943a40f5816ba74f9591d1d1d6832\" style=\"padding-right:var(--wp--preset--spacing--40);padding-left:var(--wp--preset--spacing--40)\"><\/p>\n","protected":false},"excerpt":{"rendered":"<p>la b\u00eate Mus\u00e9e, nature, conf\u00e9rence, homme sauvage, adolescence, identit\u00e9, vivant, sauvage\u00c2ge\u00a0: 10 ans+ \u00ab Jean Durruti, veilleur de nuit solitaire [&hellip;]<\/p>\n","protected":false},"author":1,"featured_media":1612,"parent":0,"menu_order":0,"comment_status":"closed","ping_status":"closed","template":"","meta":{"footnotes":""},"class_list":["post-1580","page","type-page","status-publish","has-post-thumbnail","hentry"],"_links":{"self":[{"href":"https:\/\/spectacles.lamaisonduconte.com\/index.php\/wp-json\/wp\/v2\/pages\/1580","targetHints":{"allow":["GET"]}}],"collection":[{"href":"https:\/\/spectacles.lamaisonduconte.com\/index.php\/wp-json\/wp\/v2\/pages"}],"about":[{"href":"https:\/\/spectacles.lamaisonduconte.com\/index.php\/wp-json\/wp\/v2\/types\/page"}],"author":[{"embeddable":true,"href":"https:\/\/spectacles.lamaisonduconte.com\/index.php\/wp-json\/wp\/v2\/users\/1"}],"replies":[{"embeddable":true,"href":"https:\/\/spectacles.lamaisonduconte.com\/index.php\/wp-json\/wp\/v2\/comments?post=1580"}],"version-history":[{"count":4,"href":"https:\/\/spectacles.lamaisonduconte.com\/index.php\/wp-json\/wp\/v2\/pages\/1580\/revisions"}],"predecessor-version":[{"id":1613,"href":"https:\/\/spectacles.lamaisonduconte.com\/index.php\/wp-json\/wp\/v2\/pages\/1580\/revisions\/1613"}],"wp:featuredmedia":[{"embeddable":true,"href":"https:\/\/spectacles.lamaisonduconte.com\/index.php\/wp-json\/wp\/v2\/media\/1612"}],"wp:attachment":[{"href":"https:\/\/spectacles.lamaisonduconte.com\/index.php\/wp-json\/wp\/v2\/media?parent=1580"}],"curies":[{"name":"wp","href":"https:\/\/api.w.org\/{rel}","templated":true}]}}