{"id":1677,"date":"2025-12-08T11:50:15","date_gmt":"2025-12-08T10:50:15","guid":{"rendered":"https:\/\/spectacles.lamaisonduconte.com\/?page_id=1677"},"modified":"2026-03-09T09:57:54","modified_gmt":"2026-03-09T08:57:54","slug":"nathalie-bondoux-fiche-artiste","status":"publish","type":"page","link":"https:\/\/spectacles.lamaisonduconte.com\/index.php\/nathalie-bondoux-fiche-artiste\/","title":{"rendered":"Nathalie Bondoux &#8211; Fiche artiste"},"content":{"rendered":"\n<figure class=\"wp-block-image size-full is-resized is-style-rounded\" style=\"margin-top:var(--wp--preset--spacing--40);margin-right:var(--wp--preset--spacing--50);margin-bottom:var(--wp--preset--spacing--40);margin-left:var(--wp--preset--spacing--50)\"><img loading=\"lazy\" decoding=\"async\" width=\"567\" height=\"567\" src=\"http:\/\/spectacles.lamaisonduconte.com\/wp-content\/uploads\/2026\/03\/BONDOUX-Nathalie.jpg\" alt=\"\" class=\"wp-image-1795\" style=\"width:auto;height:250px\" srcset=\"https:\/\/spectacles.lamaisonduconte.com\/wp-content\/uploads\/2026\/03\/BONDOUX-Nathalie.jpg 567w, https:\/\/spectacles.lamaisonduconte.com\/wp-content\/uploads\/2026\/03\/BONDOUX-Nathalie-300x300.jpg 300w, https:\/\/spectacles.lamaisonduconte.com\/wp-content\/uploads\/2026\/03\/BONDOUX-Nathalie-150x150.jpg 150w\" sizes=\"auto, (max-width: 567px) 100vw, 567px\" \/><\/figure>\n\n\n\n<p><\/p>\n\n\n\n<p class=\"has-foreground-color has-text-color has-link-color wp-elements-ac77f3aa3ed297d1ce1e0f5d4600fd35\" style=\"padding-right:var(--wp--preset--spacing--60);padding-left:var(--wp--preset--spacing--60)\"><br><strong>Lien avec La Maison du Conte :<\/strong><br>Parcours de formation -&gt; Labo 5 (2020-2021)<br>Artiste soutenue en cr\u00e9ation<\/p>\n\n\n\n<p class=\"has-foreground-color has-text-color has-link-color wp-elements-626ba613cee883b08276c643beb3b830\" style=\"padding-right:var(--wp--preset--spacing--60);padding-left:var(--wp--preset--spacing--60)\"><br><strong>Situation g\u00e9ographique :<\/strong><br>\u00cele-de-France<\/p>\n\n\n\n<p><\/p>\n\n\n\n<p class=\"has-foreground-color has-text-color has-link-color wp-elements-f171b3304c5ef8d4d6229e2f22e4734b\" style=\"padding-top:var(--wp--preset--spacing--40);padding-right:var(--wp--preset--spacing--60);padding-bottom:var(--wp--preset--spacing--40);padding-left:var(--wp--preset--spacing--60)\"><strong>Compagnie :<\/strong> <a href=\"https:\/\/nathaliebondoux.net\/\">Cie Cont&rsquo;Anim\u00e9s<\/a><\/p>\n\n\n\n<p><\/p>\n\n\n\n<p class=\"has-foreground-color has-text-color has-link-color wp-elements-cf014018ed3bda8de3aa14281e68ca58\" style=\"padding-right:var(--wp--preset--spacing--60);padding-left:var(--wp--preset--spacing--60)\"><br><strong>Contact : <\/strong><\/p>\n\n\n\n<p class=\"has-foreground-color has-text-color has-link-color wp-elements-dde23e5aca502a5221b5059715bee412\" style=\"padding-right:var(--wp--preset--spacing--60);padding-left:var(--wp--preset--spacing--60)\">e-mail : <a href=\"mailto:cont.animes.diffusion@gmail.com\">cont.animes.diffusion@gmail.com<\/a><\/p>\n\n\n\n<p class=\"has-foreground-color has-text-color has-link-color wp-elements-979d4f8416dfc95462e00a9aa2db2691\" style=\"padding-right:var(--wp--preset--spacing--60);padding-left:var(--wp--preset--spacing--60)\">Site web : <a href=\"https:\/\/nathaliebondoux.net\/\">nathaliebondoux.net<\/a><\/p>\n\n\n\n<p><a href=\"https:\/\/www.sabrinachezeau.com\"> <\/a><\/p>\n\n\n\n<p><\/p>\n\n\n\n<p class=\"has-foreground-color has-text-color has-link-color wp-elements-26e5fc7a46fe0ff3425cd132b63fbcaf\" style=\"padding-top:var(--wp--preset--spacing--40);padding-right:var(--wp--preset--spacing--60);padding-bottom:var(--wp--preset--spacing--40);padding-left:var(--wp--preset--spacing--60)\"><strong>Spectacles produits\/Co-produits\/Accompagn\u00e9s<\/strong><\/p>\n\n\n\n<p><\/p>\n\n\n\n<p class=\"has-foreground-color has-text-color has-link-color wp-elements-8e6588f478b5effed3400c2f2bebc8ca\" style=\"padding-right:var(--wp--preset--spacing--60);padding-left:var(--wp--preset--spacing--60)\"><\/p>\n\n\n\n<div class=\"wp-block-group is-nowrap is-layout-flex wp-container-core-group-is-layout-6c531013 wp-block-group-is-layout-flex\">\n<div class=\"wp-block-group is-nowrap is-layout-flex wp-container-core-group-is-layout-5b9859e8 wp-block-group-is-layout-flex\" style=\"padding-top:0;padding-right:var(--wp--preset--spacing--60);padding-bottom:0;padding-left:var(--wp--preset--spacing--60)\">\n<figure class=\"wp-block-image size-full is-resized\"><a href=\"https:\/\/spectacles.lamaisonduconte.com\/index.php\/nathalie-bondoux-les-herbes-folles-repoussent-toujours\/\"><img loading=\"lazy\" decoding=\"async\" width=\"567\" height=\"700\" src=\"http:\/\/spectacles.lamaisonduconte.com\/wp-content\/uploads\/2025\/12\/SP-Bondoux-Les-herbes-folles.jpg\" alt=\"\" class=\"wp-image-1676\" style=\"width:217px;height:auto\" srcset=\"https:\/\/spectacles.lamaisonduconte.com\/wp-content\/uploads\/2025\/12\/SP-Bondoux-Les-herbes-folles.jpg 567w, https:\/\/spectacles.lamaisonduconte.com\/wp-content\/uploads\/2025\/12\/SP-Bondoux-Les-herbes-folles-243x300.jpg 243w\" sizes=\"auto, (max-width: 567px) 100vw, 567px\" \/><\/a><\/figure>\n<\/div>\n<\/div>\n\n\n\n<p><\/p>\n","protected":false},"excerpt":{"rendered":"<p>Lien avec La Maison du Conte :Parcours de formation -&gt; Labo 5 (2020-2021)Artiste soutenue en cr\u00e9ation Situation g\u00e9ographique :\u00cele-de-France Compagnie [&hellip;]<\/p>\n","protected":false},"author":1,"featured_media":1795,"parent":0,"menu_order":0,"comment_status":"closed","ping_status":"closed","template":"","meta":{"footnotes":""},"class_list":["post-1677","page","type-page","status-publish","has-post-thumbnail","hentry"],"_links":{"self":[{"href":"https:\/\/spectacles.lamaisonduconte.com\/index.php\/wp-json\/wp\/v2\/pages\/1677","targetHints":{"allow":["GET"]}}],"collection":[{"href":"https:\/\/spectacles.lamaisonduconte.com\/index.php\/wp-json\/wp\/v2\/pages"}],"about":[{"href":"https:\/\/spectacles.lamaisonduconte.com\/index.php\/wp-json\/wp\/v2\/types\/page"}],"author":[{"embeddable":true,"href":"https:\/\/spectacles.lamaisonduconte.com\/index.php\/wp-json\/wp\/v2\/users\/1"}],"replies":[{"embeddable":true,"href":"https:\/\/spectacles.lamaisonduconte.com\/index.php\/wp-json\/wp\/v2\/comments?post=1677"}],"version-history":[{"count":5,"href":"https:\/\/spectacles.lamaisonduconte.com\/index.php\/wp-json\/wp\/v2\/pages\/1677\/revisions"}],"predecessor-version":[{"id":1796,"href":"https:\/\/spectacles.lamaisonduconte.com\/index.php\/wp-json\/wp\/v2\/pages\/1677\/revisions\/1796"}],"wp:featuredmedia":[{"embeddable":true,"href":"https:\/\/spectacles.lamaisonduconte.com\/index.php\/wp-json\/wp\/v2\/media\/1795"}],"wp:attachment":[{"href":"https:\/\/spectacles.lamaisonduconte.com\/index.php\/wp-json\/wp\/v2\/media?parent=1677"}],"curies":[{"name":"wp","href":"https:\/\/api.w.org\/{rel}","templated":true}]}}