{"id":1694,"date":"2025-12-08T12:17:08","date_gmt":"2025-12-08T11:17:08","guid":{"rendered":"https:\/\/spectacles.lamaisonduconte.com\/?page_id=1694"},"modified":"2025-12-08T12:25:33","modified_gmt":"2025-12-08T11:25:33","slug":"sylvain-gagnier-tortue-tetue","status":"publish","type":"page","link":"https:\/\/spectacles.lamaisonduconte.com\/index.php\/sylvain-gagnier-tortue-tetue\/","title":{"rendered":"Sylvain Gagnier &#8211; Tortue t\u00eatue"},"content":{"rendered":"\n<figure class=\"wp-block-image size-full is-resized\" style=\"margin-right:var(--wp--preset--spacing--40);margin-left:var(--wp--preset--spacing--40)\"><img loading=\"lazy\" decoding=\"async\" width=\"567\" height=\"700\" src=\"http:\/\/spectacles.lamaisonduconte.com\/wp-content\/uploads\/2025\/12\/SP-Gagnier-Tortue-tetue.jpg\" alt=\"\" class=\"wp-image-1693\" style=\"width:357px\" srcset=\"https:\/\/spectacles.lamaisonduconte.com\/wp-content\/uploads\/2025\/12\/SP-Gagnier-Tortue-tetue.jpg 567w, https:\/\/spectacles.lamaisonduconte.com\/wp-content\/uploads\/2025\/12\/SP-Gagnier-Tortue-tetue-243x300.jpg 243w\" sizes=\"auto, (max-width: 567px) 100vw, 567px\" \/><\/figure>\n\n\n\n<h2 class=\"wp-block-heading has-foreground-color has-text-color has-link-color wp-elements-ee1f7d3b116ecfc49d22ae65196265b5\" style=\"padding-right:var(--wp--preset--spacing--40);padding-left:var(--wp--preset--spacing--40)\"><br>TORTUE T\u00caTUE<br><\/h2>\n\n\n\n<blockquote class=\"wp-block-quote has-foreground-color has-text-color has-link-color has-extra-small-font-size wp-elements-5f2332a78cbd0033ae86c93007d29ac3 is-layout-flow wp-block-quote-is-layout-flow\" style=\"padding-right:0;padding-left:0\">\n<h6 class=\"wp-block-heading has-raleway-font-family has-extra-small-font-size\" style=\"padding-right:var(--wp--preset--spacing--40);padding-left:var(--wp--preset--spacing--40)\">Conte et musique, animaux, tout-petits<br>\u00c2ge&nbsp;: 0-3 ans, tout-petits, maternelle<\/h6>\n\n\n\n<p><\/p>\n<\/blockquote>\n\n\n\n<p class=\"has-foreground-color has-text-color has-link-color wp-elements-886aa0fea5b27d12818d0a6e16c4f9c9\" style=\"padding-right:var(--wp--preset--spacing--40);padding-left:var(--wp--preset--spacing--40)\"><br>\u00ab <em>Tortue t\u00eatue<\/em>, c\u2019est l\u2019histoire d\u2019un petit gar\u00e7on qui part \u00e0 l\u2019aventure, rencontre une tortue et se lie d\u2019amiti\u00e9 avec elle\u2026 Est-elle r\u00e9elle ou imaginaire ? Tout change. Son regard, le monde qui l&rsquo;entoure. Il grandit\u2026 Comment construire sa libert\u00e9 ? Croire en sa chance ? En chantant, en dansant. Ce spectacle est un voyage initiatique pour les tout-petits \u00e0 travers contes, r\u00e9cits et musiques ; une histoire d\u2019amiti\u00e9 entre un petit gar\u00e7on et une tortue, une histoire pour grandir o\u00f9 l&rsquo;imaginaire vient nourrir la r\u00e9alit\u00e9. \u00bb<\/p>\n\n\n\n<p class=\"has-foreground-color has-text-color has-link-color wp-elements-4b9943a40f5816ba74f9591d1d1d6832\" style=\"padding-right:var(--wp--preset--spacing--40);padding-left:var(--wp--preset--spacing--40)\"><\/p>\n\n\n\n<p class=\"has-foreground-color has-text-color has-link-color wp-elements-ba1238313e84d32e61af7a13624464d4\"><\/p>\n\n\n\n<p class=\"has-foreground-color has-text-color has-link-color wp-elements-dd49b7cb7e39168bff50ec0f110d6dba\" style=\"padding-right:var(--wp--preset--spacing--40);padding-left:var(--wp--preset--spacing--40)\"><br><strong>Lieux de repr\u00e9sentation&nbsp;<\/strong>: lieux non-d\u00e9di\u00e9s<\/p>\n\n\n\n<p class=\"has-foreground-color has-text-color has-link-color wp-elements-0cd357aa4bdd4ae93cd3a513f7e4df4a\" style=\"padding-top:var(--wp--preset--spacing--40);padding-right:var(--wp--preset--spacing--40);padding-bottom:var(--wp--preset--spacing--40);padding-left:var(--wp--preset--spacing--40)\"><strong>\u00c9quipe artiste\u00a0au plateau<\/strong>\u00a0: <a href=\"https:\/\/spectacles.lamaisonduconte.com\/index.php\/sylvain-gagnier\/\" data-type=\"page\" data-id=\"1701\">Sylvain Gagnier<\/a><br><br><strong>Teaser<\/strong> :<br><\/p>\n\n\n\n<figure class=\"wp-block-embed is-type-video is-provider-youtube wp-block-embed-youtube wp-embed-aspect-16-9 wp-has-aspect-ratio\" style=\"margin-top:var(--wp--preset--spacing--20);margin-bottom:var(--wp--preset--spacing--20)\"><div class=\"wp-block-embed__wrapper\">\n<iframe loading=\"lazy\" title=\"&quot;Tortue T\u00eatue&quot; spectacle pour les tout-petits par Sylvain Gagnier\" width=\"500\" height=\"281\" src=\"https:\/\/www.youtube.com\/embed\/scSdMTVKPRc?feature=oembed\" frameborder=\"0\" allow=\"accelerometer; autoplay; clipboard-write; encrypted-media; gyroscope; picture-in-picture; web-share\" referrerpolicy=\"strict-origin-when-cross-origin\" allowfullscreen><\/iframe>\n<\/div><\/figure>\n\n\n\n<p>Teaser : https:\/\/youtu.be\/scSdMTVKPRc?si=uTBdq1FECKyI2iN3<\/p>\n\n\n\n<p class=\"has-foreground-color has-text-color has-link-color wp-elements-993315db078b48ec10d276d149a18e58\" style=\"padding-right:var(--wp--preset--spacing--40);padding-left:var(--wp--preset--spacing--40)\"><strong>Soutien<\/strong> : La Maison du Conte<\/p>\n\n\n\n<p class=\"has-foreground-color has-text-color has-link-color wp-elements-f30dcf0e8a08a952d99b849093d2667f\" style=\"padding-top:var(--wp--preset--spacing--60);padding-right:var(--wp--preset--spacing--40);padding-bottom:var(--wp--preset--spacing--60);padding-left:var(--wp--preset--spacing--40)\"><strong>Contact : <\/strong><br>e-mail : <a href=\"gagniersylvain@gmail.com\">gagniersylvain@gmail.com<\/a><br>Site web : <a href=\"https:\/\/gagniersylvain.wixsite.com\/sylvaingagnierconte\">gagniersylvain.com<\/a><\/p>\n","protected":false},"excerpt":{"rendered":"<p>TORTUE T\u00caTUE Conte et musique, animaux, tout-petits\u00c2ge&nbsp;: 0-3 ans, tout-petits, maternelle \u00ab Tortue t\u00eatue, c\u2019est l\u2019histoire d\u2019un petit gar\u00e7on qui [&hellip;]<\/p>\n","protected":false},"author":1,"featured_media":1693,"parent":0,"menu_order":0,"comment_status":"closed","ping_status":"closed","template":"","meta":{"footnotes":""},"class_list":["post-1694","page","type-page","status-publish","has-post-thumbnail","hentry"],"_links":{"self":[{"href":"https:\/\/spectacles.lamaisonduconte.com\/index.php\/wp-json\/wp\/v2\/pages\/1694","targetHints":{"allow":["GET"]}}],"collection":[{"href":"https:\/\/spectacles.lamaisonduconte.com\/index.php\/wp-json\/wp\/v2\/pages"}],"about":[{"href":"https:\/\/spectacles.lamaisonduconte.com\/index.php\/wp-json\/wp\/v2\/types\/page"}],"author":[{"embeddable":true,"href":"https:\/\/spectacles.lamaisonduconte.com\/index.php\/wp-json\/wp\/v2\/users\/1"}],"replies":[{"embeddable":true,"href":"https:\/\/spectacles.lamaisonduconte.com\/index.php\/wp-json\/wp\/v2\/comments?post=1694"}],"version-history":[{"count":5,"href":"https:\/\/spectacles.lamaisonduconte.com\/index.php\/wp-json\/wp\/v2\/pages\/1694\/revisions"}],"predecessor-version":[{"id":1705,"href":"https:\/\/spectacles.lamaisonduconte.com\/index.php\/wp-json\/wp\/v2\/pages\/1694\/revisions\/1705"}],"wp:featuredmedia":[{"embeddable":true,"href":"https:\/\/spectacles.lamaisonduconte.com\/index.php\/wp-json\/wp\/v2\/media\/1693"}],"wp:attachment":[{"href":"https:\/\/spectacles.lamaisonduconte.com\/index.php\/wp-json\/wp\/v2\/media?parent=1694"}],"curies":[{"name":"wp","href":"https:\/\/api.w.org\/{rel}","templated":true}]}}