{"id":1701,"date":"2025-12-08T12:23:56","date_gmt":"2025-12-08T11:23:56","guid":{"rendered":"https:\/\/spectacles.lamaisonduconte.com\/?page_id=1701"},"modified":"2025-12-08T12:24:56","modified_gmt":"2025-12-08T11:24:56","slug":"sylvain-gagnier","status":"publish","type":"page","link":"https:\/\/spectacles.lamaisonduconte.com\/index.php\/sylvain-gagnier\/","title":{"rendered":"Sylvain Gagnier &#8211; Fiche artiste"},"content":{"rendered":"\n<figure class=\"wp-block-image size-full is-resized is-style-rounded\" style=\"margin-top:var(--wp--preset--spacing--40);margin-right:var(--wp--preset--spacing--50);margin-bottom:var(--wp--preset--spacing--40);margin-left:var(--wp--preset--spacing--50)\"><img loading=\"lazy\" decoding=\"async\" width=\"567\" height=\"567\" src=\"http:\/\/spectacles.lamaisonduconte.com\/wp-content\/uploads\/2025\/12\/GAGNIER-Sylvain.jpg\" alt=\"\" class=\"wp-image-1691\" style=\"width:auto;height:250px\" srcset=\"https:\/\/spectacles.lamaisonduconte.com\/wp-content\/uploads\/2025\/12\/GAGNIER-Sylvain.jpg 567w, https:\/\/spectacles.lamaisonduconte.com\/wp-content\/uploads\/2025\/12\/GAGNIER-Sylvain-300x300.jpg 300w, https:\/\/spectacles.lamaisonduconte.com\/wp-content\/uploads\/2025\/12\/GAGNIER-Sylvain-150x150.jpg 150w\" sizes=\"auto, (max-width: 567px) 100vw, 567px\" \/><\/figure>\n\n\n\n<p><\/p>\n\n\n\n<p class=\"has-foreground-color has-text-color has-link-color wp-elements-8d3497b5a406e99bd826a4946e29935a\" style=\"padding-right:var(--wp--preset--spacing--60);padding-left:var(--wp--preset--spacing--60)\"><br><strong>Lien avec La Maison du Conte :<\/strong><br>Parcours de formation -&gt; Labo 6 (2022-2023)<\/p>\n\n\n\n<p class=\"has-foreground-color has-text-color has-link-color wp-elements-1f4806cb9b93fc1f5d36dc1d8d3f6de4\" style=\"padding-right:var(--wp--preset--spacing--60);padding-left:var(--wp--preset--spacing--60)\">Artiste soutenu en cr\u00e9ation<\/p>\n\n\n\n<p class=\"has-foreground-color has-text-color has-link-color wp-elements-626ba613cee883b08276c643beb3b830\" style=\"padding-right:var(--wp--preset--spacing--60);padding-left:var(--wp--preset--spacing--60)\"><br><strong>Situation g\u00e9ographique :<\/strong><br>\u00cele-de-France<\/p>\n\n\n\n<p class=\"has-foreground-color has-text-color has-link-color wp-elements-0f2ae04aae524ce19010339c290f06a6\" style=\"padding-top:var(--wp--preset--spacing--40);padding-right:var(--wp--preset--spacing--60);padding-bottom:var(--wp--preset--spacing--40);padding-left:var(--wp--preset--spacing--60)\"><br><strong>Contact : <\/strong><\/p>\n\n\n\n<p class=\"has-foreground-color has-text-color has-link-color wp-elements-452594866248605869a930aa1d858868\" style=\"padding-right:var(--wp--preset--spacing--60);padding-left:var(--wp--preset--spacing--60)\">e-mail : <a href=\"mailto:gagniersylvain@gmail.com\">gagniersylvain@gmail.com<\/a><\/p>\n\n\n\n<p class=\"has-foreground-color has-text-color has-link-color wp-elements-5599e9637aa2380b0f4f523bbd5109ce\" style=\"padding-right:var(--wp--preset--spacing--60);padding-left:var(--wp--preset--spacing--60)\">Site web : <a href=\"https:\/\/gagniersylvain.wixsite.com\/sylvaingagnierconte\">gagniersylvain.com<\/a><\/p>\n\n\n\n<p><a href=\"https:\/\/www.sabrinachezeau.com\"> <\/a><\/p>\n\n\n\n<p><\/p>\n\n\n\n<p class=\"has-foreground-color has-text-color has-link-color wp-elements-26e5fc7a46fe0ff3425cd132b63fbcaf\" style=\"padding-top:var(--wp--preset--spacing--40);padding-right:var(--wp--preset--spacing--60);padding-bottom:var(--wp--preset--spacing--40);padding-left:var(--wp--preset--spacing--60)\"><strong>Spectacles produits\/Co-produits\/Accompagn\u00e9s<\/strong><\/p>\n\n\n\n<p><\/p>\n\n\n\n<p class=\"has-foreground-color has-text-color has-link-color wp-elements-8e6588f478b5effed3400c2f2bebc8ca\" style=\"padding-right:var(--wp--preset--spacing--60);padding-left:var(--wp--preset--spacing--60)\"><\/p>\n\n\n\n<div class=\"wp-block-group is-nowrap is-layout-flex wp-container-core-group-is-layout-6c531013 wp-block-group-is-layout-flex\">\n<div class=\"wp-block-group is-nowrap is-layout-flex wp-container-core-group-is-layout-5b9859e8 wp-block-group-is-layout-flex\" style=\"padding-top:0;padding-right:var(--wp--preset--spacing--60);padding-bottom:0;padding-left:var(--wp--preset--spacing--60)\">\n<figure class=\"wp-block-image size-full is-resized\"><a href=\"https:\/\/spectacles.lamaisonduconte.com\/index.php\/sylvain-gagnier-tortue-tetue\/\"><img loading=\"lazy\" decoding=\"async\" width=\"567\" height=\"700\" src=\"http:\/\/spectacles.lamaisonduconte.com\/wp-content\/uploads\/2025\/12\/SP-Gagnier-Tortue-tetue.jpg\" alt=\"\" class=\"wp-image-1693\" style=\"width:217px;height:auto\" srcset=\"https:\/\/spectacles.lamaisonduconte.com\/wp-content\/uploads\/2025\/12\/SP-Gagnier-Tortue-tetue.jpg 567w, https:\/\/spectacles.lamaisonduconte.com\/wp-content\/uploads\/2025\/12\/SP-Gagnier-Tortue-tetue-243x300.jpg 243w\" sizes=\"auto, (max-width: 567px) 100vw, 567px\" \/><\/a><\/figure>\n<\/div>\n<\/div>\n\n\n\n<p><\/p>\n","protected":false},"excerpt":{"rendered":"<p>Lien avec La Maison du Conte :Parcours de formation -&gt; Labo 6 (2022-2023) Artiste soutenu en cr\u00e9ation Situation g\u00e9ographique :\u00cele-de-France [&hellip;]<\/p>\n","protected":false},"author":1,"featured_media":1691,"parent":0,"menu_order":0,"comment_status":"closed","ping_status":"closed","template":"","meta":{"footnotes":""},"class_list":["post-1701","page","type-page","status-publish","has-post-thumbnail","hentry"],"_links":{"self":[{"href":"https:\/\/spectacles.lamaisonduconte.com\/index.php\/wp-json\/wp\/v2\/pages\/1701","targetHints":{"allow":["GET"]}}],"collection":[{"href":"https:\/\/spectacles.lamaisonduconte.com\/index.php\/wp-json\/wp\/v2\/pages"}],"about":[{"href":"https:\/\/spectacles.lamaisonduconte.com\/index.php\/wp-json\/wp\/v2\/types\/page"}],"author":[{"embeddable":true,"href":"https:\/\/spectacles.lamaisonduconte.com\/index.php\/wp-json\/wp\/v2\/users\/1"}],"replies":[{"embeddable":true,"href":"https:\/\/spectacles.lamaisonduconte.com\/index.php\/wp-json\/wp\/v2\/comments?post=1701"}],"version-history":[{"count":2,"href":"https:\/\/spectacles.lamaisonduconte.com\/index.php\/wp-json\/wp\/v2\/pages\/1701\/revisions"}],"predecessor-version":[{"id":1703,"href":"https:\/\/spectacles.lamaisonduconte.com\/index.php\/wp-json\/wp\/v2\/pages\/1701\/revisions\/1703"}],"wp:featuredmedia":[{"embeddable":true,"href":"https:\/\/spectacles.lamaisonduconte.com\/index.php\/wp-json\/wp\/v2\/media\/1691"}],"wp:attachment":[{"href":"https:\/\/spectacles.lamaisonduconte.com\/index.php\/wp-json\/wp\/v2\/media?parent=1701"}],"curies":[{"name":"wp","href":"https:\/\/api.w.org\/{rel}","templated":true}]}}