{"id":1716,"date":"2025-12-11T15:54:06","date_gmt":"2025-12-11T14:54:06","guid":{"rendered":"https:\/\/spectacles.lamaisonduconte.com\/?page_id=1716"},"modified":"2025-12-11T15:54:06","modified_gmt":"2025-12-11T14:54:06","slug":"caroline-loze-ursa-major","status":"publish","type":"page","link":"https:\/\/spectacles.lamaisonduconte.com\/index.php\/caroline-loze-ursa-major\/","title":{"rendered":"Caroline Loze &#8211; Ursa Major"},"content":{"rendered":"\n<figure class=\"wp-block-image size-full is-resized\" style=\"margin-right:var(--wp--preset--spacing--40);margin-left:var(--wp--preset--spacing--40)\"><img loading=\"lazy\" decoding=\"async\" width=\"567\" height=\"700\" src=\"http:\/\/spectacles.lamaisonduconte.com\/wp-content\/uploads\/2025\/12\/SP-Loze-Ursa-Major.png\" alt=\"\" class=\"wp-image-1708\" style=\"width:357px\" srcset=\"https:\/\/spectacles.lamaisonduconte.com\/wp-content\/uploads\/2025\/12\/SP-Loze-Ursa-Major.png 567w, https:\/\/spectacles.lamaisonduconte.com\/wp-content\/uploads\/2025\/12\/SP-Loze-Ursa-Major-243x300.png 243w\" sizes=\"auto, (max-width: 567px) 100vw, 567px\" \/><\/figure>\n\n\n\n<h2 class=\"wp-block-heading has-foreground-color has-text-color has-link-color wp-elements-161181aba22fba1004ecc86b54514881\" style=\"padding-right:var(--wp--preset--spacing--40);padding-left:var(--wp--preset--spacing--40)\"><br>URSA MAJOR<br><\/h2>\n\n\n\n<blockquote class=\"wp-block-quote has-foreground-color has-text-color has-link-color has-extra-small-font-size wp-elements-81c4109dce04295cf7360678da8eab70 is-layout-flow wp-block-quote-is-layout-flow\" style=\"padding-right:0;padding-left:0\">\n<h6 class=\"wp-block-heading has-raleway-font-family has-extra-small-font-size\" style=\"padding-right:var(--wp--preset--spacing--40);padding-left:var(--wp--preset--spacing--40)\">Conte traditionnel, nature sauvage, sororit\u00e9, collectage<br>\u00c2ge\u00a0: 12 ans+, coll\u00e8ge, lyc\u00e9e, adultes<\/h6>\n\n\n\n<p><\/p>\n<\/blockquote>\n\n\n\n<p class=\"has-foreground-color has-text-color has-link-color wp-elements-f3a957a9faaff586093d32e9425f09b8\" style=\"padding-right:var(--wp--preset--spacing--40);padding-left:var(--wp--preset--spacing--40)\"><br>\u00ab Elle, on l\u2019appelle La Petite. Et sa s\u0153ur, c\u2019est La Grande. La Grande a un secret. Et la Petite veut savoir. C\u2019est plus fort qu\u2019elle. Entre les deux, se tissent les fils d\u2019une m\u00e9tamorphose. Inspir\u00e9 d\u2019un r\u00e9cit traditionnel issu de la tribu nord-am\u00e9ricaine des Blackfoot, <em>Ursa Major <\/em>plonge au c\u0153ur de la for\u00eat pour interroger le lien ambivalent et complexe qui unit les s\u0153urs, le devenir soi et la place de chacun.e dans le monde. Un conte de la nuit des temps qui transcende le manich\u00e9isme pour ouvrir un monde habit\u00e9 de beaut\u00e9 et d\u2019horreur, d\u2019amour et de cruaut\u00e9. \u00bb<\/p>\n\n\n\n<p class=\"has-foreground-color has-text-color has-link-color wp-elements-4b9943a40f5816ba74f9591d1d1d6832\" style=\"padding-right:var(--wp--preset--spacing--40);padding-left:var(--wp--preset--spacing--40)\"><\/p>\n\n\n\n<p class=\"has-foreground-color has-text-color has-link-color wp-elements-ba1238313e84d32e61af7a13624464d4\"><\/p>\n\n\n\n<p class=\"has-foreground-color has-text-color has-link-color wp-elements-10efe8c30da6d75aecfac39a183d5a75\" style=\"padding-right:var(--wp--preset--spacing--40);padding-left:var(--wp--preset--spacing--40)\"><br><strong>Lieux de repr\u00e9sentation\u00a0<\/strong>: plateau (r\u00e9gie son et lumi\u00e8re) et lieux non d\u00e9di\u00e9s (rue et espace naturel, cr\u00e9ation 2026)<\/p>\n\n\n\n<p class=\"has-foreground-color has-text-color has-link-color wp-elements-0329c4c7a5265e64bfe696a8523dc7bc\" style=\"padding-top:var(--wp--preset--spacing--40);padding-right:var(--wp--preset--spacing--40);padding-bottom:var(--wp--preset--spacing--40);padding-left:var(--wp--preset--spacing--40)\"><strong>\u00c9quipe artiste\u00a0au plateau<\/strong>\u00a0: <a href=\"https:\/\/spectacles.lamaisonduconte.com\/index.php\/caroline-loze-fiche-artiste\/\" data-type=\"page\" data-id=\"1714\">Caroline Loze<\/a><\/p>\n\n\n\n<p class=\"has-foreground-color has-text-color has-link-color wp-elements-47f0156c0d1dec79969731128790ba6d\" style=\"padding-right:var(--wp--preset--spacing--40);padding-left:var(--wp--preset--spacing--40)\"><strong>Production<\/strong> : Cie R\u00eave de Moi J&rsquo;R\u00eave de toi \/ <strong>Coproductions et soutiens<\/strong> : La Maison du Conte \u00e0 Chevilly-Larue (94), Le THV de Saint-Barth\u00e9l\u00e9my d\u2019Anjou (49), Le Centre des Arts du R\u00e9cit \u00e0 Saint-Martin-d\u2019H\u00e8res (38), Rumeurs Urbaines (92), Le Lieu (78), L\u2019Espace P\u00e9riph\u00e9rique de la Villette (75), la DRAC Ile-de-France, le D\u00e9partement de Seine-et-Marne, la R\u00e9gion \u00cele-de-France, la Cie LOBA &#8211; Annabelle Sergent dans le cadre du compagnonnage plateau DGCA du Minist\u00e8re de la Culture et de la Communication \/ <strong>Partenaires<\/strong> : Animakt \u00e0 Saulx-les-Chartreux (91), La Ferme de Corsange \u00e0 Bailly-Romainvilliers (77), Le Centre Nature de Colombe (92), La Machinchoserie (88)<br><br><strong>Cr\u00e9dit affiche<\/strong> : Irwin Barb\u00e9<\/p>\n\n\n\n<p class=\"has-foreground-color has-text-color has-link-color wp-elements-02ed1a9ebcdef9b71b1fb2dd0af6c8cb\" style=\"padding-top:var(--wp--preset--spacing--60);padding-right:var(--wp--preset--spacing--40);padding-bottom:var(--wp--preset--spacing--60);padding-left:var(--wp--preset--spacing--40)\"><strong>Contact : <\/strong><br>e-mail : <a href=\"mailto:revedemoi.revedetoi@gmail.com\">revedemoi.revedetoi@gmail.com<\/a><br>site web : <a href=\"https:\/\/cierevedemoirevedetoi.wordpress.com\/\">cierevedemoirevedetoi.com<\/a><\/p>\n","protected":false},"excerpt":{"rendered":"<p>URSA MAJOR Conte traditionnel, nature sauvage, sororit\u00e9, collectage\u00c2ge\u00a0: 12 ans+, coll\u00e8ge, lyc\u00e9e, adultes \u00ab Elle, on l\u2019appelle La Petite. Et [&hellip;]<\/p>\n","protected":false},"author":1,"featured_media":1708,"parent":0,"menu_order":0,"comment_status":"closed","ping_status":"closed","template":"","meta":{"footnotes":""},"class_list":["post-1716","page","type-page","status-publish","has-post-thumbnail","hentry"],"_links":{"self":[{"href":"https:\/\/spectacles.lamaisonduconte.com\/index.php\/wp-json\/wp\/v2\/pages\/1716","targetHints":{"allow":["GET"]}}],"collection":[{"href":"https:\/\/spectacles.lamaisonduconte.com\/index.php\/wp-json\/wp\/v2\/pages"}],"about":[{"href":"https:\/\/spectacles.lamaisonduconte.com\/index.php\/wp-json\/wp\/v2\/types\/page"}],"author":[{"embeddable":true,"href":"https:\/\/spectacles.lamaisonduconte.com\/index.php\/wp-json\/wp\/v2\/users\/1"}],"replies":[{"embeddable":true,"href":"https:\/\/spectacles.lamaisonduconte.com\/index.php\/wp-json\/wp\/v2\/comments?post=1716"}],"version-history":[{"count":1,"href":"https:\/\/spectacles.lamaisonduconte.com\/index.php\/wp-json\/wp\/v2\/pages\/1716\/revisions"}],"predecessor-version":[{"id":1717,"href":"https:\/\/spectacles.lamaisonduconte.com\/index.php\/wp-json\/wp\/v2\/pages\/1716\/revisions\/1717"}],"wp:featuredmedia":[{"embeddable":true,"href":"https:\/\/spectacles.lamaisonduconte.com\/index.php\/wp-json\/wp\/v2\/media\/1708"}],"wp:attachment":[{"href":"https:\/\/spectacles.lamaisonduconte.com\/index.php\/wp-json\/wp\/v2\/media?parent=1716"}],"curies":[{"name":"wp","href":"https:\/\/api.w.org\/{rel}","templated":true}]}}