{"id":1727,"date":"2025-12-11T16:10:16","date_gmt":"2025-12-11T15:10:16","guid":{"rendered":"https:\/\/spectacles.lamaisonduconte.com\/?page_id=1727"},"modified":"2025-12-11T16:10:28","modified_gmt":"2025-12-11T15:10:28","slug":"juliette-malfray-le-chant-de-la-louve","status":"publish","type":"page","link":"https:\/\/spectacles.lamaisonduconte.com\/index.php\/juliette-malfray-le-chant-de-la-louve\/","title":{"rendered":"Juliette Malfray &#8211; Le chant de la louve"},"content":{"rendered":"\n<figure class=\"wp-block-image size-full is-resized\" style=\"margin-right:var(--wp--preset--spacing--40);margin-left:var(--wp--preset--spacing--40)\"><img loading=\"lazy\" decoding=\"async\" width=\"567\" height=\"700\" src=\"http:\/\/spectacles.lamaisonduconte.com\/wp-content\/uploads\/2025\/12\/SP-Malfray-La-chant-de-la-louve.png\" alt=\"\" class=\"wp-image-1710\" style=\"width:357px\" srcset=\"https:\/\/spectacles.lamaisonduconte.com\/wp-content\/uploads\/2025\/12\/SP-Malfray-La-chant-de-la-louve.png 567w, https:\/\/spectacles.lamaisonduconte.com\/wp-content\/uploads\/2025\/12\/SP-Malfray-La-chant-de-la-louve-243x300.png 243w\" sizes=\"auto, (max-width: 567px) 100vw, 567px\" \/><\/figure>\n\n\n\n<h2 class=\"wp-block-heading has-foreground-color has-text-color has-link-color wp-elements-38e228b96a0321be70623ace77365199\" style=\"padding-right:var(--wp--preset--spacing--40);padding-left:var(--wp--preset--spacing--40)\"><br>LE CHANT DE LA LOUVE<br><\/h2>\n\n\n\n<blockquote class=\"wp-block-quote has-foreground-color has-text-color has-link-color has-extra-small-font-size wp-elements-baeb465ab6f07189a1e784aa7e347c19 is-layout-flow wp-block-quote-is-layout-flow\" style=\"padding-right:0;padding-left:0\">\n<h6 class=\"wp-block-heading has-raleway-font-family has-extra-small-font-size\" style=\"padding-right:var(--wp--preset--spacing--40);padding-left:var(--wp--preset--spacing--40)\">Conte musical, th\u00e9\u00e2tre d&rsquo;ombre, nature<br>\u00c2ge\u00a0: 3 ans+, maternelle, \u00e9l\u00e9mentaire<\/h6>\n\n\n\n<p><\/p>\n<\/blockquote>\n\n\n\n<p class=\"has-foreground-color has-text-color has-link-color wp-elements-171b582cee3f86cb32df4b3ef2519a4e\" style=\"padding-top:var(--wp--preset--spacing--40);padding-right:var(--wp--preset--spacing--40);padding-bottom:var(--wp--preset--spacing--40);padding-left:var(--wp--preset--spacing--40)\"><br>\u00ab Dans une cabane, \u00e0 l\u2019or\u00e9e d\u2019une immense for\u00eat, il y a un enfant qui attend son fr\u00e8re et sa s\u0153ur, partis chasser. La journ\u00e9e passe et ils ne rentrent pas. Et l\u2019enfant, pour ne pas mourir de faim et de froid, se d\u00e9cide \u00e0 ouvrir la porte, \u00e0 aller dans la for\u00eat\u2026 Et \u00e0 faire la rencontre avec le monde sauvage. Spectacle immersif m\u00ealant conte, musique en direct et th\u00e9\u00e2tre d\u2019ombres, Le chant de la louve propose une exp\u00e9rience sensible pour inviter chacun\u00b7e \u00e0 faire confiance \u00e0 son instinct et \u00e0 le d\u00e9velopper. \u00bb<\/p>\n\n\n\n<p><\/p>\n\n\n\n<figure class=\"wp-block-embed is-type-video is-provider-youtube wp-block-embed-youtube wp-embed-aspect-16-9 wp-has-aspect-ratio\" style=\"margin-top:var(--wp--preset--spacing--30);margin-bottom:var(--wp--preset--spacing--30)\"><div class=\"wp-block-embed__wrapper\">\n<iframe loading=\"lazy\" title=\"Chant de la Louve - Teaser\" width=\"500\" height=\"281\" src=\"https:\/\/www.youtube.com\/embed\/fLej-yGaAaE?feature=oembed\" frameborder=\"0\" allow=\"accelerometer; autoplay; clipboard-write; encrypted-media; gyroscope; picture-in-picture; web-share\" referrerpolicy=\"strict-origin-when-cross-origin\" allowfullscreen><\/iframe>\n<\/div><\/figure>\n\n\n\n<p class=\"has-foreground-color has-text-color has-link-color wp-elements-85f9d8263aa5377abbdc7c1312a51af2\" style=\"padding-right:var(--wp--preset--spacing--40);padding-left:var(--wp--preset--spacing--40)\"><br><strong>Lieux de repr\u00e9sentation\u00a0<\/strong>: plateau (r\u00e9gie son et lumi\u00e8re) et lieux non d\u00e9di\u00e9s (forme l\u00e9g\u00e8re)<\/p>\n\n\n\n<p class=\"has-foreground-color has-text-color has-link-color wp-elements-bc7b2342274ce3b9acc0060ab21f38f6\" style=\"padding-top:var(--wp--preset--spacing--40);padding-right:var(--wp--preset--spacing--40);padding-bottom:var(--wp--preset--spacing--40);padding-left:var(--wp--preset--spacing--40)\"><strong>\u00c9quipe artiste\u00a0au plateau<\/strong>\u00a0: <a href=\"https:\/\/spectacles.lamaisonduconte.com\/index.php\/juliette-malfray-fiche-artiste\/\" data-type=\"page\" data-id=\"1721\">Juliette Malfray<\/a><\/p>\n\n\n\n<p class=\"has-foreground-color has-text-color has-link-color wp-elements-a70ba85d4e6b929b092dc9973397771c\" style=\"padding-right:var(--wp--preset--spacing--40);padding-left:var(--wp--preset--spacing--40)\"><strong>Production\u00a0<\/strong>: Cie Auteurs des Flammes \/ <strong>Co-productions <\/strong>: Le Cam\u00e9leon \u00e0 Pont-du-Ch\u00e2teau (63) ; la ville de Clermont-Ferrand (63) \/ <strong>Accueil en r\u00e9sidence coproduite<\/strong> : La Maison du Conte \u00e0 Chevilly-Larue (94), La Cour des Trois coquins (63), le 108\u00b0 Farenheit \u00e0 Orl\u00e9ans (45), le Cam\u00e9l\u00e9on \u00e0 Pont-du-Ch\u00e2teau (63)<\/p>\n\n\n\n<p class=\"has-foreground-color has-text-color has-link-color wp-elements-b28853afcb5cee55aca3588284ee533c\" style=\"padding-top:var(--wp--preset--spacing--60);padding-right:var(--wp--preset--spacing--40);padding-bottom:var(--wp--preset--spacing--60);padding-left:var(--wp--preset--spacing--40)\"><strong>Contact : <\/strong><br>e-mail : <a href=\"mailto:auteursdesflammes@gmail.com\">auteursdesflammes@gmail.com<\/a><br>site web : <a href=\"https:\/\/auteursdesflammes.fr\/\">auteursdesflammes.fr<\/a><\/p>\n\n\n\n<p><\/p>\n","protected":false},"excerpt":{"rendered":"<p>LE CHANT DE LA LOUVE Conte musical, th\u00e9\u00e2tre d&rsquo;ombre, nature\u00c2ge\u00a0: 3 ans+, maternelle, \u00e9l\u00e9mentaire \u00ab Dans une cabane, \u00e0 l\u2019or\u00e9e [&hellip;]<\/p>\n","protected":false},"author":1,"featured_media":1710,"parent":0,"menu_order":0,"comment_status":"closed","ping_status":"closed","template":"","meta":{"footnotes":""},"class_list":["post-1727","page","type-page","status-publish","has-post-thumbnail","hentry"],"_links":{"self":[{"href":"https:\/\/spectacles.lamaisonduconte.com\/index.php\/wp-json\/wp\/v2\/pages\/1727","targetHints":{"allow":["GET"]}}],"collection":[{"href":"https:\/\/spectacles.lamaisonduconte.com\/index.php\/wp-json\/wp\/v2\/pages"}],"about":[{"href":"https:\/\/spectacles.lamaisonduconte.com\/index.php\/wp-json\/wp\/v2\/types\/page"}],"author":[{"embeddable":true,"href":"https:\/\/spectacles.lamaisonduconte.com\/index.php\/wp-json\/wp\/v2\/users\/1"}],"replies":[{"embeddable":true,"href":"https:\/\/spectacles.lamaisonduconte.com\/index.php\/wp-json\/wp\/v2\/comments?post=1727"}],"version-history":[{"count":4,"href":"https:\/\/spectacles.lamaisonduconte.com\/index.php\/wp-json\/wp\/v2\/pages\/1727\/revisions"}],"predecessor-version":[{"id":1731,"href":"https:\/\/spectacles.lamaisonduconte.com\/index.php\/wp-json\/wp\/v2\/pages\/1727\/revisions\/1731"}],"wp:featuredmedia":[{"embeddable":true,"href":"https:\/\/spectacles.lamaisonduconte.com\/index.php\/wp-json\/wp\/v2\/media\/1710"}],"wp:attachment":[{"href":"https:\/\/spectacles.lamaisonduconte.com\/index.php\/wp-json\/wp\/v2\/media?parent=1727"}],"curies":[{"name":"wp","href":"https:\/\/api.w.org\/{rel}","templated":true}]}}