{"id":1738,"date":"2025-12-11T16:19:26","date_gmt":"2025-12-11T15:19:26","guid":{"rendered":"https:\/\/spectacles.lamaisonduconte.com\/?page_id=1738"},"modified":"2025-12-11T16:19:26","modified_gmt":"2025-12-11T15:19:26","slug":"lymia-vitte-parabolers-sur-les-traces-dalain-peters","status":"publish","type":"page","link":"https:\/\/spectacles.lamaisonduconte.com\/index.php\/lymia-vitte-parabolers-sur-les-traces-dalain-peters\/","title":{"rendered":"Lymia Vitte &#8211; Parabolers, Sur les traces d&rsquo;Alain Peters"},"content":{"rendered":"\n<figure class=\"wp-block-image size-full is-resized\" style=\"margin-right:var(--wp--preset--spacing--40);margin-left:var(--wp--preset--spacing--40)\"><img loading=\"lazy\" decoding=\"async\" width=\"567\" height=\"700\" src=\"http:\/\/spectacles.lamaisonduconte.com\/wp-content\/uploads\/2025\/12\/SP-Vitte-Parabolers.png\" alt=\"\" class=\"wp-image-1712\" style=\"width:357px\" srcset=\"https:\/\/spectacles.lamaisonduconte.com\/wp-content\/uploads\/2025\/12\/SP-Vitte-Parabolers.png 567w, https:\/\/spectacles.lamaisonduconte.com\/wp-content\/uploads\/2025\/12\/SP-Vitte-Parabolers-243x300.png 243w\" sizes=\"auto, (max-width: 567px) 100vw, 567px\" \/><\/figure>\n\n\n\n<h2 class=\"wp-block-heading has-foreground-color has-text-color has-link-color wp-elements-bafbf28c836b2e9b55d4ca0583fa2a90\" style=\"padding-right:var(--wp--preset--spacing--40);padding-left:var(--wp--preset--spacing--40)\"><br>PARABOLERS, SUR LES TRACES D&rsquo;ALAIN PETERS<br><\/h2>\n\n\n\n<blockquote class=\"wp-block-quote has-foreground-color has-text-color has-link-color has-extra-small-font-size wp-elements-20b402597f64973fc684fedc6566a590 is-layout-flow wp-block-quote-is-layout-flow\" style=\"padding-right:0;padding-left:0\">\n<h6 class=\"wp-block-heading has-raleway-font-family has-extra-small-font-size\" style=\"padding-right:var(--wp--preset--spacing--40);padding-left:var(--wp--preset--spacing--40)\">R\u00e9cit et musique, \u00cele de la R\u00e9union<br>\u00c2ge\u00a0: 13 ans+, coll\u00e8ge, lyc\u00e9e, adultes<\/h6>\n\n\n\n<p><\/p>\n<\/blockquote>\n\n\n\n<p class=\"has-foreground-color has-text-color has-link-color wp-elements-7939d4212aea2e3aa2256163ca03af48\" style=\"padding-top:var(--wp--preset--spacing--40);padding-right:var(--wp--preset--spacing--40);padding-bottom:var(--wp--preset--spacing--40);padding-left:var(--wp--preset--spacing--40)\"><br>\u00ab Lymia, jeune chanteuse cr\u00e9ole inconsolable apr\u00e8s la perte de son p\u00e8re, trouve un r\u00e9confort inattendu dans l\u2019oeuvre d\u2019Alain P\u00e9ters, figure mythique de la culture musicale r\u00e9unionnaise.<br>Elle se lance alors dans une qu\u00eate musicale sur sa terre natale, \u00e0 la recherche d\u2019un enregistrement myst\u00e9rieux de l\u2019artiste. Entre r\u00e9cit, concert et documentaire, ce spectacle hybride rend hommage aux po\u00e8tes et offre une r\u00e9flexion touchante sur la perte, l\u2019acceptation et l\u2019amour. \u00bb<\/p>\n\n\n\n<p class=\"has-foreground-color has-text-color has-link-color wp-elements-4b9943a40f5816ba74f9591d1d1d6832\" style=\"padding-right:var(--wp--preset--spacing--40);padding-left:var(--wp--preset--spacing--40)\"><\/p>\n\n\n\n<figure class=\"wp-block-embed is-type-video is-provider-youtube wp-block-embed-youtube wp-embed-aspect-16-9 wp-has-aspect-ratio\" style=\"margin-top:var(--wp--preset--spacing--40);margin-bottom:var(--wp--preset--spacing--40)\"><div class=\"wp-block-embed__wrapper\">\n<iframe loading=\"lazy\" title=\"\u2605 PARABOLERS \u2605 TEASER 2025 \u2605\" width=\"500\" height=\"281\" src=\"https:\/\/www.youtube.com\/embed\/-85OFtbaTpE?feature=oembed\" frameborder=\"0\" allow=\"accelerometer; autoplay; clipboard-write; encrypted-media; gyroscope; picture-in-picture; web-share\" referrerpolicy=\"strict-origin-when-cross-origin\" allowfullscreen><\/iframe>\n<\/div><\/figure>\n\n\n\n<p class=\"has-foreground-color has-text-color has-link-color wp-elements-236b02251eac7c88ef9e9238f6fa9039\" style=\"padding-right:var(--wp--preset--spacing--40);padding-left:var(--wp--preset--spacing--40)\"><br><strong>Lieux de repr\u00e9sentation\u00a0<\/strong>: forme pour plateau (r\u00e9gie son et lumi\u00e8re)<\/p>\n\n\n\n<p class=\"has-foreground-color has-text-color has-link-color wp-elements-db3aab920ead251b6f21b604db990bbc\" style=\"padding-top:var(--wp--preset--spacing--40);padding-right:var(--wp--preset--spacing--40);padding-bottom:var(--wp--preset--spacing--40);padding-left:var(--wp--preset--spacing--40)\"><strong>\u00c9quipe artiste\u00a0au plateau<\/strong>\u00a0: <a href=\"https:\/\/spectacles.lamaisonduconte.com\/index.php\/lymia-vitte-fiche-artiste\/\" data-type=\"page\" data-id=\"1735\">Lymia Vitte<\/a>, Ga\u00ebl P\u00e9t\u00e9tin et Antoine Pozzo di Borgo (interpr\u00e9tation sc\u00e9nique et musicale)<\/p>\n\n\n\n<p class=\"has-foreground-color has-text-color has-link-color wp-elements-45959b48d70bfc292dcf6c64044c8e69\" style=\"padding-right:var(--wp--preset--spacing--40);padding-left:var(--wp--preset--spacing--40)\"><strong>Production\u00a0<\/strong>: Cie HEPTA \/ <strong>Coproductions et accueils en r\u00e9sidence<\/strong> : Le Hall de la Chanson &#8211; Centre National du Patrimoine de la Chanson, des Vari\u00e9t\u00e9s et des Musiques Actuelles \u00e0 Paris, Rumeurs Urbaines &#8211; Cie Le Temps de Vivre \u00e0 Colombes, le Centre des Arts du R\u00e9cit en Is\u00e8re, le Th\u00e9\u00e2tre Chevilly-Larue et La Maison du Conte \/ <strong>Soutien DRAC \u00cele-de-France <\/strong>\/ <strong>Accueils en r\u00e9sidence<\/strong> : La Maison des Auteurs &#8211; Festival des Francophonies, des \u00e9critures \u00e0 la sc\u00e8ne \u00e0 Limoges, la Maison du Goupilou &#8211; G 748 R\u00e9sidence d\u2019\u00e9criture soutenue par la Fondation Michalski, la m\u00e9diath\u00e8que de Clichy et le Lavoir Moderne \u00e0 Paris dans le cadre du festival Rumeurs Urbaines, Le Tamanoir &#8211; Lieu des Musiques du Monde Actuel \u00e0 Gennevilliers, le Th\u00e9\u00e2tre Sainte-Marie-d\u2019en-Bas \u00e0 Grenoble<\/p>\n\n\n\n<p class=\"has-foreground-color has-text-color has-link-color wp-elements-4b9943a40f5816ba74f9591d1d1d6832\" style=\"padding-right:var(--wp--preset--spacing--40);padding-left:var(--wp--preset--spacing--40)\"><\/p>\n\n\n\n<p class=\"has-foreground-color has-text-color has-link-color wp-elements-9dd3465ed9e89b6ff7b508eac245f2d7\" style=\"padding-top:var(--wp--preset--spacing--60);padding-right:var(--wp--preset--spacing--40);padding-bottom:var(--wp--preset--spacing--60);padding-left:var(--wp--preset--spacing--40)\"><strong>Contact : <\/strong><br>instagram : <a href=\"https:\/\/www.instagram.com\/lymiavitte\/?hl=fr\">instagram.com\/lymiavitte<\/a><\/p>\n","protected":false},"excerpt":{"rendered":"<p>PARABOLERS, SUR LES TRACES D&rsquo;ALAIN PETERS R\u00e9cit et musique, \u00cele de la R\u00e9union\u00c2ge\u00a0: 13 ans+, coll\u00e8ge, lyc\u00e9e, adultes \u00ab Lymia, [&hellip;]<\/p>\n","protected":false},"author":1,"featured_media":1712,"parent":0,"menu_order":0,"comment_status":"closed","ping_status":"closed","template":"","meta":{"footnotes":""},"class_list":["post-1738","page","type-page","status-publish","has-post-thumbnail","hentry"],"_links":{"self":[{"href":"https:\/\/spectacles.lamaisonduconte.com\/index.php\/wp-json\/wp\/v2\/pages\/1738","targetHints":{"allow":["GET"]}}],"collection":[{"href":"https:\/\/spectacles.lamaisonduconte.com\/index.php\/wp-json\/wp\/v2\/pages"}],"about":[{"href":"https:\/\/spectacles.lamaisonduconte.com\/index.php\/wp-json\/wp\/v2\/types\/page"}],"author":[{"embeddable":true,"href":"https:\/\/spectacles.lamaisonduconte.com\/index.php\/wp-json\/wp\/v2\/users\/1"}],"replies":[{"embeddable":true,"href":"https:\/\/spectacles.lamaisonduconte.com\/index.php\/wp-json\/wp\/v2\/comments?post=1738"}],"version-history":[{"count":2,"href":"https:\/\/spectacles.lamaisonduconte.com\/index.php\/wp-json\/wp\/v2\/pages\/1738\/revisions"}],"predecessor-version":[{"id":1740,"href":"https:\/\/spectacles.lamaisonduconte.com\/index.php\/wp-json\/wp\/v2\/pages\/1738\/revisions\/1740"}],"wp:featuredmedia":[{"embeddable":true,"href":"https:\/\/spectacles.lamaisonduconte.com\/index.php\/wp-json\/wp\/v2\/media\/1712"}],"wp:attachment":[{"href":"https:\/\/spectacles.lamaisonduconte.com\/index.php\/wp-json\/wp\/v2\/media?parent=1738"}],"curies":[{"name":"wp","href":"https:\/\/api.w.org\/{rel}","templated":true}]}}