{"id":1774,"date":"2026-02-19T11:41:50","date_gmt":"2026-02-19T10:41:50","guid":{"rendered":"https:\/\/spectacles.lamaisonduconte.com\/?page_id=1774"},"modified":"2026-02-19T11:41:50","modified_gmt":"2026-02-19T10:41:50","slug":"ariane-pawin-milda-varnauskaite-et-oksana-zhuravel-ohorodnyk-le-chant-des-partisanes","status":"publish","type":"page","link":"https:\/\/spectacles.lamaisonduconte.com\/index.php\/ariane-pawin-milda-varnauskaite-et-oksana-zhuravel-ohorodnyk-le-chant-des-partisanes\/","title":{"rendered":"Ariane Pawin, Milda Varnauskait\u00e9 et Oksana Zhuravel-Ohorodnyk &#8211; Le chant des partisanes"},"content":{"rendered":"\n<figure class=\"wp-block-image size-full is-resized\" style=\"margin-right:var(--wp--preset--spacing--40);margin-left:var(--wp--preset--spacing--40)\"><img loading=\"lazy\" decoding=\"async\" width=\"567\" height=\"700\" src=\"http:\/\/spectacles.lamaisonduconte.com\/wp-content\/uploads\/2026\/02\/SP-Pawin-Varnauskaite-Zhuravel-Ohorodnyk-Le-chant-des-partisanes.jpg\" alt=\"\" class=\"wp-image-1773\" style=\"width:357px\" srcset=\"https:\/\/spectacles.lamaisonduconte.com\/wp-content\/uploads\/2026\/02\/SP-Pawin-Varnauskaite-Zhuravel-Ohorodnyk-Le-chant-des-partisanes.jpg 567w, https:\/\/spectacles.lamaisonduconte.com\/wp-content\/uploads\/2026\/02\/SP-Pawin-Varnauskaite-Zhuravel-Ohorodnyk-Le-chant-des-partisanes-243x300.jpg 243w\" sizes=\"auto, (max-width: 567px) 100vw, 567px\" \/><\/figure>\n\n\n\n<h2 class=\"wp-block-heading has-foreground-color has-text-color has-link-color wp-elements-5c7b0437e0b09836b1871b95bc3f0d0f\" style=\"padding-right:var(--wp--preset--spacing--40);padding-left:var(--wp--preset--spacing--40)\"><br>LE CHANT DES PARTISANES<br><\/h2>\n\n\n\n<blockquote class=\"wp-block-quote has-foreground-color has-text-color has-link-color has-extra-small-font-size wp-elements-63246a16bfa668d5be29821f71ef363c is-layout-flow wp-block-quote-is-layout-flow\" style=\"padding-right:0;padding-left:0\">\n<h6 class=\"wp-block-heading has-raleway-font-family has-extra-small-font-size\" style=\"padding-right:var(--wp--preset--spacing--40);padding-left:var(--wp--preset--spacing--40)\">R\u00e9cit, f\u00e9minisme, matrimoine, balade cont\u00e9e trilingue<br>\u00c2ge\u00a0: 10 ans +, coll\u00e8ge, lyc\u00e9e, adultes<\/h6>\n\n\n\n<p><\/p>\n<\/blockquote>\n\n\n\n<p class=\"has-foreground-color has-text-color has-link-color wp-elements-ef14c84616e9b3dce9793bbb7da76364\" style=\"padding-top:var(--wp--preset--spacing--30);padding-right:var(--wp--preset--spacing--40);padding-bottom:var(--wp--preset--spacing--30);padding-left:var(--wp--preset--spacing--40)\"><strong>Le Chant des partisanes | Partizaniu dainos | \u041f\u0456\u0441\u043d\u044f \u043f\u0430\u0440\u0442\u0438\u0437\u0430\u043d\u0456\u0432<br><\/strong><em>Balade cont\u00e9e trilingue et musicale sur les femmes r\u00e9sistantes<\/em><\/p>\n\n\n\n<p class=\"has-foreground-color has-text-color has-link-color wp-elements-9fe9714e1d23dc48bea8e6cecf7eac15\" style=\"padding-top:var(--wp--preset--spacing--30);padding-right:var(--wp--preset--spacing--40);padding-bottom:var(--wp--preset--spacing--30);padding-left:var(--wp--preset--spacing--40)\">\u00ab Nous sommes trois femmes. Trois artistes europ\u00e9ennes. Trois artistes de langues, de cultures et d\u2019univers diff\u00e9rents. Trois artistes agit\u00e9es par cette m\u00eame question br\u00fblante : que faire face \u00e0 la brutalit\u00e9 du monde ? Face \u00e0 la peur et au sentiment d\u2019impuissance qui submergent ? Comment agir aujourd\u2019hui ? Nous voulons plonger dans ce que les femmes ont fait \u00e0 travers l\u2019Europe et les \u00e9poques ; mettre en lumi\u00e8re leurs actes de r\u00e9sistance, trop souvent ensuite invisibilis\u00e9s ; puis m\u00ealer ces figures r\u00e9elles aux h\u00e9ro\u00efnes de contes, chants et mythes issus de nos trois cultures ; pour cr\u00e9er un dialogue entre pr\u00e9sent et pass\u00e9 ; pour agir avec nos armes : en transmettant leurs histoires\u2026 \u00bb<\/p>\n\n\n\n<p class=\"has-foreground-color has-text-color has-link-color wp-elements-4b9943a40f5816ba74f9591d1d1d6832\" style=\"padding-right:var(--wp--preset--spacing--40);padding-left:var(--wp--preset--spacing--40)\"><\/p>\n\n\n\n<figure class=\"wp-block-embed is-type-video is-provider-vimeo wp-block-embed-vimeo wp-embed-aspect-16-9 wp-has-aspect-ratio\" style=\"margin-top:var(--wp--preset--spacing--40);margin-right:var(--wp--preset--spacing--30);margin-bottom:var(--wp--preset--spacing--40);margin-left:var(--wp--preset--spacing--30)\"><div class=\"wp-block-embed__wrapper\">\n<iframe loading=\"lazy\" title=\"Le Chant des Partisanes, pr\u00e9sentation courte (2m30)\" src=\"https:\/\/player.vimeo.com\/video\/1120814127?dnt=1&amp;app_id=122963\" width=\"500\" height=\"281\" frameborder=\"0\" allow=\"autoplay; fullscreen; picture-in-picture; clipboard-write; encrypted-media; web-share\" referrerpolicy=\"strict-origin-when-cross-origin\"><\/iframe>\n<\/div><\/figure>\n\n\n\n<p><a href=\"https:\/\/vimeo.com\/374520010 \">https:\/\/vimeo.com\/374520010 <\/a><\/p>\n\n\n\n<p class=\"has-foreground-color has-text-color has-link-color wp-elements-f38583ccf6f023fb57dffadf76023149\" style=\"padding-right:var(--wp--preset--spacing--40);padding-left:var(--wp--preset--spacing--40)\"><strong>Lieux de repr\u00e9sentation\u00a0<\/strong>: forme en d\u00e9ambulation pouvant jouer dans tous types d&rsquo;espaces<\/p>\n\n\n\n<p class=\"has-foreground-color has-text-color has-link-color wp-elements-efa70a18cdc50e3e896eff9fceda9fec\" style=\"padding-top:var(--wp--preset--spacing--40);padding-right:var(--wp--preset--spacing--40);padding-bottom:var(--wp--preset--spacing--40);padding-left:var(--wp--preset--spacing--40)\"><strong>\u00c9quipe artiste<\/strong>\u00a0: <a href=\"https:\/\/spectacles.lamaisonduconte.com\/index.php\/ariane-pawin-fiche-artiste\/\" data-type=\"page\" data-id=\"725\">Ariane Pawin<\/a> et Milda Varnauskait\u00e9 (cr\u00e9ation, \u00e9criture et interpr\u00e9tation), Oksana Zhuravel-Ohorodnyk (cr\u00e9ation musicale)<\/p>\n\n\n\n<p class=\"has-foreground-color has-text-color has-link-color wp-elements-609b10a41c371354fe0a6b73ff57811c\" style=\"padding-right:var(--wp--preset--spacing--40);padding-left:var(--wp--preset--spacing--40)\"><strong>Production\u00a0<\/strong>: Cie La Fausta (France), Pasakotojai (Lituanie) \/ Coproductions : Centre des Arts du R\u00e9cit, Le Lieu, Mus\u00e9e National de Lituanie, Maison du Conte (tourn\u00e9e parisienne). Soutien : Comit\u00e9 de Jumelage Grenoble-Kaunas, Mus\u00e9e de la R\u00e9sistance et de la D\u00e9portation en Is\u00e8re, Federation of European Storyteller (r\u00e9seau europ\u00e9en FEST), Saison de la Litunanie en France (partenariat Institut Fran\u00e7ais &#8211; Institut Lituanien), Convention Institut Fran\u00e7ais + Ville de Paris, Conseil Culture Lituanien \/ Projet cr\u00e9\u00e9 dans le cadre de la Saison de la Lituanie en France<br><\/p>\n\n\n\n<p class=\"has-foreground-color has-text-color has-link-color wp-elements-1c004b1b72588fcf786866da7ff3750d\" style=\"padding-right:var(--wp--preset--spacing--40);padding-left:var(--wp--preset--spacing--40)\">\u00a9 Mindaugas \u010cerneckas<\/p>\n\n\n\n<p class=\"has-foreground-color has-text-color has-link-color wp-elements-215b02f2bb951250e98bba3c42e26cc6\" style=\"padding-top:var(--wp--preset--spacing--60);padding-right:var(--wp--preset--spacing--40);padding-bottom:var(--wp--preset--spacing--60);padding-left:var(--wp--preset--spacing--40)\"><strong>Contact : <\/strong><br>e-mail : <a href=\"mailto:ariane-pawin@wanadoo.fr\">ariane-pawin@wanadoo.fr<\/a><br>site web : <a href=\"https:\/\/ariane-pawin.wixsite.com\/conteuse-comedienne\">ariane-pawin.wixsite.com<\/a><\/p>\n\n\n\n<p class=\"has-foreground-color has-text-color has-link-color wp-elements-4b9943a40f5816ba74f9591d1d1d6832\" style=\"padding-right:var(--wp--preset--spacing--40);padding-left:var(--wp--preset--spacing--40)\"><\/p>\n","protected":false},"excerpt":{"rendered":"<p>LE CHANT DES PARTISANES R\u00e9cit, f\u00e9minisme, matrimoine, balade cont\u00e9e trilingue\u00c2ge\u00a0: 10 ans +, coll\u00e8ge, lyc\u00e9e, adultes Le Chant des partisanes [&hellip;]<\/p>\n","protected":false},"author":1,"featured_media":1773,"parent":0,"menu_order":0,"comment_status":"closed","ping_status":"closed","template":"","meta":{"footnotes":""},"class_list":["post-1774","page","type-page","status-publish","has-post-thumbnail","hentry"],"_links":{"self":[{"href":"https:\/\/spectacles.lamaisonduconte.com\/index.php\/wp-json\/wp\/v2\/pages\/1774","targetHints":{"allow":["GET"]}}],"collection":[{"href":"https:\/\/spectacles.lamaisonduconte.com\/index.php\/wp-json\/wp\/v2\/pages"}],"about":[{"href":"https:\/\/spectacles.lamaisonduconte.com\/index.php\/wp-json\/wp\/v2\/types\/page"}],"author":[{"embeddable":true,"href":"https:\/\/spectacles.lamaisonduconte.com\/index.php\/wp-json\/wp\/v2\/users\/1"}],"replies":[{"embeddable":true,"href":"https:\/\/spectacles.lamaisonduconte.com\/index.php\/wp-json\/wp\/v2\/comments?post=1774"}],"version-history":[{"count":6,"href":"https:\/\/spectacles.lamaisonduconte.com\/index.php\/wp-json\/wp\/v2\/pages\/1774\/revisions"}],"predecessor-version":[{"id":1780,"href":"https:\/\/spectacles.lamaisonduconte.com\/index.php\/wp-json\/wp\/v2\/pages\/1774\/revisions\/1780"}],"wp:featuredmedia":[{"embeddable":true,"href":"https:\/\/spectacles.lamaisonduconte.com\/index.php\/wp-json\/wp\/v2\/media\/1773"}],"wp:attachment":[{"href":"https:\/\/spectacles.lamaisonduconte.com\/index.php\/wp-json\/wp\/v2\/media?parent=1774"}],"curies":[{"name":"wp","href":"https:\/\/api.w.org\/{rel}","templated":true}]}}