{"id":3,"date":"2024-07-03T13:28:43","date_gmt":"2024-07-03T11:28:43","guid":{"rendered":"http:\/\/spectacles.lamaisonduconte.com\/?page_id=3"},"modified":"2024-12-19T11:18:50","modified_gmt":"2024-12-19T10:18:50","slug":"politique-de-confidentialite","status":"publish","type":"page","link":"https:\/\/spectacles.lamaisonduconte.com\/index.php\/politique-de-confidentialite\/","title":{"rendered":"Politique de confidentialit\u00e9"},"content":{"rendered":"\n<h5 class=\"wp-block-heading\">Contenu embarqu\u00e9 depuis d\u2019autres sites<\/h5>\n\n\n\n<p class=\"has-foreground-color has-text-color has-link-color wp-elements-af599abb2ff70828c9de070d49ff03ed\">Les articles de ce site peuvent inclure des contenus int\u00e9gr\u00e9s h\u00e9berg\u00e9s sur d\u2019autres sites (par exemple des vid\u00e9os, images, articles\u2026). Le contenu int\u00e9gr\u00e9 depuis d\u2019autres sites se comporte de la m\u00eame mani\u00e8re que si le visiteur se rendait sur cet autre site. Par exemples ces sites web tiers pourraient collecter des donn\u00e9es sur vous, utiliser des cookies, embarquer des outils de suivis tiers, suivre vos interactions avec ces contenus embarqu\u00e9s si vous disposez d\u2019un compte connect\u00e9 sur leur site web. Ces sites web sont responsables de la collecte et du traitement des donn\u00e9es \u00e0 partir des contenus qu\u2019ils h\u00e9bergent. Nous veillons toutefois \u00e0 n\u2019inclure que des contenus provenant de sources consid\u00e9r\u00e9es comme s\u00fbres en l\u2019\u00e9tat des connaissances \u00e0 date.<\/p>\n\n\n\n<h5 class=\"wp-block-heading\">Cookies, statistiques et mesures d\u2019audience<\/h5>\n\n\n\n<p class=\"has-foreground-color has-text-color has-link-color wp-elements-b19609229027d81cd61c65bed271415c\">Ce site utilise Google Analytics pour collecter des donn\u00e9es statistiques telles que pages visit\u00e9es, localisation de l\u2019internaute, heure de visite, etc. Nous n\u2019avons acc\u00e8s qu\u2019aux donn\u00e9es habituellement mises \u00e0 disposition par Google Analytics sur son interface. Elles sont totalement anonymes : il nous est impossible d\u2019identifier les personnes \u00e0 partir des rapports \u00e0 notre disposition.<\/p>\n\n\n\n<p class=\"has-foreground-color has-text-color has-link-color wp-elements-268b248ec3a67966b7df9b690c93bdc4\">La dur\u00e9e de conservation des donn\u00e9es envoy\u00e9es qui sont associ\u00e9es \u00e0 des cookies est fix\u00e9e \u00e0 14 mois.<\/p>\n\n\n\n<p class=\"has-foreground-color has-text-color has-link-color wp-elements-4a5cc7f4fc04ef867d481f75e9aa792c\"><strong>Suppression des cookies<\/strong><\/p>\n\n\n\n<p class=\"has-foreground-color has-text-color has-link-color wp-elements-618b65e18f4a99e52d7d36930b6ef300\">L\u2019utilisateur a \u00e9galement la possibilit\u00e9 de supprimer les cookies pr\u00e9alablement pr\u00e9sents sur son ordinateur, en se rendant dans le menu de leur navigateur pr\u00e9vu \u00e0 cet effet (g\u00e9n\u00e9ralement, outils ou options \/ vie priv\u00e9e ou confidentialit\u00e9). Une telle action n\u2019a pas d\u2019incidence sur sa navigation sur le pr\u00e9sent site, mais fait perdre \u00e0 l\u2019utilisateur tout le b\u00e9n\u00e9fice apport\u00e9 par le cookie. Dans ce cas, il devra \u00e0 nouveau saisir toutes les informations le concernant.<\/p>\n\n\n\n<h5 class=\"wp-block-heading\">Utilisation et transmission de vos donn\u00e9es personnelles<\/h5>\n\n\n\n<p class=\"has-foreground-color has-text-color has-link-color wp-elements-e8d629eb5958a14ade5076740a9921a1\">Vos donn\u00e9es personnelles ne seront utilis\u00e9es que pour les usages pour lesquels vous nous les communiquez. Elles ne seront pas transmises \u00e0 des tiers.<\/p>\n\n\n\n<p class=\"has-foreground-color has-text-color has-link-color wp-elements-77b26956c5fbd10861b346f212bf1987\"><strong>Les droits que vous avez sur vos donn\u00e9es<\/strong><\/p>\n\n\n\n<p class=\"has-foreground-color has-text-color has-link-color wp-elements-c56a45695fd85d380890c36a8513f7a2\">Vous disposez d\u2019un droit d\u2019acc\u00e8s, de rectification et d\u2019effacement sur les donn\u00e9es vous concernant. Vous pouvez exercer ce droit en nous en faisant la demande par tout moyen de contact \u00e0 votre convenance. Cela ne prend pas en compte les donn\u00e9es stock\u00e9es \u00e0 des fins administratives, l\u00e9gales ou pour des raisons de s\u00e9curit\u00e9, ni les donn\u00e9es anonymes des statistiques. Nous r\u00e9pondrons \u00e0 votre demande dans les meilleurs d\u00e9lais, sous r\u00e9serve de faisabilit\u00e9 technique.<\/p>\n\n\n\n<h5 class=\"wp-block-heading\">Informations suppl\u00e9mentaires<\/h5>\n\n\n\n<p class=\"has-foreground-color has-text-color has-link-color wp-elements-6fd2f9499e7a705d4222e5ee95917481\"><strong>Comment nous prot\u00e9geons vos donn\u00e9es<\/strong><\/p>\n\n\n\n<p class=\"has-foreground-color has-text-color has-link-color wp-elements-56c61debe062d4bb72e0713fb72979bd\">Tous nos postes de travail, supports mobiles et espaces num\u00e9riques sont prot\u00e9g\u00e9s par des mots de passe s\u00e9curis\u00e9s et par des dispositifs adapt\u00e9s pour pr\u00e9venir les intrusions, conform\u00e9ment aux bonnes pratiques de l\u2019informatique. Vos donn\u00e9es sont sauvegard\u00e9es sur plusieurs supports locaux ou distants, tous situ\u00e9s en Europe, afin de garantir la continuit\u00e9 de nos services.<\/p>\n\n\n\n<p class=\"has-foreground-color has-text-color has-link-color wp-elements-137985d9bb8dd67ae8b70baf3256d25d\"><strong>Proc\u00e9dures mises en \u0153uvre en cas de fuite de donn\u00e9es personnelles<\/strong><\/p>\n\n\n\n<p class=\"has-foreground-color has-text-color has-link-color wp-elements-60ddafdc115e566bc509c9263b37a2dc\">Nous nous engageons \u00e0 alerter imm\u00e9diatement les usagers et la CNIL en cas de fuite de donn\u00e9es, et \u00e0 prendre toutes les mesures n\u00e9cessaires pour un retour \u00e0 la s\u00e9curit\u00e9 dans les meilleurs d\u00e9lais.<\/p>\n","protected":false},"excerpt":{"rendered":"<p>Contenu embarqu\u00e9 depuis d\u2019autres sites Les articles de ce site peuvent inclure des contenus int\u00e9gr\u00e9s h\u00e9berg\u00e9s sur d\u2019autres sites (par [&hellip;]<\/p>\n","protected":false},"author":1,"featured_media":34,"parent":0,"menu_order":0,"comment_status":"closed","ping_status":"open","template":"","meta":{"footnotes":""},"class_list":["post-3","page","type-page","status-publish","has-post-thumbnail","hentry"],"_links":{"self":[{"href":"https:\/\/spectacles.lamaisonduconte.com\/index.php\/wp-json\/wp\/v2\/pages\/3","targetHints":{"allow":["GET"]}}],"collection":[{"href":"https:\/\/spectacles.lamaisonduconte.com\/index.php\/wp-json\/wp\/v2\/pages"}],"about":[{"href":"https:\/\/spectacles.lamaisonduconte.com\/index.php\/wp-json\/wp\/v2\/types\/page"}],"author":[{"embeddable":true,"href":"https:\/\/spectacles.lamaisonduconte.com\/index.php\/wp-json\/wp\/v2\/users\/1"}],"replies":[{"embeddable":true,"href":"https:\/\/spectacles.lamaisonduconte.com\/index.php\/wp-json\/wp\/v2\/comments?post=3"}],"version-history":[{"count":1,"href":"https:\/\/spectacles.lamaisonduconte.com\/index.php\/wp-json\/wp\/v2\/pages\/3\/revisions"}],"predecessor-version":[{"id":650,"href":"https:\/\/spectacles.lamaisonduconte.com\/index.php\/wp-json\/wp\/v2\/pages\/3\/revisions\/650"}],"wp:featuredmedia":[{"embeddable":true,"href":"https:\/\/spectacles.lamaisonduconte.com\/index.php\/wp-json\/wp\/v2\/media\/34"}],"wp:attachment":[{"href":"https:\/\/spectacles.lamaisonduconte.com\/index.php\/wp-json\/wp\/v2\/media?parent=3"}],"curies":[{"name":"wp","href":"https:\/\/api.w.org\/{rel}","templated":true}]}}