{"id":302,"date":"2024-11-18T11:48:36","date_gmt":"2024-11-18T10:48:36","guid":{"rendered":"https:\/\/spectacles.lamaisonduconte.com\/?page_id=302"},"modified":"2025-01-22T10:54:48","modified_gmt":"2025-01-22T09:54:48","slug":"sp-bonneau-usine-2","status":"publish","type":"page","link":"https:\/\/spectacles.lamaisonduconte.com\/index.php\/sp-bonneau-usine-2\/","title":{"rendered":"Nicolas BONNEAU &#8211; Sortie d&rsquo;usine"},"content":{"rendered":"\n<p class=\"has-foreground-color has-text-color has-link-color wp-elements-ba1238313e84d32e61af7a13624464d4\"><\/p>\n\n\n\n<figure class=\"wp-block-image size-full is-resized\" style=\"margin-right:var(--wp--preset--spacing--40);margin-left:var(--wp--preset--spacing--40)\"><img loading=\"lazy\" decoding=\"async\" width=\"567\" height=\"700\" src=\"https:\/\/spectacles.lamaisonduconte.com\/wp-content\/uploads\/2025\/01\/SP-Bonneau-Usine.jpg\" alt=\"\" class=\"wp-image-1635\" style=\"width:357px;height:auto\" srcset=\"https:\/\/spectacles.lamaisonduconte.com\/wp-content\/uploads\/2025\/01\/SP-Bonneau-Usine.jpg 567w, https:\/\/spectacles.lamaisonduconte.com\/wp-content\/uploads\/2025\/01\/SP-Bonneau-Usine-243x300.jpg 243w\" sizes=\"auto, (max-width: 567px) 100vw, 567px\" \/><\/figure>\n\n\n\n<h2 class=\"wp-block-heading has-foreground-color has-text-color has-link-color wp-elements-203577263c40bcd6aeddc3b8e65fadf2\" style=\"padding-right:var(--wp--preset--spacing--40);padding-left:var(--wp--preset--spacing--40)\"><br>SORTIE D&rsquo;USINE<br> <\/h2>\n\n\n\n<blockquote class=\"wp-block-quote has-foreground-color has-text-color has-link-color has-extra-small-font-size wp-elements-fee323d9b29f0595acb485338dbd1949 is-layout-flow wp-block-quote-is-layout-flow\" style=\"padding-right:var(--wp--preset--spacing--30);padding-left:var(--wp--preset--spacing--30)\">\n<h6 class=\"wp-block-heading has-raleway-font-family has-extra-small-font-size\" style=\"padding-right:0;padding-left:0\">Identit\u00e9, famille<br>\u00c2ge&nbsp;: 14 ans+, lyc\u00e9e, adultes<\/h6>\n\n\n\n<p><\/p>\n<\/blockquote>\n\n\n\n<p class=\"has-foreground-color has-text-color has-link-color wp-elements-62b3a58c7f705de150065d88c748a32c\" style=\"padding-right:var(--wp--preset--spacing--40);padding-left:var(--wp--preset--spacing--40)\"><br>\u00ab Un spectacle qui na\u00eet de la curiosit\u00e9 d\u2019un fils d\u2019ouvrier qui cherche \u00e0 comprendre pourquoi son p\u00e8re a tout arr\u00eat\u00e9 au bout de 35 ans. Nicolas Bonneau se lance ainsi dans un collectage qui lui fera rencontrer durant plusieurs mois de nombreuses personnes. Les voix se rassemblent, t\u00e9moignages d\u2019une r\u00e9alit\u00e9 sociale, d\u2019humains ordinaires qui posent leur regard sur la soci\u00e9t\u00e9. \u00bb<br><\/p>\n\n\n\n<p class=\"has-foreground-color has-text-color has-link-color wp-elements-ba1238313e84d32e61af7a13624464d4\"><\/p>\n\n\n\n<p class=\"has-foreground-color has-text-color has-link-color wp-elements-0dd571d7468db780e4d625a2c814712c\" style=\"padding-right:var(--wp--preset--spacing--40);padding-left:var(--wp--preset--spacing--40)\"><br><strong>Lieux de repr\u00e9sentation&nbsp;<\/strong>: plateau (r\u00e9gie son et lumi\u00e8re)<\/p>\n\n\n\n<p class=\"has-foreground-color has-text-color has-link-color wp-elements-7bfa3ecc33ffb309c47a04b804e6264d\" style=\"margin-top:var(--wp--preset--spacing--50);margin-bottom:var(--wp--preset--spacing--50);padding-right:var(--wp--preset--spacing--40);padding-left:var(--wp--preset--spacing--40)\"><strong>\u00c9quipe artiste&nbsp;au plateau<\/strong>&nbsp;: <a href=\"https:\/\/spectacles.lamaisonduconte.com\/index.php\/bonneau-nicolas\/\" data-type=\"page\" data-id=\"128\">Nicolas Bonneau<\/a><\/p>\n\n\n\n<p class=\"has-foreground-color has-text-color has-link-color wp-elements-2c865a3ebf47ef3d3fabb7eb783a1094\" style=\"padding-top:var(--wp--preset--spacing--50);padding-right:var(--wp--preset--spacing--40);padding-bottom:var(--wp--preset--spacing--50);padding-left:var(--wp--preset--spacing--40)\"><strong>Teaser<\/strong>&nbsp;: <\/p>\n\n\n\n<figure class=\"wp-block-embed is-type-video is-provider-vimeo wp-block-embed-vimeo wp-embed-aspect-16-9 wp-has-aspect-ratio\"><div class=\"wp-block-embed__wrapper\">\n<iframe loading=\"lazy\" title=\"Sortie d&#039;Usine \/\/ Teaser\" src=\"https:\/\/player.vimeo.com\/video\/297260867?dnt=1&amp;app_id=122963\" width=\"500\" height=\"281\" frameborder=\"0\" allow=\"autoplay; fullscreen; picture-in-picture; clipboard-write; encrypted-media\"><\/iframe>\n<\/div><\/figure>\n\n\n\n<p class=\"has-foreground-color has-text-color has-link-color wp-elements-645850eeb2453aaf1311eb0dc987a117\" style=\"padding-right:var(--wp--preset--spacing--40);padding-left:var(--wp--preset--spacing--40)\"><br><strong>Production<\/strong>&nbsp;: Cie La Volige \/ La Volige est conventionn\u00e9e par la DRAC Nouvelle-Aquitaine, la R\u00e9gion Nouvelle- Aquitaine et soutenue au fonctionnement par le D\u00e9partement des Deux-S\u00e8vres.<\/p>\n\n\n\n<p class=\"has-foreground-color has-text-color has-link-color wp-elements-1ecb17cf7bc420aa043b3a766b847830\" style=\"margin-top:var(--wp--preset--spacing--60);margin-right:var(--wp--preset--spacing--40);margin-bottom:var(--wp--preset--spacing--60);margin-left:var(--wp--preset--spacing--40)\"><strong>Contact :<\/strong><br>e-mail : <a href=\"mailto:noemie.sage@lavolige.fr\">noemie.sage@lavolige.fr<\/a><br>Site web : <a href=\"https:\/\/www.lavolige.fr\/\">www.lavolige.fr<\/a><\/p>\n","protected":false},"excerpt":{"rendered":"<p>SORTIE D&rsquo;USINE Identit\u00e9, famille\u00c2ge&nbsp;: 14 ans+, lyc\u00e9e, adultes \u00ab Un spectacle qui na\u00eet de la curiosit\u00e9 d\u2019un fils d\u2019ouvrier qui [&hellip;]<\/p>\n","protected":false},"author":1,"featured_media":1635,"parent":0,"menu_order":0,"comment_status":"closed","ping_status":"closed","template":"wp-custom-template-conteurs-conteuses","meta":{"footnotes":""},"class_list":["post-302","page","type-page","status-publish","has-post-thumbnail","hentry"],"_links":{"self":[{"href":"https:\/\/spectacles.lamaisonduconte.com\/index.php\/wp-json\/wp\/v2\/pages\/302","targetHints":{"allow":["GET"]}}],"collection":[{"href":"https:\/\/spectacles.lamaisonduconte.com\/index.php\/wp-json\/wp\/v2\/pages"}],"about":[{"href":"https:\/\/spectacles.lamaisonduconte.com\/index.php\/wp-json\/wp\/v2\/types\/page"}],"author":[{"embeddable":true,"href":"https:\/\/spectacles.lamaisonduconte.com\/index.php\/wp-json\/wp\/v2\/users\/1"}],"replies":[{"embeddable":true,"href":"https:\/\/spectacles.lamaisonduconte.com\/index.php\/wp-json\/wp\/v2\/comments?post=302"}],"version-history":[{"count":23,"href":"https:\/\/spectacles.lamaisonduconte.com\/index.php\/wp-json\/wp\/v2\/pages\/302\/revisions"}],"predecessor-version":[{"id":1636,"href":"https:\/\/spectacles.lamaisonduconte.com\/index.php\/wp-json\/wp\/v2\/pages\/302\/revisions\/1636"}],"wp:featuredmedia":[{"embeddable":true,"href":"https:\/\/spectacles.lamaisonduconte.com\/index.php\/wp-json\/wp\/v2\/media\/1635"}],"wp:attachment":[{"href":"https:\/\/spectacles.lamaisonduconte.com\/index.php\/wp-json\/wp\/v2\/media?parent=302"}],"curies":[{"name":"wp","href":"https:\/\/api.w.org\/{rel}","templated":true}]}}