{"id":423,"date":"2024-11-25T14:12:00","date_gmt":"2024-11-25T13:12:00","guid":{"rendered":"https:\/\/spectacles.lamaisonduconte.com\/?page_id=423"},"modified":"2025-01-14T12:22:31","modified_gmt":"2025-01-14T11:22:31","slug":"deborah-weber-niemandsland","status":"publish","type":"page","link":"https:\/\/spectacles.lamaisonduconte.com\/index.php\/deborah-weber-niemandsland\/","title":{"rendered":"Deborah WEBER &#8211; Niemandsland"},"content":{"rendered":"\n<figure class=\"wp-block-image size-full is-resized\" style=\"margin-right:var(--wp--preset--spacing--40);margin-left:var(--wp--preset--spacing--40)\"><img loading=\"lazy\" decoding=\"async\" width=\"567\" height=\"700\" src=\"http:\/\/spectacles.lamaisonduconte.com\/wp-content\/uploads\/2024\/11\/SP-Weber-Niemandsland.jpg\" alt=\"\" class=\"wp-image-261\" style=\"width:357px;height:auto\" srcset=\"https:\/\/spectacles.lamaisonduconte.com\/wp-content\/uploads\/2024\/11\/SP-Weber-Niemandsland.jpg 567w, https:\/\/spectacles.lamaisonduconte.com\/wp-content\/uploads\/2024\/11\/SP-Weber-Niemandsland-243x300.jpg 243w\" sizes=\"auto, (max-width: 567px) 100vw, 567px\" \/><\/figure>\n\n\n\n<h2 class=\"wp-block-heading has-foreground-color has-text-color has-link-color wp-elements-ed81d0ea60b71ad00e04d1a8f7bda112\" style=\"padding-right:var(--wp--preset--spacing--40);padding-left:var(--wp--preset--spacing--40)\"><br>NIEMANDSLAND<br><\/h2>\n\n\n\n<blockquote class=\"wp-block-quote has-foreground-color has-text-color has-link-color has-extra-small-font-size wp-elements-3308f067705c57a98245a73e91152397 is-layout-flow wp-block-quote-is-layout-flow\" style=\"padding-right:var(--wp--preset--spacing--30);padding-left:var(--wp--preset--spacing--30)\">\n<h6 class=\"wp-block-heading has-raleway-font-family has-extra-small-font-size\" style=\"padding-right:0;padding-left:0\">Langue, identit\u00e9, r\u00e9cit de vie, suisse-allemande, violences familiales<br>\u00c2ge\u00a0: 14 ans+, lyc\u00e9e, adultes<\/h6>\n\n\n\n<p><\/p>\n<\/blockquote>\n\n\n\n<p class=\"has-foreground-color has-text-color has-link-color wp-elements-e285f19ce63ac8b435b79c7ab411e51a\" style=\"padding-right:var(--wp--preset--spacing--40);padding-left:var(--wp--preset--spacing--40)\"><br>\u00ab Deborah apprend le fran\u00e7ais, dialogue avec Verlaine, lui offre son amour, se prend pour Edith Piaf, mais n\u2019arrive pas \u00e0 se \u00ab sortir \u00bb des culottes de sa grand-m\u00e8re et de ses valeurs suisses. Elle quitte sa langue maternelle pour entrer en Niemandsland, un entre-deux qui n\u2019appartient \u00e0 personne. Aux fronti\u00e8res du clown et du th\u00e9\u00e2tre-r\u00e9cit, le r\u00e9cit d\u2019exil atypique d\u2019une suisse allemande qui en partant ne quitte pas qu\u2019un pays. \u00bb<br><\/p>\n\n\n\n<p class=\"has-foreground-color has-text-color has-link-color wp-elements-ba1238313e84d32e61af7a13624464d4\"><\/p>\n\n\n\n<p class=\"has-foreground-color has-text-color has-link-color wp-elements-4dfc9323796df775130d5c41ee7be06e\" style=\"padding-right:var(--wp--preset--spacing--40);padding-left:var(--wp--preset--spacing--40)\"><br><strong>Lieux de repr\u00e9sentation&nbsp;<\/strong>: forme plateau (r\u00e9gie son et lumi\u00e8re) et forme LND (lieux non-d\u00e9di\u00e9s)<\/p>\n\n\n\n<p class=\"has-foreground-color has-text-color has-link-color wp-elements-e0cd5ab6bc3384db80ebac17029f9723\" style=\"margin-top:var(--wp--preset--spacing--50);margin-bottom:var(--wp--preset--spacing--50);padding-top:var(--wp--preset--spacing--40);padding-right:var(--wp--preset--spacing--40);padding-bottom:var(--wp--preset--spacing--40);padding-left:var(--wp--preset--spacing--40)\"><strong>\u00c9quipe artiste&nbsp;au plateau<\/strong>&nbsp;: <a href=\"https:\/\/spectacles.lamaisonduconte.com\/index.php\/deborah-weber-fiche-artiste\/\">Deborah Weber<\/a><\/p>\n\n\n\n<p class=\"has-foreground-color has-text-color has-link-color wp-elements-2c865a3ebf47ef3d3fabb7eb783a1094\" style=\"padding-top:var(--wp--preset--spacing--50);padding-right:var(--wp--preset--spacing--40);padding-bottom:var(--wp--preset--spacing--50);padding-left:var(--wp--preset--spacing--40)\"><strong>Teaser<\/strong>&nbsp;: <\/p>\n\n\n\n<figure class=\"wp-block-embed is-type-video is-provider-youtube wp-block-embed-youtube wp-embed-aspect-16-9 wp-has-aspect-ratio\"><div class=\"wp-block-embed__wrapper\">\n<iframe loading=\"lazy\" title=\"TEASER NIEMANDSLAND Deborah Weber\" width=\"500\" height=\"281\" src=\"https:\/\/www.youtube.com\/embed\/CkcCYmwTAMU?feature=oembed\" frameborder=\"0\" allow=\"accelerometer; autoplay; clipboard-write; encrypted-media; gyroscope; picture-in-picture; web-share\" referrerpolicy=\"strict-origin-when-cross-origin\" allowfullscreen><\/iframe>\n<\/div><\/figure>\n\n\n\n<p class=\"has-foreground-color has-text-color has-link-color wp-elements-0a261a291dbbd843328782b7547c155d\" style=\"padding-right:var(--wp--preset--spacing--40);padding-left:var(--wp--preset--spacing--40)\"><br><strong>Production<\/strong> <strong>d\u00e9l\u00e9gu\u00e9e<\/strong>&nbsp;: La Maison du Conte \/ Soutiens : Ch\u00e2teau de Monthelon, Le Samovar.<\/p>\n\n\n\n<p class=\"has-foreground-color has-text-color has-link-color wp-elements-9bd38373eea2f66d21410a632ca28d6c\" style=\"margin-top:var(--wp--preset--spacing--60);margin-right:var(--wp--preset--spacing--40);margin-bottom:var(--wp--preset--spacing--60);margin-left:var(--wp--preset--spacing--40)\"><\/p>\n","protected":false},"excerpt":{"rendered":"<p>NIEMANDSLAND Langue, identit\u00e9, r\u00e9cit de vie, suisse-allemande, violences familiales\u00c2ge\u00a0: 14 ans+, lyc\u00e9e, adultes \u00ab Deborah apprend le fran\u00e7ais, dialogue avec [&hellip;]<\/p>\n","protected":false},"author":1,"featured_media":261,"parent":0,"menu_order":0,"comment_status":"closed","ping_status":"closed","template":"","meta":{"footnotes":""},"class_list":["post-423","page","type-page","status-publish","has-post-thumbnail","hentry"],"_links":{"self":[{"href":"https:\/\/spectacles.lamaisonduconte.com\/index.php\/wp-json\/wp\/v2\/pages\/423","targetHints":{"allow":["GET"]}}],"collection":[{"href":"https:\/\/spectacles.lamaisonduconte.com\/index.php\/wp-json\/wp\/v2\/pages"}],"about":[{"href":"https:\/\/spectacles.lamaisonduconte.com\/index.php\/wp-json\/wp\/v2\/types\/page"}],"author":[{"embeddable":true,"href":"https:\/\/spectacles.lamaisonduconte.com\/index.php\/wp-json\/wp\/v2\/users\/1"}],"replies":[{"embeddable":true,"href":"https:\/\/spectacles.lamaisonduconte.com\/index.php\/wp-json\/wp\/v2\/comments?post=423"}],"version-history":[{"count":10,"href":"https:\/\/spectacles.lamaisonduconte.com\/index.php\/wp-json\/wp\/v2\/pages\/423\/revisions"}],"predecessor-version":[{"id":1490,"href":"https:\/\/spectacles.lamaisonduconte.com\/index.php\/wp-json\/wp\/v2\/pages\/423\/revisions\/1490"}],"wp:featuredmedia":[{"embeddable":true,"href":"https:\/\/spectacles.lamaisonduconte.com\/index.php\/wp-json\/wp\/v2\/media\/261"}],"wp:attachment":[{"href":"https:\/\/spectacles.lamaisonduconte.com\/index.php\/wp-json\/wp\/v2\/media?parent=423"}],"curies":[{"name":"wp","href":"https:\/\/api.w.org\/{rel}","templated":true}]}}