{"id":436,"date":"2024-11-25T14:32:36","date_gmt":"2024-11-25T13:32:36","guid":{"rendered":"https:\/\/spectacles.lamaisonduconte.com\/?page_id=436"},"modified":"2025-01-14T11:58:55","modified_gmt":"2025-01-14T10:58:55","slug":"branthomme-suel-kor","status":"publish","type":"page","link":"https:\/\/spectacles.lamaisonduconte.com\/index.php\/branthomme-suel-kor\/","title":{"rendered":"Branthomme-Suel-Kor"},"content":{"rendered":"\n<figure class=\"wp-block-image size-full is-resized\" style=\"margin-right:var(--wp--preset--spacing--40);margin-left:var(--wp--preset--spacing--40)\"><img loading=\"lazy\" decoding=\"async\" width=\"567\" height=\"700\" src=\"http:\/\/spectacles.lamaisonduconte.com\/wp-content\/uploads\/2024\/11\/SP-Branthomme-Kor.jpg\" alt=\"\" class=\"wp-image-219\" style=\"width:357px;height:auto\" srcset=\"https:\/\/spectacles.lamaisonduconte.com\/wp-content\/uploads\/2024\/11\/SP-Branthomme-Kor.jpg 567w, https:\/\/spectacles.lamaisonduconte.com\/wp-content\/uploads\/2024\/11\/SP-Branthomme-Kor-243x300.jpg 243w\" sizes=\"auto, (max-width: 567px) 100vw, 567px\" \/><\/figure>\n\n\n\n<h2 class=\"wp-block-heading has-foreground-color has-text-color has-link-color wp-elements-b163f8e229c39e6476fdfbbeb759e2e4\" style=\"padding-right:var(--wp--preset--spacing--40);padding-left:var(--wp--preset--spacing--40)\"><br>K\u00d8R<br><\/h2>\n\n\n\n<blockquote class=\"wp-block-quote has-foreground-color has-text-color has-link-color has-extra-small-font-size wp-elements-7bb4ef8faa525ed09c78fc0b82ab2f76 is-layout-flow wp-block-quote-is-layout-flow\" style=\"padding-right:var(--wp--preset--spacing--30);padding-left:var(--wp--preset--spacing--30)\">\n<h6 class=\"wp-block-heading has-raleway-font-family has-extra-small-font-size\" style=\"padding-right:0;padding-left:0\">Corps, po\u00e9sie, musique, amour, Slam<br>\u00c2ge\u00a0: 12 ans+, coll\u00e8ge, lyc\u00e9e, adultes<\/h6>\n\n\n\n<p><\/p>\n<\/blockquote>\n\n\n\n<p class=\"has-foreground-color has-text-color has-link-color wp-elements-9653a12bf2e2d7429b51ea309a7f74a9\" style=\"padding-right:var(--wp--preset--spacing--40);padding-left:var(--wp--preset--spacing--40)\"><br>\u00ab Il est po\u00e8te. Elle est chanteuse et violoncelliste.<\/p>\n\n\n\n<p class=\"has-foreground-color has-text-color has-link-color wp-elements-0ac930fe0f857b5e8035b774eeb27dee\" style=\"padding-right:var(--wp--preset--spacing--40);padding-left:var(--wp--preset--spacing--40)\">Thomas Suel et Ga\u00eblle Sara-Branthomme mettront en duo ce qu\u2019ils ont en commun : un corps et un c\u0153ur. Deux mots qui ne font qu\u2019un en phon\u00e9tique et m\u00ealent joyeusement histoire, po\u00e8me et concert pour tracer l\u2019\u00e9pop\u00e9e de [k\u00f8r], personnage singulier et pluriel qui va comme il peut dans le grand corps du monde. \u00bb<br><\/p>\n\n\n\n<p class=\"has-foreground-color has-text-color has-link-color wp-elements-ba1238313e84d32e61af7a13624464d4\"><\/p>\n\n\n\n<p class=\"has-foreground-color has-text-color has-link-color wp-elements-0dd571d7468db780e4d625a2c814712c\" style=\"padding-right:var(--wp--preset--spacing--40);padding-left:var(--wp--preset--spacing--40)\"><br><strong>Lieux de repr\u00e9sentation&nbsp;<\/strong>: plateau (r\u00e9gie son et lumi\u00e8re)<\/p>\n\n\n\n<p class=\"has-foreground-color has-text-color has-link-color wp-elements-c5fdba7816304de0aa5e7209eae2fe4c\" style=\"margin-top:var(--wp--preset--spacing--50);margin-bottom:var(--wp--preset--spacing--50);padding-top:var(--wp--preset--spacing--40);padding-right:var(--wp--preset--spacing--40);padding-bottom:var(--wp--preset--spacing--40);padding-left:var(--wp--preset--spacing--40)\"><strong>\u00c9quipe artiste&nbsp;au plateau<\/strong>&nbsp;: <a href=\"https:\/\/spectacles.lamaisonduconte.com\/index.php\/sarah-branthomme-et-thomas-suel-fiche-artiste\/\" data-type=\"page\" data-id=\"432\">Thomas Suel<\/a> (r\u00e9cit et voix) et <a href=\"https:\/\/spectacles.lamaisonduconte.com\/index.php\/sarah-branthomme-et-thomas-suel-fiche-artiste\/\">Sarah Branthomme<\/a> (r\u00e9cit, chant et violoncelle)<\/p>\n\n\n\n<p class=\"has-foreground-color has-text-color has-link-color wp-elements-c3d0c94ee41a0a1ce3eed1803c492f56\" style=\"padding-right:var(--wp--preset--spacing--40);padding-left:var(--wp--preset--spacing--40)\"><br><strong>Production<\/strong>&nbsp;: Culture Commune &#8211; Sc\u00e8ne Nationale du Bassin minier du Pas-de-Calais \/ Coproductions : La Maison du Conte, Festival Rumeurs Urbains &#8211; Cie Le Temps de Vivre, Le Vivat d&rsquo;Argentif\u00e8res \/ Soutiens : Direction R\u00e9gionale des Affaires Culturelles des Hauts-de-France, Minist\u00e8re de la Culture, Th\u00e9\u00e2tre Le Hublot \/ Remerciement : P\u00e9pito Mat\u00e9o.<\/p>\n","protected":false},"excerpt":{"rendered":"<p>K\u00d8R Corps, po\u00e9sie, musique, amour, Slam\u00c2ge\u00a0: 12 ans+, coll\u00e8ge, lyc\u00e9e, adultes \u00ab Il est po\u00e8te. Elle est chanteuse et violoncelliste. [&hellip;]<\/p>\n","protected":false},"author":1,"featured_media":219,"parent":0,"menu_order":0,"comment_status":"closed","ping_status":"closed","template":"","meta":{"footnotes":""},"class_list":["post-436","page","type-page","status-publish","has-post-thumbnail","hentry"],"_links":{"self":[{"href":"https:\/\/spectacles.lamaisonduconte.com\/index.php\/wp-json\/wp\/v2\/pages\/436","targetHints":{"allow":["GET"]}}],"collection":[{"href":"https:\/\/spectacles.lamaisonduconte.com\/index.php\/wp-json\/wp\/v2\/pages"}],"about":[{"href":"https:\/\/spectacles.lamaisonduconte.com\/index.php\/wp-json\/wp\/v2\/types\/page"}],"author":[{"embeddable":true,"href":"https:\/\/spectacles.lamaisonduconte.com\/index.php\/wp-json\/wp\/v2\/users\/1"}],"replies":[{"embeddable":true,"href":"https:\/\/spectacles.lamaisonduconte.com\/index.php\/wp-json\/wp\/v2\/comments?post=436"}],"version-history":[{"count":5,"href":"https:\/\/spectacles.lamaisonduconte.com\/index.php\/wp-json\/wp\/v2\/pages\/436\/revisions"}],"predecessor-version":[{"id":1459,"href":"https:\/\/spectacles.lamaisonduconte.com\/index.php\/wp-json\/wp\/v2\/pages\/436\/revisions\/1459"}],"wp:featuredmedia":[{"embeddable":true,"href":"https:\/\/spectacles.lamaisonduconte.com\/index.php\/wp-json\/wp\/v2\/media\/219"}],"wp:attachment":[{"href":"https:\/\/spectacles.lamaisonduconte.com\/index.php\/wp-json\/wp\/v2\/media?parent=436"}],"curies":[{"name":"wp","href":"https:\/\/api.w.org\/{rel}","templated":true}]}}