{"id":444,"date":"2024-11-25T14:47:03","date_gmt":"2024-11-25T13:47:03","guid":{"rendered":"https:\/\/spectacles.lamaisonduconte.com\/?page_id=444"},"modified":"2025-01-14T12:41:56","modified_gmt":"2025-01-14T11:41:56","slug":"444-2","status":"publish","type":"page","link":"https:\/\/spectacles.lamaisonduconte.com\/index.php\/444-2\/","title":{"rendered":"Christophe Chatelain \u2013 R\u00e9cit en qu\u00eate d\u2019humanit\u00e9"},"content":{"rendered":"\n<figure class=\"wp-block-image size-full is-resized\" style=\"margin-right:var(--wp--preset--spacing--40);margin-left:var(--wp--preset--spacing--40)\"><img loading=\"lazy\" decoding=\"async\" width=\"567\" height=\"700\" src=\"http:\/\/spectacles.lamaisonduconte.com\/wp-content\/uploads\/2024\/11\/SP-Chatelain-JFB.jpg\" alt=\"\" class=\"wp-image-230\" style=\"width:357px\" srcset=\"https:\/\/spectacles.lamaisonduconte.com\/wp-content\/uploads\/2024\/11\/SP-Chatelain-JFB.jpg 567w, https:\/\/spectacles.lamaisonduconte.com\/wp-content\/uploads\/2024\/11\/SP-Chatelain-JFB-243x300.jpg 243w\" sizes=\"auto, (max-width: 567px) 100vw, 567px\" \/><\/figure>\n\n\n\n<h2 class=\"wp-block-heading has-foreground-color has-text-color has-link-color wp-elements-aed02387f35a93e267d4d60b12765601\" style=\"padding-right:var(--wp--preset--spacing--40);padding-left:var(--wp--preset--spacing--40)\"><br>JFB R\u00c9CIT EN QU\u00caTE D\u2019HUMANIT\u00c9<br><\/h2>\n\n\n\n<blockquote class=\"wp-block-quote has-foreground-color has-text-color has-link-color has-extra-small-font-size wp-elements-8e81afcc83c2a7fa05a96c223a680a42 is-layout-flow wp-block-quote-is-layout-flow\" style=\"padding-right:0;padding-left:0\">\n<h6 class=\"wp-block-heading has-raleway-font-family has-extra-small-font-size\" style=\"padding-right:var(--wp--preset--spacing--40);padding-left:var(--wp--preset--spacing--40)\">Guerre, r\u00e9cit de vie, Histoire<br>\u00c2ge\u00a0: 12 ans+, coll\u00e8ge, lyc\u00e9e, adultes<\/h6>\n\n\n\n<p><\/p>\n<\/blockquote>\n\n\n\n<p class=\"has-foreground-color has-text-color has-link-color wp-elements-bace727987b5ec054d814ab2190dcaf1\" style=\"padding-right:var(--wp--preset--spacing--40);padding-left:var(--wp--preset--spacing--40)\"><br>\u00ab Christophe Ch\u00e2telain raconte un destin qui prend ses racines au d\u00e9but du si\u00e8cle dernier dans un petit village jurassien. Un destin singulier qui frotte la grande Histoire, une vie qui bascule pendant la Seconde Guerre mondiale. Un spectacle qui m\u00eale le r\u00e9cit d\u2019une vie \u00e0 la parole d\u2019un artiste qui se raconte. \u00bb<br><\/p>\n\n\n\n<p class=\"has-foreground-color has-text-color has-link-color wp-elements-ba1238313e84d32e61af7a13624464d4\"><\/p>\n\n\n\n<p class=\"has-foreground-color has-text-color has-link-color wp-elements-f836cdb4a0960ed36f8a2081a7c30ecc\" style=\"padding-right:var(--wp--preset--spacing--40);padding-left:var(--wp--preset--spacing--40)\"><br><strong>Lieux de repr\u00e9sentation&nbsp;<\/strong>: forme plateau (r\u00e9gie son et lumi\u00e8re), forme LND (lieux non-d\u00e9di\u00e9s) dont salles de classe<\/p>\n\n\n\n<p class=\"has-foreground-color has-text-color has-link-color wp-elements-aef0bfe8c1f71b82e83dd0b201fc3c68\" style=\"padding-top:var(--wp--preset--spacing--40);padding-right:var(--wp--preset--spacing--40);padding-bottom:var(--wp--preset--spacing--40);padding-left:var(--wp--preset--spacing--40)\"><strong>\u00c9quipe artiste&nbsp;au plateau<\/strong>&nbsp;: <a href=\"https:\/\/spectacles.lamaisonduconte.com\/index.php\/441-2\/\" data-type=\"page\" data-id=\"441\">Christophe Chatelain<\/a><\/p>\n\n\n\n<p class=\"has-foreground-color has-text-color has-link-color wp-elements-82c996f4047333eb22628ee0372a23ea\" style=\"padding-top:var(--wp--preset--spacing--40);padding-right:var(--wp--preset--spacing--40);padding-bottom:var(--wp--preset--spacing--40);padding-left:var(--wp--preset--spacing--40)\"><strong>Teaser<\/strong>&nbsp;: <\/p>\n\n\n\n<figure class=\"wp-block-embed is-type-video is-provider-youtube wp-block-embed-youtube wp-embed-aspect-16-9 wp-has-aspect-ratio\"><div class=\"wp-block-embed__wrapper\">\n<iframe loading=\"lazy\" title=\"Extraits de JFB - r\u00e9cit en qu\u00eate d&#039;humanit\u00e9 - Christophe Chatelain\" width=\"500\" height=\"281\" src=\"https:\/\/www.youtube.com\/embed\/G7vidwK0YbM?feature=oembed\" frameborder=\"0\" allow=\"accelerometer; autoplay; clipboard-write; encrypted-media; gyroscope; picture-in-picture; web-share\" referrerpolicy=\"strict-origin-when-cross-origin\" allowfullscreen><\/iframe>\n<\/div><\/figure>\n\n\n\n<p class=\"has-foreground-color has-text-color has-link-color wp-elements-c517dcb2c4eb2397031b76840607eae5\" style=\"padding-right:var(--wp--preset--spacing--40);padding-left:var(--wp--preset--spacing--40)\"><br><strong>Production<\/strong>&nbsp;: Pudding Th\u00e9\u00e2tre \/ Partenaires : Le Nombril du Monde, La Maison du Conte, Lyc\u00e9e Victor Consid\u00e9rant<\/p>\n\n\n\n<p class=\"has-foreground-color has-text-color has-link-color wp-elements-1109c05e329bd286cb65bacb60e664fd\" style=\"padding-top:var(--wp--preset--spacing--60);padding-right:var(--wp--preset--spacing--40);padding-bottom:var(--wp--preset--spacing--60);padding-left:var(--wp--preset--spacing--40)\"><strong>Contact :<\/strong><br>e-mail : <a href=\"mailto:puddingtheatre1@gmail.com\">puddingtheatre1@gmail.com<\/a><br>Site web : <a href=\"https:\/\/puddingtheatre.wixsite.com\/creation\" data-type=\"link\" data-id=\"https:\/\/puddingtheatre.wixsite.com\/creation\">www.puddingtheatre.fr<\/a><\/p>\n","protected":false},"excerpt":{"rendered":"<p>JFB R\u00c9CIT EN QU\u00caTE D\u2019HUMANIT\u00c9 Guerre, r\u00e9cit de vie, Histoire\u00c2ge\u00a0: 12 ans+, coll\u00e8ge, lyc\u00e9e, adultes \u00ab Christophe Ch\u00e2telain raconte un [&hellip;]<\/p>\n","protected":false},"author":1,"featured_media":230,"parent":0,"menu_order":0,"comment_status":"closed","ping_status":"closed","template":"","meta":{"footnotes":""},"class_list":["post-444","page","type-page","status-publish","has-post-thumbnail","hentry"],"_links":{"self":[{"href":"https:\/\/spectacles.lamaisonduconte.com\/index.php\/wp-json\/wp\/v2\/pages\/444","targetHints":{"allow":["GET"]}}],"collection":[{"href":"https:\/\/spectacles.lamaisonduconte.com\/index.php\/wp-json\/wp\/v2\/pages"}],"about":[{"href":"https:\/\/spectacles.lamaisonduconte.com\/index.php\/wp-json\/wp\/v2\/types\/page"}],"author":[{"embeddable":true,"href":"https:\/\/spectacles.lamaisonduconte.com\/index.php\/wp-json\/wp\/v2\/users\/1"}],"replies":[{"embeddable":true,"href":"https:\/\/spectacles.lamaisonduconte.com\/index.php\/wp-json\/wp\/v2\/comments?post=444"}],"version-history":[{"count":11,"href":"https:\/\/spectacles.lamaisonduconte.com\/index.php\/wp-json\/wp\/v2\/pages\/444\/revisions"}],"predecessor-version":[{"id":1526,"href":"https:\/\/spectacles.lamaisonduconte.com\/index.php\/wp-json\/wp\/v2\/pages\/444\/revisions\/1526"}],"wp:featuredmedia":[{"embeddable":true,"href":"https:\/\/spectacles.lamaisonduconte.com\/index.php\/wp-json\/wp\/v2\/media\/230"}],"wp:attachment":[{"href":"https:\/\/spectacles.lamaisonduconte.com\/index.php\/wp-json\/wp\/v2\/media?parent=444"}],"curies":[{"name":"wp","href":"https:\/\/api.w.org\/{rel}","templated":true}]}}