{"id":450,"date":"2024-11-25T16:47:03","date_gmt":"2024-11-25T15:47:03","guid":{"rendered":"https:\/\/spectacles.lamaisonduconte.com\/?page_id=450"},"modified":"2025-01-18T15:19:07","modified_gmt":"2025-01-18T14:19:07","slug":"sabrina-chezeau-fiche-artiste","status":"publish","type":"page","link":"https:\/\/spectacles.lamaisonduconte.com\/index.php\/sabrina-chezeau-fiche-artiste\/","title":{"rendered":"Sabrina Ch\u00e9zeau &#8211; Fiche artiste"},"content":{"rendered":"\n<p class=\"has-foreground-color has-text-color has-link-color has-extra-large-font-size wp-elements-185e9d34d5b3a63b89a7b5346b3dbd3a\" style=\"padding-right:var(--wp--preset--spacing--60);padding-left:var(--wp--preset--spacing--60)\"><strong>SABRINA CH\u00c9ZEAU<\/strong><br><\/p>\n\n\n\n<figure class=\"wp-block-image size-full is-resized is-style-rounded\" style=\"margin-top:var(--wp--preset--spacing--40);margin-right:var(--wp--preset--spacing--50);margin-bottom:var(--wp--preset--spacing--40);margin-left:var(--wp--preset--spacing--50)\"><img loading=\"lazy\" decoding=\"async\" width=\"567\" height=\"567\" src=\"http:\/\/spectacles.lamaisonduconte.com\/wp-content\/uploads\/2024\/11\/CHEZEAU-Sabrina.jpg\" alt=\"\" class=\"wp-image-69\" style=\"width:auto;height:250px\" srcset=\"https:\/\/spectacles.lamaisonduconte.com\/wp-content\/uploads\/2024\/11\/CHEZEAU-Sabrina.jpg 567w, https:\/\/spectacles.lamaisonduconte.com\/wp-content\/uploads\/2024\/11\/CHEZEAU-Sabrina-300x300.jpg 300w, https:\/\/spectacles.lamaisonduconte.com\/wp-content\/uploads\/2024\/11\/CHEZEAU-Sabrina-150x150.jpg 150w\" sizes=\"auto, (max-width: 567px) 100vw, 567px\" \/><\/figure>\n\n\n\n<p><\/p>\n\n\n\n<p class=\"has-foreground-color has-text-color has-link-color wp-elements-04fa2b4bf03ca7cfda2e26e1c527c3ae\" style=\"padding-right:var(--wp--preset--spacing--60);padding-left:var(--wp--preset--spacing--60)\"><br><strong>Lien avec La Maison du Conte :<\/strong><br>Artiste soutenue en cr\u00e9ation<\/p>\n\n\n\n<p class=\"has-foreground-color has-text-color has-link-color wp-elements-e5b7ed34022978ec8593bc22ea9f7ee3\" style=\"padding-right:var(--wp--preset--spacing--60);padding-left:var(--wp--preset--spacing--60)\"><br><strong>Situation g\u00e9ographique :<\/strong><br>Occitanie<\/p>\n\n\n\n<p><\/p>\n\n\n\n<p class=\"has-foreground-color has-text-color has-link-color wp-elements-7c26909c0c4804b9879b72ef2e8cfa34\" style=\"padding-right:var(--wp--preset--spacing--60);padding-left:var(--wp--preset--spacing--60)\"><br><strong>Compagnie :<\/strong> La Farouche Compagnie<\/p>\n\n\n\n<p><\/p>\n\n\n\n<p class=\"has-foreground-color has-text-color has-link-color wp-elements-cf014018ed3bda8de3aa14281e68ca58\" style=\"padding-right:var(--wp--preset--spacing--60);padding-left:var(--wp--preset--spacing--60)\"><br><strong>Contact : <\/strong><\/p>\n\n\n\n<p class=\"has-foreground-color has-text-color has-link-color wp-elements-262cbccbb61fae68f2df5a1cb18b6f1b\" style=\"padding-right:var(--wp--preset--spacing--60);padding-left:var(--wp--preset--spacing--60)\">e-mail : <a href=\"mailto:chezeausabrina@gmail.com\">chezeausabrina@gmail.com<\/a><\/p>\n\n\n\n<p class=\"has-foreground-color has-text-color has-link-color wp-elements-adf6ef71e78d2758190d61e737e8697b\" style=\"padding-right:var(--wp--preset--spacing--60);padding-left:var(--wp--preset--spacing--60)\">Site web : <a href=\"https:\/\/www.sabrinachezeau.com\/\">www.sabrinachezeau.com<\/a><\/p>\n\n\n\n<p><\/p>\n\n\n\n<p><\/p>\n\n\n\n<p class=\"has-foreground-color has-text-color has-link-color wp-elements-26e5fc7a46fe0ff3425cd132b63fbcaf\" style=\"padding-top:var(--wp--preset--spacing--40);padding-right:var(--wp--preset--spacing--60);padding-bottom:var(--wp--preset--spacing--40);padding-left:var(--wp--preset--spacing--60)\"><strong>Spectacles produits\/Co-produits\/Accompagn\u00e9s<\/strong><\/p>\n\n\n\n<p><\/p>\n\n\n\n<p class=\"has-foreground-color has-text-color has-link-color wp-elements-8e6588f478b5effed3400c2f2bebc8ca\" style=\"padding-right:var(--wp--preset--spacing--60);padding-left:var(--wp--preset--spacing--60)\"><\/p>\n\n\n\n<div class=\"wp-block-group is-nowrap is-layout-flex wp-container-core-group-is-layout-5b9859e8 wp-block-group-is-layout-flex\" style=\"padding-top:0;padding-right:var(--wp--preset--spacing--60);padding-bottom:0;padding-left:var(--wp--preset--spacing--60)\">\n<figure class=\"wp-block-image size-full is-resized\"><img loading=\"lazy\" decoding=\"async\" width=\"567\" height=\"700\" src=\"http:\/\/spectacles.lamaisonduconte.com\/wp-content\/uploads\/2024\/11\/SP-Chezeau-peau-1.jpg\" alt=\"\" class=\"wp-image-1555\" style=\"width:217px;height:auto\" srcset=\"https:\/\/spectacles.lamaisonduconte.com\/wp-content\/uploads\/2024\/11\/SP-Chezeau-peau-1.jpg 567w, https:\/\/spectacles.lamaisonduconte.com\/wp-content\/uploads\/2024\/11\/SP-Chezeau-peau-1-243x300.jpg 243w\" sizes=\"auto, (max-width: 567px) 100vw, 567px\" \/><\/figure>\n\n\n\n<figure class=\"wp-block-image size-full is-resized\"><a href=\"https:\/\/spectacles.lamaisonduconte.com\/index.php\/sabrina-chezeau-laudace-du-papillon\/\"><img loading=\"lazy\" decoding=\"async\" width=\"567\" height=\"700\" src=\"https:\/\/spectacles.lamaisonduconte.com\/wp-content\/uploads\/2025\/01\/SP-Chezeau-audace-papillon.jpg\" alt=\"\" class=\"wp-image-1584\" style=\"width:217px\" srcset=\"https:\/\/spectacles.lamaisonduconte.com\/wp-content\/uploads\/2025\/01\/SP-Chezeau-audace-papillon.jpg 567w, https:\/\/spectacles.lamaisonduconte.com\/wp-content\/uploads\/2025\/01\/SP-Chezeau-audace-papillon-243x300.jpg 243w\" sizes=\"auto, (max-width: 567px) 100vw, 567px\" \/><\/a><\/figure>\n<\/div>\n\n\n\n<p><\/p>\n","protected":false},"excerpt":{"rendered":"<p>SABRINA CH\u00c9ZEAU Lien avec La Maison du Conte :Artiste soutenue en cr\u00e9ation Situation g\u00e9ographique :Occitanie Compagnie : La Farouche Compagnie [&hellip;]<\/p>\n","protected":false},"author":1,"featured_media":69,"parent":0,"menu_order":0,"comment_status":"closed","ping_status":"closed","template":"","meta":{"footnotes":""},"class_list":["post-450","page","type-page","status-publish","has-post-thumbnail","hentry"],"_links":{"self":[{"href":"https:\/\/spectacles.lamaisonduconte.com\/index.php\/wp-json\/wp\/v2\/pages\/450","targetHints":{"allow":["GET"]}}],"collection":[{"href":"https:\/\/spectacles.lamaisonduconte.com\/index.php\/wp-json\/wp\/v2\/pages"}],"about":[{"href":"https:\/\/spectacles.lamaisonduconte.com\/index.php\/wp-json\/wp\/v2\/types\/page"}],"author":[{"embeddable":true,"href":"https:\/\/spectacles.lamaisonduconte.com\/index.php\/wp-json\/wp\/v2\/users\/1"}],"replies":[{"embeddable":true,"href":"https:\/\/spectacles.lamaisonduconte.com\/index.php\/wp-json\/wp\/v2\/comments?post=450"}],"version-history":[{"count":13,"href":"https:\/\/spectacles.lamaisonduconte.com\/index.php\/wp-json\/wp\/v2\/pages\/450\/revisions"}],"predecessor-version":[{"id":1588,"href":"https:\/\/spectacles.lamaisonduconte.com\/index.php\/wp-json\/wp\/v2\/pages\/450\/revisions\/1588"}],"wp:featuredmedia":[{"embeddable":true,"href":"https:\/\/spectacles.lamaisonduconte.com\/index.php\/wp-json\/wp\/v2\/media\/69"}],"wp:attachment":[{"href":"https:\/\/spectacles.lamaisonduconte.com\/index.php\/wp-json\/wp\/v2\/media?parent=450"}],"curies":[{"name":"wp","href":"https:\/\/api.w.org\/{rel}","templated":true}]}}