{"id":479,"date":"2024-11-25T17:24:30","date_gmt":"2024-11-25T16:24:30","guid":{"rendered":"https:\/\/spectacles.lamaisonduconte.com\/?page_id=479"},"modified":"2025-01-06T19:10:35","modified_gmt":"2025-01-06T18:10:35","slug":"johanna-kraviek-monde-ile","status":"publish","type":"page","link":"https:\/\/spectacles.lamaisonduconte.com\/index.php\/johanna-kraviek-monde-ile\/","title":{"rendered":"Johanna Kraviek \/ Patrick Mistral \u2013 Le monde \u00e9tait une \u00eele"},"content":{"rendered":"\n<figure class=\"wp-block-image size-full is-resized\" style=\"margin-right:var(--wp--preset--spacing--40);margin-left:var(--wp--preset--spacing--40)\"><img loading=\"lazy\" decoding=\"async\" width=\"567\" height=\"700\" src=\"http:\/\/spectacles.lamaisonduconte.com\/wp-content\/uploads\/2024\/11\/SP-Kraviek-ile-1.jpg\" alt=\"\" class=\"wp-image-1134\" style=\"width:357px\" srcset=\"https:\/\/spectacles.lamaisonduconte.com\/wp-content\/uploads\/2024\/11\/SP-Kraviek-ile-1.jpg 567w, https:\/\/spectacles.lamaisonduconte.com\/wp-content\/uploads\/2024\/11\/SP-Kraviek-ile-1-243x300.jpg 243w\" sizes=\"auto, (max-width: 567px) 100vw, 567px\" \/><\/figure>\n\n\n\n<h2 class=\"wp-block-heading has-foreground-color has-text-color has-link-color wp-elements-ad4f1e9ef97dbf80fce3819de5b8c85f\" style=\"padding-right:var(--wp--preset--spacing--40);padding-left:var(--wp--preset--spacing--40)\"><br>LE MONDE \u00c9TAIT UNE \u00ceLE<br><\/h2>\n\n\n\n<blockquote class=\"wp-block-quote has-foreground-color has-text-color has-link-color has-extra-small-font-size wp-elements-081c31596046fc7550b077d3263641d8 is-layout-flow wp-block-quote-is-layout-flow\" style=\"padding-right:0;padding-left:0\">\n<h6 class=\"wp-block-heading has-raleway-font-family has-extra-small-font-size\" style=\"padding-right:var(--wp--preset--spacing--40);padding-left:var(--wp--preset--spacing--40)\">\u00c9cologie, jeunesse, conte merveilleux, cr\u00e9ation du monde, vid\u00e9o-projection, dessin, musique, guitare<br>\u00c2ge&nbsp;: Tout-petits<\/h6>\n\n\n\n<p><\/p>\n<\/blockquote>\n\n\n\n<p class=\"has-foreground-color has-text-color has-link-color wp-elements-cfc97eaf8e5007908de0ffa5dafdabb7\" style=\"padding-right:var(--wp--preset--spacing--40);padding-left:var(--wp--preset--spacing--40)\"><br>\u00ab Un spectacle immersif multisensoriel qui revisite un mythe cosmogonique du Qu\u00e9bec, pour permettre au tr\u00e8s jeune enfant et \u00e0 l&rsquo;adulte de vivre une m\u00e9taphore po\u00e9tique autour de la cr\u00e9ation du monde. \u00bb<br><\/p>\n\n\n\n<p class=\"has-foreground-color has-text-color has-link-color wp-elements-ba1238313e84d32e61af7a13624464d4\"><\/p>\n\n\n\n<p class=\"has-foreground-color has-text-color has-link-color wp-elements-43f9c1c1bf365e69b584350dad67aafb\" style=\"padding-right:var(--wp--preset--spacing--40);padding-left:var(--wp--preset--spacing--40)\"><br><strong>Lieux de repr\u00e9sentation&nbsp;<\/strong>: forme plateau (r\u00e9gie son et lumi\u00e8re) ; forme LND (lieux non-d\u00e9di\u00e9s) (forme l\u00e9g\u00e8re pour petits lieux)<\/p>\n\n\n\n<p class=\"has-foreground-color has-text-color has-link-color wp-elements-fd52a6cb3ac9b5fc0f1f364f3deefbd8\" style=\"padding-top:var(--wp--preset--spacing--40);padding-right:var(--wp--preset--spacing--40);padding-bottom:var(--wp--preset--spacing--40);padding-left:var(--wp--preset--spacing--40)\"><strong>\u00c9quipe artiste\u00a0au plateau<\/strong>\u00a0: <a href=\"https:\/\/spectacles.lamaisonduconte.com\/index.php\/johanna-kraviek-fiche-artiste\/\" data-type=\"page\" data-id=\"476\">Johanna Kraviek<\/a> et Patrick Mistral<\/p>\n\n\n\n<p class=\"has-foreground-color has-text-color has-link-color wp-elements-82c996f4047333eb22628ee0372a23ea\" style=\"padding-top:var(--wp--preset--spacing--40);padding-right:var(--wp--preset--spacing--40);padding-bottom:var(--wp--preset--spacing--40);padding-left:var(--wp--preset--spacing--40)\"><strong>Teaser<\/strong>&nbsp;: <\/p>\n\n\n\n<figure class=\"wp-block-embed is-type-video is-provider-youtube wp-block-embed-youtube wp-embed-aspect-16-9 wp-has-aspect-ratio\"><div class=\"wp-block-embed__wrapper\">\n<iframe loading=\"lazy\" title=\"TEASER Le monde \u00e9tait une \u00eele - Cr\u00e9ation 2020\" width=\"500\" height=\"281\" src=\"https:\/\/www.youtube.com\/embed\/WQNlBpEJM9M?feature=oembed\" frameborder=\"0\" allow=\"accelerometer; autoplay; clipboard-write; encrypted-media; gyroscope; picture-in-picture; web-share\" referrerpolicy=\"strict-origin-when-cross-origin\" allowfullscreen><\/iframe>\n<\/div><\/figure>\n\n\n\n<p class=\"has-foreground-color has-text-color has-link-color wp-elements-e4ad6b8a6dabe1652b0e09312c2ab764\" style=\"padding-right:var(--wp--preset--spacing--40);padding-left:var(--wp--preset--spacing--40)\"><br><strong>Production<\/strong>\u00a0: Cie Superlevure <strong>Partenaires<\/strong> : La Maison du Conte, Le conseil d\u00e9partemental de l\u2019Is\u00e8re, Le RIZE Villeurbanne, Centre des Arts du R\u00e9cit en Is\u00e8re, EPCC TEC Travail et Culture, Territoire Bi\u00e8vre Est (La F\u00e9e Verte), Territoire Bi\u00e8vre Is\u00e8re (Festival Les Arts en Herbe), Ville de Saint-Julien-en-Genevois (Festival Couleur d\u2019Enfance), Ville de Vaulx-en-Velin (Plan\u00e9tarium), Territoire EBER (Collectif La Rocaille), La Belle \u00c9lectrique, M\u00e9diarts (Les langues de Babylab)<\/p>\n\n\n\n<p class=\"has-foreground-color has-text-color has-link-color wp-elements-4398b9641e48f98e1a1cc747430f2af7\" style=\"padding-top:var(--wp--preset--spacing--60);padding-right:var(--wp--preset--spacing--40);padding-bottom:var(--wp--preset--spacing--60);padding-left:var(--wp--preset--spacing--40)\"><strong>Contact :<\/strong><br>e-mail : <a href=\"mailto:superlevure@wanadoo.fr\">superlevure@wanadoo.fr<\/a><br>Site web : <a href=\"https:\/\/www.superlevure.fr\">www.superlevure.fr<\/a><\/p>\n","protected":false},"excerpt":{"rendered":"<p>LE MONDE \u00c9TAIT UNE \u00ceLE \u00c9cologie, jeunesse, conte merveilleux, cr\u00e9ation du monde, vid\u00e9o-projection, dessin, musique, guitare\u00c2ge&nbsp;: Tout-petits \u00ab Un spectacle [&hellip;]<\/p>\n","protected":false},"author":1,"featured_media":1134,"parent":0,"menu_order":0,"comment_status":"closed","ping_status":"closed","template":"wp-custom-template-conteurs-conteuses","meta":{"footnotes":""},"class_list":["post-479","page","type-page","status-publish","has-post-thumbnail","hentry"],"_links":{"self":[{"href":"https:\/\/spectacles.lamaisonduconte.com\/index.php\/wp-json\/wp\/v2\/pages\/479","targetHints":{"allow":["GET"]}}],"collection":[{"href":"https:\/\/spectacles.lamaisonduconte.com\/index.php\/wp-json\/wp\/v2\/pages"}],"about":[{"href":"https:\/\/spectacles.lamaisonduconte.com\/index.php\/wp-json\/wp\/v2\/types\/page"}],"author":[{"embeddable":true,"href":"https:\/\/spectacles.lamaisonduconte.com\/index.php\/wp-json\/wp\/v2\/users\/1"}],"replies":[{"embeddable":true,"href":"https:\/\/spectacles.lamaisonduconte.com\/index.php\/wp-json\/wp\/v2\/comments?post=479"}],"version-history":[{"count":8,"href":"https:\/\/spectacles.lamaisonduconte.com\/index.php\/wp-json\/wp\/v2\/pages\/479\/revisions"}],"predecessor-version":[{"id":1367,"href":"https:\/\/spectacles.lamaisonduconte.com\/index.php\/wp-json\/wp\/v2\/pages\/479\/revisions\/1367"}],"wp:featuredmedia":[{"embeddable":true,"href":"https:\/\/spectacles.lamaisonduconte.com\/index.php\/wp-json\/wp\/v2\/media\/1134"}],"wp:attachment":[{"href":"https:\/\/spectacles.lamaisonduconte.com\/index.php\/wp-json\/wp\/v2\/media?parent=479"}],"curies":[{"name":"wp","href":"https:\/\/api.w.org\/{rel}","templated":true}]}}