{"id":481,"date":"2024-11-25T17:27:15","date_gmt":"2024-11-25T16:27:15","guid":{"rendered":"https:\/\/spectacles.lamaisonduconte.com\/?page_id=481"},"modified":"2025-01-14T12:05:54","modified_gmt":"2025-01-14T11:05:54","slug":"johanna-kraviek-chant-fil-noir","status":"publish","type":"page","link":"https:\/\/spectacles.lamaisonduconte.com\/index.php\/johanna-kraviek-chant-fil-noir\/","title":{"rendered":"Johanna Kraviek \/ Patrick Mistral \/ Laurent Pascal \u2013 Les chants du fil noir"},"content":{"rendered":"\n<figure class=\"wp-block-image size-full is-resized\" style=\"margin-right:var(--wp--preset--spacing--40);margin-left:var(--wp--preset--spacing--40)\"><img loading=\"lazy\" decoding=\"async\" width=\"567\" height=\"700\" src=\"http:\/\/spectacles.lamaisonduconte.com\/wp-content\/uploads\/2024\/11\/SP-Kraviek-chants-1.jpg\" alt=\"\" class=\"wp-image-1138\" style=\"width:357px\" srcset=\"https:\/\/spectacles.lamaisonduconte.com\/wp-content\/uploads\/2024\/11\/SP-Kraviek-chants-1.jpg 567w, https:\/\/spectacles.lamaisonduconte.com\/wp-content\/uploads\/2024\/11\/SP-Kraviek-chants-1-243x300.jpg 243w\" sizes=\"auto, (max-width: 567px) 100vw, 567px\" \/><\/figure>\n\n\n\n<h2 class=\"wp-block-heading has-foreground-color has-text-color has-link-color wp-elements-9aacb4f52ad3521e02a101ea23980892\" style=\"padding-right:var(--wp--preset--spacing--40);padding-left:var(--wp--preset--spacing--40)\"><br>LES CHANTS DU FIL NOIR<br><\/h2>\n\n\n\n<blockquote class=\"wp-block-quote has-foreground-color has-text-color has-link-color has-extra-small-font-size wp-elements-5827021cc4051b20eb0e4e26100cd376 is-layout-flow wp-block-quote-is-layout-flow\" style=\"padding-right:0;padding-left:0\">\n<h6 class=\"wp-block-heading has-raleway-font-family has-extra-small-font-size\" style=\"padding-right:var(--wp--preset--spacing--40);padding-left:var(--wp--preset--spacing--40)\">Famille, secret, destin, mer, conte merveilleux, la femme squelette, violence familiale<br>\u00c2ge\u00a0: 13 ans+, coll\u00e8ge, lyc\u00e9e, adultes<\/h6>\n\n\n\n<p><\/p>\n<\/blockquote>\n\n\n\n<p class=\"has-foreground-color has-text-color has-link-color wp-elements-519aac87a7f336738ea7c135f2cb509a\" style=\"padding-right:var(--wp--preset--spacing--40);padding-left:var(--wp--preset--spacing--40)\"><br>\u00ab D&rsquo;apr\u00e8s un conte traditionnel Inuit, un spectacle d\u00e9rivant vers le fantastique, au c\u0153ur des voies de l\u2019\u00e2me humaine confront\u00e9e aux violences familiales. \u00bb<br><\/p>\n\n\n\n<p class=\"has-foreground-color has-text-color has-link-color wp-elements-ba1238313e84d32e61af7a13624464d4\"><\/p>\n\n\n\n<p class=\"has-foreground-color has-text-color has-link-color wp-elements-b050df9f42d8f15ca9f145c03141b5b5\" style=\"padding-right:var(--wp--preset--spacing--40);padding-left:var(--wp--preset--spacing--40)\"><br><strong>Lieux de repr\u00e9sentation&nbsp;<\/strong>: forme plateau (r\u00e9gie son, lumi\u00e8re et grand espace) ; forme petit plateau sans l&rsquo;illustration <\/p>\n\n\n\n<p class=\"has-foreground-color has-text-color has-link-color wp-elements-0247c754b6db98ac8b8eb7a87021583a\" style=\"padding-top:var(--wp--preset--spacing--40);padding-right:var(--wp--preset--spacing--40);padding-bottom:var(--wp--preset--spacing--40);padding-left:var(--wp--preset--spacing--40)\"><strong>\u00c9quipe artiste&nbsp;au plateau<\/strong>&nbsp;: <a href=\"https:\/\/spectacles.lamaisonduconte.com\/index.php\/johanna-kraviek-fiche-artiste\/\" data-type=\"page\" data-id=\"476\">Johanna Kraviek<\/a> (r\u00e9cit, basse, voix), Patrik Mistral (guitare, voix) et Laurent Pascal (artiste dessin)<\/p>\n\n\n\n<p class=\"has-foreground-color has-text-color has-link-color wp-elements-82c996f4047333eb22628ee0372a23ea\" style=\"padding-top:var(--wp--preset--spacing--40);padding-right:var(--wp--preset--spacing--40);padding-bottom:var(--wp--preset--spacing--40);padding-left:var(--wp--preset--spacing--40)\"><strong>Teaser<\/strong>&nbsp;: <\/p>\n\n\n\n<figure class=\"wp-block-embed is-type-video is-provider-youtube wp-block-embed-youtube wp-embed-aspect-16-9 wp-has-aspect-ratio\"><div class=\"wp-block-embed__wrapper\">\n<iframe loading=\"lazy\" title=\"Teaser France 3 Les chants du fil noir au Toboggan de D\u00e9cines\" width=\"500\" height=\"281\" src=\"https:\/\/www.youtube.com\/embed\/15S6ybFsJdc?feature=oembed\" frameborder=\"0\" allow=\"accelerometer; autoplay; clipboard-write; encrypted-media; gyroscope; picture-in-picture; web-share\" referrerpolicy=\"strict-origin-when-cross-origin\" allowfullscreen><\/iframe>\n<\/div><\/figure>\n\n\n\n<p class=\"has-foreground-color has-text-color has-link-color wp-elements-8868391693f844eee12ef7cd4735dec6\" style=\"padding-right:var(--wp--preset--spacing--40);padding-left:var(--wp--preset--spacing--40)\"><br><strong>Coproduction<\/strong>&nbsp;: EPCC TEC Travail et Culture 38, Toboggan D\u00e9cines 69, Th\u00e9\u00e2tre Jean Vilar Bourgoin Jallieu 38, La Maison du Conte Chevilly Larue 94, Le Centre des Arts du r\u00e9cit Grenoble 38<\/p>\n\n\n\n<p class=\"has-foreground-color has-text-color has-link-color wp-elements-4398b9641e48f98e1a1cc747430f2af7\" style=\"padding-top:var(--wp--preset--spacing--60);padding-right:var(--wp--preset--spacing--40);padding-bottom:var(--wp--preset--spacing--60);padding-left:var(--wp--preset--spacing--40)\"><strong>Contact :<\/strong><br>e-mail : <a href=\"mailto:superlevure@wanadoo.fr\">superlevure@wanadoo.fr<\/a><br>Site web : <a href=\"https:\/\/www.superlevure.fr\">www.superlevure.fr<\/a><\/p>\n","protected":false},"excerpt":{"rendered":"<p>LES CHANTS DU FIL NOIR Famille, secret, destin, mer, conte merveilleux, la femme squelette, violence familiale\u00c2ge\u00a0: 13 ans+, coll\u00e8ge, lyc\u00e9e, [&hellip;]<\/p>\n","protected":false},"author":1,"featured_media":1138,"parent":0,"menu_order":0,"comment_status":"closed","ping_status":"closed","template":"","meta":{"footnotes":""},"class_list":["post-481","page","type-page","status-publish","has-post-thumbnail","hentry"],"_links":{"self":[{"href":"https:\/\/spectacles.lamaisonduconte.com\/index.php\/wp-json\/wp\/v2\/pages\/481","targetHints":{"allow":["GET"]}}],"collection":[{"href":"https:\/\/spectacles.lamaisonduconte.com\/index.php\/wp-json\/wp\/v2\/pages"}],"about":[{"href":"https:\/\/spectacles.lamaisonduconte.com\/index.php\/wp-json\/wp\/v2\/types\/page"}],"author":[{"embeddable":true,"href":"https:\/\/spectacles.lamaisonduconte.com\/index.php\/wp-json\/wp\/v2\/users\/1"}],"replies":[{"embeddable":true,"href":"https:\/\/spectacles.lamaisonduconte.com\/index.php\/wp-json\/wp\/v2\/comments?post=481"}],"version-history":[{"count":10,"href":"https:\/\/spectacles.lamaisonduconte.com\/index.php\/wp-json\/wp\/v2\/pages\/481\/revisions"}],"predecessor-version":[{"id":1468,"href":"https:\/\/spectacles.lamaisonduconte.com\/index.php\/wp-json\/wp\/v2\/pages\/481\/revisions\/1468"}],"wp:featuredmedia":[{"embeddable":true,"href":"https:\/\/spectacles.lamaisonduconte.com\/index.php\/wp-json\/wp\/v2\/media\/1138"}],"wp:attachment":[{"href":"https:\/\/spectacles.lamaisonduconte.com\/index.php\/wp-json\/wp\/v2\/media?parent=481"}],"curies":[{"name":"wp","href":"https:\/\/api.w.org\/{rel}","templated":true}]}}