{"id":502,"date":"2024-11-28T10:55:55","date_gmt":"2024-11-28T09:55:55","guid":{"rendered":"https:\/\/spectacles.lamaisonduconte.com\/?page_id=502"},"modified":"2025-01-18T12:19:32","modified_gmt":"2025-01-18T11:19:32","slug":"diagne-lamine-le-livre-muet","status":"publish","type":"page","link":"https:\/\/spectacles.lamaisonduconte.com\/index.php\/diagne-lamine-le-livre-muet\/","title":{"rendered":"Lamine Diagne &#8211; Le livre muet"},"content":{"rendered":"\n<figure class=\"wp-block-image size-full is-resized\" style=\"margin-right:var(--wp--preset--spacing--40);margin-left:var(--wp--preset--spacing--40)\"><img loading=\"lazy\" decoding=\"async\" width=\"567\" height=\"700\" src=\"http:\/\/spectacles.lamaisonduconte.com\/wp-content\/uploads\/2024\/11\/SP-Diagne-livre.jpg\" alt=\"\" class=\"wp-image-220\" style=\"width:357px\" srcset=\"https:\/\/spectacles.lamaisonduconte.com\/wp-content\/uploads\/2024\/11\/SP-Diagne-livre.jpg 567w, https:\/\/spectacles.lamaisonduconte.com\/wp-content\/uploads\/2024\/11\/SP-Diagne-livre-243x300.jpg 243w\" sizes=\"auto, (max-width: 567px) 100vw, 567px\" \/><\/figure>\n\n\n\n<h2 class=\"wp-block-heading has-foreground-color has-text-color has-link-color wp-elements-bb597076279142eae91ece82b6691007\" style=\"padding-right:var(--wp--preset--spacing--40);padding-left:var(--wp--preset--spacing--40)\"><br>LE LIVRE MUET<br><\/h2>\n\n\n\n<blockquote class=\"wp-block-quote has-foreground-color has-text-color has-link-color has-extra-small-font-size wp-elements-d9d7703796af9d46d44af32e1ef87414 is-layout-flow wp-block-quote-is-layout-flow\" style=\"padding-right:0;padding-left:0\">\n<h6 class=\"wp-block-heading has-raleway-font-family has-extra-small-font-size\" style=\"padding-right:var(--wp--preset--spacing--40);padding-left:var(--wp--preset--spacing--40)\">H\u00e9ritage, alchimie, anc\u00eatres, Afrique<br>\u00c2ge&nbsp;: 14 ans+, lyc\u00e9e, adultes<\/h6>\n\n\n\n<p><\/p>\n<\/blockquote>\n\n\n\n<p class=\"has-foreground-color has-text-color has-link-color wp-elements-cebb5a9a5e6dff6dd5db47d34068596c\" style=\"padding-right:var(--wp--preset--spacing--40);padding-left:var(--wp--preset--spacing--40)\"><br>\u00ab Un seul en sc\u00e8ne qui questionne l&rsquo;alchimie des histoires qui nous constituent en m\u00ealant conte, r\u00e9cit et po\u00e9sie du corps. Lamine Diagne convoque souvenirs et anc\u00eatres, ressuscite tout un monde et livre un r\u00e9cit troublant entre autobiographie et fiction.&nbsp;\u00bb<br><\/p>\n\n\n\n<p class=\"has-foreground-color has-text-color has-link-color wp-elements-ba1238313e84d32e61af7a13624464d4\"><\/p>\n\n\n\n<p class=\"has-foreground-color has-text-color has-link-color wp-elements-b245ad21586fd04584a3d60ea37708b3\" style=\"padding-right:var(--wp--preset--spacing--40);padding-left:var(--wp--preset--spacing--40)\"><br><strong>Lieux de repr\u00e9sentation&nbsp;<\/strong>: forme plateau (r\u00e9gie son et lumi\u00e8re)<\/p>\n\n\n\n<p class=\"has-foreground-color has-text-color has-link-color wp-elements-4a53741bc0efa9effd22c5a770176608\" style=\"padding-top:var(--wp--preset--spacing--40);padding-right:var(--wp--preset--spacing--40);padding-bottom:var(--wp--preset--spacing--40);padding-left:var(--wp--preset--spacing--40)\"><strong>\u00c9quipe artiste&nbsp;au plateau<\/strong>&nbsp;: <a href=\"https:\/\/spectacles.lamaisonduconte.com\/index.php\/diagne-lamine-fiche-artiste\/\" data-type=\"page\" data-id=\"500\">Lamine Diagne<\/a><\/p>\n\n\n\n<p class=\"has-foreground-color has-text-color has-link-color wp-elements-82c996f4047333eb22628ee0372a23ea\" style=\"padding-top:var(--wp--preset--spacing--40);padding-right:var(--wp--preset--spacing--40);padding-bottom:var(--wp--preset--spacing--40);padding-left:var(--wp--preset--spacing--40)\"><strong>Teaser<\/strong>&nbsp;: <\/p>\n\n\n\n<figure class=\"wp-block-embed is-type-video is-provider-youtube wp-block-embed-youtube wp-embed-aspect-16-9 wp-has-aspect-ratio\"><div class=\"wp-block-embed__wrapper\">\n<iframe loading=\"lazy\" title=\"Teaser Le Livre Muet II\" width=\"500\" height=\"281\" src=\"https:\/\/www.youtube.com\/embed\/17CS_p2LkXc?feature=oembed\" frameborder=\"0\" allow=\"accelerometer; autoplay; clipboard-write; encrypted-media; gyroscope; picture-in-picture; web-share\" referrerpolicy=\"strict-origin-when-cross-origin\" allowfullscreen><\/iframe>\n<\/div><\/figure>\n\n\n\n<p class=\"has-foreground-color has-text-color has-link-color wp-elements-85d274a68b051afa54c0a729e69648ea\" style=\"padding-right:var(--wp--preset--spacing--40);padding-left:var(--wp--preset--spacing--40)\"><br><strong>Production<\/strong>&nbsp;: Cie de l&rsquo;\u00c9nelle \/ Coproductions&nbsp;: La Cri\u00e9e Th\u00e9\u00e2tre National de Marseille, L\u2019Entre-Pont Nice \u2013 Centre Dramatique des Villages du Haut Vaucluse, Festival des Arts du R\u00e9cit Grenoble \/ Partenaires&nbsp;: Forum des Jeunes et de la Culture, Th\u00e9\u00e2tre Marelios, Le Toboggan, Th\u00e9\u00e2tre Le Comoedia, Orizon Sud, La Maison du Conte, Le Nombril du Monde<\/p>\n\n\n\n<p class=\"has-foreground-color has-text-color has-link-color wp-elements-19bb7178bd8df569c5d4e0a3b5aa7c5b\" style=\"padding-top:var(--wp--preset--spacing--60);padding-right:var(--wp--preset--spacing--40);padding-bottom:var(--wp--preset--spacing--60);padding-left:var(--wp--preset--spacing--40)\"><strong>Contact :<\/strong><br>e-mail : <a href=\"mailto:enellediff@gmail.com\">enellediff@gmail.com<\/a><br>Site web : <a href=\"https:\/\/www.enelle.org\">www.enelle.org<\/a><\/p>\n","protected":false},"excerpt":{"rendered":"<p>LE LIVRE MUET H\u00e9ritage, alchimie, anc\u00eatres, Afrique\u00c2ge&nbsp;: 14 ans+, lyc\u00e9e, adultes \u00ab Un seul en sc\u00e8ne qui questionne l&rsquo;alchimie des [&hellip;]<\/p>\n","protected":false},"author":1,"featured_media":220,"parent":0,"menu_order":0,"comment_status":"closed","ping_status":"closed","template":"","meta":{"footnotes":""},"class_list":["post-502","page","type-page","status-publish","has-post-thumbnail","hentry"],"_links":{"self":[{"href":"https:\/\/spectacles.lamaisonduconte.com\/index.php\/wp-json\/wp\/v2\/pages\/502","targetHints":{"allow":["GET"]}}],"collection":[{"href":"https:\/\/spectacles.lamaisonduconte.com\/index.php\/wp-json\/wp\/v2\/pages"}],"about":[{"href":"https:\/\/spectacles.lamaisonduconte.com\/index.php\/wp-json\/wp\/v2\/types\/page"}],"author":[{"embeddable":true,"href":"https:\/\/spectacles.lamaisonduconte.com\/index.php\/wp-json\/wp\/v2\/users\/1"}],"replies":[{"embeddable":true,"href":"https:\/\/spectacles.lamaisonduconte.com\/index.php\/wp-json\/wp\/v2\/comments?post=502"}],"version-history":[{"count":6,"href":"https:\/\/spectacles.lamaisonduconte.com\/index.php\/wp-json\/wp\/v2\/pages\/502\/revisions"}],"predecessor-version":[{"id":1550,"href":"https:\/\/spectacles.lamaisonduconte.com\/index.php\/wp-json\/wp\/v2\/pages\/502\/revisions\/1550"}],"wp:featuredmedia":[{"embeddable":true,"href":"https:\/\/spectacles.lamaisonduconte.com\/index.php\/wp-json\/wp\/v2\/media\/220"}],"wp:attachment":[{"href":"https:\/\/spectacles.lamaisonduconte.com\/index.php\/wp-json\/wp\/v2\/media?parent=502"}],"curies":[{"name":"wp","href":"https:\/\/api.w.org\/{rel}","templated":true}]}}