{"id":505,"date":"2024-11-28T11:01:23","date_gmt":"2024-11-28T10:01:23","guid":{"rendered":"https:\/\/spectacles.lamaisonduconte.com\/?page_id=505"},"modified":"2025-01-21T15:01:25","modified_gmt":"2025-01-21T14:01:25","slug":"lamine-diagne-france","status":"publish","type":"page","link":"https:\/\/spectacles.lamaisonduconte.com\/index.php\/lamine-diagne-france\/","title":{"rendered":"Lamine Diagne \/ Raymond Dikoum\u00e9 &#8211; Fran\u00e7\u00e9"},"content":{"rendered":"\n<figure class=\"wp-block-image size-full is-resized\" style=\"margin-right:var(--wp--preset--spacing--40);margin-left:var(--wp--preset--spacing--40)\"><img loading=\"lazy\" decoding=\"async\" width=\"567\" height=\"700\" src=\"http:\/\/spectacles.lamaisonduconte.com\/wp-content\/uploads\/2024\/11\/SP-Diagne-France-1.jpg\" alt=\"\" class=\"wp-image-1150\" style=\"width:357px\" srcset=\"https:\/\/spectacles.lamaisonduconte.com\/wp-content\/uploads\/2024\/11\/SP-Diagne-France-1.jpg 567w, https:\/\/spectacles.lamaisonduconte.com\/wp-content\/uploads\/2024\/11\/SP-Diagne-France-1-243x300.jpg 243w\" sizes=\"auto, (max-width: 567px) 100vw, 567px\" \/><\/figure>\n\n\n\n<h2 class=\"wp-block-heading has-foreground-color has-text-color has-link-color wp-elements-eff4f6ebafd3d83f374d402500c15407\" style=\"padding-right:var(--wp--preset--spacing--40);padding-left:var(--wp--preset--spacing--40)\"><br>FRAN\u00c7\u00c9<br><\/h2>\n\n\n\n<blockquote class=\"wp-block-quote has-foreground-color has-text-color has-link-color has-extra-small-font-size wp-elements-7740341a23bacf461374a1fe20b525b5 is-layout-flow wp-block-quote-is-layout-flow\" style=\"padding-right:0;padding-left:0\">\n<h6 class=\"wp-block-heading has-raleway-font-family has-extra-small-font-size\" style=\"padding-right:var(--wp--preset--spacing--40);padding-left:var(--wp--preset--spacing--40)\">Identit\u00e9, colonisation, histoire, fiction, archive, famille, m\u00e9moire<br>\u00c2ge&nbsp;: 14 ans+, lyc\u00e9e, adultes<\/h6>\n\n\n\n<p><\/p>\n<\/blockquote>\n\n\n\n<p class=\"has-foreground-color has-text-color has-link-color wp-elements-64309a925f5993f41fd3d71441c491d4\" style=\"padding-right:var(--wp--preset--spacing--40);padding-left:var(--wp--preset--spacing--40)\"><br>\u00ab Un demi-si\u00e8cle apr\u00e8s la vague des ind\u00e9pendances des ann\u00e9es 1960, Lamine Diagne et Raymond Dikoum\u00e9 s&#8217;emparent de l&rsquo;histoire pour croiser leurs parcours personnels, questionner l&rsquo;intime. Une cr\u00e9ation alliant musique, image et jeu, pour d\u00e9construire, donner \u00e0 voir et vivre en direct les r\u00e9sonances des faits, afin de devenir pleinement sujet de sa propre histoire.&nbsp;\u00bb<br><\/p>\n\n\n\n<p class=\"has-foreground-color has-text-color has-link-color wp-elements-ba1238313e84d32e61af7a13624464d4\"><\/p>\n\n\n\n<p class=\"has-foreground-color has-text-color has-link-color wp-elements-8e2040713e80e25cee0b181583eb60f8\" style=\"padding-right:var(--wp--preset--spacing--40);padding-left:var(--wp--preset--spacing--40)\"><br><strong>Lieux de repr\u00e9sentation&nbsp;<\/strong>: forme plateau (r\u00e9gie son et lumi\u00e8re) <\/p>\n\n\n\n<p class=\"has-foreground-color has-text-color has-link-color wp-elements-02496591bd8e4ebc34a240eabcadcbcd\" style=\"padding-top:var(--wp--preset--spacing--40);padding-right:var(--wp--preset--spacing--40);padding-bottom:var(--wp--preset--spacing--40);padding-left:var(--wp--preset--spacing--40)\"><strong>\u00c9quipe artiste\u00a0<\/strong>\u00a0: <a href=\"https:\/\/spectacles.lamaisonduconte.com\/index.php\/diagne-lamine-fiche-artiste\/\" data-type=\"page\" data-id=\"500\">Lamine Diagne<\/a> et Raymond Dikoum\u00e9, Jessica Dalle (mise en sc\u00e8ne), \u00c9ric Massua (son, vid\u00e9o et sound design), \u00c9ric Maniengui (aide \u00e0 la dramaturgie), Matthieu Verdeil (ressources archives) et Thibault Gaigne (Lumi\u00e8re)<\/p>\n\n\n\n<p class=\"has-foreground-color has-text-color has-link-color wp-elements-5f81f115cf76a7a648257a84a3d34bf8\" style=\"padding-top:var(--wp--preset--spacing--40);padding-right:var(--wp--preset--spacing--40);padding-bottom:var(--wp--preset--spacing--40);padding-left:var(--wp--preset--spacing--40)\"><\/p>\n\n\n\n<p class=\"has-foreground-color has-text-color has-link-color wp-elements-3f3fbc2342c29623a6fc0de1be551c3e\" style=\"padding-right:var(--wp--preset--spacing--40);padding-left:var(--wp--preset--spacing--40)\"><br><strong>Production<\/strong>&nbsp;: Cie de l\u2019\u00c9nelle \/ Coproductions et partenaires acquis&nbsp;: La Maison du Conte, Centre des arts du r\u00e9cit de Grenoble, Th\u00e9\u00e2tre de Grasse, Forum Jacques Pr\u00e9vert, Th\u00e9\u00e2tre Durance, Th\u00e9\u00e2tre Fontblanche \/ Coproductions en cours&nbsp;: La Cri\u00e9e-Th\u00e9\u00e2tre National de Marseille, Le ZEF-sc\u00e8ne nationale, Le Strapontin \/ Soutiens&nbsp;: L\u2019\u00c9nelle est une compagnie conventionn\u00e9e par la Drac PACA, soutenue par la R\u00e9gion Paca, le Conseil d\u00e9partemental des Bouches-du-Rh\u00f4ne, la Ville de Marseille et la Sacem.<\/p>\n\n\n\n<p class=\"has-foreground-color has-text-color has-link-color wp-elements-19bb7178bd8df569c5d4e0a3b5aa7c5b\" style=\"padding-top:var(--wp--preset--spacing--60);padding-right:var(--wp--preset--spacing--40);padding-bottom:var(--wp--preset--spacing--60);padding-left:var(--wp--preset--spacing--40)\"><strong>Contact :<\/strong><br>e-mail : <a href=\"mailto:enellediff@gmail.com\">enellediff@gmail.com<\/a><br>Site web : <a href=\"https:\/\/www.enelle.org\">www.enelle.org<\/a><\/p>\n","protected":false},"excerpt":{"rendered":"<p>FRAN\u00c7\u00c9 Identit\u00e9, colonisation, histoire, fiction, archive, famille, m\u00e9moire\u00c2ge&nbsp;: 14 ans+, lyc\u00e9e, adultes \u00ab Un demi-si\u00e8cle apr\u00e8s la vague des ind\u00e9pendances [&hellip;]<\/p>\n","protected":false},"author":1,"featured_media":1150,"parent":0,"menu_order":0,"comment_status":"closed","ping_status":"closed","template":"","meta":{"footnotes":""},"class_list":["post-505","page","type-page","status-publish","has-post-thumbnail","hentry"],"_links":{"self":[{"href":"https:\/\/spectacles.lamaisonduconte.com\/index.php\/wp-json\/wp\/v2\/pages\/505","targetHints":{"allow":["GET"]}}],"collection":[{"href":"https:\/\/spectacles.lamaisonduconte.com\/index.php\/wp-json\/wp\/v2\/pages"}],"about":[{"href":"https:\/\/spectacles.lamaisonduconte.com\/index.php\/wp-json\/wp\/v2\/types\/page"}],"author":[{"embeddable":true,"href":"https:\/\/spectacles.lamaisonduconte.com\/index.php\/wp-json\/wp\/v2\/users\/1"}],"replies":[{"embeddable":true,"href":"https:\/\/spectacles.lamaisonduconte.com\/index.php\/wp-json\/wp\/v2\/comments?post=505"}],"version-history":[{"count":10,"href":"https:\/\/spectacles.lamaisonduconte.com\/index.php\/wp-json\/wp\/v2\/pages\/505\/revisions"}],"predecessor-version":[{"id":1598,"href":"https:\/\/spectacles.lamaisonduconte.com\/index.php\/wp-json\/wp\/v2\/pages\/505\/revisions\/1598"}],"wp:featuredmedia":[{"embeddable":true,"href":"https:\/\/spectacles.lamaisonduconte.com\/index.php\/wp-json\/wp\/v2\/media\/1150"}],"wp:attachment":[{"href":"https:\/\/spectacles.lamaisonduconte.com\/index.php\/wp-json\/wp\/v2\/media?parent=505"}],"curies":[{"name":"wp","href":"https:\/\/api.w.org\/{rel}","templated":true}]}}