{"id":541,"date":"2024-11-28T12:43:56","date_gmt":"2024-11-28T11:43:56","guid":{"rendered":"https:\/\/spectacles.lamaisonduconte.com\/?page_id=541"},"modified":"2024-12-17T17:03:27","modified_gmt":"2024-12-17T16:03:27","slug":"delphine-garczynska-poulettes","status":"publish","type":"page","link":"https:\/\/spectacles.lamaisonduconte.com\/index.php\/delphine-garczynska-poulettes\/","title":{"rendered":"Delphine Garczynska &#8211; Poulettes"},"content":{"rendered":"\n<figure class=\"wp-block-image size-full is-resized\" style=\"margin-right:var(--wp--preset--spacing--40);margin-left:var(--wp--preset--spacing--40)\"><img loading=\"lazy\" decoding=\"async\" width=\"567\" height=\"700\" src=\"http:\/\/spectacles.lamaisonduconte.com\/wp-content\/uploads\/2024\/11\/SP-Garczynska-poulettes.jpg\" alt=\"\" class=\"wp-image-225\" style=\"width:357px\" srcset=\"https:\/\/spectacles.lamaisonduconte.com\/wp-content\/uploads\/2024\/11\/SP-Garczynska-poulettes.jpg 567w, https:\/\/spectacles.lamaisonduconte.com\/wp-content\/uploads\/2024\/11\/SP-Garczynska-poulettes-243x300.jpg 243w\" sizes=\"auto, (max-width: 567px) 100vw, 567px\" \/><\/figure>\n\n\n\n<h2 class=\"wp-block-heading has-foreground-color has-text-color has-link-color wp-elements-0f333c4836bfff2912fe325c5a5a8fcb\" style=\"padding-right:var(--wp--preset--spacing--40);padding-left:var(--wp--preset--spacing--40)\"><br>POULETTES<br><\/h2>\n\n\n\n<blockquote class=\"wp-block-quote has-foreground-color has-text-color has-link-color has-extra-small-font-size wp-elements-d95355b48f399cf01e68c5cca757c758 is-layout-flow wp-block-quote-is-layout-flow\" style=\"padding-right:0;padding-left:0\">\n<h6 class=\"wp-block-heading has-raleway-font-family has-extra-small-font-size\" style=\"padding-right:var(--wp--preset--spacing--40);padding-left:var(--wp--preset--spacing--40)\">Tout-petits, folklore enfantin, chant, jeux de doigts, poule<br>\u00c2ge\u00a0: 0-3 ans, tout-petits<\/h6>\n\n\n\n<p><\/p>\n<\/blockquote>\n\n\n\n<p class=\"has-foreground-color has-text-color has-link-color wp-elements-4f25e6e80b9168e5ecd382c803b51a83\" style=\"padding-right:var(--wp--preset--spacing--40);padding-left:var(--wp--preset--spacing--40)\"><br>\u00ab C\u2019est le matin !&nbsp;Petit Tom s\u2019\u00e9veille, il avale son bol de lait et croque dans sa tartine de beurre fondu, brillante comme un soleil, puis il s\u2019en va chercher un \u0153uf au poulailler\u2026 Mais \u00e7a remue dans une coquille\u2026 Tricot\u00e9 par la conteuse \u00e0 partir de comptines, de chansons et de jeux de doigts, un r\u00e9cit qui s\u2019adresse aux tout-petits et leur entourage.&nbsp;\u00bb<br><\/p>\n\n\n\n<p class=\"has-foreground-color has-text-color has-link-color wp-elements-ba1238313e84d32e61af7a13624464d4\"><\/p>\n\n\n\n<p class=\"has-foreground-color has-text-color has-link-color wp-elements-e58a69e9bf6aa42890c3e70573238202\" style=\"padding-right:var(--wp--preset--spacing--40);padding-left:var(--wp--preset--spacing--40)\"><br><strong>Lieux de repr\u00e9sentation\u00a0<\/strong>: forme LND (lieux non-d\u00e9di\u00e9s : m\u00e9diath\u00e8ques, cr\u00e8ches\u2026)<\/p>\n\n\n\n<p class=\"has-foreground-color has-text-color has-link-color wp-elements-9aa488d02445cf367aecee3b6a53071b\" style=\"padding-top:var(--wp--preset--spacing--40);padding-right:var(--wp--preset--spacing--40);padding-bottom:var(--wp--preset--spacing--40);padding-left:var(--wp--preset--spacing--40)\"><strong>\u00c9quipe artiste&nbsp;au plateau<\/strong>&nbsp;: <a href=\"https:\/\/spectacles.lamaisonduconte.com\/index.php\/delphine-garczynska-fiche-artiste\/\" data-type=\"page\" data-id=\"537\">Delphine Garczynska<\/a><\/p>\n\n\n\n<p class=\"has-foreground-color has-text-color has-link-color wp-elements-5f81f115cf76a7a648257a84a3d34bf8\" style=\"padding-top:var(--wp--preset--spacing--40);padding-right:var(--wp--preset--spacing--40);padding-bottom:var(--wp--preset--spacing--40);padding-left:var(--wp--preset--spacing--40)\"><\/p>\n\n\n\n<p class=\"has-foreground-color has-text-color has-link-color wp-elements-c8e3d84cde9812bb1a1fc17f3fa1138c\" style=\"padding-right:var(--wp--preset--spacing--40);padding-left:var(--wp--preset--spacing--40)\"><br><strong>Production<\/strong>&nbsp;: Cie Entre les jours \/ Coproductions&nbsp;: Communaut\u00e9 d\u2019Agglom\u00e9ration Mont-Saint-Michel Normandie \/ Soutiens&nbsp;: La Maison du Conte<\/p>\n\n\n\n<p class=\"has-foreground-color has-text-color has-link-color wp-elements-9b6c1bf2aafde9fd6da70e0858bb82fc\" style=\"padding-top:var(--wp--preset--spacing--60);padding-right:var(--wp--preset--spacing--40);padding-bottom:var(--wp--preset--spacing--60);padding-left:var(--wp--preset--spacing--40)\"><strong>Contact :<\/strong><br>e-mail : <a href=\"mailto:delphine.garczynska@gmail.com\">delphine.garczynska@gmail.com<\/a><br>Site web : <a href=\"https:\/\/www.delphinegarczynska.com\">www.delphinegarczynska.com<\/a><\/p>\n","protected":false},"excerpt":{"rendered":"<p>POULETTES Tout-petits, folklore enfantin, chant, jeux de doigts, poule\u00c2ge\u00a0: 0-3 ans, tout-petits \u00ab C\u2019est le matin !&nbsp;Petit Tom s\u2019\u00e9veille, il [&hellip;]<\/p>\n","protected":false},"author":1,"featured_media":225,"parent":0,"menu_order":0,"comment_status":"closed","ping_status":"closed","template":"","meta":{"footnotes":""},"class_list":["post-541","page","type-page","status-publish","has-post-thumbnail","hentry"],"_links":{"self":[{"href":"https:\/\/spectacles.lamaisonduconte.com\/index.php\/wp-json\/wp\/v2\/pages\/541","targetHints":{"allow":["GET"]}}],"collection":[{"href":"https:\/\/spectacles.lamaisonduconte.com\/index.php\/wp-json\/wp\/v2\/pages"}],"about":[{"href":"https:\/\/spectacles.lamaisonduconte.com\/index.php\/wp-json\/wp\/v2\/types\/page"}],"author":[{"embeddable":true,"href":"https:\/\/spectacles.lamaisonduconte.com\/index.php\/wp-json\/wp\/v2\/users\/1"}],"replies":[{"embeddable":true,"href":"https:\/\/spectacles.lamaisonduconte.com\/index.php\/wp-json\/wp\/v2\/comments?post=541"}],"version-history":[{"count":3,"href":"https:\/\/spectacles.lamaisonduconte.com\/index.php\/wp-json\/wp\/v2\/pages\/541\/revisions"}],"predecessor-version":[{"id":954,"href":"https:\/\/spectacles.lamaisonduconte.com\/index.php\/wp-json\/wp\/v2\/pages\/541\/revisions\/954"}],"wp:featuredmedia":[{"embeddable":true,"href":"https:\/\/spectacles.lamaisonduconte.com\/index.php\/wp-json\/wp\/v2\/media\/225"}],"wp:attachment":[{"href":"https:\/\/spectacles.lamaisonduconte.com\/index.php\/wp-json\/wp\/v2\/media?parent=541"}],"curies":[{"name":"wp","href":"https:\/\/api.w.org\/{rel}","templated":true}]}}