{"id":549,"date":"2024-11-28T12:53:45","date_gmt":"2024-11-28T11:53:45","guid":{"rendered":"https:\/\/spectacles.lamaisonduconte.com\/?page_id=549"},"modified":"2025-01-22T10:59:26","modified_gmt":"2025-01-22T09:59:26","slug":"barbara-glet-fiche-artiste","status":"publish","type":"page","link":"https:\/\/spectacles.lamaisonduconte.com\/index.php\/barbara-glet-fiche-artiste\/","title":{"rendered":"Barbara Glet &#8211; Fiche artiste"},"content":{"rendered":"\n<p class=\"has-foreground-color has-text-color has-link-color has-extra-large-font-size wp-elements-e5e7ea6f3e2988e56e2669ad031b75a2\" style=\"padding-right:var(--wp--preset--spacing--60);padding-left:var(--wp--preset--spacing--60)\"><strong>BARBARA GLET<\/strong><br><\/p>\n\n\n\n<figure class=\"wp-block-image size-full is-resized is-style-rounded\" style=\"margin-top:var(--wp--preset--spacing--40);margin-right:var(--wp--preset--spacing--50);margin-bottom:var(--wp--preset--spacing--40);margin-left:var(--wp--preset--spacing--50)\"><img loading=\"lazy\" decoding=\"async\" width=\"567\" height=\"567\" src=\"http:\/\/spectacles.lamaisonduconte.com\/wp-content\/uploads\/2024\/11\/GLET-Barbara.jpg\" alt=\"\" class=\"wp-image-74\" style=\"width:auto;height:250px\" srcset=\"https:\/\/spectacles.lamaisonduconte.com\/wp-content\/uploads\/2024\/11\/GLET-Barbara.jpg 567w, https:\/\/spectacles.lamaisonduconte.com\/wp-content\/uploads\/2024\/11\/GLET-Barbara-300x300.jpg 300w, https:\/\/spectacles.lamaisonduconte.com\/wp-content\/uploads\/2024\/11\/GLET-Barbara-150x150.jpg 150w\" sizes=\"auto, (max-width: 567px) 100vw, 567px\" \/><\/figure>\n\n\n\n<p><\/p>\n\n\n\n<p class=\"has-foreground-color has-text-color has-link-color wp-elements-04fa2b4bf03ca7cfda2e26e1c527c3ae\" style=\"padding-right:var(--wp--preset--spacing--60);padding-left:var(--wp--preset--spacing--60)\"><br><strong>Lien avec La Maison du Conte :<\/strong><br>Artiste soutenue en cr\u00e9ation<\/p>\n\n\n\n<p class=\"has-foreground-color has-text-color has-link-color wp-elements-8e6588f478b5effed3400c2f2bebc8ca\" style=\"padding-right:var(--wp--preset--spacing--60);padding-left:var(--wp--preset--spacing--60)\"><\/p>\n\n\n\n<p class=\"has-foreground-color has-text-color has-link-color wp-elements-626ba613cee883b08276c643beb3b830\" style=\"padding-right:var(--wp--preset--spacing--60);padding-left:var(--wp--preset--spacing--60)\"><br><strong>Situation g\u00e9ographique :<\/strong><br>\u00cele-de-France<\/p>\n\n\n\n<p><\/p>\n\n\n\n<p class=\"has-foreground-color has-text-color has-link-color wp-elements-0c6e16675614b77fb6756f1bb2a046c3\" style=\"padding-right:var(--wp--preset--spacing--60);padding-left:var(--wp--preset--spacing--60)\"><br><strong>Compagnie :<\/strong> Les Productions Anecdotiques<\/p>\n\n\n\n<p><\/p>\n\n\n\n<p class=\"has-foreground-color has-text-color has-link-color wp-elements-cf014018ed3bda8de3aa14281e68ca58\" style=\"padding-right:var(--wp--preset--spacing--60);padding-left:var(--wp--preset--spacing--60)\"><br><strong>Contact : <\/strong><\/p>\n\n\n\n<p class=\"has-foreground-color has-text-color has-link-color wp-elements-d14d3031921e5defb50647f083efa5a9\" style=\"padding-right:var(--wp--preset--spacing--60);padding-left:var(--wp--preset--spacing--60)\">e-mail : <a href=\"mailto:barbara.glet@gmail.com\">barbara.glet@gmail.com<\/a><\/p>\n\n\n\n<p class=\"has-foreground-color has-text-color has-link-color wp-elements-516b04d55826d17542445702e3e8ae3d\" style=\"padding-right:var(--wp--preset--spacing--60);padding-left:var(--wp--preset--spacing--60)\">Site web : <a href=\"http:\/\/www.barbaraglet.com\">www.barbaraglet.com<\/a><\/p>\n\n\n\n<p><\/p>\n\n\n\n<p class=\"has-foreground-color has-text-color has-link-color wp-elements-26e5fc7a46fe0ff3425cd132b63fbcaf\" style=\"padding-top:var(--wp--preset--spacing--40);padding-right:var(--wp--preset--spacing--60);padding-bottom:var(--wp--preset--spacing--40);padding-left:var(--wp--preset--spacing--60)\"><strong>Spectacles produits\/Co-produits\/Accompagn\u00e9s<\/strong><\/p>\n\n\n\n<p><\/p>\n\n\n\n<p class=\"has-foreground-color has-text-color has-link-color wp-elements-8e6588f478b5effed3400c2f2bebc8ca\" style=\"padding-right:var(--wp--preset--spacing--60);padding-left:var(--wp--preset--spacing--60)\"><\/p>\n\n\n\n<div class=\"wp-block-group is-nowrap is-layout-flex wp-container-core-group-is-layout-5b9859e8 wp-block-group-is-layout-flex\" style=\"padding-top:0;padding-right:var(--wp--preset--spacing--60);padding-bottom:0;padding-left:var(--wp--preset--spacing--60)\">\n<figure class=\"wp-block-image size-full is-resized\"><a href=\"https:\/\/spectacles.lamaisonduconte.com\/index.php\/barbara-glet-tempi-temtoa\/\"><img loading=\"lazy\" decoding=\"async\" width=\"567\" height=\"700\" src=\"http:\/\/spectacles.lamaisonduconte.com\/wp-content\/uploads\/2024\/11\/SP-Glet-Tempi.jpg\" alt=\"\" class=\"wp-image-1539\" style=\"width:217px;height:auto\" srcset=\"https:\/\/spectacles.lamaisonduconte.com\/wp-content\/uploads\/2024\/11\/SP-Glet-Tempi.jpg 567w, https:\/\/spectacles.lamaisonduconte.com\/wp-content\/uploads\/2024\/11\/SP-Glet-Tempi-243x300.jpg 243w\" sizes=\"auto, (max-width: 567px) 100vw, 567px\" \/><\/a><\/figure>\n<\/div>\n\n\n\n<p class=\"has-foreground-color has-text-color has-link-color wp-elements-97f39c86350719e9a91ad5d33436aad7\" style=\"padding-right:var(--wp--preset--spacing--60);padding-left:var(--wp--preset--spacing--60)\"><br><br><\/p>\n","protected":false},"excerpt":{"rendered":"<p>BARBARA GLET Lien avec La Maison du Conte :Artiste soutenue en cr\u00e9ation Situation g\u00e9ographique :\u00cele-de-France Compagnie : Les Productions Anecdotiques [&hellip;]<\/p>\n","protected":false},"author":1,"featured_media":74,"parent":0,"menu_order":0,"comment_status":"closed","ping_status":"closed","template":"","meta":{"footnotes":""},"class_list":["post-549","page","type-page","status-publish","has-post-thumbnail","hentry"],"_links":{"self":[{"href":"https:\/\/spectacles.lamaisonduconte.com\/index.php\/wp-json\/wp\/v2\/pages\/549","targetHints":{"allow":["GET"]}}],"collection":[{"href":"https:\/\/spectacles.lamaisonduconte.com\/index.php\/wp-json\/wp\/v2\/pages"}],"about":[{"href":"https:\/\/spectacles.lamaisonduconte.com\/index.php\/wp-json\/wp\/v2\/types\/page"}],"author":[{"embeddable":true,"href":"https:\/\/spectacles.lamaisonduconte.com\/index.php\/wp-json\/wp\/v2\/users\/1"}],"replies":[{"embeddable":true,"href":"https:\/\/spectacles.lamaisonduconte.com\/index.php\/wp-json\/wp\/v2\/comments?post=549"}],"version-history":[{"count":8,"href":"https:\/\/spectacles.lamaisonduconte.com\/index.php\/wp-json\/wp\/v2\/pages\/549\/revisions"}],"predecessor-version":[{"id":1643,"href":"https:\/\/spectacles.lamaisonduconte.com\/index.php\/wp-json\/wp\/v2\/pages\/549\/revisions\/1643"}],"wp:featuredmedia":[{"embeddable":true,"href":"https:\/\/spectacles.lamaisonduconte.com\/index.php\/wp-json\/wp\/v2\/media\/74"}],"wp:attachment":[{"href":"https:\/\/spectacles.lamaisonduconte.com\/index.php\/wp-json\/wp\/v2\/media?parent=549"}],"curies":[{"name":"wp","href":"https:\/\/api.w.org\/{rel}","templated":true}]}}