{"id":551,"date":"2024-11-28T12:57:28","date_gmt":"2024-11-28T11:57:28","guid":{"rendered":"https:\/\/spectacles.lamaisonduconte.com\/?page_id=551"},"modified":"2025-01-23T09:44:07","modified_gmt":"2025-01-23T08:44:07","slug":"barbara-glet-tempi-temtoa","status":"publish","type":"page","link":"https:\/\/spectacles.lamaisonduconte.com\/index.php\/barbara-glet-tempi-temtoa\/","title":{"rendered":"Barbara Glet -Tempi temtoa"},"content":{"rendered":"\n<figure class=\"wp-block-image size-full is-resized\" style=\"margin-right:var(--wp--preset--spacing--40);margin-left:var(--wp--preset--spacing--40)\"><img loading=\"lazy\" decoding=\"async\" width=\"567\" height=\"700\" src=\"http:\/\/spectacles.lamaisonduconte.com\/wp-content\/uploads\/2024\/11\/SP-Glet-Tempi.jpg\" alt=\"\" class=\"wp-image-1539\" style=\"width:357px\" srcset=\"https:\/\/spectacles.lamaisonduconte.com\/wp-content\/uploads\/2024\/11\/SP-Glet-Tempi.jpg 567w, https:\/\/spectacles.lamaisonduconte.com\/wp-content\/uploads\/2024\/11\/SP-Glet-Tempi-243x300.jpg 243w\" sizes=\"auto, (max-width: 567px) 100vw, 567px\" \/><\/figure>\n\n\n\n<h2 class=\"wp-block-heading has-foreground-color has-text-color has-link-color wp-elements-908cb100c841e7b92cdb1539cdbf8eef\" style=\"padding-right:var(--wp--preset--spacing--40);padding-left:var(--wp--preset--spacing--40)\"><br>T\u00c8MPI T\u00c8MTOA<br><\/h2>\n\n\n\n<blockquote class=\"wp-block-quote has-foreground-color has-text-color has-link-color has-extra-small-font-size wp-elements-2e33072360130418e08cfebf599ca350 is-layout-flow wp-block-quote-is-layout-flow\" style=\"padding-right:0;padding-left:0\">\n<h6 class=\"wp-block-heading has-raleway-font-family has-extra-small-font-size\" style=\"padding-right:var(--wp--preset--spacing--40);padding-left:var(--wp--preset--spacing--40)\">Tout-petits, musique, famille, amour, illustration, mouvement<br>\u00c2ge&nbsp;: 6 mois-5 ans, maternelle, adultes<\/h6>\n\n\n\n<p><\/p>\n<\/blockquote>\n\n\n\n<p class=\"has-foreground-color has-text-color has-link-color wp-elements-bca7b83f6030379502d96add9c7a76a2\" style=\"padding-right:var(--wp--preset--spacing--40);padding-left:var(--wp--preset--spacing--40)\"><br>\u00ab T\u00e8mpi, c\u2019est le tempo au pluriel. T\u00e8mtoa c\u2019est la mise en son d\u2019une d\u00e9claration d\u2019amour : je t\u2019aime toi ! T\u00e8mpi t\u00e8mtoa ce sont les rythmes, les pulsations de nos \u00e9lans d\u2019amour. Ce spectacle se veut une \u00f4de \u00e0 la tendresse et \u00e0 la complicit\u00e9 qui se construit, s\u2019invente au sein de chaque famille entre le tout-petit et celleux qui l\u2019entourent.&nbsp;\u00bb<br><\/p>\n\n\n\n<p class=\"has-foreground-color has-text-color has-link-color wp-elements-acccf7fc6686fa10ff334950fc5559df\"><br><strong>Lieux de repr\u00e9sentation\u00a0<\/strong>: forme plateau (r\u00e9gie son et lumi\u00e8re &#8211; formule l\u00e9g\u00e8re disponible) et forme lieux non-d\u00e9di\u00e9s<\/p>\n\n\n\n<p class=\"has-foreground-color has-text-color has-link-color wp-elements-12f02e06dca7fa7fa4bb22351cc16e64\" style=\"padding-top:var(--wp--preset--spacing--40);padding-right:var(--wp--preset--spacing--40);padding-bottom:var(--wp--preset--spacing--40);padding-left:var(--wp--preset--spacing--40)\"><strong>\u00c9quipe artiste&nbsp;au plateau<\/strong>&nbsp;: <a href=\"https:\/\/spectacles.lamaisonduconte.com\/index.php\/barbara-glet-fiche-artiste\/\" data-type=\"page\" data-id=\"549\">Barbara Glet<\/a> (r\u00e9cit, chant) et Louis Galliot (contrebasse, r\u00e9cit, chant)<\/p>\n\n\n\n<p class=\"has-foreground-color has-text-color has-link-color wp-elements-1accc4144e3519c51027f784cc7e24e3\" style=\"padding-top:var(--wp--preset--spacing--40);padding-right:var(--wp--preset--spacing--40);padding-bottom:var(--wp--preset--spacing--40);padding-left:var(--wp--preset--spacing--40)\"><strong>Teaser<\/strong>&nbsp;:<\/p>\n\n\n\n<figure class=\"wp-block-embed is-type-video is-provider-vimeo wp-block-embed-vimeo wp-embed-aspect-16-9 wp-has-aspect-ratio\"><div class=\"wp-block-embed__wrapper\">\n<iframe loading=\"lazy\" title=\"T\u00e8mpi T\u00e8mtoa - Teaser\" src=\"https:\/\/player.vimeo.com\/video\/863528967?dnt=1&amp;app_id=122963\" width=\"500\" height=\"281\" frameborder=\"0\" allow=\"autoplay; fullscreen; picture-in-picture; clipboard-write; encrypted-media\"><\/iframe>\n<\/div><\/figure>\n\n\n\n<p class=\"has-foreground-color has-text-color has-link-color wp-elements-e7532dbded4b746f213ef2c082193767\" style=\"padding-right:var(--wp--preset--spacing--40);padding-left:var(--wp--preset--spacing--40)\"><br><strong>Production<\/strong>\u00a0: Productions Anecdotiques, action financ\u00e9e par la R\u00e9gion \u00cele-de-France \/ Coproductions : Th\u00e9\u00e2tre des Sources, Saison Jeune Public de Gennevilliers, La Maison du b\u00e9b\u00e9, Cr\u00e9ation soutenue par la compagnie ACTA dans le cadre du dispositif P\u00e9pite \u2013 P\u00f4le d\u2019accompagnement \u00e0 la cr\u00e9ation jeune public, La Graineterie \u2013 Houilles, Centre des Arts du R\u00e9cit, Cr\u00e9ation soutenue par Totem &#8211; Sc\u00e8ne conventionn\u00e9e d&rsquo;int\u00e9r\u00eat national art, enfance, jeunesse, Cr\u00e9ation soutenue par Avignon Festival, Compagnies et la SACEM dans le cadre du dispositif de r\u00e9sidence musicale jeune public. <em>Cr\u00e9ation soutenue par la SACEM dans le cadre de l\u2019aide \u00e0 la cr\u00e9ation\/production du spectacle musical jeune public, cr\u00e9ation soutenue par le CNM au titre de l\u2019aide \u00e0 la cr\u00e9ation\/production\/diffusion, cr\u00e9ation soutenue par la SPEDIDAM au titre de l\u2019aide \u00e0 la diffusion.<\/em><\/p>\n\n\n\n<p><\/p>\n\n\n\n<p class=\"has-foreground-color has-text-color has-link-color wp-elements-9fa8bc34ddbaaba6d7e660b540e3ee56\" style=\"padding-top:var(--wp--preset--spacing--60);padding-right:var(--wp--preset--spacing--40);padding-bottom:var(--wp--preset--spacing--60);padding-left:var(--wp--preset--spacing--40)\"><strong>Contact :<\/strong><br>e-mail : <a href=\"mailto:delphine.garczynska@gmail.com\">barbara.glet@gmail.com<\/a><br>Site web : <a href=\"https:\/\/www.delphinegarczynska.com\"><a href=\"http:\/\/www.productionsanecdotiques.fr\">www.productionsanecdotiques.fr<\/a><\/a><\/p>\n","protected":false},"excerpt":{"rendered":"<p>T\u00c8MPI T\u00c8MTOA Tout-petits, musique, famille, amour, illustration, mouvement\u00c2ge&nbsp;: 6 mois-5 ans, maternelle, adultes \u00ab T\u00e8mpi, c\u2019est le tempo au pluriel. [&hellip;]<\/p>\n","protected":false},"author":1,"featured_media":1539,"parent":0,"menu_order":0,"comment_status":"closed","ping_status":"closed","template":"","meta":{"footnotes":""},"class_list":["post-551","page","type-page","status-publish","has-post-thumbnail","hentry"],"_links":{"self":[{"href":"https:\/\/spectacles.lamaisonduconte.com\/index.php\/wp-json\/wp\/v2\/pages\/551","targetHints":{"allow":["GET"]}}],"collection":[{"href":"https:\/\/spectacles.lamaisonduconte.com\/index.php\/wp-json\/wp\/v2\/pages"}],"about":[{"href":"https:\/\/spectacles.lamaisonduconte.com\/index.php\/wp-json\/wp\/v2\/types\/page"}],"author":[{"embeddable":true,"href":"https:\/\/spectacles.lamaisonduconte.com\/index.php\/wp-json\/wp\/v2\/users\/1"}],"replies":[{"embeddable":true,"href":"https:\/\/spectacles.lamaisonduconte.com\/index.php\/wp-json\/wp\/v2\/comments?post=551"}],"version-history":[{"count":11,"href":"https:\/\/spectacles.lamaisonduconte.com\/index.php\/wp-json\/wp\/v2\/pages\/551\/revisions"}],"predecessor-version":[{"id":1651,"href":"https:\/\/spectacles.lamaisonduconte.com\/index.php\/wp-json\/wp\/v2\/pages\/551\/revisions\/1651"}],"wp:featuredmedia":[{"embeddable":true,"href":"https:\/\/spectacles.lamaisonduconte.com\/index.php\/wp-json\/wp\/v2\/media\/1539"}],"wp:attachment":[{"href":"https:\/\/spectacles.lamaisonduconte.com\/index.php\/wp-json\/wp\/v2\/media?parent=551"}],"curies":[{"name":"wp","href":"https:\/\/api.w.org\/{rel}","templated":true}]}}