{"id":558,"date":"2024-11-28T16:03:56","date_gmt":"2024-11-28T15:03:56","guid":{"rendered":"https:\/\/spectacles.lamaisonduconte.com\/?page_id=558"},"modified":"2025-01-14T12:09:32","modified_gmt":"2025-01-14T11:09:32","slug":"clara-guenoun-requin-chagrin","status":"publish","type":"page","link":"https:\/\/spectacles.lamaisonduconte.com\/index.php\/clara-guenoun-requin-chagrin\/","title":{"rendered":"Clara Guenoun &#8211; Requin chagrin"},"content":{"rendered":"\n<figure class=\"wp-block-image size-full is-resized\" style=\"margin-right:var(--wp--preset--spacing--40);margin-left:var(--wp--preset--spacing--40)\"><img loading=\"lazy\" decoding=\"async\" width=\"567\" height=\"700\" src=\"http:\/\/spectacles.lamaisonduconte.com\/wp-content\/uploads\/2024\/11\/SP-Guenoun-requin.jpg\" alt=\"\" class=\"wp-image-226\" style=\"width:357px\" srcset=\"https:\/\/spectacles.lamaisonduconte.com\/wp-content\/uploads\/2024\/11\/SP-Guenoun-requin.jpg 567w, https:\/\/spectacles.lamaisonduconte.com\/wp-content\/uploads\/2024\/11\/SP-Guenoun-requin-243x300.jpg 243w\" sizes=\"auto, (max-width: 567px) 100vw, 567px\" \/><\/figure>\n\n\n\n<h2 class=\"wp-block-heading has-foreground-color has-text-color has-link-color wp-elements-3757f313b648ea6dc2dd1f90783685b5\" style=\"padding-right:var(--wp--preset--spacing--40);padding-left:var(--wp--preset--spacing--40)\"><br>REQUIN-CHAGRIN<br><\/h2>\n\n\n\n<blockquote class=\"wp-block-quote has-foreground-color has-text-color has-link-color has-extra-small-font-size wp-elements-6df11eae3cfc172587f37a6b182c00cb is-layout-flow wp-block-quote-is-layout-flow\" style=\"padding-right:0;padding-left:0\">\n<h6 class=\"wp-block-heading has-raleway-font-family has-extra-small-font-size\" style=\"padding-right:var(--wp--preset--spacing--40);padding-left:var(--wp--preset--spacing--40)\">Adolescence, \u00e9mancipation, \u00e9ducation, enseignant\u00b7es, road-trip<br>\u00c2ge\u00a0: 11 ans+, coll\u00e8ge, lyc\u00e9e, adultes<\/h6>\n\n\n\n<p><\/p>\n<\/blockquote>\n\n\n\n<p class=\"has-foreground-color has-text-color has-link-color wp-elements-0315dfbb2b9cb29a96a67d74d865e519\" style=\"padding-right:var(--wp--preset--spacing--40);padding-left:var(--wp--preset--spacing--40)\"><br>\u00ab C&rsquo;est une prof de fran\u00e7ais qui veut ouvrir de nouveaux horizons \u00e0 ses jeunes \u00e9l\u00e8ves et d\u00e9cide de monter un projet, bulle d&rsquo;oxyg\u00e8ne, pour les extraire quelques jours de leur quotidien. Ils vont partir tous ensemble \u00e0 Marseille voir la mer !&nbsp;Marcher dans la ville, sentir le sable, se laisser bercer par les vagues et se d\u00e9faire de sa peau de requin.&nbsp;\u00bb<br><\/p>\n\n\n\n<p class=\"has-foreground-color has-text-color has-link-color wp-elements-ba1238313e84d32e61af7a13624464d4\"><\/p>\n\n\n\n<p class=\"has-foreground-color has-text-color has-link-color wp-elements-3d5f2120cb9498949fe912ce505f64b4\" style=\"padding-right:var(--wp--preset--spacing--40);padding-left:var(--wp--preset--spacing--40)\"><br><strong>Lieux de repr\u00e9sentation&nbsp;<\/strong>: forme plateau avec mat\u00e9riel sc\u00e9nique restreint (1 chaise, 1 bureau de coll\u00e9gien\u00b7ne, une r\u00e9gie son&nbsp;; r\u00e9gie son et lumi\u00e8re possible) ; forme LND (lieux non d\u00e9di\u00e9s dont salle de classe)<\/p>\n\n\n\n<p class=\"has-foreground-color has-text-color has-link-color wp-elements-e304c88f46ddc669f61fe317c65c57be\" style=\"padding-top:var(--wp--preset--spacing--40);padding-right:var(--wp--preset--spacing--40);padding-bottom:var(--wp--preset--spacing--40);padding-left:var(--wp--preset--spacing--40)\"><strong>\u00c9quipe artiste&nbsp;au plateau<\/strong>&nbsp;: <a href=\"https:\/\/spectacles.lamaisonduconte.com\/index.php\/clara-guenoun-fiche-artiste\/\" data-type=\"page\" data-id=\"556\">Clara Guenoun<\/a><\/p>\n\n\n\n<p class=\"has-foreground-color has-text-color has-link-color wp-elements-82c996f4047333eb22628ee0372a23ea\" style=\"padding-top:var(--wp--preset--spacing--40);padding-right:var(--wp--preset--spacing--40);padding-bottom:var(--wp--preset--spacing--40);padding-left:var(--wp--preset--spacing--40)\"><strong>Teaser<\/strong>&nbsp;: <\/p>\n\n\n\n<figure class=\"wp-block-embed is-type-video is-provider-youtube wp-block-embed-youtube wp-embed-aspect-16-9 wp-has-aspect-ratio\"><div class=\"wp-block-embed__wrapper\">\n<iframe loading=\"lazy\" title=\"Teaser Requin-Chagrin\" width=\"500\" height=\"281\" src=\"https:\/\/www.youtube.com\/embed\/LHKX2oL-B2E?feature=oembed\" frameborder=\"0\" allow=\"accelerometer; autoplay; clipboard-write; encrypted-media; gyroscope; picture-in-picture; web-share\" referrerpolicy=\"strict-origin-when-cross-origin\" allowfullscreen><\/iframe>\n<\/div><\/figure>\n\n\n\n<p class=\"has-foreground-color has-text-color has-link-color wp-elements-ac225ba0b3aba350c6ab99bb012f7936\" style=\"padding-right:var(--wp--preset--spacing--40);padding-left:var(--wp--preset--spacing--40)\"><br><strong>Production<\/strong>&nbsp;: Cie des Gens qui Content \/ <strong>Coproduction&nbsp;:<\/strong> La Maison du Conte<\/p>\n\n\n\n<p class=\"has-foreground-color has-text-color has-link-color wp-elements-a8faa070599b2d84670cae207a62ce3b\" style=\"padding-top:var(--wp--preset--spacing--60);padding-right:var(--wp--preset--spacing--40);padding-bottom:var(--wp--preset--spacing--60);padding-left:var(--wp--preset--spacing--40)\"><strong>Contact :<\/strong><br>Site web : <a href=\"https:\/\/www.claraguenoun.com\">www.claraguenoun.com<\/a><\/p>\n","protected":false},"excerpt":{"rendered":"<p>REQUIN-CHAGRIN Adolescence, \u00e9mancipation, \u00e9ducation, enseignant\u00b7es, road-trip\u00c2ge\u00a0: 11 ans+, coll\u00e8ge, lyc\u00e9e, adultes \u00ab C&rsquo;est une prof de fran\u00e7ais qui veut ouvrir [&hellip;]<\/p>\n","protected":false},"author":1,"featured_media":226,"parent":0,"menu_order":0,"comment_status":"closed","ping_status":"closed","template":"","meta":{"footnotes":""},"class_list":["post-558","page","type-page","status-publish","has-post-thumbnail","hentry"],"_links":{"self":[{"href":"https:\/\/spectacles.lamaisonduconte.com\/index.php\/wp-json\/wp\/v2\/pages\/558","targetHints":{"allow":["GET"]}}],"collection":[{"href":"https:\/\/spectacles.lamaisonduconte.com\/index.php\/wp-json\/wp\/v2\/pages"}],"about":[{"href":"https:\/\/spectacles.lamaisonduconte.com\/index.php\/wp-json\/wp\/v2\/types\/page"}],"author":[{"embeddable":true,"href":"https:\/\/spectacles.lamaisonduconte.com\/index.php\/wp-json\/wp\/v2\/users\/1"}],"replies":[{"embeddable":true,"href":"https:\/\/spectacles.lamaisonduconte.com\/index.php\/wp-json\/wp\/v2\/comments?post=558"}],"version-history":[{"count":5,"href":"https:\/\/spectacles.lamaisonduconte.com\/index.php\/wp-json\/wp\/v2\/pages\/558\/revisions"}],"predecessor-version":[{"id":1472,"href":"https:\/\/spectacles.lamaisonduconte.com\/index.php\/wp-json\/wp\/v2\/pages\/558\/revisions\/1472"}],"wp:featuredmedia":[{"embeddable":true,"href":"https:\/\/spectacles.lamaisonduconte.com\/index.php\/wp-json\/wp\/v2\/media\/226"}],"wp:attachment":[{"href":"https:\/\/spectacles.lamaisonduconte.com\/index.php\/wp-json\/wp\/v2\/media?parent=558"}],"curies":[{"name":"wp","href":"https:\/\/api.w.org\/{rel}","templated":true}]}}