{"id":574,"date":"2024-11-28T16:36:06","date_gmt":"2024-11-28T15:36:06","guid":{"rendered":"https:\/\/spectacles.lamaisonduconte.com\/?page_id=574"},"modified":"2025-01-14T12:38:54","modified_gmt":"2025-01-14T11:38:54","slug":"la-cour-des-contes-feux-de-brouillard","status":"publish","type":"page","link":"https:\/\/spectacles.lamaisonduconte.com\/index.php\/la-cour-des-contes-feux-de-brouillard\/","title":{"rendered":"Margot Charon et Charles Deffrennes &#8211; Feux de brouillard"},"content":{"rendered":"\n<figure class=\"wp-block-image size-full is-resized\" style=\"margin-right:var(--wp--preset--spacing--40);margin-left:var(--wp--preset--spacing--40)\"><img loading=\"lazy\" decoding=\"async\" width=\"567\" height=\"700\" src=\"http:\/\/spectacles.lamaisonduconte.com\/wp-content\/uploads\/2024\/11\/SP-Cour-brouillard-1.jpg\" alt=\"\" class=\"wp-image-1142\" style=\"width:357px\" srcset=\"https:\/\/spectacles.lamaisonduconte.com\/wp-content\/uploads\/2024\/11\/SP-Cour-brouillard-1.jpg 567w, https:\/\/spectacles.lamaisonduconte.com\/wp-content\/uploads\/2024\/11\/SP-Cour-brouillard-1-243x300.jpg 243w\" sizes=\"auto, (max-width: 567px) 100vw, 567px\" \/><\/figure>\n\n\n\n<h2 class=\"wp-block-heading has-foreground-color has-text-color has-link-color wp-elements-4662c160b61654d1a2571f46352f00bb\" style=\"padding-right:var(--wp--preset--spacing--40);padding-left:var(--wp--preset--spacing--40)\"><br>FEUX DE BROUILLARD<br><\/h2>\n\n\n\n<blockquote class=\"wp-block-quote has-foreground-color has-text-color has-link-color has-extra-small-font-size wp-elements-8ab9390bb0f144ec8b3a249c092ebc43 is-layout-flow wp-block-quote-is-layout-flow\" style=\"padding-right:0;padding-left:0\">\n<h6 class=\"wp-block-heading has-raleway-font-family has-extra-small-font-size\" style=\"padding-right:var(--wp--preset--spacing--40);padding-left:var(--wp--preset--spacing--40)\">F\u00e9minisme, marginalit\u00e9, sorci\u00e8re, road-movie, homosexualit\u00e9<br>\u00c2ge\u00a0: 14 ans+, coll\u00e8ge, lyc\u00e9e, adultes<\/h6>\n\n\n\n<p><\/p>\n<\/blockquote>\n\n\n\n<p class=\"has-foreground-color has-text-color has-link-color wp-elements-b8f83593a0a5931c696a2e8308d9f74f\" style=\"padding-right:var(--wp--preset--spacing--40);padding-left:var(--wp--preset--spacing--40)\"><br>\u00ab Coinc\u00e9\u00b7es en pleine nuit sur une d\u00e9partementale des Deux-S\u00e8vres, Charles et Margot se retrouvent embarqu\u00e9\u00b7es, malgr\u00e9 eux, dans une qu\u00eate identitaire autour de la l\u00e9gende de Maman-Diable.&nbsp;\u00bb<br><\/p>\n\n\n\n<p class=\"has-foreground-color has-text-color has-link-color wp-elements-ba1238313e84d32e61af7a13624464d4\"><\/p>\n\n\n\n<p class=\"has-foreground-color has-text-color has-link-color wp-elements-2fbda893185e66b051c11b4c9de95484\" style=\"padding-right:var(--wp--preset--spacing--40);padding-left:var(--wp--preset--spacing--40)\"><br><strong>Lieux de repr\u00e9sentation&nbsp;<\/strong>: forme plateau en quadrifrontal (r\u00e9gie son et lumi\u00e8res), en salle ou forme espace public (autonomie technique)<\/p>\n\n\n\n<p class=\"has-foreground-color has-text-color has-link-color wp-elements-d3a9e4b94b19c349c4b4bcfcc611c363\" style=\"padding-top:var(--wp--preset--spacing--40);padding-right:var(--wp--preset--spacing--40);padding-bottom:var(--wp--preset--spacing--40);padding-left:var(--wp--preset--spacing--40)\"><strong>\u00c9quipe artiste&nbsp;au plateau<\/strong>&nbsp;: <a href=\"https:\/\/spectacles.lamaisonduconte.com\/index.php\/la-cour-des-contes-fiche-artiste\/\" data-type=\"page\" data-id=\"572\">Margot Charon<\/a> et <a href=\"https:\/\/spectacles.lamaisonduconte.com\/index.php\/la-cour-des-contes-fiche-artiste\/\" data-type=\"page\" data-id=\"572\">Charles Deffrennes<\/a><\/p>\n\n\n\n<p class=\"has-foreground-color has-text-color has-link-color wp-elements-82c996f4047333eb22628ee0372a23ea\" style=\"padding-top:var(--wp--preset--spacing--40);padding-right:var(--wp--preset--spacing--40);padding-bottom:var(--wp--preset--spacing--40);padding-left:var(--wp--preset--spacing--40)\"><strong>Teaser<\/strong>&nbsp;: <\/p>\n\n\n\n<figure class=\"wp-block-embed is-type-video is-provider-youtube wp-block-embed-youtube wp-embed-aspect-16-9 wp-has-aspect-ratio\"><div class=\"wp-block-embed__wrapper\">\n<iframe loading=\"lazy\" title=\"FEUX DE BROUILLARD - Le teaser du spectacle\" width=\"500\" height=\"281\" src=\"https:\/\/www.youtube.com\/embed\/xsa7gfPSA_c?feature=oembed\" frameborder=\"0\" allow=\"accelerometer; autoplay; clipboard-write; encrypted-media; gyroscope; picture-in-picture; web-share\" referrerpolicy=\"strict-origin-when-cross-origin\" allowfullscreen><\/iframe>\n<\/div><\/figure>\n\n\n\n<p class=\"has-foreground-color has-text-color has-link-color wp-elements-68d0017775f0f91d9b2837e0e50ffdc1\" style=\"padding-right:var(--wp--preset--spacing--40);padding-left:var(--wp--preset--spacing--40)\"><br><strong>Production<\/strong>&nbsp;: La Cour des Contes \/ Production d\u00e9l\u00e9gu\u00e9e : La Maison du Conte \/ Coproductions : Le Nombril du Monde dans le cadre de La Petite Chartreuse, La Soufflerie \u2013 Sc\u00e8ne conventionn\u00e9e \u00e0 Rez\u00e9, Centre des Arts du R\u00e9cit, SPEDIDAM \/ Soutiens : Le LIEU \u00e0 Gambais, Anis Gras \u2013 Le Lieu de l&rsquo;autre \u00e0 Arcueil, Th\u00e9\u00e2tre de l&rsquo;Usine, Le Sample, Les Tr\u00e9teaux de France &#8211; Centre Dramatique National itin\u00e9rant<br>Ce projet est laur\u00e9at 2021 du Fonds R\u00e9gional pour les talents \u00e9mergents (FoRTE), financ\u00e9 par la R\u00e9gion \u00cele-de-France. Ce projet est coproduit et soutenu dans le cadre du Programme H\u00e9lice, dispositif d&rsquo;accompagnement collectif \u00e0 la cr\u00e9ation, cor\u00e9alis\u00e9 par Le Th\u00e9\u00e2tre des Sources \u00e0 Fontenay-aux-Roses, Rumeurs Urbaines \/ Compagnie Le Temps de Vivre \u00e0 Colombes et La Maison du Conte de Chevilly-Larue, avec le soutien de la R\u00e9gion \u00cele-de-France.<\/p>\n\n\n\n<p class=\"has-foreground-color has-text-color has-link-color wp-elements-4b9943a40f5816ba74f9591d1d1d6832\" style=\"padding-right:var(--wp--preset--spacing--40);padding-left:var(--wp--preset--spacing--40)\"><\/p>\n\n\n\n<p class=\"has-foreground-color has-text-color has-link-color wp-elements-c454c9a3872c1a96487e9e880520c53c\" style=\"padding-top:var(--wp--preset--spacing--30);padding-right:var(--wp--preset--spacing--40);padding-bottom:var(--wp--preset--spacing--30);padding-left:var(--wp--preset--spacing--40)\"><strong>Contact :<\/strong><br>e-mail : lacourdcontes@gmail.com<\/p>\n\n\n\n<p class=\"has-foreground-color has-text-color has-link-color wp-elements-d25914875341d281cfd1882c40f6a327\" style=\"padding-top:0;padding-right:var(--wp--preset--spacing--40);padding-bottom:0;padding-left:var(--wp--preset--spacing--40)\">Site web : <a href=\"https:\/\/www.courdescontes.com\">www.courdescontes.com<\/a><\/p>\n","protected":false},"excerpt":{"rendered":"<p>FEUX DE BROUILLARD F\u00e9minisme, marginalit\u00e9, sorci\u00e8re, road-movie, homosexualit\u00e9\u00c2ge\u00a0: 14 ans+, coll\u00e8ge, lyc\u00e9e, adultes \u00ab Coinc\u00e9\u00b7es en pleine nuit sur une [&hellip;]<\/p>\n","protected":false},"author":1,"featured_media":1142,"parent":0,"menu_order":0,"comment_status":"closed","ping_status":"closed","template":"","meta":{"footnotes":""},"class_list":["post-574","page","type-page","status-publish","has-post-thumbnail","hentry"],"_links":{"self":[{"href":"https:\/\/spectacles.lamaisonduconte.com\/index.php\/wp-json\/wp\/v2\/pages\/574","targetHints":{"allow":["GET"]}}],"collection":[{"href":"https:\/\/spectacles.lamaisonduconte.com\/index.php\/wp-json\/wp\/v2\/pages"}],"about":[{"href":"https:\/\/spectacles.lamaisonduconte.com\/index.php\/wp-json\/wp\/v2\/types\/page"}],"author":[{"embeddable":true,"href":"https:\/\/spectacles.lamaisonduconte.com\/index.php\/wp-json\/wp\/v2\/users\/1"}],"replies":[{"embeddable":true,"href":"https:\/\/spectacles.lamaisonduconte.com\/index.php\/wp-json\/wp\/v2\/comments?post=574"}],"version-history":[{"count":8,"href":"https:\/\/spectacles.lamaisonduconte.com\/index.php\/wp-json\/wp\/v2\/pages\/574\/revisions"}],"predecessor-version":[{"id":1519,"href":"https:\/\/spectacles.lamaisonduconte.com\/index.php\/wp-json\/wp\/v2\/pages\/574\/revisions\/1519"}],"wp:featuredmedia":[{"embeddable":true,"href":"https:\/\/spectacles.lamaisonduconte.com\/index.php\/wp-json\/wp\/v2\/media\/1142"}],"wp:attachment":[{"href":"https:\/\/spectacles.lamaisonduconte.com\/index.php\/wp-json\/wp\/v2\/media?parent=574"}],"curies":[{"name":"wp","href":"https:\/\/api.w.org\/{rel}","templated":true}]}}