{"id":576,"date":"2024-11-28T16:39:21","date_gmt":"2024-11-28T15:39:21","guid":{"rendered":"https:\/\/spectacles.lamaisonduconte.com\/?page_id=576"},"modified":"2025-01-06T18:57:34","modified_gmt":"2025-01-06T17:57:34","slug":"la-cour-des-contes-le-banquet","status":"publish","type":"page","link":"https:\/\/spectacles.lamaisonduconte.com\/index.php\/la-cour-des-contes-le-banquet\/","title":{"rendered":"La Cour des Contes &#8211; Le banquet"},"content":{"rendered":"\n<figure class=\"wp-block-image size-full is-resized\" style=\"margin-right:var(--wp--preset--spacing--40);margin-left:var(--wp--preset--spacing--40)\"><img loading=\"lazy\" decoding=\"async\" width=\"567\" height=\"700\" src=\"http:\/\/spectacles.lamaisonduconte.com\/wp-content\/uploads\/2024\/11\/SP-Cour-banquet.jpg\" alt=\"\" class=\"wp-image-238\" style=\"width:357px\" srcset=\"https:\/\/spectacles.lamaisonduconte.com\/wp-content\/uploads\/2024\/11\/SP-Cour-banquet.jpg 567w, https:\/\/spectacles.lamaisonduconte.com\/wp-content\/uploads\/2024\/11\/SP-Cour-banquet-243x300.jpg 243w\" sizes=\"auto, (max-width: 567px) 100vw, 567px\" \/><\/figure>\n\n\n\n<h2 class=\"wp-block-heading has-foreground-color has-text-color has-link-color wp-elements-45fb37618a362ebb0204182d9aa68e26\" style=\"padding-right:var(--wp--preset--spacing--40);padding-left:var(--wp--preset--spacing--40)\"><br>LE BANQUET<br><\/h2>\n\n\n\n<blockquote class=\"wp-block-quote has-foreground-color has-text-color has-link-color has-extra-small-font-size wp-elements-fb948d8e7dad9b8efb5d826978949cfe is-layout-flow wp-block-quote-is-layout-flow\" style=\"padding-right:0;padding-left:0\">\n<h6 class=\"wp-block-heading has-raleway-font-family has-extra-small-font-size\" style=\"padding-right:var(--wp--preset--spacing--40);padding-left:var(--wp--preset--spacing--40)\">\u00c9cologie, repas, politique, conte, alimentation<br>\u00c2ge&nbsp;: tout public (dur\u00e9e 2h15 avec un repas)<\/h6>\n\n\n\n<p><\/p>\n<\/blockquote>\n\n\n\n<p class=\"has-foreground-color has-text-color has-link-color wp-elements-3fab6b79ebc686d3af0f905389101dcd\" style=\"padding-right:var(--wp--preset--spacing--40);padding-left:var(--wp--preset--spacing--40)\"><br>\u00ab \u00c0 peine sortis d&rsquo;une crise sanitaire, nous sommes rattrap\u00e9s par d\u2019autres, climatique, d\u00e9mocratique, \u00e9conomique\u2026 Comment continuer d\u2019avancer ensemble dans un monde dont on nous pr\u00e9dit en permanence l&rsquo;effondrement imminent ? Un spectacle autour de la table comme un pas de c\u00f4t\u00e9 pour appr\u00e9hender la r\u00e9alit\u00e9 sans rester paralys\u00e9.\u00bb<br><\/p>\n\n\n\n<p class=\"has-foreground-color has-text-color has-link-color wp-elements-ba1238313e84d32e61af7a13624464d4\"><\/p>\n\n\n\n<p class=\"has-foreground-color has-text-color has-link-color wp-elements-d870972f25a2cf24699dcdc2da4a70e4\" style=\"padding-right:var(--wp--preset--spacing--40);padding-left:var(--wp--preset--spacing--40)\"><br><strong>Lieux de repr\u00e9sentation&nbsp;<\/strong>: lieux multiples (format repas jusqu&rsquo;\u00e0 80 personnes)<\/p>\n\n\n\n<p class=\"has-foreground-color has-text-color has-link-color wp-elements-b5d42c22bf3cd33ddc1d1e0dbc834492\" style=\"padding-top:var(--wp--preset--spacing--40);padding-right:var(--wp--preset--spacing--40);padding-bottom:var(--wp--preset--spacing--40);padding-left:var(--wp--preset--spacing--40)\"><strong>\u00c9quipe artiste&nbsp;au plateau<\/strong>&nbsp;: <a href=\"https:\/\/spectacles.lamaisonduconte.com\/index.php\/la-cour-des-contes-fiche-artiste\/\" data-type=\"page\" data-id=\"572\">Margot Charon<\/a> et <a href=\"https:\/\/spectacles.lamaisonduconte.com\/index.php\/la-cour-des-contes-fiche-artiste\/\" data-type=\"page\" data-id=\"572\">Charles Deffrennes<\/a>, <a href=\"https:\/\/spectacles.lamaisonduconte.com\/index.php\/la-cour-des-contes-fiche-artiste\/\" data-type=\"page\" data-id=\"572\">Arthur Binois <\/a>et <a href=\"https:\/\/spectacles.lamaisonduconte.com\/index.php\/la-cour-des-contes-fiche-artiste\/\" data-type=\"page\" data-id=\"572\">Guillermo Van der Borght<\/a><\/p>\n\n\n\n<p class=\"has-foreground-color has-text-color has-link-color wp-elements-1ae16d7ba1b0374cab996795c6a5dbe0\" style=\"padding-top:var(--wp--preset--spacing--40);padding-right:var(--wp--preset--spacing--40);padding-bottom:var(--wp--preset--spacing--40);padding-left:var(--wp--preset--spacing--40)\"><br><strong>Production<\/strong>&nbsp;: Cie La Cour des Contes \/ Coproduction TRAFFIC (R\u00e9seau de soutien \u00e0 la cr\u00e9ation et \u00e0 la diffusion des arts du r\u00e9cit) : Chahuts \u00e0 Bordeaux, La Maison du Conte, Le Centre des Arts du R\u00e9cit, Le Forum Jacques Pr\u00e9vert, Le Temps de Vivre \/ Festival Rumeurs Urbaines, Th\u00e9\u00e2tre des Sources, Le Strapontin, Noirlac \u2013 Centre culturel de rencontre, Th\u00e9\u00e2tre du Chevalet \u00e0 Noyon \/ Coproductions autres : Th\u00e9\u00e2tre des Sources, Art\u2019R &#8211; Lieu de fabrique itin\u00e9rant pour les arts de la rue, Le Th\u00e9\u00e2tre de Poche \/ Soutiens : La Soufflerie \u2013 Sc\u00e8ne conventionn\u00e9e de Rez\u00e9, Le LIEU, Th\u00e9\u00e2tre intercommunal d\u2019Etampes, Les Arches Citoyennes &#8211; Plateau Urbain, Minist\u00e8re de la Culture \u2013 Direction r\u00e9gionale des affaires culturelles d\u2019\u00cele-de- France, action financ\u00e9e par la R\u00e9gion \u00cele-de-France.<\/p>\n\n\n\n<p class=\"has-foreground-color has-text-color has-link-color wp-elements-4b9943a40f5816ba74f9591d1d1d6832\" style=\"padding-right:var(--wp--preset--spacing--40);padding-left:var(--wp--preset--spacing--40)\"><\/p>\n\n\n\n<p class=\"has-foreground-color has-text-color has-link-color wp-elements-d9fc9630095c4731ab1da5f7b578258c\" style=\"padding-top:0;padding-right:var(--wp--preset--spacing--40);padding-bottom:0;padding-left:var(--wp--preset--spacing--40)\"><strong>Contact :<\/strong><br>e-mail : lacourdcontes@gmail.com<\/p>\n\n\n\n<p class=\"has-foreground-color has-text-color has-link-color wp-elements-d25914875341d281cfd1882c40f6a327\" style=\"padding-top:0;padding-right:var(--wp--preset--spacing--40);padding-bottom:0;padding-left:var(--wp--preset--spacing--40)\">Site web : <a href=\"https:\/\/www.courdescontes.com\">www.courdescontes.com<\/a><\/p>\n","protected":false},"excerpt":{"rendered":"<p>LE BANQUET \u00c9cologie, repas, politique, conte, alimentation\u00c2ge&nbsp;: tout public (dur\u00e9e 2h15 avec un repas) \u00ab \u00c0 peine sortis d&rsquo;une crise [&hellip;]<\/p>\n","protected":false},"author":1,"featured_media":238,"parent":0,"menu_order":0,"comment_status":"closed","ping_status":"closed","template":"","meta":{"footnotes":""},"class_list":["post-576","page","type-page","status-publish","has-post-thumbnail","hentry"],"_links":{"self":[{"href":"https:\/\/spectacles.lamaisonduconte.com\/index.php\/wp-json\/wp\/v2\/pages\/576","targetHints":{"allow":["GET"]}}],"collection":[{"href":"https:\/\/spectacles.lamaisonduconte.com\/index.php\/wp-json\/wp\/v2\/pages"}],"about":[{"href":"https:\/\/spectacles.lamaisonduconte.com\/index.php\/wp-json\/wp\/v2\/types\/page"}],"author":[{"embeddable":true,"href":"https:\/\/spectacles.lamaisonduconte.com\/index.php\/wp-json\/wp\/v2\/users\/1"}],"replies":[{"embeddable":true,"href":"https:\/\/spectacles.lamaisonduconte.com\/index.php\/wp-json\/wp\/v2\/comments?post=576"}],"version-history":[{"count":4,"href":"https:\/\/spectacles.lamaisonduconte.com\/index.php\/wp-json\/wp\/v2\/pages\/576\/revisions"}],"predecessor-version":[{"id":1357,"href":"https:\/\/spectacles.lamaisonduconte.com\/index.php\/wp-json\/wp\/v2\/pages\/576\/revisions\/1357"}],"wp:featuredmedia":[{"embeddable":true,"href":"https:\/\/spectacles.lamaisonduconte.com\/index.php\/wp-json\/wp\/v2\/media\/238"}],"wp:attachment":[{"href":"https:\/\/spectacles.lamaisonduconte.com\/index.php\/wp-json\/wp\/v2\/media?parent=576"}],"curies":[{"name":"wp","href":"https:\/\/api.w.org\/{rel}","templated":true}]}}