{"id":591,"date":"2024-11-29T16:55:56","date_gmt":"2024-11-29T15:55:56","guid":{"rendered":"https:\/\/spectacles.lamaisonduconte.com\/?page_id=591"},"modified":"2025-01-14T12:37:36","modified_gmt":"2025-01-14T11:37:36","slug":"pepito-mateo-lecon-de-francais","status":"publish","type":"page","link":"https:\/\/spectacles.lamaisonduconte.com\/index.php\/pepito-mateo-lecon-de-francais\/","title":{"rendered":"Pepito Mateo \u2013 La le\u00e7on de fran\u00e7ais"},"content":{"rendered":"\n<figure class=\"wp-block-image size-full is-resized\" style=\"margin-right:var(--wp--preset--spacing--40);margin-left:var(--wp--preset--spacing--40)\"><img loading=\"lazy\" decoding=\"async\" width=\"567\" height=\"700\" src=\"http:\/\/spectacles.lamaisonduconte.com\/wp-content\/uploads\/2024\/11\/SP-Mateo-francais.jpg\" alt=\"\" class=\"wp-image-236\" style=\"width:357px\" srcset=\"https:\/\/spectacles.lamaisonduconte.com\/wp-content\/uploads\/2024\/11\/SP-Mateo-francais.jpg 567w, https:\/\/spectacles.lamaisonduconte.com\/wp-content\/uploads\/2024\/11\/SP-Mateo-francais-243x300.jpg 243w\" sizes=\"auto, (max-width: 567px) 100vw, 567px\" \/><\/figure>\n\n\n\n<h2 class=\"wp-block-heading has-foreground-color has-text-color has-link-color wp-elements-bc172e39cbd77549ba68287d6e753a31\" style=\"padding-right:var(--wp--preset--spacing--40);padding-left:var(--wp--preset--spacing--40)\"><br>LA LE\u00c7ON DE FRAN\u00c7AIS<br><\/h2>\n\n\n\n<blockquote class=\"wp-block-quote has-foreground-color has-text-color has-link-color has-extra-small-font-size wp-elements-9eb1e767f4c0cf75777de834098f99c9 is-layout-flow wp-block-quote-is-layout-flow\" style=\"padding-right:0;padding-left:0\">\n<h6 class=\"wp-block-heading has-raleway-font-family has-extra-small-font-size\" style=\"padding-right:var(--wp--preset--spacing--40);padding-left:var(--wp--preset--spacing--40)\">Langage, migrants, voyage, langues, conf\u00e9rence<br>\u00c2ge\u00a0: 12 ans+, coll\u00e8ge, lyc\u00e9e, adultes<\/h6>\n\n\n\n<p><\/p>\n<\/blockquote>\n\n\n\n<p class=\"has-foreground-color has-text-color has-link-color wp-elements-93c81794587a2b9f5492c9d14fcf027a\" style=\"padding-right:var(--wp--preset--spacing--40);padding-left:var(--wp--preset--spacing--40)\"><br>\u00ab Dans cette <em>Le\u00e7on de Fran\u00e7ais<\/em>, P\u00e9pito Mat\u00e9o nous convie \u00e0 partager son go\u00fbt pour le langage, l\u2019ambigu\u00eft\u00e9 des mots et les malentendus. Dans cette pseudo-conf\u00e9rence, le fac\u00e9tieux conteur n\u2019a de cesse de repeindre le monde qui nous entoure de sa douce folie langagi\u00e8re et de sa po\u00e9sie singuli\u00e8re. \u00bb<br><\/p>\n\n\n\n<p class=\"has-foreground-color has-text-color has-link-color wp-elements-ba1238313e84d32e61af7a13624464d4\"><\/p>\n\n\n\n<p class=\"has-foreground-color has-text-color has-link-color wp-elements-0ecd6c8249c108910010053c78b8f534\" style=\"padding-right:var(--wp--preset--spacing--40);padding-left:var(--wp--preset--spacing--40)\"><br><strong>Lieux de repr\u00e9sentation&nbsp;<\/strong>: plateau<\/p>\n\n\n\n<p class=\"has-foreground-color has-text-color has-link-color wp-elements-b3e2e075c345797ba37a23d749841d04\" style=\"padding-top:var(--wp--preset--spacing--40);padding-right:var(--wp--preset--spacing--40);padding-bottom:var(--wp--preset--spacing--40);padding-left:var(--wp--preset--spacing--40)\"><strong>\u00c9quipe artiste&nbsp;au plateau<\/strong>&nbsp;: <a href=\"https:\/\/spectacles.lamaisonduconte.com\/index.php\/pepito-mateo-fiche-artiste\/\" data-type=\"page\" data-id=\"588\">P\u00e9pito Mat\u00e9o<\/a><\/p>\n\n\n\n<p class=\"has-foreground-color has-text-color has-link-color wp-elements-46b97e5824f4538240a586e80171660a\" style=\"padding-top:var(--wp--preset--spacing--40);padding-right:var(--wp--preset--spacing--40);padding-bottom:var(--wp--preset--spacing--40);padding-left:var(--wp--preset--spacing--40)\"><br><strong>Production<\/strong>&nbsp;: Production Cie Imagistoires \/ Production D\u00e9l\u00e9gu\u00e9e Le Bureau des Paroles, CPPC \/ Coproduction, r\u00e9sidence et soutiens : Th\u00e9\u00e2tre L\u2019Aire Libre, Festival Mythos, Th\u00e9\u00e2tre des Sources, La Maison du Conte et le Th\u00e9\u00e2tre de Chevilly Larue, Festival du Conte et Maison de l\u2019Oralit\u00e9, Communaut\u00e9 de Communes Maremne Adour C\u00f4te Sud, Union R\u00e9gionale des Foyers Ruraux de Poitou-Charentes, Th\u00e9\u00e2tre Berthelot, La Mouche<\/p>\n\n\n\n<p class=\"has-foreground-color has-text-color has-link-color wp-elements-4b9943a40f5816ba74f9591d1d1d6832\" style=\"padding-right:var(--wp--preset--spacing--40);padding-left:var(--wp--preset--spacing--40)\"><\/p>\n\n\n\n<p class=\"has-foreground-color has-text-color has-link-color wp-elements-6ff3ff2e73d07fa183d8f060c405bb06\" style=\"padding-top:var(--wp--preset--spacing--60);padding-right:var(--wp--preset--spacing--40);padding-bottom:var(--wp--preset--spacing--60);padding-left:var(--wp--preset--spacing--40)\"><strong>Contact : <\/strong><\/p>\n\n\n\n<p class=\"has-foreground-color has-text-color has-link-color wp-elements-6587d2ec1cf5bc747ab4574796675426\" style=\"padding-right:var(--wp--preset--spacing--60);padding-left:var(--wp--preset--spacing--60)\">Contact : <a href=\"https:\/\/lebureaudesparoles.fr\/contact\/\">https:\/\/lebureaudesparoles.fr\/contact\/<\/a><\/p>\n\n\n\n<p class=\"has-foreground-color has-text-color has-link-color wp-elements-d967af9366257153fcd826a12cac36f3\" style=\"padding-right:var(--wp--preset--spacing--60);padding-left:var(--wp--preset--spacing--60)\">Site web : <a href=\"https:\/\/lebureaudesparoles.fr\/spectacles\/la-lecon-de-francais\/\">https:\/\/lebureaudesparoles.fr\/spectacles\/la-lecon-de-francais\/<\/a><\/p>\n\n\n\n<p class=\"has-foreground-color has-text-color has-link-color wp-elements-c971cffce2ffbb4e3dc494333ac78149\" style=\"padding-top:var(--wp--preset--spacing--60);padding-right:var(--wp--preset--spacing--40);padding-bottom:var(--wp--preset--spacing--60);padding-left:var(--wp--preset--spacing--40)\"><\/p>\n","protected":false},"excerpt":{"rendered":"<p>LA LE\u00c7ON DE FRAN\u00c7AIS Langage, migrants, voyage, langues, conf\u00e9rence\u00c2ge\u00a0: 12 ans+, coll\u00e8ge, lyc\u00e9e, adultes \u00ab Dans cette Le\u00e7on de Fran\u00e7ais, [&hellip;]<\/p>\n","protected":false},"author":1,"featured_media":236,"parent":0,"menu_order":0,"comment_status":"closed","ping_status":"closed","template":"","meta":{"footnotes":""},"class_list":["post-591","page","type-page","status-publish","has-post-thumbnail","hentry"],"_links":{"self":[{"href":"https:\/\/spectacles.lamaisonduconte.com\/index.php\/wp-json\/wp\/v2\/pages\/591","targetHints":{"allow":["GET"]}}],"collection":[{"href":"https:\/\/spectacles.lamaisonduconte.com\/index.php\/wp-json\/wp\/v2\/pages"}],"about":[{"href":"https:\/\/spectacles.lamaisonduconte.com\/index.php\/wp-json\/wp\/v2\/types\/page"}],"author":[{"embeddable":true,"href":"https:\/\/spectacles.lamaisonduconte.com\/index.php\/wp-json\/wp\/v2\/users\/1"}],"replies":[{"embeddable":true,"href":"https:\/\/spectacles.lamaisonduconte.com\/index.php\/wp-json\/wp\/v2\/comments?post=591"}],"version-history":[{"count":7,"href":"https:\/\/spectacles.lamaisonduconte.com\/index.php\/wp-json\/wp\/v2\/pages\/591\/revisions"}],"predecessor-version":[{"id":1517,"href":"https:\/\/spectacles.lamaisonduconte.com\/index.php\/wp-json\/wp\/v2\/pages\/591\/revisions\/1517"}],"wp:featuredmedia":[{"embeddable":true,"href":"https:\/\/spectacles.lamaisonduconte.com\/index.php\/wp-json\/wp\/v2\/media\/236"}],"wp:attachment":[{"href":"https:\/\/spectacles.lamaisonduconte.com\/index.php\/wp-json\/wp\/v2\/media?parent=591"}],"curies":[{"name":"wp","href":"https:\/\/api.w.org\/{rel}","templated":true}]}}