{"id":594,"date":"2024-11-29T16:59:10","date_gmt":"2024-11-29T15:59:10","guid":{"rendered":"https:\/\/spectacles.lamaisonduconte.com\/?page_id=594"},"modified":"2025-01-14T12:11:28","modified_gmt":"2025-01-14T11:11:28","slug":"pepito-mateo-saturne","status":"publish","type":"page","link":"https:\/\/spectacles.lamaisonduconte.com\/index.php\/pepito-mateo-saturne\/","title":{"rendered":"Pepito Mateo \/ Ga\u00eblle-Sara Branthomme  &#8211; Saturne"},"content":{"rendered":"\n<figure class=\"wp-block-image size-full is-resized\" style=\"margin-right:var(--wp--preset--spacing--40);margin-left:var(--wp--preset--spacing--40)\"><img loading=\"lazy\" decoding=\"async\" width=\"567\" height=\"700\" src=\"http:\/\/spectacles.lamaisonduconte.com\/wp-content\/uploads\/2024\/11\/SP-Mateo-Saturne-1.jpg\" alt=\"\" class=\"wp-image-1173\" style=\"width:357px\" srcset=\"https:\/\/spectacles.lamaisonduconte.com\/wp-content\/uploads\/2024\/11\/SP-Mateo-Saturne-1.jpg 567w, https:\/\/spectacles.lamaisonduconte.com\/wp-content\/uploads\/2024\/11\/SP-Mateo-Saturne-1-243x300.jpg 243w\" sizes=\"auto, (max-width: 567px) 100vw, 567px\" \/><\/figure>\n\n\n\n<h2 class=\"wp-block-heading has-foreground-color has-text-color has-link-color wp-elements-aea9b0f8e17c30039e16813a28f239ff\" style=\"padding-right:var(--wp--preset--spacing--40);padding-left:var(--wp--preset--spacing--40)\"><br>SATURNE, NOS HISTOIRES AL\u00c9ATOIRES<br><\/h2>\n\n\n\n<blockquote class=\"wp-block-quote has-foreground-color has-text-color has-link-color has-extra-small-font-size wp-elements-b3c00ffb4309bc2fa45cff0099ff2fe3 is-layout-flow wp-block-quote-is-layout-flow\" style=\"padding-right:0;padding-left:0\">\n<h6 class=\"wp-block-heading has-raleway-font-family has-extra-small-font-size\" style=\"padding-right:var(--wp--preset--spacing--40);padding-left:var(--wp--preset--spacing--40)\">Rencontres, musique, r\u00eave, Brassens<br>\u00c2ge\u00a0: 12 ans+, lyc\u00e9e, adultes<\/h6>\n\n\n\n<p><\/p>\n<\/blockquote>\n\n\n\n<p class=\"has-foreground-color has-text-color has-link-color wp-elements-17272b1d450e9407f12b526e32a57f53\" style=\"padding-right:var(--wp--preset--spacing--40);padding-left:var(--wp--preset--spacing--40)\"><br>\u00ab Au coin de la rue, prenons le large avec P\u00e9pito Mat\u00e9o, conteur en vadrouille hors des sentiers balis\u00e9s. Il sera question de rendez-vous manqu\u00e9s, d\u2019\u00e9tranges co\u00efncidences, d\u2019une t\u00eate de chevreuil et de feuilles de choux. Autant d\u2019ingr\u00e9dients, de situations improbables qui se frottent \u00e0 l\u2019inventivit\u00e9 musicale de la chanteuse-violoncelliste Ga\u00eblle-Sara Branthomme et viennent titiller notre imaginaire\u2026 \u00bb<br><\/p>\n\n\n\n<p class=\"has-foreground-color has-text-color has-link-color wp-elements-ba1238313e84d32e61af7a13624464d4\"><\/p>\n\n\n\n<p class=\"has-foreground-color has-text-color has-link-color wp-elements-69a5a6c1c4bdf4605625179f8e1c51c3\" style=\"padding-right:var(--wp--preset--spacing--40);padding-left:var(--wp--preset--spacing--40)\"><br><strong>Lieux de repr\u00e9sentation&nbsp;<\/strong>: forme plateau (r\u00e9gie son et lumi\u00e8re)  <\/p>\n\n\n\n<p class=\"has-foreground-color has-text-color has-link-color wp-elements-90e45c950b6206709f8c138d378225c2\" style=\"padding-top:var(--wp--preset--spacing--40);padding-right:var(--wp--preset--spacing--40);padding-bottom:var(--wp--preset--spacing--40);padding-left:var(--wp--preset--spacing--40)\"><strong>\u00c9quipe artiste&nbsp;au plateau<\/strong>&nbsp;: <a href=\"https:\/\/spectacles.lamaisonduconte.com\/index.php\/pepito-mateo-fiche-artiste\/\" data-type=\"page\" data-id=\"588\">P\u00e9pito Mat\u00e9o<\/a> (\u00e9criture et jeu) et <a href=\"https:\/\/spectacles.lamaisonduconte.com\/index.php\/sarah-branthomme-et-thomas-suel-fiche-artiste\/\" data-type=\"page\" data-id=\"432\">Ga\u00eblle-Sara Branthomme<\/a> (chant et violoncelle)<\/p>\n\n\n\n<p class=\"has-foreground-color has-text-color has-link-color wp-elements-f8fba6313525d56ea28f55bbc90517ed\" style=\"padding-top:var(--wp--preset--spacing--40);padding-right:var(--wp--preset--spacing--40);padding-bottom:var(--wp--preset--spacing--40);padding-left:var(--wp--preset--spacing--40)\"><br><strong>Production<\/strong>&nbsp;: Cie Imagistoires \/ Production d\u00e9l\u00e9gu\u00e9e Le Bureau des Paroles, CPPC \/Coproductions, r\u00e9sidences et soutiens : L\u2019Hermine de rien, Th\u00e9\u00e2tre du Chevalet, CPPC \u2013 Festival Mythos \u2013 Rennes, Th\u00e9\u00e2tre L\u2019Aire Libre, Maison du conte et de la litt\u00e9rature, Communaut\u00e9 de Communes du Haut Val de S\u00e8vre<\/p>\n\n\n\n<p class=\"has-foreground-color has-text-color has-link-color wp-elements-ad4b661ff57ce6a9875e3ad7673ef9f6\" style=\"padding-top:var(--wp--preset--spacing--40);padding-right:var(--wp--preset--spacing--40);padding-bottom:var(--wp--preset--spacing--40);padding-left:var(--wp--preset--spacing--40)\"><strong>Contact : <\/strong><\/p>\n\n\n\n<p class=\"has-foreground-color has-text-color has-link-color wp-elements-b847e1b2ad372bb14b0834ef9cd2a45f\" style=\"padding-right:var(--wp--preset--spacing--60);padding-left:var(--wp--preset--spacing--60)\">e-mail : <a href=\"mailto:contact@cppc.fr\">contact@cppc.fr<\/a><\/p>\n\n\n\n<p class=\"has-foreground-color has-text-color has-link-color wp-elements-87986a7ca5255a4cc4c65a2fe3e71870\" style=\"padding-right:var(--wp--preset--spacing--60);padding-left:var(--wp--preset--spacing--60)\">Site web : <a href=\"https:\/\/www.pepitomateo.fr\/\">www.pepitomateo.fr<\/a><\/p>\n\n\n\n<p class=\"has-foreground-color has-text-color has-link-color wp-elements-c971cffce2ffbb4e3dc494333ac78149\" style=\"padding-top:var(--wp--preset--spacing--60);padding-right:var(--wp--preset--spacing--40);padding-bottom:var(--wp--preset--spacing--60);padding-left:var(--wp--preset--spacing--40)\"><\/p>\n","protected":false},"excerpt":{"rendered":"<p>SATURNE, NOS HISTOIRES AL\u00c9ATOIRES Rencontres, musique, r\u00eave, Brassens\u00c2ge\u00a0: 12 ans+, lyc\u00e9e, adultes \u00ab Au coin de la rue, prenons le [&hellip;]<\/p>\n","protected":false},"author":1,"featured_media":1173,"parent":0,"menu_order":0,"comment_status":"closed","ping_status":"closed","template":"","meta":{"footnotes":""},"class_list":["post-594","page","type-page","status-publish","has-post-thumbnail","hentry"],"_links":{"self":[{"href":"https:\/\/spectacles.lamaisonduconte.com\/index.php\/wp-json\/wp\/v2\/pages\/594","targetHints":{"allow":["GET"]}}],"collection":[{"href":"https:\/\/spectacles.lamaisonduconte.com\/index.php\/wp-json\/wp\/v2\/pages"}],"about":[{"href":"https:\/\/spectacles.lamaisonduconte.com\/index.php\/wp-json\/wp\/v2\/types\/page"}],"author":[{"embeddable":true,"href":"https:\/\/spectacles.lamaisonduconte.com\/index.php\/wp-json\/wp\/v2\/users\/1"}],"replies":[{"embeddable":true,"href":"https:\/\/spectacles.lamaisonduconte.com\/index.php\/wp-json\/wp\/v2\/comments?post=594"}],"version-history":[{"count":7,"href":"https:\/\/spectacles.lamaisonduconte.com\/index.php\/wp-json\/wp\/v2\/pages\/594\/revisions"}],"predecessor-version":[{"id":1474,"href":"https:\/\/spectacles.lamaisonduconte.com\/index.php\/wp-json\/wp\/v2\/pages\/594\/revisions\/1474"}],"wp:featuredmedia":[{"embeddable":true,"href":"https:\/\/spectacles.lamaisonduconte.com\/index.php\/wp-json\/wp\/v2\/media\/1173"}],"wp:attachment":[{"href":"https:\/\/spectacles.lamaisonduconte.com\/index.php\/wp-json\/wp\/v2\/media?parent=594"}],"curies":[{"name":"wp","href":"https:\/\/api.w.org\/{rel}","templated":true}]}}