{"id":602,"date":"2024-11-29T17:16:27","date_gmt":"2024-11-29T16:16:27","guid":{"rendered":"https:\/\/spectacles.lamaisonduconte.com\/?page_id=602"},"modified":"2025-01-14T12:00:03","modified_gmt":"2025-01-14T11:00:03","slug":"cecile-morelle-la-trouee","status":"publish","type":"page","link":"https:\/\/spectacles.lamaisonduconte.com\/index.php\/cecile-morelle-la-trouee\/","title":{"rendered":"C\u00e9cile Morelle &#8211; La trou\u00e9e"},"content":{"rendered":"\n<figure class=\"wp-block-image size-full is-resized\" style=\"margin-right:var(--wp--preset--spacing--40);margin-left:var(--wp--preset--spacing--40)\"><img loading=\"lazy\" decoding=\"async\" width=\"567\" height=\"700\" src=\"http:\/\/spectacles.lamaisonduconte.com\/wp-content\/uploads\/2024\/11\/SP-Morelle-trouee.jpg\" alt=\"\" class=\"wp-image-243\" style=\"width:357px\" srcset=\"https:\/\/spectacles.lamaisonduconte.com\/wp-content\/uploads\/2024\/11\/SP-Morelle-trouee.jpg 567w, https:\/\/spectacles.lamaisonduconte.com\/wp-content\/uploads\/2024\/11\/SP-Morelle-trouee-243x300.jpg 243w\" sizes=\"auto, (max-width: 567px) 100vw, 567px\" \/><\/figure>\n\n\n\n<h2 class=\"wp-block-heading has-foreground-color has-text-color has-link-color wp-elements-d2dd042b0f8d3a6f74573087885f92cf\" style=\"padding-right:var(--wp--preset--spacing--40);padding-left:var(--wp--preset--spacing--40)\"><br>LA TROU\u00c9E \u2013 ROAD-TRIP RURAL<br><\/h2>\n\n\n\n<blockquote class=\"wp-block-quote has-foreground-color has-text-color has-link-color has-extra-small-font-size wp-elements-3bec66dc33bc9bce05c7d5988e64fb0e is-layout-flow wp-block-quote-is-layout-flow\" style=\"padding-right:0;padding-left:0\">\n<h6 class=\"wp-block-heading has-raleway-font-family has-extra-small-font-size\" style=\"padding-right:var(--wp--preset--spacing--40);padding-left:var(--wp--preset--spacing--40)\">Ruralit\u00e9, f\u00e9minisme, corps, paysage, illustration<br>\u00c2ge\u00a0: 14 ans+, coll\u00e8ge, lyc\u00e9e, adultes<\/h6>\n\n\n\n<p><\/p>\n<\/blockquote>\n\n\n\n<p class=\"has-foreground-color has-text-color has-link-color wp-elements-b232cb11479e28fbb514fc0a5a60a29e\" style=\"padding-right:var(--wp--preset--spacing--40);padding-left:var(--wp--preset--spacing--40)\"><br>\u00ab La Trou\u00e9e s\u2019interroge sur la place des corps et des paroles des femmes en milieu rural. Un spectacle de th\u00e9\u00e2tre-r\u00e9cit qui propose une carte postale tant\u00f4t tragique, tant\u00f4t comique, des corps de ferme de ces r\u00e9gions de Cultures o\u00f9 la Culture serait une denr\u00e9e rare. \u00bb<\/p>\n\n\n\n<p class=\"has-foreground-color has-text-color has-link-color wp-elements-dcf24b689cb110abea6eb712c3659916\" style=\"padding-right:var(--wp--preset--spacing--40);padding-left:var(--wp--preset--spacing--40)\"><strong>Prix du Public Festival Impatience 2024<\/strong><br><\/p>\n\n\n\n<p class=\"has-foreground-color has-text-color has-link-color wp-elements-f946033c47bb0b962e5ea237d67c6a45\" style=\"padding-right:var(--wp--preset--spacing--40);padding-left:var(--wp--preset--spacing--40)\"><strong>Phrase presse&nbsp;<\/strong>: \u00ab&nbsp;Un spectacle d&rsquo;une rare intensit\u00e9 agenc\u00e9 avec brio et maestria par une com\u00e9dienne investie&nbsp;\u00bb. <em>La revue du spectacle<\/em><\/p>\n\n\n\n<p class=\"has-foreground-color has-text-color has-link-color wp-elements-2dd4e8ccddfe6e19ee61f1c7b2b4759b\" style=\"padding-right:var(--wp--preset--spacing--40);padding-left:var(--wp--preset--spacing--40)\"><br><strong>Lieux de repr\u00e9sentation&nbsp;<\/strong>: forme plateau, forme espace public et forme tout terrain (en autonomie technique)<\/p>\n\n\n\n<p class=\"has-foreground-color has-text-color has-link-color wp-elements-c57fcf351f8ecb87c26774ecae961440\" style=\"padding-top:var(--wp--preset--spacing--40);padding-right:var(--wp--preset--spacing--40);padding-bottom:var(--wp--preset--spacing--40);padding-left:var(--wp--preset--spacing--40)\"><strong>\u00c9quipe artiste&nbsp;au plateau<\/strong>&nbsp;: <a href=\"https:\/\/spectacles.lamaisonduconte.com\/index.php\/cecile-morelle-fiche-artiste\/\" data-type=\"page\" data-id=\"600\">C\u00e9cile Morelle<\/a><\/p>\n\n\n\n<p class=\"has-foreground-color has-text-color has-link-color wp-elements-18252bd16c963eb29d0bce0b085d788a\" style=\"padding-right:var(--wp--preset--spacing--40);padding-left:var(--wp--preset--spacing--40)\"><strong>Teaser : <\/strong><a href=\"https:\/\/www.cielecompost.com\/la-trou%C3%A9e\">https:\/\/www.cielecompost.com\/la-trou%C3%A9e<\/a><\/p>\n\n\n\n<p class=\"has-foreground-color has-text-color has-link-color wp-elements-5cad001bc86bbb98181330b2e5b8cd4a\" style=\"padding-top:var(--wp--preset--spacing--40);padding-right:var(--wp--preset--spacing--40);padding-bottom:var(--wp--preset--spacing--40);padding-left:var(--wp--preset--spacing--40)\"><br><strong>Production<\/strong>&nbsp;: Cie Le Compost \/ Coproductions&nbsp;: CAL du Clermontois, Centre Culturel Leo Lagrange, Th\u00e9\u00e2tre Massenet dans le cadre de Th\u00e9\u00e2tre Exchange, Th\u00e9\u00e2tre Paris-Villette, Collectif Superamas &#8211; Happynest Plateforme pour les Arts de la Performance, Le Nombril du Monde \u2013 Bourse d&rsquo;\u00e9criture la petite chartreuse 2019, La Maison du Conte,&nbsp;Rumeurs Urbaines \u2013 Cie Le Temps de vivre avec le soutien de La Sc\u00e8ne Mermoz de Bois-Colombes, SACD-Beaumarchais (soutien \u00e0 la production et bourse SACD-Beaumarchais), ARTCENA (encouragement \u00e0 l\u2019\u00e9criture &#8211; 2022) \/ Accueils en r\u00e9sidence&nbsp;: La Com\u00e9die-Fran\u00e7aise, La Chartreuse \u2013 CNES de Villeneuve lez Avignon, Th\u00e9\u00e2tre Jacques Tati d\u2019Amiens, T.U de Nantes, Anis Gras \u2013 Le lieu de l\u2019autre, La Maison du Conte de Chevilly-Larue, Th\u00e9\u00e2tre Berthelot de Montreuil \/ Soutiens&nbsp;: DRAC Hauts-de-France (aide \u00e0 la cr\u00e9ation), R\u00e9gion Hauts-de-France (r\u00e9sidence longue d&rsquo;implantation sur le territoire, Prac.2), D\u00e9partement de l&rsquo;Aisne, la CARCT dans le cadre du 100% EAC, la ville de F\u00e8re-en-Tardenois, Groupe ALIS &#8211; F\u00e8re-en-Tardenois, SPEDIDAM<\/p>\n\n\n\n<p class=\"has-foreground-color has-text-color has-link-color wp-elements-4b9943a40f5816ba74f9591d1d1d6832\" style=\"padding-right:var(--wp--preset--spacing--40);padding-left:var(--wp--preset--spacing--40)\"><\/p>\n\n\n\n<p class=\"has-foreground-color has-text-color has-link-color wp-elements-6ff3ff2e73d07fa183d8f060c405bb06\" style=\"padding-top:var(--wp--preset--spacing--60);padding-right:var(--wp--preset--spacing--40);padding-bottom:var(--wp--preset--spacing--60);padding-left:var(--wp--preset--spacing--40)\"><strong>Contact : <\/strong><\/p>\n\n\n\n<p class=\"has-foreground-color has-text-color has-link-color wp-elements-ee6e0154f7e7b3e0ef5a6f392737c173\" style=\"padding-right:var(--wp--preset--spacing--60);padding-left:var(--wp--preset--spacing--60)\">e-mail : <a href=\"mailto:cielecompost@gmail.com\">cielecompost@gmail.com<\/a><\/p>\n\n\n\n<p class=\"has-foreground-color has-text-color has-link-color wp-elements-cd796ae9608fc51c4a8f25b6d30b96f5\" style=\"padding-right:var(--wp--preset--spacing--60);padding-left:var(--wp--preset--spacing--60)\">Site web : <a href=\"https:\/\/www.cielecompost.com\">www.cielecompost.com<\/a><\/p>\n\n\n\n<p class=\"has-foreground-color has-text-color has-link-color wp-elements-c971cffce2ffbb4e3dc494333ac78149\" style=\"padding-top:var(--wp--preset--spacing--60);padding-right:var(--wp--preset--spacing--40);padding-bottom:var(--wp--preset--spacing--60);padding-left:var(--wp--preset--spacing--40)\"><\/p>\n","protected":false},"excerpt":{"rendered":"<p>LA TROU\u00c9E \u2013 ROAD-TRIP RURAL Ruralit\u00e9, f\u00e9minisme, corps, paysage, illustration\u00c2ge\u00a0: 14 ans+, coll\u00e8ge, lyc\u00e9e, adultes \u00ab La Trou\u00e9e s\u2019interroge sur [&hellip;]<\/p>\n","protected":false},"author":1,"featured_media":243,"parent":0,"menu_order":0,"comment_status":"closed","ping_status":"closed","template":"","meta":{"footnotes":""},"class_list":["post-602","page","type-page","status-publish","has-post-thumbnail","hentry"],"_links":{"self":[{"href":"https:\/\/spectacles.lamaisonduconte.com\/index.php\/wp-json\/wp\/v2\/pages\/602","targetHints":{"allow":["GET"]}}],"collection":[{"href":"https:\/\/spectacles.lamaisonduconte.com\/index.php\/wp-json\/wp\/v2\/pages"}],"about":[{"href":"https:\/\/spectacles.lamaisonduconte.com\/index.php\/wp-json\/wp\/v2\/types\/page"}],"author":[{"embeddable":true,"href":"https:\/\/spectacles.lamaisonduconte.com\/index.php\/wp-json\/wp\/v2\/users\/1"}],"replies":[{"embeddable":true,"href":"https:\/\/spectacles.lamaisonduconte.com\/index.php\/wp-json\/wp\/v2\/comments?post=602"}],"version-history":[{"count":7,"href":"https:\/\/spectacles.lamaisonduconte.com\/index.php\/wp-json\/wp\/v2\/pages\/602\/revisions"}],"predecessor-version":[{"id":1460,"href":"https:\/\/spectacles.lamaisonduconte.com\/index.php\/wp-json\/wp\/v2\/pages\/602\/revisions\/1460"}],"wp:featuredmedia":[{"embeddable":true,"href":"https:\/\/spectacles.lamaisonduconte.com\/index.php\/wp-json\/wp\/v2\/media\/243"}],"wp:attachment":[{"href":"https:\/\/spectacles.lamaisonduconte.com\/index.php\/wp-json\/wp\/v2\/media?parent=602"}],"curies":[{"name":"wp","href":"https:\/\/api.w.org\/{rel}","templated":true}]}}