{"id":606,"date":"2024-11-29T17:20:47","date_gmt":"2024-11-29T16:20:47","guid":{"rendered":"https:\/\/spectacles.lamaisonduconte.com\/?page_id=606"},"modified":"2025-01-14T12:36:51","modified_gmt":"2025-01-14T11:36:51","slug":"cecile-morelle-bouche-pleine","status":"publish","type":"page","link":"https:\/\/spectacles.lamaisonduconte.com\/index.php\/cecile-morelle-bouche-pleine\/","title":{"rendered":"C\u00e9cile Morelle \/ Julien Tauber \u2013 La bouche pleine"},"content":{"rendered":"\n<figure class=\"wp-block-image size-full is-resized\" style=\"margin-right:var(--wp--preset--spacing--40);margin-left:var(--wp--preset--spacing--40)\"><img loading=\"lazy\" decoding=\"async\" width=\"567\" height=\"700\" src=\"http:\/\/spectacles.lamaisonduconte.com\/wp-content\/uploads\/2024\/12\/SP-Tauber-bouche.jpg\" alt=\"\" class=\"wp-image-1098\" style=\"width:357px\" srcset=\"https:\/\/spectacles.lamaisonduconte.com\/wp-content\/uploads\/2024\/12\/SP-Tauber-bouche.jpg 567w, https:\/\/spectacles.lamaisonduconte.com\/wp-content\/uploads\/2024\/12\/SP-Tauber-bouche-243x300.jpg 243w\" sizes=\"auto, (max-width: 567px) 100vw, 567px\" \/><\/figure>\n\n\n\n<h2 class=\"wp-block-heading has-foreground-color has-text-color has-link-color wp-elements-a041a5996b90f667aa5e0f3a51dc048a\" style=\"padding-right:var(--wp--preset--spacing--40);padding-left:var(--wp--preset--spacing--40)\"><br>LA BOUCHE PLEINE<br><\/h2>\n\n\n\n<blockquote class=\"wp-block-quote has-foreground-color has-text-color has-link-color has-extra-small-font-size wp-elements-8b63ca64c711455b41af50f1d1f871a5 is-layout-flow wp-block-quote-is-layout-flow\" style=\"padding-right:0;padding-left:0\">\n<h6 class=\"wp-block-heading has-raleway-font-family has-extra-small-font-size\" style=\"padding-right:var(--wp--preset--spacing--40);padding-left:var(--wp--preset--spacing--40)\">Cuisine, nourriture, cr\u00e9ation du monde, conte merveilleux, th\u00e9\u00e2tre d&rsquo;objets<br>\u00c2ge\u00a0: 7 ans+, \u00e9l\u00e9mentaire, adultes<\/h6>\n\n\n\n<p><\/p>\n<\/blockquote>\n\n\n\n<p class=\"has-foreground-color has-text-color has-link-color wp-elements-4212a6b7d9042659f8451b49a148d144\" style=\"padding-right:var(--wp--preset--spacing--40);padding-left:var(--wp--preset--spacing--40)\"><br>\u00ab Manger ses enfants, \u00e7a ne se fait pas\u2026 m\u00eame s\u2019ils sont souvent \u00ab\u00a0\u00e0 croquer\u00a0\u00bb !\u2028 Un homme et une femme d\u00e9couvrent par hasard que la chair humaine a bon go\u00fbt. Ils d\u00e9vorent donc leurs enfants, puis les petits voisins et bient\u00f4t tous les enfants qu\u2019ils peuvent rencontrer. Mais les enfants dans le ventre de la m\u00e8re partent en exp\u00e9dition \u00e0 la d\u00e9couverte de ce nouveau monde.&nbsp;Une histoire tir\u00e9e de plusieurs contes traditionnels et d\u2019images plus contemporaines pour parler d\u2019un tabou absolu. \u00bb<\/p>\n\n\n\n<p class=\"has-foreground-color has-text-color has-link-color wp-elements-4b9943a40f5816ba74f9591d1d1d6832\" style=\"padding-right:var(--wp--preset--spacing--40);padding-left:var(--wp--preset--spacing--40)\"><\/p>\n\n\n\n<p class=\"has-foreground-color has-text-color has-link-color wp-elements-ba1238313e84d32e61af7a13624464d4\"><\/p>\n\n\n\n<p class=\"has-foreground-color has-text-color has-link-color wp-elements-8026c6fd835507818c75984bb8490459\" style=\"padding-right:var(--wp--preset--spacing--40);padding-left:var(--wp--preset--spacing--40)\"><br><strong>Lieux de repr\u00e9sentation&nbsp;<\/strong>: forme plateau, forme LND lieux non-d\u00e9di\u00e9s (autonomie technique) \/ jauge de 60 personnes<\/p>\n\n\n\n<p class=\"has-foreground-color has-text-color has-link-color wp-elements-e87dab736050ef78d3b23652ec11d307\" style=\"padding-top:var(--wp--preset--spacing--40);padding-right:var(--wp--preset--spacing--40);padding-bottom:var(--wp--preset--spacing--40);padding-left:var(--wp--preset--spacing--40)\"><strong>\u00c9quipe artiste&nbsp;au plateau<\/strong>&nbsp;: <a href=\"https:\/\/spectacles.lamaisonduconte.com\/index.php\/cecile-morelle-fiche-artiste\/\" data-type=\"page\" data-id=\"600\">C\u00e9cile Morelle<\/a> et <a href=\"https:\/\/spectacles.lamaisonduconte.com\/index.php\/julmien-tauber-fiche-artiste\/\" data-type=\"page\" data-id=\"762\">Julien Tauber<\/a><\/p>\n\n\n\n<p class=\"has-foreground-color has-text-color has-link-color wp-elements-91eada649d4ed894ddcc26138d18f0b2\" style=\"padding-right:var(--wp--preset--spacing--40);padding-left:var(--wp--preset--spacing--40)\"><strong>Teaser : <\/strong><\/p>\n\n\n\n<figure class=\"wp-block-embed is-type-video is-provider-vimeo wp-block-embed-vimeo wp-embed-aspect-16-9 wp-has-aspect-ratio\"><div class=\"wp-block-embed__wrapper\">\n<iframe loading=\"lazy\" title=\"LA BOUCHE PLEINE - TEASER\" src=\"https:\/\/player.vimeo.com\/video\/607597118?dnt=1&amp;app_id=122963\" width=\"500\" height=\"281\" frameborder=\"0\" allow=\"autoplay; fullscreen; picture-in-picture; clipboard-write\"><\/iframe>\n<\/div><\/figure>\n\n\n\n<p class=\"has-foreground-color has-text-color has-link-color wp-elements-7d103cd015c4ecca4f91a8b67f113cfe\" style=\"padding-top:var(--wp--preset--spacing--40);padding-right:var(--wp--preset--spacing--40);padding-bottom:var(--wp--preset--spacing--40);padding-left:var(--wp--preset--spacing--40)\"><br><strong>Production<\/strong>&nbsp;: Cie Caktus et Cie Le Compost \/ <strong>Production d\u00e9l\u00e9gu\u00e9e&nbsp;: <\/strong>La Maison du Conte et le Th\u00e9\u00e2tre Chevilly Larue<\/p>\n\n\n\n<p class=\"has-foreground-color has-text-color has-link-color wp-elements-4b9943a40f5816ba74f9591d1d1d6832\" style=\"padding-right:var(--wp--preset--spacing--40);padding-left:var(--wp--preset--spacing--40)\"><\/p>\n\n\n\n<p class=\"has-foreground-color has-text-color has-link-color wp-elements-6ff3ff2e73d07fa183d8f060c405bb06\" style=\"padding-top:var(--wp--preset--spacing--60);padding-right:var(--wp--preset--spacing--40);padding-bottom:var(--wp--preset--spacing--60);padding-left:var(--wp--preset--spacing--40)\"><strong>Contact : <\/strong><\/p>\n\n\n\n<p class=\"has-foreground-color has-text-color has-link-color wp-elements-ee6e0154f7e7b3e0ef5a6f392737c173\" style=\"padding-right:var(--wp--preset--spacing--60);padding-left:var(--wp--preset--spacing--60)\">e-mail : <a href=\"mailto:cielecompost@gmail.com\">cielecompost@gmail.com<\/a><\/p>\n\n\n\n<p class=\"has-foreground-color has-text-color has-link-color wp-elements-cd796ae9608fc51c4a8f25b6d30b96f5\" style=\"padding-right:var(--wp--preset--spacing--60);padding-left:var(--wp--preset--spacing--60)\">Site web : <a href=\"https:\/\/www.cielecompost.com\">www.cielecompost.com<\/a><\/p>\n\n\n\n<p class=\"has-foreground-color has-text-color has-link-color wp-elements-c971cffce2ffbb4e3dc494333ac78149\" style=\"padding-top:var(--wp--preset--spacing--60);padding-right:var(--wp--preset--spacing--40);padding-bottom:var(--wp--preset--spacing--60);padding-left:var(--wp--preset--spacing--40)\"><\/p>\n","protected":false},"excerpt":{"rendered":"<p>LA BOUCHE PLEINE Cuisine, nourriture, cr\u00e9ation du monde, conte merveilleux, th\u00e9\u00e2tre d&rsquo;objets\u00c2ge\u00a0: 7 ans+, \u00e9l\u00e9mentaire, adultes \u00ab Manger ses enfants, [&hellip;]<\/p>\n","protected":false},"author":1,"featured_media":1098,"parent":0,"menu_order":0,"comment_status":"closed","ping_status":"closed","template":"","meta":{"footnotes":""},"class_list":["post-606","page","type-page","status-publish","has-post-thumbnail","hentry"],"_links":{"self":[{"href":"https:\/\/spectacles.lamaisonduconte.com\/index.php\/wp-json\/wp\/v2\/pages\/606","targetHints":{"allow":["GET"]}}],"collection":[{"href":"https:\/\/spectacles.lamaisonduconte.com\/index.php\/wp-json\/wp\/v2\/pages"}],"about":[{"href":"https:\/\/spectacles.lamaisonduconte.com\/index.php\/wp-json\/wp\/v2\/types\/page"}],"author":[{"embeddable":true,"href":"https:\/\/spectacles.lamaisonduconte.com\/index.php\/wp-json\/wp\/v2\/users\/1"}],"replies":[{"embeddable":true,"href":"https:\/\/spectacles.lamaisonduconte.com\/index.php\/wp-json\/wp\/v2\/comments?post=606"}],"version-history":[{"count":10,"href":"https:\/\/spectacles.lamaisonduconte.com\/index.php\/wp-json\/wp\/v2\/pages\/606\/revisions"}],"predecessor-version":[{"id":1516,"href":"https:\/\/spectacles.lamaisonduconte.com\/index.php\/wp-json\/wp\/v2\/pages\/606\/revisions\/1516"}],"wp:featuredmedia":[{"embeddable":true,"href":"https:\/\/spectacles.lamaisonduconte.com\/index.php\/wp-json\/wp\/v2\/media\/1098"}],"wp:attachment":[{"href":"https:\/\/spectacles.lamaisonduconte.com\/index.php\/wp-json\/wp\/v2\/media?parent=606"}],"curies":[{"name":"wp","href":"https:\/\/api.w.org\/{rel}","templated":true}]}}