{"id":608,"date":"2024-11-29T17:26:53","date_gmt":"2024-11-29T16:26:53","guid":{"rendered":"https:\/\/spectacles.lamaisonduconte.com\/?page_id=608"},"modified":"2025-01-14T11:36:18","modified_gmt":"2025-01-14T10:36:18","slug":"cecile-morelle-beaux-draps","status":"publish","type":"page","link":"https:\/\/spectacles.lamaisonduconte.com\/index.php\/cecile-morelle-beaux-draps\/","title":{"rendered":"C\u00e9cile Morelle \/ Laetitia Troussel-Luber \u2013 Dans de beaux draps"},"content":{"rendered":"\n<figure class=\"wp-block-image size-full is-resized\" style=\"margin-right:var(--wp--preset--spacing--40);margin-left:var(--wp--preset--spacing--40)\"><img loading=\"lazy\" decoding=\"async\" width=\"567\" height=\"700\" src=\"http:\/\/spectacles.lamaisonduconte.com\/wp-content\/uploads\/2024\/11\/SP-Morelle-draps-1.jpg\" alt=\"\" class=\"wp-image-1091\" style=\"width:357px\" srcset=\"https:\/\/spectacles.lamaisonduconte.com\/wp-content\/uploads\/2024\/11\/SP-Morelle-draps-1.jpg 567w, https:\/\/spectacles.lamaisonduconte.com\/wp-content\/uploads\/2024\/11\/SP-Morelle-draps-1-243x300.jpg 243w\" sizes=\"auto, (max-width: 567px) 100vw, 567px\" \/><\/figure>\n\n\n\n<h2 class=\"wp-block-heading has-foreground-color has-text-color has-link-color wp-elements-9b237e66cc761aef5f92efa538c4fe2b\" style=\"padding-right:var(--wp--preset--spacing--40);padding-left:var(--wp--preset--spacing--40)\"><br>DANS DE BEAUX DRAPS<br><\/h2>\n\n\n\n<blockquote class=\"wp-block-quote has-foreground-color has-text-color has-link-color has-extra-small-font-size wp-elements-18274c086c4b06deffc9159197b117a9 is-layout-flow wp-block-quote-is-layout-flow\" style=\"padding-right:0;padding-left:0\">\n<h6 class=\"wp-block-heading has-raleway-font-family has-extra-small-font-size\" style=\"padding-right:var(--wp--preset--spacing--40);padding-left:var(--wp--preset--spacing--40)\">Tissus, mythologie, r\u00e9cits de vie, m\u00e9moire, participatif, audio<br>\u00c2ge\u00a0: coll\u00e8ge, lyc\u00e9e, adultes<\/h6>\n\n\n\n<p><\/p>\n<\/blockquote>\n\n\n\n<p class=\"has-foreground-color has-text-color has-link-color wp-elements-93259b1f509373486dc9a2792475d95a\" style=\"padding-right:var(--wp--preset--spacing--40);padding-left:var(--wp--preset--spacing--40)\"><br>\u00ab Quelles histoires se nichent dans le pli des draps, dans la t\u00e2che d\u2019une nappe, dans l\u2019accroc d\u2019un rideau ? Les tissus avec lesquels nous vivons sont les t\u00e9moins discrets de nos vies. Le but des deux conteuses&nbsp;dans ce spectacle fait \u00e0 partir de collectes d\u2019armoires et de m\u00e9moires : partir \u00e0 la recherche de tissus et des histoires qui y sont associ\u00e9es pour tisser des liens. \u00bb<\/p>\n\n\n\n<p class=\"has-foreground-color has-text-color has-link-color wp-elements-4b9943a40f5816ba74f9591d1d1d6832\" style=\"padding-right:var(--wp--preset--spacing--40);padding-left:var(--wp--preset--spacing--40)\"><\/p>\n\n\n\n<p class=\"has-foreground-color has-text-color has-link-color wp-elements-ba1238313e84d32e61af7a13624464d4\"><\/p>\n\n\n\n<p class=\"has-foreground-color has-text-color has-link-color wp-elements-d723add7f3b9ebccd00391cfaea3a807\" style=\"padding-right:var(--wp--preset--spacing--40);padding-left:var(--wp--preset--spacing--40)\"><br><strong>Lieux de repr\u00e9sentation&nbsp;<\/strong>: espace public et lieux non-d\u00e9di\u00e9s (autonomie technique)<\/p>\n\n\n\n<p class=\"has-foreground-color has-text-color has-link-color wp-elements-efaa986599450b9a81e51d5e2225cb6d\" style=\"padding-top:var(--wp--preset--spacing--40);padding-right:var(--wp--preset--spacing--40);padding-bottom:var(--wp--preset--spacing--40);padding-left:var(--wp--preset--spacing--40)\"><strong>\u00c9quipe artiste&nbsp;au plateau<\/strong>&nbsp;: <a href=\"https:\/\/spectacles.lamaisonduconte.com\/index.php\/cecile-morelle-fiche-artiste\/\" data-type=\"page\" data-id=\"600\">C\u00e9cile Morelle<\/a> et <a href=\"https:\/\/spectacles.lamaisonduconte.com\/index.php\/laettitia-troussel-luber-fiche-artiste\/\" data-type=\"page\" data-id=\"1301\">Laetitia Troussel-Luber<\/a> (Cie Le Compost et Cie Banana Trag\u00e9die)<\/p>\n\n\n\n<p class=\"has-foreground-color has-text-color has-link-color wp-elements-de068db5c8d80bea0e4c56acb93aa4bc\" style=\"padding-right:var(--wp--preset--spacing--40);padding-left:var(--wp--preset--spacing--40)\"><strong>Podcast Blabladraps tir\u00e9s des collectages : <\/strong><\/p>\n\n\n\n<p class=\"has-foreground-color has-text-color has-link-color wp-elements-32c41a5b96d20476cd1c0d09f6aeb5ed\" style=\"padding-right:var(--wp--preset--spacing--40);padding-left:var(--wp--preset--spacing--40)\"><a href=\"https:\/\/www.r22.fr\/antennes\/cie-le-compost\/dans-de-beaux-draps\/podcasttt-blabladraps\">https:\/\/www.r22.fr\/antennes\/cie-le-compost\/dans-de-beaux-draps\/podcasttt-blabladraps<\/a><\/p>\n\n\n\n<p class=\"has-foreground-color has-text-color has-link-color wp-elements-16ee068f6e4d253b4ab52d67c734eeab\" style=\"padding-top:var(--wp--preset--spacing--40);padding-right:var(--wp--preset--spacing--40);padding-bottom:var(--wp--preset--spacing--40);padding-left:var(--wp--preset--spacing--40)\"><br><strong>Production<\/strong>&nbsp;: Cie Le Compost et Cie Banana Trag\u00e9die (Natacha Thaon Santini pour Le Compost et Marion Regard pour La Maison du Conte) \/ Coproductions et Soutiens dans les Hauts-de-France : LA CROIS\u00c9E, La Fa\u00efencerie, La Manekine, Th\u00e9\u00e2tre du Beauvaisis, Th\u00e9\u00e2tre du Train Bleu \u00e0 Avignon, Le Bateau feu, Maison de la Culture d\u2019Amiens, Le Man\u00e8ge de Maubeuge, Le Ph\u00e9nix, Le Safran, Le Th\u00e9\u00e2tre du Nord, Le Vivat, L\u2019Oiseau-Mouche, DRAC Hauts de France (aide \u00e0 la recherche + dispositif Plaines d\u2019\u00e9t\u00e9 2022 et 2023), CAL DU CLERMONTOIS dans le cadre de la r\u00e9sidence longue d\u2019implantation de territoire financ\u00e9e par la R\u00e9gion Hauts-de-France, LA VILLE DE F\u00c8RE-EN-TARDENOIS, TH\u00c9\u00c2TRE DU CHEVALET, LE BORD DE L\u2019EAU &#8211; Lieu sp\u00e9cialis\u00e9 arts de la rue, L\u2019echangeur, centre de d\u00e9veloppement chor\u00e9graphique national de Ch\u00e2teau-Thierry \/ Coproductions et soutiens en \u00cele-de-France : R\u00e9gion ILE DE FRANCE (Laetitia Troussel-Luber est laur\u00e9ate du Fond de la R\u00e9gion \u00cele de France pour les jeunes talents FoRTE 2024 ), LA MAISON DU CONTE, TOIT &amp; JOIE, ATELIERS M\u00c9DICIS, INSTITUT FRAN\u00c7AIS DE TUNIS, A.E.R.I. (Montreuil, 93).<\/p>\n\n\n\n<p class=\"has-foreground-color has-text-color has-link-color wp-elements-2045f41e0187f3509105e8fafee62032\" style=\"padding-right:var(--wp--preset--spacing--40);padding-left:var(--wp--preset--spacing--40)\">Le Compost est parrain\u00e9 par le groupe ALIS &#8211; Pierre Fourny &#8211; de F\u00e8re en Tardenois.<\/p>\n\n\n\n<p class=\"has-foreground-color has-text-color has-link-color wp-elements-4b9943a40f5816ba74f9591d1d1d6832\" style=\"padding-right:var(--wp--preset--spacing--40);padding-left:var(--wp--preset--spacing--40)\"><\/p>\n\n\n\n<p class=\"has-foreground-color has-text-color has-link-color wp-elements-6ff3ff2e73d07fa183d8f060c405bb06\" style=\"padding-top:var(--wp--preset--spacing--60);padding-right:var(--wp--preset--spacing--40);padding-bottom:var(--wp--preset--spacing--60);padding-left:var(--wp--preset--spacing--40)\"><strong>Contact : <\/strong><\/p>\n\n\n\n<p class=\"has-foreground-color has-text-color has-link-color wp-elements-ee6e0154f7e7b3e0ef5a6f392737c173\" style=\"padding-right:var(--wp--preset--spacing--60);padding-left:var(--wp--preset--spacing--60)\">e-mail : <a href=\"mailto:cielecompost@gmail.com\">cielecompost@gmail.com<\/a><\/p>\n\n\n\n<p class=\"has-foreground-color has-text-color has-link-color wp-elements-cd796ae9608fc51c4a8f25b6d30b96f5\" style=\"padding-right:var(--wp--preset--spacing--60);padding-left:var(--wp--preset--spacing--60)\">Site web : <a href=\"https:\/\/www.cielecompost.com\">www.cielecompost.com<\/a><\/p>\n\n\n\n<p class=\"has-foreground-color has-text-color has-link-color wp-elements-c971cffce2ffbb4e3dc494333ac78149\" style=\"padding-top:var(--wp--preset--spacing--60);padding-right:var(--wp--preset--spacing--40);padding-bottom:var(--wp--preset--spacing--60);padding-left:var(--wp--preset--spacing--40)\"><\/p>\n","protected":false},"excerpt":{"rendered":"<p>DANS DE BEAUX DRAPS Tissus, mythologie, r\u00e9cits de vie, m\u00e9moire, participatif, audio\u00c2ge\u00a0: coll\u00e8ge, lyc\u00e9e, adultes \u00ab Quelles histoires se nichent [&hellip;]<\/p>\n","protected":false},"author":1,"featured_media":1091,"parent":0,"menu_order":0,"comment_status":"closed","ping_status":"closed","template":"","meta":{"footnotes":""},"class_list":["post-608","page","type-page","status-publish","has-post-thumbnail","hentry"],"_links":{"self":[{"href":"https:\/\/spectacles.lamaisonduconte.com\/index.php\/wp-json\/wp\/v2\/pages\/608","targetHints":{"allow":["GET"]}}],"collection":[{"href":"https:\/\/spectacles.lamaisonduconte.com\/index.php\/wp-json\/wp\/v2\/pages"}],"about":[{"href":"https:\/\/spectacles.lamaisonduconte.com\/index.php\/wp-json\/wp\/v2\/types\/page"}],"author":[{"embeddable":true,"href":"https:\/\/spectacles.lamaisonduconte.com\/index.php\/wp-json\/wp\/v2\/users\/1"}],"replies":[{"embeddable":true,"href":"https:\/\/spectacles.lamaisonduconte.com\/index.php\/wp-json\/wp\/v2\/comments?post=608"}],"version-history":[{"count":9,"href":"https:\/\/spectacles.lamaisonduconte.com\/index.php\/wp-json\/wp\/v2\/pages\/608\/revisions"}],"predecessor-version":[{"id":1443,"href":"https:\/\/spectacles.lamaisonduconte.com\/index.php\/wp-json\/wp\/v2\/pages\/608\/revisions\/1443"}],"wp:featuredmedia":[{"embeddable":true,"href":"https:\/\/spectacles.lamaisonduconte.com\/index.php\/wp-json\/wp\/v2\/media\/1091"}],"wp:attachment":[{"href":"https:\/\/spectacles.lamaisonduconte.com\/index.php\/wp-json\/wp\/v2\/media?parent=608"}],"curies":[{"name":"wp","href":"https:\/\/api.w.org\/{rel}","templated":true}]}}