{"id":656,"date":"2024-12-02T11:45:05","date_gmt":"2024-12-02T10:45:05","guid":{"rendered":"https:\/\/spectacles.lamaisonduconte.com\/?page_id=656"},"modified":"2025-01-15T10:38:30","modified_gmt":"2025-01-15T09:38:30","slug":"melancolie-motte-enfant-ne-deux-fois","status":"publish","type":"page","link":"https:\/\/spectacles.lamaisonduconte.com\/index.php\/melancolie-motte-enfant-ne-deux-fois\/","title":{"rendered":"M\u00e9lancolie Motte \u2013 L&rsquo;enfant qui est n\u00e9 deux fois"},"content":{"rendered":"\n<figure class=\"wp-block-image size-full is-resized\" style=\"margin-right:var(--wp--preset--spacing--40);margin-left:var(--wp--preset--spacing--40)\"><img loading=\"lazy\" decoding=\"async\" width=\"567\" height=\"700\" src=\"http:\/\/spectacles.lamaisonduconte.com\/wp-content\/uploads\/2024\/11\/SP-Motte-enfant.jpg\" alt=\"\" class=\"wp-image-265\" style=\"width:357px\" srcset=\"https:\/\/spectacles.lamaisonduconte.com\/wp-content\/uploads\/2024\/11\/SP-Motte-enfant.jpg 567w, https:\/\/spectacles.lamaisonduconte.com\/wp-content\/uploads\/2024\/11\/SP-Motte-enfant-243x300.jpg 243w\" sizes=\"auto, (max-width: 567px) 100vw, 567px\" \/><\/figure>\n\n\n\n<h2 class=\"wp-block-heading has-foreground-color has-text-color has-link-color wp-elements-f2828136a00bd86554961dd478a834f5\" style=\"padding-right:var(--wp--preset--spacing--40);padding-left:var(--wp--preset--spacing--40)\"><br>L\u2019ENFANT QUI EST N\u00c9 DEUX FOIS<br><\/h2>\n\n\n\n<blockquote class=\"wp-block-quote has-foreground-color has-text-color has-link-color has-extra-small-font-size wp-elements-32dc51625da13a09f167bd74663caede is-layout-flow wp-block-quote-is-layout-flow\" style=\"padding-right:0;padding-left:0\">\n<h6 class=\"wp-block-heading has-raleway-font-family has-extra-small-font-size\" style=\"padding-right:var(--wp--preset--spacing--40);padding-left:var(--wp--preset--spacing--40)\">Randonn\u00e9e animali\u00e8re, conte et mouvement, deuil, vie<br>\u00c2ge\u00a0: 5 ans+, maternelle, \u00e9l\u00e9mentaire, adultes<\/h6>\n\n\n\n<p><\/p>\n<\/blockquote>\n\n\n\n<p class=\"has-foreground-color has-text-color has-link-color wp-elements-543bc1db93c595551dfe42fd7d9d06ad\" style=\"padding-right:var(--wp--preset--spacing--40);padding-left:var(--wp--preset--spacing--40)\"><br>\u00ab Une petite \u00e2me s\u2019envole \u2026 Elle se doit d\u2019entreprendre un grand voyage. Seule sur sc\u00e8ne, M\u00e9lancolie Motte propose d&rsquo;\u00e9voquer avec douceur et musicalit\u00e9 une th\u00e9matique sans \u00e2ge \u00e0 laquelle le jeune public est souvent confront\u00e9 d&rsquo;une mani\u00e8re ou d&rsquo;une autre : le cycle de la vie. \u00bb<\/p>\n\n\n\n<p class=\"has-foreground-color has-text-color has-link-color wp-elements-4b9943a40f5816ba74f9591d1d1d6832\" style=\"padding-right:var(--wp--preset--spacing--40);padding-left:var(--wp--preset--spacing--40)\"><\/p>\n\n\n\n<p class=\"has-foreground-color has-text-color has-link-color wp-elements-ba1238313e84d32e61af7a13624464d4\"><\/p>\n\n\n\n<p class=\"has-foreground-color has-text-color has-link-color wp-elements-b245ad21586fd04584a3d60ea37708b3\" style=\"padding-right:var(--wp--preset--spacing--40);padding-left:var(--wp--preset--spacing--40)\"><br><strong>Lieux de repr\u00e9sentation&nbsp;<\/strong>: forme plateau (r\u00e9gie son et lumi\u00e8re)<\/p>\n\n\n\n<p class=\"has-foreground-color has-text-color has-link-color wp-elements-d3a6ac2efbe99550f84294bb834e7d6a\" style=\"padding-top:var(--wp--preset--spacing--40);padding-right:var(--wp--preset--spacing--40);padding-bottom:var(--wp--preset--spacing--40);padding-left:var(--wp--preset--spacing--40)\"><strong>\u00c9quipe artiste&nbsp;au plateau<\/strong>&nbsp;: <a href=\"https:\/\/spectacles.lamaisonduconte.com\/index.php\/melancolie-motte-fiche-artiste\/\" data-type=\"page\" data-id=\"652\">M\u00e9lancolie Motte<\/a><\/p>\n\n\n\n<p class=\"has-foreground-color has-text-color has-link-color wp-elements-91eada649d4ed894ddcc26138d18f0b2\" style=\"padding-right:var(--wp--preset--spacing--40);padding-left:var(--wp--preset--spacing--40)\"><strong>Teaser : <\/strong><\/p>\n\n\n\n<p class=\"has-foreground-color has-text-color has-link-color wp-elements-4b9943a40f5816ba74f9591d1d1d6832\" style=\"padding-right:var(--wp--preset--spacing--40);padding-left:var(--wp--preset--spacing--40)\"><\/p>\n\n\n\n<figure class=\"wp-block-embed is-type-video is-provider-vimeo wp-block-embed-vimeo wp-embed-aspect-16-9 wp-has-aspect-ratio\"><div class=\"wp-block-embed__wrapper\">\n<iframe loading=\"lazy\" title=\"&quot;L&#039;Enfant qui est n\u00e9 deux fois&quot; (teaser) - Cie M\u00e9lancolie Motte\" src=\"https:\/\/player.vimeo.com\/video\/820852819?dnt=1&amp;app_id=122963\" width=\"500\" height=\"281\" frameborder=\"0\" allow=\"autoplay; fullscreen; picture-in-picture; clipboard-write; encrypted-media\"><\/iframe>\n<\/div><\/figure>\n\n\n\n<p class=\"has-foreground-color has-text-color has-link-color wp-elements-329dd530035f8ae58bb752d817ddf8ff\" style=\"padding-top:var(--wp--preset--spacing--40);padding-right:var(--wp--preset--spacing--40);padding-bottom:var(--wp--preset--spacing--40);padding-left:var(--wp--preset--spacing--40)\"><br><strong>Production<\/strong>&nbsp;: Le Non Dit, en collaboration artistique avec Cimarra et la compagnie de danse Nyash \/ Coproductions : La Maison du Conte, Pierre de Lune \u2013 Centre sc\u00e9nique Jeunes Publics de Bruxelles \/ Soutiens : F\u00e9d\u00e9ration Wallonie Bruxelles, Wallonie Bruxelles International, Th\u00e9\u00e2tre La Montagne Magique, Centre culturel de Nivelles, La Maison des Cultures de Molenbeek, Th\u00e9\u00e2tre La Roseraie<\/p>\n\n\n\n<p class=\"has-foreground-color has-text-color has-link-color wp-elements-321fbb9de58ee41dd5cbc91ad582584c\" style=\"padding-right:var(--wp--preset--spacing--40);padding-left:var(--wp--preset--spacing--40)\"><strong>Contact : <\/strong><\/p>\n\n\n\n<p class=\"has-foreground-color has-text-color has-link-color wp-elements-e9964827b86c8d95ed74c07a9f87d616\" style=\"padding-right:var(--wp--preset--spacing--60);padding-left:var(--wp--preset--spacing--60)\">e-mail : <a href=\"mailto:info@melancolie.org\">info@melancolie.org<\/a><\/p>\n\n\n\n<p class=\"has-foreground-color has-text-color has-link-color wp-elements-6f08373444b95bd93f078bbd2b993599\" style=\"padding-right:var(--wp--preset--spacing--60);padding-left:var(--wp--preset--spacing--60)\">Site web : <a href=\"https:\/\/www.melancolie.org\">www.melancolie.org<\/a><\/p>\n\n\n\n<p class=\"has-foreground-color has-text-color has-link-color wp-elements-c971cffce2ffbb4e3dc494333ac78149\" style=\"padding-top:var(--wp--preset--spacing--60);padding-right:var(--wp--preset--spacing--40);padding-bottom:var(--wp--preset--spacing--60);padding-left:var(--wp--preset--spacing--40)\"><\/p>\n","protected":false},"excerpt":{"rendered":"<p>L\u2019ENFANT QUI EST N\u00c9 DEUX FOIS Randonn\u00e9e animali\u00e8re, conte et mouvement, deuil, vie\u00c2ge\u00a0: 5 ans+, maternelle, \u00e9l\u00e9mentaire, adultes \u00ab Une [&hellip;]<\/p>\n","protected":false},"author":1,"featured_media":265,"parent":0,"menu_order":0,"comment_status":"closed","ping_status":"closed","template":"","meta":{"footnotes":""},"class_list":["post-656","page","type-page","status-publish","has-post-thumbnail","hentry"],"_links":{"self":[{"href":"https:\/\/spectacles.lamaisonduconte.com\/index.php\/wp-json\/wp\/v2\/pages\/656","targetHints":{"allow":["GET"]}}],"collection":[{"href":"https:\/\/spectacles.lamaisonduconte.com\/index.php\/wp-json\/wp\/v2\/pages"}],"about":[{"href":"https:\/\/spectacles.lamaisonduconte.com\/index.php\/wp-json\/wp\/v2\/types\/page"}],"author":[{"embeddable":true,"href":"https:\/\/spectacles.lamaisonduconte.com\/index.php\/wp-json\/wp\/v2\/users\/1"}],"replies":[{"embeddable":true,"href":"https:\/\/spectacles.lamaisonduconte.com\/index.php\/wp-json\/wp\/v2\/comments?post=656"}],"version-history":[{"count":7,"href":"https:\/\/spectacles.lamaisonduconte.com\/index.php\/wp-json\/wp\/v2\/pages\/656\/revisions"}],"predecessor-version":[{"id":1535,"href":"https:\/\/spectacles.lamaisonduconte.com\/index.php\/wp-json\/wp\/v2\/pages\/656\/revisions\/1535"}],"wp:featuredmedia":[{"embeddable":true,"href":"https:\/\/spectacles.lamaisonduconte.com\/index.php\/wp-json\/wp\/v2\/media\/265"}],"wp:attachment":[{"href":"https:\/\/spectacles.lamaisonduconte.com\/index.php\/wp-json\/wp\/v2\/media?parent=656"}],"curies":[{"name":"wp","href":"https:\/\/api.w.org\/{rel}","templated":true}]}}