{"id":669,"date":"2024-12-02T12:17:20","date_gmt":"2024-12-02T11:17:20","guid":{"rendered":"https:\/\/spectacles.lamaisonduconte.com\/?page_id=669"},"modified":"2025-01-14T12:35:03","modified_gmt":"2025-01-14T11:35:03","slug":"fred-nuad-oiseau-de-feu","status":"publish","type":"page","link":"https:\/\/spectacles.lamaisonduconte.com\/index.php\/fred-nuad-oiseau-de-feu\/","title":{"rendered":"Fred Naud &#8211; Oiseau de feu"},"content":{"rendered":"\n<figure class=\"wp-block-image size-full is-resized\" style=\"margin-right:var(--wp--preset--spacing--40);margin-left:var(--wp--preset--spacing--40)\"><img loading=\"lazy\" decoding=\"async\" width=\"567\" height=\"700\" src=\"http:\/\/spectacles.lamaisonduconte.com\/wp-content\/uploads\/2024\/11\/SP-Naud-oiseau.jpg\" alt=\"\" class=\"wp-image-281\" style=\"width:357px\" srcset=\"https:\/\/spectacles.lamaisonduconte.com\/wp-content\/uploads\/2024\/11\/SP-Naud-oiseau.jpg 567w, https:\/\/spectacles.lamaisonduconte.com\/wp-content\/uploads\/2024\/11\/SP-Naud-oiseau-243x300.jpg 243w\" sizes=\"auto, (max-width: 567px) 100vw, 567px\" \/><\/figure>\n\n\n\n<h2 class=\"wp-block-heading has-foreground-color has-text-color has-link-color wp-elements-604a544c7be049ffc8f54406ca2f76e6\" style=\"padding-right:var(--wp--preset--spacing--40);padding-left:var(--wp--preset--spacing--40)\"><br>L\u2019OISEAU DE FEU<br><\/h2>\n\n\n\n<blockquote class=\"wp-block-quote has-foreground-color has-text-color has-link-color has-extra-small-font-size wp-elements-6472da42df6959a81bac3f2748704436 is-layout-flow wp-block-quote-is-layout-flow\" style=\"padding-right:0;padding-left:0\">\n<h6 class=\"wp-block-heading has-raleway-font-family has-extra-small-font-size\" style=\"padding-right:var(--wp--preset--spacing--40);padding-left:var(--wp--preset--spacing--40)\">Jeu-vid\u00e9o, coll\u00e8ge, conte merveilleux russe, adolescence, humour<br>\u00c2ge\u00a0: 9 ans+, \u00e9l\u00e9mentaire, coll\u00e8ge<\/h6>\n\n\n\n<p><\/p>\n<\/blockquote>\n\n\n\n<p class=\"has-foreground-color has-text-color has-link-color wp-elements-0bf1d8995b7283b46585bc0027d4e095\" style=\"padding-right:var(--wp--preset--spacing--40);padding-left:var(--wp--preset--spacing--40)\"><br>\u00ab Alex est persuad\u00e9 d\u2019\u00eatre le seul sixi\u00e8me de toute la plan\u00e8te \u00e0 n\u2019avoir jamais jou\u00e9 \u00e0 un seul jeu vid\u00e9o. Pour ne pas perdre la face devant ses nouveaux camarades de classe, il pr\u00e9tend qu\u2019il joue \u00e0 SKAZKA, un jeu vid\u00e9o, dont personne n\u2019a entendu parler. Tout le coll\u00e8ge se passionne et veut y jouer. Alors qu\u2019il s\u2019appr\u00eate \u00e0 avouer ses mensonges, on apprend qu\u2019un grand troisi\u00e8me a disparu\u2026 dans SKAZKA. \u00bb<\/p>\n\n\n\n<p class=\"has-foreground-color has-text-color has-link-color wp-elements-4b9943a40f5816ba74f9591d1d1d6832\" style=\"padding-right:var(--wp--preset--spacing--40);padding-left:var(--wp--preset--spacing--40)\"><\/p>\n\n\n\n<p class=\"has-foreground-color has-text-color has-link-color wp-elements-ba1238313e84d32e61af7a13624464d4\"><\/p>\n\n\n\n<p class=\"has-foreground-color has-text-color has-link-color wp-elements-f0feecc27699945b93550078c237bdb5\" style=\"padding-right:var(--wp--preset--spacing--40);padding-left:var(--wp--preset--spacing--40)\"><br><strong>Lieux de repr\u00e9sentation&nbsp;<\/strong>: forme plateau (r\u00e9gie son et lumi\u00e8re) ; forme LND (lieux non-d\u00e9di\u00e9s)<\/p>\n\n\n\n<p class=\"has-foreground-color has-text-color has-link-color wp-elements-8989ccead830adfb1b308bdfd3048216\" style=\"padding-top:var(--wp--preset--spacing--40);padding-right:var(--wp--preset--spacing--40);padding-bottom:var(--wp--preset--spacing--40);padding-left:var(--wp--preset--spacing--40)\"><strong>\u00c9quipe artiste&nbsp;au plateau<\/strong>&nbsp;: <a href=\"https:\/\/spectacles.lamaisonduconte.com\/index.php\/fred-naud-fiche-artiste\/\" data-type=\"page\" data-id=\"667\">Fr\u00e9d\u00e9ric Naud<\/a><\/p>\n\n\n\n<p class=\"has-foreground-color has-text-color has-link-color wp-elements-8611ef7c9e7b2b2c8bb9d076fe9994f1\" style=\"padding-top:var(--wp--preset--spacing--50);padding-right:var(--wp--preset--spacing--40);padding-bottom:var(--wp--preset--spacing--50);padding-left:var(--wp--preset--spacing--40)\"><strong>Production d\u00e9l\u00e9gu\u00e9e&nbsp;<\/strong>: La Cuisine association \/ Soutien : La Maison du Conte<\/p>\n\n\n\n<p class=\"has-foreground-color has-text-color has-link-color wp-elements-321fbb9de58ee41dd5cbc91ad582584c\" style=\"padding-right:var(--wp--preset--spacing--40);padding-left:var(--wp--preset--spacing--40)\"><strong>Contact : <\/strong><\/p>\n\n\n\n<p class=\"has-foreground-color has-text-color has-link-color wp-elements-463597fe7c9d4b37c4ddefdb156063d2\" style=\"padding-right:var(--wp--preset--spacing--60);padding-left:var(--wp--preset--spacing--60)\">e-mail : <a href=\"mailto:frederic.naud.diff@gmail.com\">frederic.naud.diff@gmail.com<\/a><\/p>\n\n\n\n<p class=\"has-foreground-color has-text-color has-link-color wp-elements-6197f5e40fedb64a3be3faa3f0e9b91b\" style=\"padding-right:var(--wp--preset--spacing--60);padding-left:var(--wp--preset--spacing--60)\">Site web : <a href=\"https:\/\/www.frederic-naud-et-cie.com\">www.frederic-naud-et-cie.com<\/a><\/p>\n\n\n\n<p class=\"has-foreground-color has-text-color has-link-color wp-elements-c971cffce2ffbb4e3dc494333ac78149\" style=\"padding-top:var(--wp--preset--spacing--60);padding-right:var(--wp--preset--spacing--40);padding-bottom:var(--wp--preset--spacing--60);padding-left:var(--wp--preset--spacing--40)\"><\/p>\n","protected":false},"excerpt":{"rendered":"<p>L\u2019OISEAU DE FEU Jeu-vid\u00e9o, coll\u00e8ge, conte merveilleux russe, adolescence, humour\u00c2ge\u00a0: 9 ans+, \u00e9l\u00e9mentaire, coll\u00e8ge \u00ab Alex est persuad\u00e9 d\u2019\u00eatre le [&hellip;]<\/p>\n","protected":false},"author":1,"featured_media":281,"parent":0,"menu_order":0,"comment_status":"closed","ping_status":"closed","template":"","meta":{"footnotes":""},"class_list":["post-669","page","type-page","status-publish","has-post-thumbnail","hentry"],"_links":{"self":[{"href":"https:\/\/spectacles.lamaisonduconte.com\/index.php\/wp-json\/wp\/v2\/pages\/669","targetHints":{"allow":["GET"]}}],"collection":[{"href":"https:\/\/spectacles.lamaisonduconte.com\/index.php\/wp-json\/wp\/v2\/pages"}],"about":[{"href":"https:\/\/spectacles.lamaisonduconte.com\/index.php\/wp-json\/wp\/v2\/types\/page"}],"author":[{"embeddable":true,"href":"https:\/\/spectacles.lamaisonduconte.com\/index.php\/wp-json\/wp\/v2\/users\/1"}],"replies":[{"embeddable":true,"href":"https:\/\/spectacles.lamaisonduconte.com\/index.php\/wp-json\/wp\/v2\/comments?post=669"}],"version-history":[{"count":7,"href":"https:\/\/spectacles.lamaisonduconte.com\/index.php\/wp-json\/wp\/v2\/pages\/669\/revisions"}],"predecessor-version":[{"id":1512,"href":"https:\/\/spectacles.lamaisonduconte.com\/index.php\/wp-json\/wp\/v2\/pages\/669\/revisions\/1512"}],"wp:featuredmedia":[{"embeddable":true,"href":"https:\/\/spectacles.lamaisonduconte.com\/index.php\/wp-json\/wp\/v2\/media\/281"}],"wp:attachment":[{"href":"https:\/\/spectacles.lamaisonduconte.com\/index.php\/wp-json\/wp\/v2\/media?parent=669"}],"curies":[{"name":"wp","href":"https:\/\/api.w.org\/{rel}","templated":true}]}}