{"id":671,"date":"2024-12-02T12:21:39","date_gmt":"2024-12-02T11:21:39","guid":{"rendered":"https:\/\/spectacles.lamaisonduconte.com\/?page_id=671"},"modified":"2025-01-14T12:34:45","modified_gmt":"2025-01-14T11:34:45","slug":"fred-naud-meningite-des-poireaux","status":"publish","type":"page","link":"https:\/\/spectacles.lamaisonduconte.com\/index.php\/fred-naud-meningite-des-poireaux\/","title":{"rendered":"Fred Naud \/ Jeanne Videau \u2013 La m\u00e9ningite des poireaux"},"content":{"rendered":"\n<figure class=\"wp-block-image size-full is-resized\" style=\"margin-right:var(--wp--preset--spacing--40);margin-left:var(--wp--preset--spacing--40)\"><img loading=\"lazy\" decoding=\"async\" width=\"567\" height=\"700\" src=\"http:\/\/spectacles.lamaisonduconte.com\/wp-content\/uploads\/2024\/11\/SP-Naud-meningite-1.jpg\" alt=\"\" class=\"wp-image-1130\" style=\"width:357px\" srcset=\"https:\/\/spectacles.lamaisonduconte.com\/wp-content\/uploads\/2024\/11\/SP-Naud-meningite-1.jpg 567w, https:\/\/spectacles.lamaisonduconte.com\/wp-content\/uploads\/2024\/11\/SP-Naud-meningite-1-243x300.jpg 243w\" sizes=\"auto, (max-width: 567px) 100vw, 567px\" \/><\/figure>\n\n\n\n<h2 class=\"wp-block-heading has-foreground-color has-text-color has-link-color wp-elements-ab177dda66d4e37867bf1006a977eba0\" style=\"padding-right:var(--wp--preset--spacing--40);padding-left:var(--wp--preset--spacing--40)\"><br>LA M\u00c9NINGITE DES POIREAUX<br><\/h2>\n\n\n\n<blockquote class=\"wp-block-quote has-foreground-color has-text-color has-link-color has-extra-small-font-size wp-elements-7b56f790507f16493a7101459c210f1a is-layout-flow wp-block-quote-is-layout-flow\" style=\"padding-right:0;padding-left:0\">\n<h6 class=\"wp-block-heading has-raleway-font-family has-extra-small-font-size\" style=\"padding-right:var(--wp--preset--spacing--40);padding-left:var(--wp--preset--spacing--40)\">Antipsychiatrie et psychiatrie, guerre, handicap\u00e9, Tosquelles, r\u00e9cit de vie, fantastique<br>\u00c2ge\u00a0: 14 ans+, lyc\u00e9e, adultes<\/h6>\n\n\n\n<p><\/p>\n<\/blockquote>\n\n\n\n<p class=\"has-foreground-color has-text-color has-link-color wp-elements-9de1116ba05dfd427554aa4fd2db0b21\" style=\"padding-right:var(--wp--preset--spacing--40);padding-left:var(--wp--preset--spacing--40)\"><br>\u00ab Raconter l\u2019histoire de Fran\u00e7ois Tosquelles, psychiatre catalan qui a fuit le franquisme et qui a r\u00e9volutionn\u00e9 la psychiatrie de la fin du XXe si\u00e8cle. Raconter, en parall\u00e8le, l\u2019histoire d\u2019Elise K., la grand-m\u00e8re de l\u2019auteur, qui f\u00fbt intern\u00e9e comme \u00ab folle \u00bb pr\u00e8s d\u2019Angers. Et se demander ce qu\u2019aurait \u00e9t\u00e9 sa vie si elle avait eu la chance de rencontrer ce Docteur \u00ab D\u00e9coniatre. \u00bb<\/p>\n\n\n\n<p class=\"has-foreground-color has-text-color has-link-color wp-elements-4b9943a40f5816ba74f9591d1d1d6832\" style=\"padding-right:var(--wp--preset--spacing--40);padding-left:var(--wp--preset--spacing--40)\"><\/p>\n\n\n\n<p class=\"has-foreground-color has-text-color has-link-color wp-elements-ba1238313e84d32e61af7a13624464d4\"><\/p>\n\n\n\n<p class=\"has-foreground-color has-text-color has-link-color wp-elements-0dd571d7468db780e4d625a2c814712c\" style=\"padding-right:var(--wp--preset--spacing--40);padding-left:var(--wp--preset--spacing--40)\"><br><strong>Lieux de repr\u00e9sentation&nbsp;<\/strong>: plateau (r\u00e9gie son et lumi\u00e8re)<\/p>\n\n\n\n<p class=\"has-foreground-color has-text-color has-link-color wp-elements-44457dd1c733bb258433bf25ea9a591c\" style=\"padding-top:var(--wp--preset--spacing--40);padding-right:var(--wp--preset--spacing--40);padding-bottom:var(--wp--preset--spacing--40);padding-left:var(--wp--preset--spacing--40)\"><strong>\u00c9quipe artiste&nbsp;au plateau<\/strong>&nbsp;: <a href=\"https:\/\/spectacles.lamaisonduconte.com\/index.php\/fred-naud-fiche-artiste\/\" data-type=\"page\" data-id=\"667\">Fr\u00e9d\u00e9ric Naud<\/a> et Jeanne Videau<\/p>\n\n\n\n<p class=\"has-foreground-color has-text-color has-link-color wp-elements-991a4c78b03a41434daf3b92aeee445e\" style=\"padding-right:var(--wp--preset--spacing--40);padding-left:var(--wp--preset--spacing--40)\"><strong>Teaser <\/strong>:<\/p>\n\n\n\n<figure class=\"wp-block-embed is-type-video is-provider-youtube wp-block-embed-youtube wp-embed-aspect-16-9 wp-has-aspect-ratio\"><div class=\"wp-block-embed__wrapper\">\n<iframe loading=\"lazy\" title=\"La m\u00e9ningite des poireaux\" width=\"500\" height=\"281\" src=\"https:\/\/www.youtube.com\/embed\/aw-L7QOSRAE?feature=oembed\" frameborder=\"0\" allow=\"accelerometer; autoplay; clipboard-write; encrypted-media; gyroscope; picture-in-picture; web-share\" referrerpolicy=\"strict-origin-when-cross-origin\" allowfullscreen><\/iframe>\n<\/div><\/figure>\n\n\n\n<p class=\"has-foreground-color has-text-color has-link-color wp-elements-89016589135764b95c62c831cb509a28\" style=\"padding-top:var(--wp--preset--spacing--50);padding-right:var(--wp--preset--spacing--40);padding-bottom:var(--wp--preset--spacing--50);padding-left:var(--wp--preset--spacing--40)\"><strong>Production&nbsp;<\/strong>: Pr\u00e9fecture de r\u00e9gion Languedoc-Roussillon-Midi-Pyr\u00e9n\u00e9es \u2013 Direction R\u00e9gionale des Affaires Culturelles, R\u00e9gion Languedoc-Roussillon-Midi-Pyr\u00e9n\u00e9es, ville de Toulouse \u2013 Espace Bonnefoy et espace JOB, P\u00f4le de l\u2019Oralit\u00e9 de Capbreton, La Maison du Conte, Anis Gras, le lieu de l\u2019autre, Th\u00e9\u00e2tre du Grand Rond, Centre des Arts du R\u00e9cit en Is\u00e8re \u2013 Sc\u00e8ne conventionn\u00e9e Saint-Martin d\u2019Heres, L\u2019Association St Alban \u2013 Arts, Culture et psychoth\u00e9rapie Institutionnelle, Dispositif \u00ab Culture partag\u00e9e \u00bb DRAC Languedoc-Roussillon, Le Strapontin, Association CLAVIM, Festival Mythos<\/p>\n\n\n\n<p class=\"has-foreground-color has-text-color has-link-color wp-elements-321fbb9de58ee41dd5cbc91ad582584c\" style=\"padding-right:var(--wp--preset--spacing--40);padding-left:var(--wp--preset--spacing--40)\"><strong>Contact : <\/strong><\/p>\n\n\n\n<p class=\"has-foreground-color has-text-color has-link-color wp-elements-463597fe7c9d4b37c4ddefdb156063d2\" style=\"padding-right:var(--wp--preset--spacing--60);padding-left:var(--wp--preset--spacing--60)\">e-mail : <a href=\"mailto:frederic.naud.diff@gmail.com\">frederic.naud.diff@gmail.com<\/a><\/p>\n\n\n\n<p class=\"has-foreground-color has-text-color has-link-color wp-elements-6197f5e40fedb64a3be3faa3f0e9b91b\" style=\"padding-right:var(--wp--preset--spacing--60);padding-left:var(--wp--preset--spacing--60)\">Site web : <a href=\"https:\/\/www.frederic-naud-et-cie.com\">www.frederic-naud-et-cie.com<\/a><\/p>\n\n\n\n<p class=\"has-foreground-color has-text-color has-link-color wp-elements-c971cffce2ffbb4e3dc494333ac78149\" style=\"padding-top:var(--wp--preset--spacing--60);padding-right:var(--wp--preset--spacing--40);padding-bottom:var(--wp--preset--spacing--60);padding-left:var(--wp--preset--spacing--40)\"><\/p>\n","protected":false},"excerpt":{"rendered":"<p>LA M\u00c9NINGITE DES POIREAUX Antipsychiatrie et psychiatrie, guerre, handicap\u00e9, Tosquelles, r\u00e9cit de vie, fantastique\u00c2ge\u00a0: 14 ans+, lyc\u00e9e, adultes \u00ab Raconter [&hellip;]<\/p>\n","protected":false},"author":1,"featured_media":1130,"parent":0,"menu_order":0,"comment_status":"closed","ping_status":"closed","template":"","meta":{"footnotes":""},"class_list":["post-671","page","type-page","status-publish","has-post-thumbnail","hentry"],"_links":{"self":[{"href":"https:\/\/spectacles.lamaisonduconte.com\/index.php\/wp-json\/wp\/v2\/pages\/671","targetHints":{"allow":["GET"]}}],"collection":[{"href":"https:\/\/spectacles.lamaisonduconte.com\/index.php\/wp-json\/wp\/v2\/pages"}],"about":[{"href":"https:\/\/spectacles.lamaisonduconte.com\/index.php\/wp-json\/wp\/v2\/types\/page"}],"author":[{"embeddable":true,"href":"https:\/\/spectacles.lamaisonduconte.com\/index.php\/wp-json\/wp\/v2\/users\/1"}],"replies":[{"embeddable":true,"href":"https:\/\/spectacles.lamaisonduconte.com\/index.php\/wp-json\/wp\/v2\/comments?post=671"}],"version-history":[{"count":7,"href":"https:\/\/spectacles.lamaisonduconte.com\/index.php\/wp-json\/wp\/v2\/pages\/671\/revisions"}],"predecessor-version":[{"id":1511,"href":"https:\/\/spectacles.lamaisonduconte.com\/index.php\/wp-json\/wp\/v2\/pages\/671\/revisions\/1511"}],"wp:featuredmedia":[{"embeddable":true,"href":"https:\/\/spectacles.lamaisonduconte.com\/index.php\/wp-json\/wp\/v2\/media\/1130"}],"wp:attachment":[{"href":"https:\/\/spectacles.lamaisonduconte.com\/index.php\/wp-json\/wp\/v2\/media?parent=671"}],"curies":[{"name":"wp","href":"https:\/\/api.w.org\/{rel}","templated":true}]}}