{"id":673,"date":"2024-12-02T12:28:58","date_gmt":"2024-12-02T11:28:58","guid":{"rendered":"https:\/\/spectacles.lamaisonduconte.com\/?page_id=673"},"modified":"2025-01-14T12:34:27","modified_gmt":"2025-01-14T11:34:27","slug":"fred-naud-marcel-nu","status":"publish","type":"page","link":"https:\/\/spectacles.lamaisonduconte.com\/index.php\/fred-naud-marcel-nu\/","title":{"rendered":"Fred Naud \/ Jeanne Videau &#8211; Marcel nu"},"content":{"rendered":"\n<figure class=\"wp-block-image size-full is-resized\" style=\"margin-right:var(--wp--preset--spacing--40);margin-left:var(--wp--preset--spacing--40)\"><img loading=\"lazy\" decoding=\"async\" width=\"567\" height=\"700\" src=\"http:\/\/spectacles.lamaisonduconte.com\/wp-content\/uploads\/2024\/11\/SP-Naud-marcel-2.jpg\" alt=\"\" class=\"wp-image-1122\" style=\"width:357px\" srcset=\"https:\/\/spectacles.lamaisonduconte.com\/wp-content\/uploads\/2024\/11\/SP-Naud-marcel-2.jpg 567w, https:\/\/spectacles.lamaisonduconte.com\/wp-content\/uploads\/2024\/11\/SP-Naud-marcel-2-243x300.jpg 243w\" sizes=\"auto, (max-width: 567px) 100vw, 567px\" \/><\/figure>\n\n\n\n<h2 class=\"wp-block-heading has-foreground-color has-text-color has-link-color wp-elements-d6b4ceb6169c42d06bc4e42fbb2db21e\" style=\"padding-right:var(--wp--preset--spacing--40);padding-left:var(--wp--preset--spacing--40)\"><br>MARCEL NU<br><\/h2>\n\n\n\n<blockquote class=\"wp-block-quote has-foreground-color has-text-color has-link-color has-extra-small-font-size wp-elements-bdc89485a93230b3b0671762ef8bc8dc is-layout-flow wp-block-quote-is-layout-flow\" style=\"padding-right:0;padding-left:0\">\n<h6 class=\"wp-block-heading has-raleway-font-family has-extra-small-font-size\" style=\"padding-right:var(--wp--preset--spacing--40);padding-left:var(--wp--preset--spacing--40)\">Handicap, sexualit\u00e9, musique, r\u00e9cit de vie fantastique, m\u00e9dia<br>\u00c2ge\u00a0: 16 ans+, lyc\u00e9e, adultes<\/h6>\n\n\n\n<p><\/p>\n<\/blockquote>\n\n\n\n<p class=\"has-foreground-color has-text-color has-link-color wp-elements-4d9b6300d86f1a9e2410978806aa6147\" style=\"padding-right:var(--wp--preset--spacing--40);padding-left:var(--wp--preset--spacing--40)\"><br>\u00ab Tout commence un samedi soir, dans l\u2019univers grotesque d\u2019une \u00e9mission de t\u00e9l\u00e9vision, o\u00f9 l\u2019apparence est reine. Victor Branck, pr\u00e9sentateur vedette, accueille Marcel Nuss, un \u00e9crivain pluri-handicap\u00e9, et sa femme Jill. Ensemble, ils militent pour l\u2019accompagnement sexuel des personnes en situation de handicap. Un spectacle qui questionne la libert\u00e9 de tous et toutes de jouir des droits sexuels en regard des emp\u00eachements visibles et\/ou invisibles de chacun\u00b7e. \u00bb<\/p>\n\n\n\n<p class=\"has-foreground-color has-text-color has-link-color wp-elements-4b9943a40f5816ba74f9591d1d1d6832\" style=\"padding-right:var(--wp--preset--spacing--40);padding-left:var(--wp--preset--spacing--40)\"><\/p>\n\n\n\n<p class=\"has-foreground-color has-text-color has-link-color wp-elements-ba1238313e84d32e61af7a13624464d4\"><\/p>\n\n\n\n<p class=\"has-foreground-color has-text-color has-link-color wp-elements-8e2040713e80e25cee0b181583eb60f8\" style=\"padding-right:var(--wp--preset--spacing--40);padding-left:var(--wp--preset--spacing--40)\"><br><strong>Lieux de repr\u00e9sentation&nbsp;<\/strong>: forme plateau (r\u00e9gie son et lumi\u00e8re) <\/p>\n\n\n\n<p class=\"has-foreground-color has-text-color has-link-color wp-elements-44457dd1c733bb258433bf25ea9a591c\" style=\"padding-top:var(--wp--preset--spacing--40);padding-right:var(--wp--preset--spacing--40);padding-bottom:var(--wp--preset--spacing--40);padding-left:var(--wp--preset--spacing--40)\"><strong>\u00c9quipe artiste&nbsp;au plateau<\/strong>&nbsp;: <a href=\"https:\/\/spectacles.lamaisonduconte.com\/index.php\/fred-naud-fiche-artiste\/\" data-type=\"page\" data-id=\"667\">Fr\u00e9d\u00e9ric Naud<\/a> et Jeanne Videau<\/p>\n\n\n\n<p class=\"has-foreground-color has-text-color has-link-color wp-elements-991a4c78b03a41434daf3b92aeee445e\" style=\"padding-right:var(--wp--preset--spacing--40);padding-left:var(--wp--preset--spacing--40)\"><strong>Teaser <\/strong>:<\/p>\n\n\n\n<figure class=\"wp-block-embed is-type-video is-provider-youtube wp-block-embed-youtube wp-embed-aspect-16-9 wp-has-aspect-ratio\"><div class=\"wp-block-embed__wrapper\">\n<iframe loading=\"lazy\" title=\"Marcel Nu   Bande annonce\" width=\"500\" height=\"281\" src=\"https:\/\/www.youtube.com\/embed\/71f11Ro4uRo?feature=oembed\" frameborder=\"0\" allow=\"accelerometer; autoplay; clipboard-write; encrypted-media; gyroscope; picture-in-picture; web-share\" referrerpolicy=\"strict-origin-when-cross-origin\" allowfullscreen><\/iframe>\n<\/div><\/figure>\n\n\n\n<p class=\"has-foreground-color has-text-color has-link-color wp-elements-55e893137c8ac4dc1316ed4c1cc34589\" style=\"padding-top:var(--wp--preset--spacing--50);padding-right:var(--wp--preset--spacing--40);padding-bottom:var(--wp--preset--spacing--50);padding-left:var(--wp--preset--spacing--40)\"><strong>Production&nbsp;<\/strong>: Communaut\u00e9 de Communes Maremne Adour C\u00f4te Sud et La Maison de l\u2019Oralit\u00e9 et du Patrimoine de la Ville de Capbreton, Centre des arts du r\u00e9cit \u2013 Sc\u00e8ne conventionn\u00e9e d\u2019int\u00e9r\u00eat national Art et cr\u00e9ation, Sc\u00e8nes Crois\u00e9es de Loz\u00e8re, Sc\u00e8ne conventionn\u00e9e d\u2019int\u00e9r\u00eat national, Art en territoire, Th\u00e9\u00e2tre du Grand Rond, Le Tracteur, L\u2019ESAT l\u2019Evasion \u2013 Espace d\u2019\u00e9changes culturels, La Bulle Bleue, L\u2019IME La Pin\u00e8de<\/p>\n\n\n\n<p class=\"has-foreground-color has-text-color has-link-color wp-elements-321fbb9de58ee41dd5cbc91ad582584c\" style=\"padding-right:var(--wp--preset--spacing--40);padding-left:var(--wp--preset--spacing--40)\"><strong>Contact : <\/strong><\/p>\n\n\n\n<p class=\"has-foreground-color has-text-color has-link-color wp-elements-463597fe7c9d4b37c4ddefdb156063d2\" style=\"padding-right:var(--wp--preset--spacing--60);padding-left:var(--wp--preset--spacing--60)\">e-mail : <a href=\"mailto:frederic.naud.diff@gmail.com\">frederic.naud.diff@gmail.com<\/a><\/p>\n\n\n\n<p class=\"has-foreground-color has-text-color has-link-color wp-elements-6197f5e40fedb64a3be3faa3f0e9b91b\" style=\"padding-right:var(--wp--preset--spacing--60);padding-left:var(--wp--preset--spacing--60)\">Site web : <a href=\"https:\/\/www.frederic-naud-et-cie.com\">www.frederic-naud-et-cie.com<\/a><\/p>\n\n\n\n<p class=\"has-foreground-color has-text-color has-link-color wp-elements-c971cffce2ffbb4e3dc494333ac78149\" style=\"padding-top:var(--wp--preset--spacing--60);padding-right:var(--wp--preset--spacing--40);padding-bottom:var(--wp--preset--spacing--60);padding-left:var(--wp--preset--spacing--40)\"><\/p>\n","protected":false},"excerpt":{"rendered":"<p>MARCEL NU Handicap, sexualit\u00e9, musique, r\u00e9cit de vie fantastique, m\u00e9dia\u00c2ge\u00a0: 16 ans+, lyc\u00e9e, adultes \u00ab Tout commence un samedi soir, [&hellip;]<\/p>\n","protected":false},"author":1,"featured_media":1122,"parent":0,"menu_order":0,"comment_status":"closed","ping_status":"closed","template":"","meta":{"footnotes":""},"class_list":["post-673","page","type-page","status-publish","has-post-thumbnail","hentry"],"_links":{"self":[{"href":"https:\/\/spectacles.lamaisonduconte.com\/index.php\/wp-json\/wp\/v2\/pages\/673","targetHints":{"allow":["GET"]}}],"collection":[{"href":"https:\/\/spectacles.lamaisonduconte.com\/index.php\/wp-json\/wp\/v2\/pages"}],"about":[{"href":"https:\/\/spectacles.lamaisonduconte.com\/index.php\/wp-json\/wp\/v2\/types\/page"}],"author":[{"embeddable":true,"href":"https:\/\/spectacles.lamaisonduconte.com\/index.php\/wp-json\/wp\/v2\/users\/1"}],"replies":[{"embeddable":true,"href":"https:\/\/spectacles.lamaisonduconte.com\/index.php\/wp-json\/wp\/v2\/comments?post=673"}],"version-history":[{"count":7,"href":"https:\/\/spectacles.lamaisonduconte.com\/index.php\/wp-json\/wp\/v2\/pages\/673\/revisions"}],"predecessor-version":[{"id":1510,"href":"https:\/\/spectacles.lamaisonduconte.com\/index.php\/wp-json\/wp\/v2\/pages\/673\/revisions\/1510"}],"wp:featuredmedia":[{"embeddable":true,"href":"https:\/\/spectacles.lamaisonduconte.com\/index.php\/wp-json\/wp\/v2\/media\/1122"}],"wp:attachment":[{"href":"https:\/\/spectacles.lamaisonduconte.com\/index.php\/wp-json\/wp\/v2\/media?parent=673"}],"curies":[{"name":"wp","href":"https:\/\/api.w.org\/{rel}","templated":true}]}}