{"id":681,"date":"2024-12-02T12:45:55","date_gmt":"2024-12-02T11:45:55","guid":{"rendered":"https:\/\/spectacles.lamaisonduconte.com\/?page_id=681"},"modified":"2025-01-14T12:34:09","modified_gmt":"2025-01-14T11:34:09","slug":"michele-nguyen-marie-sur-le-pave","status":"publish","type":"page","link":"https:\/\/spectacles.lamaisonduconte.com\/index.php\/michele-nguyen-marie-sur-le-pave\/","title":{"rendered":"Mich\u00e8le Nguyen et Ga\u00ebtan Van den Berg &#8211; Marie sur le pav\u00e9"},"content":{"rendered":"\n<figure class=\"wp-block-image size-full is-resized\" style=\"margin-right:var(--wp--preset--spacing--40);margin-left:var(--wp--preset--spacing--40)\"><img loading=\"lazy\" decoding=\"async\" width=\"567\" height=\"700\" src=\"http:\/\/spectacles.lamaisonduconte.com\/wp-content\/uploads\/2024\/11\/SP-Nguyen-marie-1.jpg\" alt=\"\" class=\"wp-image-1169\" style=\"width:357px\" srcset=\"https:\/\/spectacles.lamaisonduconte.com\/wp-content\/uploads\/2024\/11\/SP-Nguyen-marie-1.jpg 567w, https:\/\/spectacles.lamaisonduconte.com\/wp-content\/uploads\/2024\/11\/SP-Nguyen-marie-1-243x300.jpg 243w\" sizes=\"auto, (max-width: 567px) 100vw, 567px\" \/><\/figure>\n\n\n\n<h2 class=\"wp-block-heading has-foreground-color has-text-color has-link-color wp-elements-1bd142783bc8f9c1a394eeb756d23a96\" style=\"padding-right:var(--wp--preset--spacing--40);padding-left:var(--wp--preset--spacing--40)\"><br>MARIE SUR LE PAV\u00c9<br><\/h2>\n\n\n\n<blockquote class=\"wp-block-quote has-foreground-color has-text-color has-link-color has-extra-small-font-size wp-elements-9d916ea860eb74c9488b8b7c93ca8f27 is-layout-flow wp-block-quote-is-layout-flow\" style=\"padding-right:0;padding-left:0\">\n<h6 class=\"wp-block-heading has-raleway-font-family has-extra-small-font-size\" style=\"padding-right:var(--wp--preset--spacing--40);padding-left:var(--wp--preset--spacing--40)\">R\u00e9cit de vie, couple, famille, r\u00e9silience, fille, march\u00e9-aux-puces, souvenirs, cr\u00e9ation, art<br>\u00c2ge\u00a0: 14 ans+, lyc\u00e9e, adultes<\/h6>\n\n\n\n<p><\/p>\n<\/blockquote>\n\n\n\n<p class=\"has-foreground-color has-text-color has-link-color wp-elements-4d83a556cae7506494c0a92bfc707274\" style=\"padding-right:var(--wp--preset--spacing--40);padding-left:var(--wp--preset--spacing--40)\"><br>\u00ab Un spectacle qui m\u00eale des personnages r\u00e9els ou fictifs, leurs f\u00ealures et illuminations, leurs plus profonds regrets et plus secr\u00e8tes victoires. C&rsquo;est \u00e0 la fois une chute et une course effr\u00e9n\u00e9e vers la vie, une c\u00e9l\u00e9bration des gens de l&rsquo;ombre et de la lumi\u00e8re, l&rsquo;urgence de raconter une histoire entendue durant l&rsquo;enfance. \u00bb<\/p>\n\n\n\n<p class=\"has-foreground-color has-text-color has-link-color wp-elements-4b9943a40f5816ba74f9591d1d1d6832\" style=\"padding-right:var(--wp--preset--spacing--40);padding-left:var(--wp--preset--spacing--40)\"><\/p>\n\n\n\n<p class=\"has-foreground-color has-text-color has-link-color wp-elements-ba1238313e84d32e61af7a13624464d4\"><\/p>\n\n\n\n<p class=\"has-foreground-color has-text-color has-link-color wp-elements-4ac686e5751033f3d4d601dd2dcb3c11\" style=\"padding-right:var(--wp--preset--spacing--40);padding-left:var(--wp--preset--spacing--40)\"><br><strong>Lieux de repr\u00e9sentation&nbsp;<\/strong>: forme plateau (r\u00e9gie autonome possible)<\/p>\n\n\n\n<p class=\"has-foreground-color has-text-color has-link-color wp-elements-b03a9d0ee6eb3f4516d83f75aef18381\" style=\"padding-top:var(--wp--preset--spacing--40);padding-right:var(--wp--preset--spacing--40);padding-bottom:var(--wp--preset--spacing--40);padding-left:var(--wp--preset--spacing--40)\"><strong>\u00c9quipe artiste&nbsp;au plateau<\/strong>&nbsp;: <a href=\"https:\/\/spectacles.lamaisonduconte.com\/index.php\/michele-nguyen-fiche-artiste\/\" data-type=\"page\" data-id=\"677\">Mich\u00e8le Nguyen<\/a> et Ga\u00ebtan Van den Berg<\/p>\n\n\n\n<p class=\"has-foreground-color has-text-color has-link-color wp-elements-dac3947a741d2aa09c164f88960c5946\" style=\"padding-top:var(--wp--preset--spacing--50);padding-right:var(--wp--preset--spacing--40);padding-bottom:var(--wp--preset--spacing--50);padding-left:var(--wp--preset--spacing--40)\"><strong>Coproduction&nbsp;<\/strong>: La Maison du Conte<br>&nbsp;<\/p>\n\n\n\n<p class=\"has-foreground-color has-text-color has-link-color wp-elements-05c3a6dc57c3af08cb57c518ab39b9e1\" style=\"padding-top:var(--wp--preset--spacing--50);padding-right:var(--wp--preset--spacing--40);padding-bottom:var(--wp--preset--spacing--50);padding-left:var(--wp--preset--spacing--40)\"><\/p>\n\n\n\n<p class=\"has-foreground-color has-text-color has-link-color wp-elements-321fbb9de58ee41dd5cbc91ad582584c\" style=\"padding-right:var(--wp--preset--spacing--40);padding-left:var(--wp--preset--spacing--40)\"><strong>Contact : <\/strong><\/p>\n\n\n\n<p class=\"has-foreground-color has-text-color has-link-color wp-elements-b39a003af7bd675a8298cdc87524065e\" style=\"padding-right:var(--wp--preset--spacing--60);padding-left:var(--wp--preset--spacing--60)\">e-mail : <a href=\"mailto:michele@michelenguyen.com\">michele@michelenguyen.com<\/a><\/p>\n\n\n\n<p class=\"has-foreground-color has-text-color has-link-color wp-elements-b01177755f8f56ebd96a836a4fee3fbe\" style=\"padding-right:var(--wp--preset--spacing--60);padding-left:var(--wp--preset--spacing--60)\">Site web : <a href=\"https:\/\/www.michelenguyen.com\">www.michelenguyen.com<\/a><\/p>\n\n\n\n<p class=\"has-foreground-color has-text-color has-link-color wp-elements-c971cffce2ffbb4e3dc494333ac78149\" style=\"padding-top:var(--wp--preset--spacing--60);padding-right:var(--wp--preset--spacing--40);padding-bottom:var(--wp--preset--spacing--60);padding-left:var(--wp--preset--spacing--40)\"><\/p>\n","protected":false},"excerpt":{"rendered":"<p>MARIE SUR LE PAV\u00c9 R\u00e9cit de vie, couple, famille, r\u00e9silience, fille, march\u00e9-aux-puces, souvenirs, cr\u00e9ation, art\u00c2ge\u00a0: 14 ans+, lyc\u00e9e, adultes \u00ab [&hellip;]<\/p>\n","protected":false},"author":1,"featured_media":1169,"parent":0,"menu_order":0,"comment_status":"closed","ping_status":"closed","template":"","meta":{"footnotes":""},"class_list":["post-681","page","type-page","status-publish","has-post-thumbnail","hentry"],"_links":{"self":[{"href":"https:\/\/spectacles.lamaisonduconte.com\/index.php\/wp-json\/wp\/v2\/pages\/681","targetHints":{"allow":["GET"]}}],"collection":[{"href":"https:\/\/spectacles.lamaisonduconte.com\/index.php\/wp-json\/wp\/v2\/pages"}],"about":[{"href":"https:\/\/spectacles.lamaisonduconte.com\/index.php\/wp-json\/wp\/v2\/types\/page"}],"author":[{"embeddable":true,"href":"https:\/\/spectacles.lamaisonduconte.com\/index.php\/wp-json\/wp\/v2\/users\/1"}],"replies":[{"embeddable":true,"href":"https:\/\/spectacles.lamaisonduconte.com\/index.php\/wp-json\/wp\/v2\/comments?post=681"}],"version-history":[{"count":8,"href":"https:\/\/spectacles.lamaisonduconte.com\/index.php\/wp-json\/wp\/v2\/pages\/681\/revisions"}],"predecessor-version":[{"id":1509,"href":"https:\/\/spectacles.lamaisonduconte.com\/index.php\/wp-json\/wp\/v2\/pages\/681\/revisions\/1509"}],"wp:featuredmedia":[{"embeddable":true,"href":"https:\/\/spectacles.lamaisonduconte.com\/index.php\/wp-json\/wp\/v2\/media\/1169"}],"wp:attachment":[{"href":"https:\/\/spectacles.lamaisonduconte.com\/index.php\/wp-json\/wp\/v2\/media?parent=681"}],"curies":[{"name":"wp","href":"https:\/\/api.w.org\/{rel}","templated":true}]}}