{"id":688,"date":"2024-12-02T14:42:20","date_gmt":"2024-12-02T13:42:20","guid":{"rendered":"https:\/\/spectacles.lamaisonduconte.com\/?page_id=688"},"modified":"2025-01-14T12:33:47","modified_gmt":"2025-01-14T11:33:47","slug":"delphine-noly-reve-de-pierre","status":"publish","type":"page","link":"https:\/\/spectacles.lamaisonduconte.com\/index.php\/delphine-noly-reve-de-pierre\/","title":{"rendered":"Delphine Noly \/ Xavier Clion \u2013 R\u00eave de pierre"},"content":{"rendered":"\n<figure class=\"wp-block-image size-full is-resized\" style=\"margin-right:var(--wp--preset--spacing--40);margin-left:var(--wp--preset--spacing--40)\"><img loading=\"lazy\" decoding=\"async\" width=\"567\" height=\"700\" src=\"http:\/\/spectacles.lamaisonduconte.com\/wp-content\/uploads\/2024\/12\/SP-Noly-pierres.jpg\" alt=\"\" class=\"wp-image-1110\" style=\"width:357px\" srcset=\"https:\/\/spectacles.lamaisonduconte.com\/wp-content\/uploads\/2024\/12\/SP-Noly-pierres.jpg 567w, https:\/\/spectacles.lamaisonduconte.com\/wp-content\/uploads\/2024\/12\/SP-Noly-pierres-243x300.jpg 243w\" sizes=\"auto, (max-width: 567px) 100vw, 567px\" \/><\/figure>\n\n\n\n<h2 class=\"wp-block-heading has-foreground-color has-text-color has-link-color wp-elements-801fd62d185c63ee08ebe69bd0963728\" style=\"padding-right:var(--wp--preset--spacing--40);padding-left:var(--wp--preset--spacing--40)\"><br>R\u00caVE DE PIERRES \u2013 NOS PALAIS INTIMES VOLET 1<br><\/h2>\n\n\n\n<blockquote class=\"wp-block-quote has-foreground-color has-text-color has-link-color has-extra-small-font-size wp-elements-27c6c42bfc75228c020e55223536b52c is-layout-flow wp-block-quote-is-layout-flow\" style=\"padding-right:0;padding-left:0\">\n<h6 class=\"wp-block-heading has-raleway-font-family has-extra-small-font-size\" style=\"padding-right:var(--wp--preset--spacing--40);padding-left:var(--wp--preset--spacing--40)\">R\u00eave, cabane, po\u00e9sie, chant, musique<br>\u00c2ge\u00a0: 3 ans +, adultes<\/h6>\n\n\n\n<p><\/p>\n<\/blockquote>\n\n\n\n<p class=\"has-foreground-color has-text-color has-link-color wp-elements-5f288d8e828bbd8f28cbb61c430c8c51\" style=\"padding-right:var(--wp--preset--spacing--40);padding-left:var(--wp--preset--spacing--40)\"><br>\u00ab R\u00eave de pierres est un hommage po\u00e9tique et sensible au Palais Id\u00e9al du facteur Cheval qui a b\u00e2ti pendant 33 ann\u00e9es de sa vie, seul la nuit avec les pierres ramass\u00e9es sur sa tourn\u00e9e, un incroyable palais tout droit sorti de son imaginaire. Au fil du spectacle na\u00eet une cabane po\u00e9tique, lieu de tous les possibles pour s\u2019\u00e9merveiller et r\u00eaver \u00e0 un monde plus sensible. \u00bb<\/p>\n\n\n\n<p class=\"has-foreground-color has-text-color has-link-color wp-elements-4b9943a40f5816ba74f9591d1d1d6832\" style=\"padding-right:var(--wp--preset--spacing--40);padding-left:var(--wp--preset--spacing--40)\"><\/p>\n\n\n\n<p class=\"has-foreground-color has-text-color has-link-color wp-elements-ba1238313e84d32e61af7a13624464d4\"><\/p>\n\n\n\n<p class=\"has-foreground-color has-text-color has-link-color wp-elements-500953d095d66147ab73c3365478889c\" style=\"padding-right:var(--wp--preset--spacing--40);padding-left:var(--wp--preset--spacing--40)\"><br><strong>Lieux de repr\u00e9sentation&nbsp;<\/strong>: grand espace (10 m\u00e8tres sur 10 m\u00e8tres) pour installation &#8211; assises comprises dans l&rsquo;installation<\/p>\n\n\n\n<p class=\"has-foreground-color has-text-color has-link-color wp-elements-e047de68aed52e575e0517c3f5381f4c\" style=\"padding-top:var(--wp--preset--spacing--40);padding-right:var(--wp--preset--spacing--40);padding-bottom:var(--wp--preset--spacing--40);padding-left:var(--wp--preset--spacing--40)\"><strong>\u00c9quipe artiste&nbsp;au plateau<\/strong>&nbsp;: <a href=\"https:\/\/spectacles.lamaisonduconte.com\/index.php\/delphine-noly-fiche-artiste\/\" data-type=\"page\" data-id=\"686\">Delphine Noly<\/a> et Xavier Clion<\/p>\n\n\n\n<p class=\"has-foreground-color has-text-color has-link-color wp-elements-991a4c78b03a41434daf3b92aeee445e\" style=\"padding-right:var(--wp--preset--spacing--40);padding-left:var(--wp--preset--spacing--40)\"><strong>Teaser <\/strong>:<\/p>\n\n\n\n<figure class=\"wp-block-embed is-type-video is-provider-youtube wp-block-embed-youtube wp-embed-aspect-16-9 wp-has-aspect-ratio\"><div class=\"wp-block-embed__wrapper\">\n<iframe loading=\"lazy\" title=\"Teaser - R\u00eave de Pierres - Cie la Tortue - Delphine Noly\" width=\"500\" height=\"281\" src=\"https:\/\/www.youtube.com\/embed\/NooG9_cQ4YI?feature=oembed\" frameborder=\"0\" allow=\"accelerometer; autoplay; clipboard-write; encrypted-media; gyroscope; picture-in-picture; web-share\" referrerpolicy=\"strict-origin-when-cross-origin\" allowfullscreen><\/iframe>\n<\/div><\/figure>\n\n\n\n<p class=\"has-foreground-color has-text-color has-link-color wp-elements-c7e24c93380ba6b2c8e4b2c5b686c872\" style=\"padding-top:var(--wp--preset--spacing--50);padding-right:var(--wp--preset--spacing--40);padding-bottom:var(--wp--preset--spacing--50);padding-left:var(--wp--preset--spacing--40)\"><strong>Production&nbsp;<\/strong>: Cie La Tortue \/ Coproductions : La Machinerie \u2013 Sc\u00e8ne conventionn\u00e9e Orne Lorraine Confluences, La Passerelle \u2013 Rixheim, La Maison du Conte, Le Carr\u00e9 \u2013 Sc\u00e8ne Nationale \u2013 Centre d\u2019art contemporain d\u2019int\u00e9r\u00eat national, Ch\u00e2teau Gontier sur Mayenne, La Minoterie \u2013 sc\u00e8ne conventionn\u00e9e art enfance et jeunesse de Dijon \/ Soutiens : Minist\u00e8re de la Culture et de la communication, DRAC Bourgogne et Franche Comt\u00e9, Conseil R\u00e9gional Bourgogne et Franche Comt\u00e9, D\u00e9partement du Doubs, D\u00e9partement du Val de Marne, Ville de Besan\u00e7on, Compagnie ACTA (dispositif P\u00e9pite), Forges \u2013 Fraisans, Auditorium \u2013 Ville de Lure, Th\u00e9\u00e2tre des Sources, FCM, SPEDIDAM<\/p>\n\n\n\n<p class=\"has-foreground-color has-text-color has-link-color wp-elements-321fbb9de58ee41dd5cbc91ad582584c\" style=\"padding-right:var(--wp--preset--spacing--40);padding-left:var(--wp--preset--spacing--40)\"><strong>Contact : <\/strong><\/p>\n\n\n\n<p class=\"has-foreground-color has-text-color has-link-color wp-elements-d87b76537b1f9c535906ad134526b04b\" style=\"padding-right:var(--wp--preset--spacing--60);padding-left:var(--wp--preset--spacing--60)\">e-mail : <a href=\"mailto:dnoly@yahoo.fr\">dnoly@yahoo.fr<\/a><\/p>\n\n\n\n<p class=\"has-foreground-color has-text-color has-link-color wp-elements-b67a0602bf5909452c741d51f7602a7e\" style=\"padding-right:var(--wp--preset--spacing--60);padding-left:var(--wp--preset--spacing--60)\">Site web : <a href=\"https:\/\/www.cielatortue.com\">www.cielatortue.com<\/a><\/p>\n\n\n\n<p class=\"has-foreground-color has-text-color has-link-color wp-elements-c971cffce2ffbb4e3dc494333ac78149\" style=\"padding-top:var(--wp--preset--spacing--60);padding-right:var(--wp--preset--spacing--40);padding-bottom:var(--wp--preset--spacing--60);padding-left:var(--wp--preset--spacing--40)\"><\/p>\n","protected":false},"excerpt":{"rendered":"<p>R\u00caVE DE PIERRES \u2013 NOS PALAIS INTIMES VOLET 1 R\u00eave, cabane, po\u00e9sie, chant, musique\u00c2ge\u00a0: 3 ans +, adultes \u00ab R\u00eave [&hellip;]<\/p>\n","protected":false},"author":1,"featured_media":1110,"parent":0,"menu_order":0,"comment_status":"closed","ping_status":"closed","template":"","meta":{"footnotes":""},"class_list":["post-688","page","type-page","status-publish","has-post-thumbnail","hentry"],"_links":{"self":[{"href":"https:\/\/spectacles.lamaisonduconte.com\/index.php\/wp-json\/wp\/v2\/pages\/688","targetHints":{"allow":["GET"]}}],"collection":[{"href":"https:\/\/spectacles.lamaisonduconte.com\/index.php\/wp-json\/wp\/v2\/pages"}],"about":[{"href":"https:\/\/spectacles.lamaisonduconte.com\/index.php\/wp-json\/wp\/v2\/types\/page"}],"author":[{"embeddable":true,"href":"https:\/\/spectacles.lamaisonduconte.com\/index.php\/wp-json\/wp\/v2\/users\/1"}],"replies":[{"embeddable":true,"href":"https:\/\/spectacles.lamaisonduconte.com\/index.php\/wp-json\/wp\/v2\/comments?post=688"}],"version-history":[{"count":8,"href":"https:\/\/spectacles.lamaisonduconte.com\/index.php\/wp-json\/wp\/v2\/pages\/688\/revisions"}],"predecessor-version":[{"id":1508,"href":"https:\/\/spectacles.lamaisonduconte.com\/index.php\/wp-json\/wp\/v2\/pages\/688\/revisions\/1508"}],"wp:featuredmedia":[{"embeddable":true,"href":"https:\/\/spectacles.lamaisonduconte.com\/index.php\/wp-json\/wp\/v2\/media\/1110"}],"wp:attachment":[{"href":"https:\/\/spectacles.lamaisonduconte.com\/index.php\/wp-json\/wp\/v2\/media?parent=688"}],"curies":[{"name":"wp","href":"https:\/\/api.w.org\/{rel}","templated":true}]}}