{"id":690,"date":"2024-12-02T14:44:46","date_gmt":"2024-12-02T13:44:46","guid":{"rendered":"https:\/\/spectacles.lamaisonduconte.com\/?page_id=690"},"modified":"2025-01-14T11:32:45","modified_gmt":"2025-01-14T10:32:45","slug":"delphine-noly-reve-dair","status":"publish","type":"page","link":"https:\/\/spectacles.lamaisonduconte.com\/index.php\/delphine-noly-reve-dair\/","title":{"rendered":"Delphine Noly \u2013 R\u00eave d\u2019air"},"content":{"rendered":"\n<figure class=\"wp-block-image size-full is-resized\" style=\"margin-right:var(--wp--preset--spacing--40);margin-left:var(--wp--preset--spacing--40)\"><img loading=\"lazy\" decoding=\"async\" width=\"567\" height=\"700\" src=\"http:\/\/spectacles.lamaisonduconte.com\/wp-content\/uploads\/2024\/11\/SP-Noly-air.jpg\" alt=\"\" class=\"wp-image-284\" style=\"width:357px\" srcset=\"https:\/\/spectacles.lamaisonduconte.com\/wp-content\/uploads\/2024\/11\/SP-Noly-air.jpg 567w, https:\/\/spectacles.lamaisonduconte.com\/wp-content\/uploads\/2024\/11\/SP-Noly-air-243x300.jpg 243w\" sizes=\"auto, (max-width: 567px) 100vw, 567px\" \/><\/figure>\n\n\n\n<h2 class=\"wp-block-heading has-foreground-color has-text-color has-link-color wp-elements-8270e963e6389c23d1e3bf0e5ea29856\" style=\"padding-right:var(--wp--preset--spacing--40);padding-left:var(--wp--preset--spacing--40)\"><br>R\u00caVE D\u2019AIR \u2013 NOS PALAIS INTIMES VOLET 2<br><\/h2>\n\n\n\n<blockquote class=\"wp-block-quote has-foreground-color has-text-color has-link-color has-extra-small-font-size wp-elements-a7cf8750ceeac5e5b7774c51def8fb77 is-layout-flow wp-block-quote-is-layout-flow\" style=\"padding-right:0;padding-left:0\">\n<h6 class=\"wp-block-heading has-raleway-font-family has-extra-small-font-size\" style=\"padding-right:var(--wp--preset--spacing--40);padding-left:var(--wp--preset--spacing--40)\">R\u00eave, musique, mobiles d\u2019objets, po\u00e9sie, Facteur cheval<br>\u00c2ge\u00a0: 6 mois+<\/h6>\n\n\n\n<p><\/p>\n<\/blockquote>\n\n\n\n<p class=\"has-foreground-color has-text-color has-link-color wp-elements-910280a992145d274d8f65681b00045f\" style=\"padding-right:var(--wp--preset--spacing--40);padding-left:var(--wp--preset--spacing--40)\"><br>\u00ab Une joueuse de kora install\u00e9e sous son parasol d\u2019oiseaux, de coquillages et de vent, vous accueille sur sa petite \u00eele de mati\u00e8res tiss\u00e9es et tricot\u00e9es. Gr\u00e2ce \u00e0 son souffle, un petit palais sonore se cr\u00e9e, et alors r\u00e9cit, chansons et machines \u00e0 sons s\u2019y engouffrent ! \u00bb<\/p>\n\n\n\n<p class=\"has-foreground-color has-text-color has-link-color wp-elements-4b9943a40f5816ba74f9591d1d1d6832\" style=\"padding-right:var(--wp--preset--spacing--40);padding-left:var(--wp--preset--spacing--40)\"><\/p>\n\n\n\n<p class=\"has-foreground-color has-text-color has-link-color wp-elements-ba1238313e84d32e61af7a13624464d4\"><\/p>\n\n\n\n<p class=\"has-foreground-color has-text-color has-link-color wp-elements-c2cd60451da8ce74a7f3d1c4278488a9\" style=\"padding-right:var(--wp--preset--spacing--40);padding-left:var(--wp--preset--spacing--40)\"><br><strong>Lieux de repr\u00e9sentation&nbsp;<\/strong>: forme LND (lieux non-d\u00e9di\u00e9s)<\/p>\n\n\n\n<p class=\"has-foreground-color has-text-color has-link-color wp-elements-afc00cf048e3b36dd0468676e93ac1de\" style=\"padding-top:var(--wp--preset--spacing--40);padding-right:var(--wp--preset--spacing--40);padding-bottom:var(--wp--preset--spacing--40);padding-left:var(--wp--preset--spacing--40)\"><strong>\u00c9quipe artiste&nbsp;au plateau<\/strong>&nbsp;: <a href=\"https:\/\/spectacles.lamaisonduconte.com\/index.php\/delphine-noly-fiche-artiste\/\" data-type=\"page\" data-id=\"686\">Delphine Noly<\/a><\/p>\n\n\n\n<p class=\"has-foreground-color has-text-color has-link-color wp-elements-7e2fcc0129124bffe86e81ac7164feef\" style=\"padding-right:var(--wp--preset--spacing--40);padding-left:var(--wp--preset--spacing--40)\"><strong>Production&nbsp;<\/strong>: Cie La Tortue <strong>Coproduction<\/strong> : La Passerelle de Rixheim, Ville de Gennevilliers, Th\u00e9\u00e2tre de Chevilly-Larue, La Maison du Conte, le service culture de Serris, le Carroi \u2013 La Fl\u00e8che, DRAC Bourgogne Franche-Comt\u00e9, R\u00e9gion Bourgogne et Franche Comt\u00e9, D\u00e9partement du Doubs, D\u00e9partement Val d\u2019Oise, D\u00e9partement Val de Marne, la Cie ACTA \u2013 Laurent Dupont via le dispositif P\u00e9pite, Le Carr\u00e9, Sc\u00e8ne nationale \u2013 Ch\u00e2teau-Gontier sur Mayenne, Train Th\u00e9\u00e2tre Sc\u00e8ne conventionn\u00e9e de Porte les Valences, Communaut\u00e9 de Communes Porte de Dr\u00f4me Ard\u00e8che, Ferme de Bel \u00c9bat \u2013 Th\u00e9\u00e2tre de Guyancourt, Le th\u00e9\u00e2tre \u2013 Sc\u00e8ne Nationale de M\u00e2con, Th\u00e9\u00e2tre de la Vall\u00e9e.<\/p>\n\n\n\n<p class=\"has-foreground-color has-text-color has-link-color wp-elements-ad4b661ff57ce6a9875e3ad7673ef9f6\" style=\"padding-top:var(--wp--preset--spacing--40);padding-right:var(--wp--preset--spacing--40);padding-bottom:var(--wp--preset--spacing--40);padding-left:var(--wp--preset--spacing--40)\"><strong>Contact : <\/strong><\/p>\n\n\n\n<p class=\"has-foreground-color has-text-color has-link-color wp-elements-d87b76537b1f9c535906ad134526b04b\" style=\"padding-right:var(--wp--preset--spacing--60);padding-left:var(--wp--preset--spacing--60)\">e-mail : <a href=\"mailto:dnoly@yahoo.fr\">dnoly@yahoo.fr<\/a><\/p>\n\n\n\n<p class=\"has-foreground-color has-text-color has-link-color wp-elements-b67a0602bf5909452c741d51f7602a7e\" style=\"padding-right:var(--wp--preset--spacing--60);padding-left:var(--wp--preset--spacing--60)\">Site web : <a href=\"https:\/\/www.cielatortue.com\">www.cielatortue.com<\/a><\/p>\n\n\n\n<p class=\"has-foreground-color has-text-color has-link-color wp-elements-c971cffce2ffbb4e3dc494333ac78149\" style=\"padding-top:var(--wp--preset--spacing--60);padding-right:var(--wp--preset--spacing--40);padding-bottom:var(--wp--preset--spacing--60);padding-left:var(--wp--preset--spacing--40)\"><\/p>\n","protected":false},"excerpt":{"rendered":"<p>R\u00caVE D\u2019AIR \u2013 NOS PALAIS INTIMES VOLET 2 R\u00eave, musique, mobiles d\u2019objets, po\u00e9sie, Facteur cheval\u00c2ge\u00a0: 6 mois+ \u00ab Une joueuse [&hellip;]<\/p>\n","protected":false},"author":1,"featured_media":284,"parent":0,"menu_order":0,"comment_status":"closed","ping_status":"closed","template":"","meta":{"footnotes":""},"class_list":["post-690","page","type-page","status-publish","has-post-thumbnail","hentry"],"_links":{"self":[{"href":"https:\/\/spectacles.lamaisonduconte.com\/index.php\/wp-json\/wp\/v2\/pages\/690","targetHints":{"allow":["GET"]}}],"collection":[{"href":"https:\/\/spectacles.lamaisonduconte.com\/index.php\/wp-json\/wp\/v2\/pages"}],"about":[{"href":"https:\/\/spectacles.lamaisonduconte.com\/index.php\/wp-json\/wp\/v2\/types\/page"}],"author":[{"embeddable":true,"href":"https:\/\/spectacles.lamaisonduconte.com\/index.php\/wp-json\/wp\/v2\/users\/1"}],"replies":[{"embeddable":true,"href":"https:\/\/spectacles.lamaisonduconte.com\/index.php\/wp-json\/wp\/v2\/comments?post=690"}],"version-history":[{"count":7,"href":"https:\/\/spectacles.lamaisonduconte.com\/index.php\/wp-json\/wp\/v2\/pages\/690\/revisions"}],"predecessor-version":[{"id":1440,"href":"https:\/\/spectacles.lamaisonduconte.com\/index.php\/wp-json\/wp\/v2\/pages\/690\/revisions\/1440"}],"wp:featuredmedia":[{"embeddable":true,"href":"https:\/\/spectacles.lamaisonduconte.com\/index.php\/wp-json\/wp\/v2\/media\/284"}],"wp:attachment":[{"href":"https:\/\/spectacles.lamaisonduconte.com\/index.php\/wp-json\/wp\/v2\/media?parent=690"}],"curies":[{"name":"wp","href":"https:\/\/api.w.org\/{rel}","templated":true}]}}