{"id":692,"date":"2024-12-02T14:48:01","date_gmt":"2024-12-02T13:48:01","guid":{"rendered":"https:\/\/spectacles.lamaisonduconte.com\/?page_id=692"},"modified":"2025-01-14T12:32:58","modified_gmt":"2025-01-14T11:32:58","slug":"delphine-noly-reve-de-fer","status":"publish","type":"page","link":"https:\/\/spectacles.lamaisonduconte.com\/index.php\/delphine-noly-reve-de-fer\/","title":{"rendered":"Delphine Noly \/ Xavier Clion \u2013 R\u00eave de fer"},"content":{"rendered":"\n<figure class=\"wp-block-image size-full is-resized\" style=\"margin-right:var(--wp--preset--spacing--40);margin-left:var(--wp--preset--spacing--40)\"><img loading=\"lazy\" decoding=\"async\" width=\"567\" height=\"700\" src=\"http:\/\/spectacles.lamaisonduconte.com\/wp-content\/uploads\/2024\/11\/SP-Noly-fer-1.jpg\" alt=\"\" class=\"wp-image-1106\" style=\"width:357px\" srcset=\"https:\/\/spectacles.lamaisonduconte.com\/wp-content\/uploads\/2024\/11\/SP-Noly-fer-1.jpg 567w, https:\/\/spectacles.lamaisonduconte.com\/wp-content\/uploads\/2024\/11\/SP-Noly-fer-1-243x300.jpg 243w\" sizes=\"auto, (max-width: 567px) 100vw, 567px\" \/><\/figure>\n\n\n\n<h2 class=\"wp-block-heading has-foreground-color has-text-color has-link-color wp-elements-cfa3a0d089b18afe58667591b98860f4\" style=\"padding-right:var(--wp--preset--spacing--40);padding-left:var(--wp--preset--spacing--40)\"><br>R\u00caVE DE FER \u2013 NOS PALAIS INTIMES VOLET 3<br><\/h2>\n\n\n\n<blockquote class=\"wp-block-quote has-foreground-color has-text-color has-link-color has-extra-small-font-size wp-elements-d02315e0f5e298ef7fab8b1d403e4728 is-layout-flow wp-block-quote-is-layout-flow\" style=\"padding-right:0;padding-left:0\">\n<h6 class=\"wp-block-heading has-raleway-font-family has-extra-small-font-size\" style=\"padding-right:var(--wp--preset--spacing--40);padding-left:var(--wp--preset--spacing--40)\">R\u00eave, obstination, construction, Facteur Cheval, art brut, chant<br>\u00c2ge\u00a0: 7 ans+, \u00e9l\u00e9mentaire, adultes<\/h6>\n\n\n\n<p><\/p>\n<\/blockquote>\n\n\n\n<p class=\"has-foreground-color has-text-color has-link-color wp-elements-e60e9d9c12486f907ea0521ab72bfccd\" style=\"padding-right:var(--wp--preset--spacing--40);padding-left:var(--wp--preset--spacing--40)\"><br>\u00ab Je ne suis pas factrice mais gr\u00e2ce \u00e0 mon m\u00e9tier, je pars souvent en tourn\u00e9e. J\u2019avais 43 ans quand j\u2019ai tr\u00e9buch\u00e9 sur le Palais Id\u00e9al du Facteur Cheval. 43 ans, comme lui, quand il a tr\u00e9buch\u00e9 sur la pierre qui a fait remonter \u00e0 la surface de sa conscience son r\u00eave. Un spectacle pour raconter l\u2019histoire incroyable du Facteur Cheval et de son Palais Id\u00e9al, autour du th\u00e8me de l\u2019obstination. \u00bb<\/p>\n\n\n\n<p class=\"has-foreground-color has-text-color has-link-color wp-elements-4b9943a40f5816ba74f9591d1d1d6832\" style=\"padding-right:var(--wp--preset--spacing--40);padding-left:var(--wp--preset--spacing--40)\"><\/p>\n\n\n\n<p class=\"has-foreground-color has-text-color has-link-color wp-elements-ba1238313e84d32e61af7a13624464d4\"><\/p>\n\n\n\n<p class=\"has-foreground-color has-text-color has-link-color wp-elements-83e3137dc0b97ff619b0ee3151395523\" style=\"padding-right:var(--wp--preset--spacing--40);padding-left:var(--wp--preset--spacing--40)\"><br><strong>Lieux de repr\u00e9sentation&nbsp;<\/strong>: forme plateau (r\u00e9gie son et lumi\u00e8re) et forme LND (lieux non-d\u00e9di\u00e9s) <\/p>\n\n\n\n<p class=\"has-foreground-color has-text-color has-link-color wp-elements-afc00cf048e3b36dd0468676e93ac1de\" style=\"padding-top:var(--wp--preset--spacing--40);padding-right:var(--wp--preset--spacing--40);padding-bottom:var(--wp--preset--spacing--40);padding-left:var(--wp--preset--spacing--40)\"><strong>\u00c9quipe artiste&nbsp;au plateau<\/strong>&nbsp;: <a href=\"https:\/\/spectacles.lamaisonduconte.com\/index.php\/delphine-noly-fiche-artiste\/\" data-type=\"page\" data-id=\"686\">Delphine Noly<\/a><\/p>\n\n\n\n<p class=\"has-foreground-color has-text-color has-link-color wp-elements-801ecda7eed8ae6f5bc38768c749a436\" style=\"padding-right:var(--wp--preset--spacing--40);padding-left:var(--wp--preset--spacing--40)\"><strong>Production&nbsp;<\/strong>: Cie La Tortue \/ Soutiens acquis : Ferme de Bel Ebat \u2013 Th\u00e9\u00e2tre de Guyancourt, R\u00e9seau Jeune Public musique en Yvelines \/ Soutiens en cours : Passerelle de Rixheim, MJC de Palaiseau, MA-Sc\u00e8ne Nationale du Pays de Montb\u00e9liard, Centre Culturel de Lure, DRAC Bourgogne et Franche Comt\u00e9, Conseil R\u00e9gional de Bourgogne et France Comt\u00e9, D\u00e9partement du Doubs, Ville de Besan\u00e7on, SPEDIDAM, CNM<\/p>\n\n\n\n<p class=\"has-foreground-color has-text-color has-link-color wp-elements-ad4b661ff57ce6a9875e3ad7673ef9f6\" style=\"padding-top:var(--wp--preset--spacing--40);padding-right:var(--wp--preset--spacing--40);padding-bottom:var(--wp--preset--spacing--40);padding-left:var(--wp--preset--spacing--40)\"><strong>Contact : <\/strong><\/p>\n\n\n\n<p class=\"has-foreground-color has-text-color has-link-color wp-elements-d87b76537b1f9c535906ad134526b04b\" style=\"padding-right:var(--wp--preset--spacing--60);padding-left:var(--wp--preset--spacing--60)\">e-mail : <a href=\"mailto:dnoly@yahoo.fr\">dnoly@yahoo.fr<\/a><\/p>\n\n\n\n<p class=\"has-foreground-color has-text-color has-link-color wp-elements-b67a0602bf5909452c741d51f7602a7e\" style=\"padding-right:var(--wp--preset--spacing--60);padding-left:var(--wp--preset--spacing--60)\">Site web : <a href=\"https:\/\/www.cielatortue.com\">www.cielatortue.com<\/a><\/p>\n\n\n\n<p class=\"has-foreground-color has-text-color has-link-color wp-elements-c971cffce2ffbb4e3dc494333ac78149\" style=\"padding-top:var(--wp--preset--spacing--60);padding-right:var(--wp--preset--spacing--40);padding-bottom:var(--wp--preset--spacing--60);padding-left:var(--wp--preset--spacing--40)\"><\/p>\n","protected":false},"excerpt":{"rendered":"<p>R\u00caVE DE FER \u2013 NOS PALAIS INTIMES VOLET 3 R\u00eave, obstination, construction, Facteur Cheval, art brut, chant\u00c2ge\u00a0: 7 ans+, \u00e9l\u00e9mentaire, [&hellip;]<\/p>\n","protected":false},"author":1,"featured_media":1106,"parent":0,"menu_order":0,"comment_status":"closed","ping_status":"closed","template":"","meta":{"footnotes":""},"class_list":["post-692","page","type-page","status-publish","has-post-thumbnail","hentry"],"_links":{"self":[{"href":"https:\/\/spectacles.lamaisonduconte.com\/index.php\/wp-json\/wp\/v2\/pages\/692","targetHints":{"allow":["GET"]}}],"collection":[{"href":"https:\/\/spectacles.lamaisonduconte.com\/index.php\/wp-json\/wp\/v2\/pages"}],"about":[{"href":"https:\/\/spectacles.lamaisonduconte.com\/index.php\/wp-json\/wp\/v2\/types\/page"}],"author":[{"embeddable":true,"href":"https:\/\/spectacles.lamaisonduconte.com\/index.php\/wp-json\/wp\/v2\/users\/1"}],"replies":[{"embeddable":true,"href":"https:\/\/spectacles.lamaisonduconte.com\/index.php\/wp-json\/wp\/v2\/comments?post=692"}],"version-history":[{"count":9,"href":"https:\/\/spectacles.lamaisonduconte.com\/index.php\/wp-json\/wp\/v2\/pages\/692\/revisions"}],"predecessor-version":[{"id":1507,"href":"https:\/\/spectacles.lamaisonduconte.com\/index.php\/wp-json\/wp\/v2\/pages\/692\/revisions\/1507"}],"wp:featuredmedia":[{"embeddable":true,"href":"https:\/\/spectacles.lamaisonduconte.com\/index.php\/wp-json\/wp\/v2\/media\/1106"}],"wp:attachment":[{"href":"https:\/\/spectacles.lamaisonduconte.com\/index.php\/wp-json\/wp\/v2\/media?parent=692"}],"curies":[{"name":"wp","href":"https:\/\/api.w.org\/{rel}","templated":true}]}}