{"id":699,"date":"2024-12-02T15:09:37","date_gmt":"2024-12-02T14:09:37","guid":{"rendered":"https:\/\/spectacles.lamaisonduconte.com\/?page_id=699"},"modified":"2025-01-14T12:24:24","modified_gmt":"2025-01-14T11:24:24","slug":"amandine-orban-de-xivry-fleuve","status":"publish","type":"page","link":"https:\/\/spectacles.lamaisonduconte.com\/index.php\/amandine-orban-de-xivry-fleuve\/","title":{"rendered":"Amandine Orban de Xivry \/ Marie Vander Elst &#8211; Fleuve"},"content":{"rendered":"\n<figure class=\"wp-block-image size-full is-resized\" style=\"margin-right:var(--wp--preset--spacing--40);margin-left:var(--wp--preset--spacing--40)\"><img loading=\"lazy\" decoding=\"async\" width=\"567\" height=\"700\" src=\"http:\/\/spectacles.lamaisonduconte.com\/wp-content\/uploads\/2024\/11\/SP-Orban-fleuve-1.jpg\" alt=\"\" class=\"wp-image-1092\" style=\"width:357px\" srcset=\"https:\/\/spectacles.lamaisonduconte.com\/wp-content\/uploads\/2024\/11\/SP-Orban-fleuve-1.jpg 567w, https:\/\/spectacles.lamaisonduconte.com\/wp-content\/uploads\/2024\/11\/SP-Orban-fleuve-1-243x300.jpg 243w\" sizes=\"auto, (max-width: 567px) 100vw, 567px\" \/><\/figure>\n\n\n\n<h2 class=\"wp-block-heading has-foreground-color has-text-color has-link-color wp-elements-a41cdfb755bfba8d3882c290e29b8ce2\" style=\"padding-right:var(--wp--preset--spacing--40);padding-left:var(--wp--preset--spacing--40)\"><br>FLEUVE<br><\/h2>\n\n\n\n<blockquote class=\"wp-block-quote has-foreground-color has-text-color has-link-color has-extra-small-font-size wp-elements-385b307165d24a6ac9b0b89b277d75c3 is-layout-flow wp-block-quote-is-layout-flow\" style=\"padding-right:0;padding-left:0\">\n<h6 class=\"wp-block-heading has-raleway-font-family has-extra-small-font-size\" style=\"padding-right:var(--wp--preset--spacing--40);padding-left:var(--wp--preset--spacing--40)\">Conte f\u00e9ministe, for\u00eat, musique \u00e9lectro, fantastique<br>\u00c2ge\u00a0: 14 ans+, lyc\u00e9e, adultes<\/h6>\n\n\n\n<p><\/p>\n<\/blockquote>\n\n\n\n<p class=\"has-foreground-color has-text-color has-link-color wp-elements-71500d636a246a53df44d8218a8b4191\" style=\"padding-right:var(--wp--preset--spacing--40);padding-left:var(--wp--preset--spacing--40)\"><br>\u00ab Aux abords d\u2019une for\u00eat, il y avait des femmes. Elles vivaient entre elles. Au milieu de ces femmes, il y avait Milie. Milie, c\u2019\u00e9tait \u00ab Celle-qui-se-fondait-si-bien-dans-l\u2019d\u00e9cor-qu\u2019on-la-voyait-m\u00eame-pas \u00bb. Peut-on aller \u00e0 contre-courant quand on a pris l\u2019habitude de ne pas faire de vagues ? \u00bb<\/p>\n\n\n\n<p class=\"has-foreground-color has-text-color has-link-color wp-elements-4b9943a40f5816ba74f9591d1d1d6832\" style=\"padding-right:var(--wp--preset--spacing--40);padding-left:var(--wp--preset--spacing--40)\"><\/p>\n\n\n\n<p class=\"has-foreground-color has-text-color has-link-color wp-elements-ba1238313e84d32e61af7a13624464d4\"><\/p>\n\n\n\n<p class=\"has-foreground-color has-text-color has-link-color wp-elements-0dd571d7468db780e4d625a2c814712c\" style=\"padding-right:var(--wp--preset--spacing--40);padding-left:var(--wp--preset--spacing--40)\"><br><strong>Lieux de repr\u00e9sentation&nbsp;<\/strong>: plateau (r\u00e9gie son et lumi\u00e8re)<\/p>\n\n\n\n<p class=\"has-foreground-color has-text-color has-link-color wp-elements-6b41ad3aa4c0c1cca4b2e958bf39875a\" style=\"padding-top:var(--wp--preset--spacing--40);padding-right:var(--wp--preset--spacing--40);padding-bottom:var(--wp--preset--spacing--40);padding-left:var(--wp--preset--spacing--40)\"><strong>\u00c9quipe artiste&nbsp;au plateau<\/strong>&nbsp;: <a href=\"https:\/\/spectacles.lamaisonduconte.com\/index.php\/amandine-orban-de-xivry-fiche-artiste\/\" data-type=\"page\" data-id=\"697\">Amandine Orban de Xivry<\/a> et Marie Vander Elst<\/p>\n\n\n\n<p>R\u00e9gie son et lumi\u00e8re \u2013 taille plateau<\/p>\n\n\n\n<p class=\"has-foreground-color has-text-color has-link-color wp-elements-e8d822c93c9bd32f84c65d596edfc6ea\" style=\"padding-right:var(--wp--preset--spacing--40);padding-left:var(--wp--preset--spacing--40)\"><strong>Production&nbsp;<\/strong>: La Grande Nelle ASBL, PPP \/ Coproductions : La Maison du Conte, Festival Rumeurs Urbaines \u2013 Cie Le Temps de vivre \/ Soutiens : F\u00e9d\u00e9ration Wallonie-Bruxelles, Maison de la Culture Famenne-Ardenne, Le Corridor, Centres Culturels de Rochefort et de Namur, BAMP<\/p>\n\n\n\n<p class=\"has-foreground-color has-text-color has-link-color wp-elements-ad4b661ff57ce6a9875e3ad7673ef9f6\" style=\"padding-top:var(--wp--preset--spacing--40);padding-right:var(--wp--preset--spacing--40);padding-bottom:var(--wp--preset--spacing--40);padding-left:var(--wp--preset--spacing--40)\"><strong>Contact : <\/strong><\/p>\n\n\n\n<p class=\"has-foreground-color has-text-color has-link-color wp-elements-d1ad5b0ff659799e7fd136f90dfc18c3\" style=\"padding-right:var(--wp--preset--spacing--60);padding-left:var(--wp--preset--spacing--60)\">e-mail : <a href=\"mailto:amandine.orban.x@gmail.com\">amandine.orban.x@gmail.com<\/a><\/p>\n\n\n\n<p class=\"has-foreground-color has-text-color has-link-color wp-elements-14d05eab33a76d3c967cd7236842e84f\" style=\"padding-right:var(--wp--preset--spacing--60);padding-left:var(--wp--preset--spacing--60)\">Site web : <a href=\"https:\/\/www.amandineorban.com\">www.amandineorban.com<\/a><\/p>\n\n\n\n<p class=\"has-foreground-color has-text-color has-link-color wp-elements-c971cffce2ffbb4e3dc494333ac78149\" style=\"padding-top:var(--wp--preset--spacing--60);padding-right:var(--wp--preset--spacing--40);padding-bottom:var(--wp--preset--spacing--60);padding-left:var(--wp--preset--spacing--40)\"><\/p>\n","protected":false},"excerpt":{"rendered":"<p>FLEUVE Conte f\u00e9ministe, for\u00eat, musique \u00e9lectro, fantastique\u00c2ge\u00a0: 14 ans+, lyc\u00e9e, adultes \u00ab Aux abords d\u2019une for\u00eat, il y avait des [&hellip;]<\/p>\n","protected":false},"author":1,"featured_media":1092,"parent":0,"menu_order":0,"comment_status":"closed","ping_status":"closed","template":"","meta":{"footnotes":""},"class_list":["post-699","page","type-page","status-publish","has-post-thumbnail","hentry"],"_links":{"self":[{"href":"https:\/\/spectacles.lamaisonduconte.com\/index.php\/wp-json\/wp\/v2\/pages\/699","targetHints":{"allow":["GET"]}}],"collection":[{"href":"https:\/\/spectacles.lamaisonduconte.com\/index.php\/wp-json\/wp\/v2\/pages"}],"about":[{"href":"https:\/\/spectacles.lamaisonduconte.com\/index.php\/wp-json\/wp\/v2\/types\/page"}],"author":[{"embeddable":true,"href":"https:\/\/spectacles.lamaisonduconte.com\/index.php\/wp-json\/wp\/v2\/users\/1"}],"replies":[{"embeddable":true,"href":"https:\/\/spectacles.lamaisonduconte.com\/index.php\/wp-json\/wp\/v2\/comments?post=699"}],"version-history":[{"count":7,"href":"https:\/\/spectacles.lamaisonduconte.com\/index.php\/wp-json\/wp\/v2\/pages\/699\/revisions"}],"predecessor-version":[{"id":1494,"href":"https:\/\/spectacles.lamaisonduconte.com\/index.php\/wp-json\/wp\/v2\/pages\/699\/revisions\/1494"}],"wp:featuredmedia":[{"embeddable":true,"href":"https:\/\/spectacles.lamaisonduconte.com\/index.php\/wp-json\/wp\/v2\/media\/1092"}],"wp:attachment":[{"href":"https:\/\/spectacles.lamaisonduconte.com\/index.php\/wp-json\/wp\/v2\/media?parent=699"}],"curies":[{"name":"wp","href":"https:\/\/api.w.org\/{rel}","templated":true}]}}