{"id":727,"date":"2024-12-02T17:18:23","date_gmt":"2024-12-02T16:18:23","guid":{"rendered":"https:\/\/spectacles.lamaisonduconte.com\/?page_id=727"},"modified":"2025-01-14T12:31:24","modified_gmt":"2025-01-14T11:31:24","slug":"ariane-pawin-au-dela","status":"publish","type":"page","link":"https:\/\/spectacles.lamaisonduconte.com\/index.php\/ariane-pawin-au-dela\/","title":{"rendered":"Ariane Pawin &#8211; Au-del\u00e0(s)"},"content":{"rendered":"\n<figure class=\"wp-block-image size-full is-resized\" style=\"margin-right:var(--wp--preset--spacing--40);margin-left:var(--wp--preset--spacing--40)\"><img loading=\"lazy\" decoding=\"async\" width=\"567\" height=\"700\" src=\"http:\/\/spectacles.lamaisonduconte.com\/wp-content\/uploads\/2024\/11\/SP-Pawin-dela-1.jpg\" alt=\"\" class=\"wp-image-1204\" style=\"width:357px\" srcset=\"https:\/\/spectacles.lamaisonduconte.com\/wp-content\/uploads\/2024\/11\/SP-Pawin-dela-1.jpg 567w, https:\/\/spectacles.lamaisonduconte.com\/wp-content\/uploads\/2024\/11\/SP-Pawin-dela-1-243x300.jpg 243w\" sizes=\"auto, (max-width: 567px) 100vw, 567px\" \/><\/figure>\n\n\n\n<h2 class=\"wp-block-heading has-foreground-color has-text-color has-link-color wp-elements-0fd29bf78dc9778626d2263a0290eeb3\" style=\"padding-right:var(--wp--preset--spacing--40);padding-left:var(--wp--preset--spacing--40)\"><br>AU-DEL\u00c0(S)<br><\/h2>\n\n\n\n<blockquote class=\"wp-block-quote has-foreground-color has-text-color has-link-color has-extra-small-font-size wp-elements-3ec0925fe2d17cb466ebb2076e9a9bee is-layout-flow wp-block-quote-is-layout-flow\" style=\"padding-right:0;padding-left:0\">\n<h6 class=\"wp-block-heading has-raleway-font-family has-extra-small-font-size\" style=\"padding-right:var(--wp--preset--spacing--40);padding-left:var(--wp--preset--spacing--40)\">Deuil, famille, suicide, r\u00e9silience<br>\u00c2ge\u00a0: 14 ans+, lyc\u00e9e, adultes<\/h6>\n\n\n\n<p><\/p>\n<\/blockquote>\n\n\n\n<p class=\"has-foreground-color has-text-color has-link-color wp-elements-7a4f748e2502dacbfea596dec8a2147f\" style=\"padding-right:var(--wp--preset--spacing--40);padding-left:var(--wp--preset--spacing--40)\"><br>\u00ab Une plong\u00e9e dans l\u2019univers mental d\u2019une jeune femme confront\u00e9e \u00e0 un deuil, et en miroir de sa trajectoire, un voyage vers le monde des morts, qui agit comme une m\u00e9taphore du deuil. Un r\u00e9cit toujours pudique et sensible qui tente de r\u00e9pondre \u00e0 cette question : comment vit-on, intimement, avec nos disparus ?\u00bb<\/p>\n\n\n\n<p class=\"has-foreground-color has-text-color has-link-color wp-elements-3ccc430b0e085fa9d2b9996f71496b78\" style=\"padding-right:var(--wp--preset--spacing--40);padding-left:var(--wp--preset--spacing--40)\"><strong>Projet laur\u00e9at de la bourse d&rsquo;\u00e9criture de la Petite Chartreuse<\/strong><\/p>\n\n\n\n<p class=\"has-foreground-color has-text-color has-link-color wp-elements-4b9943a40f5816ba74f9591d1d1d6832\" style=\"padding-right:var(--wp--preset--spacing--40);padding-left:var(--wp--preset--spacing--40)\"><\/p>\n\n\n\n<p class=\"has-foreground-color has-text-color has-link-color wp-elements-ba1238313e84d32e61af7a13624464d4\"><\/p>\n\n\n\n<p class=\"has-foreground-color has-text-color has-link-color wp-elements-4dfc9323796df775130d5c41ee7be06e\" style=\"padding-right:var(--wp--preset--spacing--40);padding-left:var(--wp--preset--spacing--40)\"><br><strong>Lieux de repr\u00e9sentation&nbsp;<\/strong>: forme plateau (r\u00e9gie son et lumi\u00e8re) et forme LND (lieux non-d\u00e9di\u00e9s)<\/p>\n\n\n\n<p class=\"has-foreground-color has-text-color has-link-color wp-elements-8f3dc6fec72aa61145d352f832ce3853\" style=\"padding-top:var(--wp--preset--spacing--40);padding-right:var(--wp--preset--spacing--40);padding-bottom:var(--wp--preset--spacing--40);padding-left:var(--wp--preset--spacing--40)\"><strong>\u00c9quipe artiste&nbsp;au plateau<\/strong>&nbsp;: <a href=\"https:\/\/spectacles.lamaisonduconte.com\/index.php\/ariane-pawin-fiche-artiste\/\" data-type=\"page\" data-id=\"725\">Ariane Pawin<\/a><\/p>\n\n\n\n<p class=\"has-foreground-color has-text-color has-link-color wp-elements-0cec7f7eea264300ee32375204121997\" style=\"padding-right:var(--wp--preset--spacing--40);padding-left:var(--wp--preset--spacing--40)\"><strong>Production&nbsp;<\/strong>: Cie La Fausta \/ Coproductions : La Maison du Conte, La Compagnie du Cercle, Le Nombril du Monde, Le Moulin du<br>Marais &#8211; Union R\u00e9gionale des Foyers Ruraux du Poitou-Charentes, Centre des Arts du R\u00e9cit, Rumeurs Urbaines &#8211; Cie Le<br>Temps de Vivre \/ Accueils en r\u00e9sidence : Espace Sorano, Tr\u00e9teaux de France, Salle Mermoz, Th\u00e9\u00e2tre du Hublot \/ Soutiens : Minist\u00e8re de la Culture \u2013 DRAC d&rsquo;\u00cele-de-France, Aide \u00e0 la Cr\u00e9ation de la R\u00e9gion \u00cele-de-France<\/p>\n\n\n\n<p class=\"has-foreground-color has-text-color has-link-color wp-elements-4b9943a40f5816ba74f9591d1d1d6832\" style=\"padding-right:var(--wp--preset--spacing--40);padding-left:var(--wp--preset--spacing--40)\"><\/p>\n\n\n\n<p class=\"has-foreground-color has-text-color has-link-color wp-elements-4861c563b4dadc57a0686e47d2c4b742\" style=\"padding-top:var(--wp--preset--spacing--60);padding-right:var(--wp--preset--spacing--40);padding-bottom:var(--wp--preset--spacing--60);padding-left:var(--wp--preset--spacing--40)\"><strong>Contact : <\/strong><\/p>\n\n\n\n<p class=\"has-foreground-color has-text-color has-link-color wp-elements-49668ec5742e7e6b62f376b2b46eaf46\" style=\"padding-right:var(--wp--preset--spacing--40);padding-left:var(--wp--preset--spacing--40)\">e-mail : <a href=\"mailto:ariane-pawin@wanadoo.fr\">ariane-pawin@wanadoo.fr<\/a><\/p>\n\n\n\n<p class=\"has-foreground-color has-text-color has-link-color wp-elements-7c3718646aa9c77b71965297f3915c19\" style=\"padding-right:var(--wp--preset--spacing--40);padding-left:var(--wp--preset--spacing--40)\">Site web : <a href=\"https:\/\/ariane-pawin.wixsite.com\/conteuse-comedienne\">ariane-pawin.wixsite.com<\/a><\/p>\n\n\n\n<p class=\"has-foreground-color has-text-color has-link-color wp-elements-4b9943a40f5816ba74f9591d1d1d6832\" style=\"padding-right:var(--wp--preset--spacing--40);padding-left:var(--wp--preset--spacing--40)\"><\/p>\n","protected":false},"excerpt":{"rendered":"<p>AU-DEL\u00c0(S) Deuil, famille, suicide, r\u00e9silience\u00c2ge\u00a0: 14 ans+, lyc\u00e9e, adultes \u00ab Une plong\u00e9e dans l\u2019univers mental d\u2019une jeune femme confront\u00e9e \u00e0 [&hellip;]<\/p>\n","protected":false},"author":1,"featured_media":1204,"parent":0,"menu_order":0,"comment_status":"closed","ping_status":"closed","template":"","meta":{"footnotes":""},"class_list":["post-727","page","type-page","status-publish","has-post-thumbnail","hentry"],"_links":{"self":[{"href":"https:\/\/spectacles.lamaisonduconte.com\/index.php\/wp-json\/wp\/v2\/pages\/727","targetHints":{"allow":["GET"]}}],"collection":[{"href":"https:\/\/spectacles.lamaisonduconte.com\/index.php\/wp-json\/wp\/v2\/pages"}],"about":[{"href":"https:\/\/spectacles.lamaisonduconte.com\/index.php\/wp-json\/wp\/v2\/types\/page"}],"author":[{"embeddable":true,"href":"https:\/\/spectacles.lamaisonduconte.com\/index.php\/wp-json\/wp\/v2\/users\/1"}],"replies":[{"embeddable":true,"href":"https:\/\/spectacles.lamaisonduconte.com\/index.php\/wp-json\/wp\/v2\/comments?post=727"}],"version-history":[{"count":8,"href":"https:\/\/spectacles.lamaisonduconte.com\/index.php\/wp-json\/wp\/v2\/pages\/727\/revisions"}],"predecessor-version":[{"id":1504,"href":"https:\/\/spectacles.lamaisonduconte.com\/index.php\/wp-json\/wp\/v2\/pages\/727\/revisions\/1504"}],"wp:featuredmedia":[{"embeddable":true,"href":"https:\/\/spectacles.lamaisonduconte.com\/index.php\/wp-json\/wp\/v2\/media\/1204"}],"wp:attachment":[{"href":"https:\/\/spectacles.lamaisonduconte.com\/index.php\/wp-json\/wp\/v2\/media?parent=727"}],"curies":[{"name":"wp","href":"https:\/\/api.w.org\/{rel}","templated":true}]}}