{"id":730,"date":"2024-12-02T17:23:07","date_gmt":"2024-12-02T16:23:07","guid":{"rendered":"https:\/\/spectacles.lamaisonduconte.com\/?page_id=730"},"modified":"2025-01-14T12:27:30","modified_gmt":"2025-01-14T11:27:30","slug":"ariane-pawin-une-nuit-a-travers-la-neige","status":"publish","type":"page","link":"https:\/\/spectacles.lamaisonduconte.com\/index.php\/ariane-pawin-une-nuit-a-travers-la-neige\/","title":{"rendered":"Ariane Pawin &#8211; Une nuit \u00e0 travers la neige"},"content":{"rendered":"\n<figure class=\"wp-block-image size-full is-resized\" style=\"margin-right:var(--wp--preset--spacing--40);margin-left:var(--wp--preset--spacing--40)\"><img loading=\"lazy\" decoding=\"async\" width=\"567\" height=\"700\" src=\"http:\/\/spectacles.lamaisonduconte.com\/wp-content\/uploads\/2024\/11\/SP-Pawin-neige.jpg\" alt=\"\" class=\"wp-image-271\" style=\"width:357px\" srcset=\"https:\/\/spectacles.lamaisonduconte.com\/wp-content\/uploads\/2024\/11\/SP-Pawin-neige.jpg 567w, https:\/\/spectacles.lamaisonduconte.com\/wp-content\/uploads\/2024\/11\/SP-Pawin-neige-243x300.jpg 243w\" sizes=\"auto, (max-width: 567px) 100vw, 567px\" \/><\/figure>\n\n\n\n<h2 class=\"wp-block-heading has-foreground-color has-text-color has-link-color wp-elements-4b52d7065a9d4cad96d4801739a80abf\" style=\"padding-right:var(--wp--preset--spacing--40);padding-left:var(--wp--preset--spacing--40)\"><br>UNE NUIT \u00c0 TRAVERS LA NEIGE<br><\/h2>\n\n\n\n<blockquote class=\"wp-block-quote has-foreground-color has-text-color has-link-color has-extra-small-font-size wp-elements-7951f101b06710df2ab814b5155db06d is-layout-flow wp-block-quote-is-layout-flow\" style=\"padding-right:0;padding-left:0\">\n<h6 class=\"wp-block-heading has-raleway-font-family has-extra-small-font-size\" style=\"padding-right:var(--wp--preset--spacing--40);padding-left:var(--wp--preset--spacing--40)\">Victor Hugo, Litt\u00e9rature, Voyage<br>\u00c2ge\u00a0: 14 ans+, lyc\u00e9e, adultes<\/h6>\n\n\n\n<p><\/p>\n<\/blockquote>\n\n\n\n<p class=\"has-foreground-color has-text-color has-link-color wp-elements-bfeb95ea2cd6d7f49561ecdf6bd90516\" style=\"padding-right:var(--wp--preset--spacing--40);padding-left:var(--wp--preset--spacing--40)\"><br>\u00ab Un hiver si froid qu\u2019on a pu allumer un grand feu sur la Tamise glac\u00e9e et y faire cuire un b\u0153uf. Au cr\u00e9puscule d\u2019un soir de janvier, un enfant pieds nus est abandonn\u00e9 sur une crique entour\u00e9e de landes d\u00e9sertes. Il marche toute la nuit, traversant neige et temp\u00eate.\u00bb<\/p>\n\n\n\n<p class=\"has-foreground-color has-text-color has-link-color wp-elements-7976f891f3bf3b33ecf306b94ce40521\" style=\"padding-right:var(--wp--preset--spacing--40);padding-left:var(--wp--preset--spacing--40)\"><strong>Tir\u00e9 de <em>L\u2019homme qui rit<\/em> de Victor Hugo<\/strong><\/p>\n\n\n\n<p class=\"has-foreground-color has-text-color has-link-color wp-elements-4b9943a40f5816ba74f9591d1d1d6832\" style=\"padding-right:var(--wp--preset--spacing--40);padding-left:var(--wp--preset--spacing--40)\"><\/p>\n\n\n\n<p class=\"has-foreground-color has-text-color has-link-color wp-elements-ba1238313e84d32e61af7a13624464d4\"><\/p>\n\n\n\n<p class=\"has-foreground-color has-text-color has-link-color wp-elements-667beda49d6367f317cbb19cd8c42301\" style=\"padding-right:var(--wp--preset--spacing--40);padding-left:var(--wp--preset--spacing--40)\"><br><strong>Lieux de repr\u00e9sentation&nbsp;<\/strong>: forme plateau (r\u00e9gie son et lumi\u00e8re), forme LND (lieux-non d\u00e9di\u00e9s), en particulier lyc\u00e9es<\/p>\n\n\n\n<p class=\"has-foreground-color has-text-color has-link-color wp-elements-8f3dc6fec72aa61145d352f832ce3853\" style=\"padding-top:var(--wp--preset--spacing--40);padding-right:var(--wp--preset--spacing--40);padding-bottom:var(--wp--preset--spacing--40);padding-left:var(--wp--preset--spacing--40)\"><strong>\u00c9quipe artiste&nbsp;au plateau<\/strong>&nbsp;: <a href=\"https:\/\/spectacles.lamaisonduconte.com\/index.php\/ariane-pawin-fiche-artiste\/\" data-type=\"page\" data-id=\"725\">Ariane Pawin<\/a><\/p>\n\n\n\n<p class=\"has-foreground-color has-text-color has-link-color wp-elements-00f97c7b74e1e07a7f5556c2c16569e0\" style=\"padding-right:var(--wp--preset--spacing--40);padding-left:var(--wp--preset--spacing--40)\"><strong>Teaser<\/strong> :<\/p>\n\n\n\n<figure class=\"wp-block-embed is-type-video is-provider-vimeo wp-block-embed-vimeo wp-embed-aspect-16-9 wp-has-aspect-ratio\"><div class=\"wp-block-embed__wrapper\">\n<iframe loading=\"lazy\" title=\"Une Nuit \u00e0 travers la neige. Teaser du spectacle\" src=\"https:\/\/player.vimeo.com\/video\/374520010?dnt=1&amp;app_id=122963\" width=\"500\" height=\"281\" frameborder=\"0\" allow=\"autoplay; fullscreen; picture-in-picture; clipboard-write; encrypted-media; web-share\" referrerpolicy=\"strict-origin-when-cross-origin\"><\/iframe>\n<\/div><\/figure>\n\n\n\n<p style=\"margin-top:var(--wp--preset--spacing--50);margin-bottom:var(--wp--preset--spacing--50)\"><\/p>\n\n\n\n<p class=\"has-foreground-color has-text-color has-link-color wp-elements-ce8ddddd07f75bb00991adc38a97a03a\" style=\"margin-top:var(--wp--preset--spacing--60);margin-bottom:var(--wp--preset--spacing--60);padding-right:var(--wp--preset--spacing--40);padding-left:var(--wp--preset--spacing--40)\">  <br><strong>Production&nbsp;<\/strong>: Cie La Fausta \/ Coproductions : Th\u00e9\u00e2tre des Sources, La Maison du Conte \/ Soutien : DRAC Ile de France \u2013 Minist\u00e8re de la culture (Aide \u00e0 la cr\u00e9ation 2019)<\/p>\n\n\n\n<p class=\"has-foreground-color has-text-color has-link-color wp-elements-acb07f52d1b47161c0daa5271f82a2de\" style=\"margin-top:var(--wp--preset--spacing--60);margin-bottom:var(--wp--preset--spacing--60);padding-right:var(--wp--preset--spacing--40);padding-left:var(--wp--preset--spacing--40)\"><strong>Contact : <\/strong><\/p>\n\n\n\n<p class=\"has-foreground-color has-text-color has-link-color wp-elements-49668ec5742e7e6b62f376b2b46eaf46\" style=\"padding-right:var(--wp--preset--spacing--40);padding-left:var(--wp--preset--spacing--40)\">e-mail : <a href=\"mailto:ariane-pawin@wanadoo.fr\">ariane-pawin@wanadoo.fr<\/a><\/p>\n\n\n\n<p class=\"has-foreground-color has-text-color has-link-color wp-elements-7c3718646aa9c77b71965297f3915c19\" style=\"padding-right:var(--wp--preset--spacing--40);padding-left:var(--wp--preset--spacing--40)\">Site web : <a href=\"https:\/\/ariane-pawin.wixsite.com\/conteuse-comedienne\">ariane-pawin.wixsite.com<\/a><\/p>\n\n\n\n<p class=\"has-foreground-color has-text-color has-link-color wp-elements-4b9943a40f5816ba74f9591d1d1d6832\" style=\"padding-right:var(--wp--preset--spacing--40);padding-left:var(--wp--preset--spacing--40)\"><\/p>\n","protected":false},"excerpt":{"rendered":"<p>UNE NUIT \u00c0 TRAVERS LA NEIGE Victor Hugo, Litt\u00e9rature, Voyage\u00c2ge\u00a0: 14 ans+, lyc\u00e9e, adultes \u00ab Un hiver si froid qu\u2019on [&hellip;]<\/p>\n","protected":false},"author":1,"featured_media":271,"parent":0,"menu_order":0,"comment_status":"closed","ping_status":"closed","template":"","meta":{"footnotes":""},"class_list":["post-730","page","type-page","status-publish","has-post-thumbnail","hentry"],"_links":{"self":[{"href":"https:\/\/spectacles.lamaisonduconte.com\/index.php\/wp-json\/wp\/v2\/pages\/730","targetHints":{"allow":["GET"]}}],"collection":[{"href":"https:\/\/spectacles.lamaisonduconte.com\/index.php\/wp-json\/wp\/v2\/pages"}],"about":[{"href":"https:\/\/spectacles.lamaisonduconte.com\/index.php\/wp-json\/wp\/v2\/types\/page"}],"author":[{"embeddable":true,"href":"https:\/\/spectacles.lamaisonduconte.com\/index.php\/wp-json\/wp\/v2\/users\/1"}],"replies":[{"embeddable":true,"href":"https:\/\/spectacles.lamaisonduconte.com\/index.php\/wp-json\/wp\/v2\/comments?post=730"}],"version-history":[{"count":8,"href":"https:\/\/spectacles.lamaisonduconte.com\/index.php\/wp-json\/wp\/v2\/pages\/730\/revisions"}],"predecessor-version":[{"id":1497,"href":"https:\/\/spectacles.lamaisonduconte.com\/index.php\/wp-json\/wp\/v2\/pages\/730\/revisions\/1497"}],"wp:featuredmedia":[{"embeddable":true,"href":"https:\/\/spectacles.lamaisonduconte.com\/index.php\/wp-json\/wp\/v2\/media\/271"}],"wp:attachment":[{"href":"https:\/\/spectacles.lamaisonduconte.com\/index.php\/wp-json\/wp\/v2\/media?parent=730"}],"curies":[{"name":"wp","href":"https:\/\/api.w.org\/{rel}","templated":true}]}}