{"id":748,"date":"2024-12-02T17:50:20","date_gmt":"2024-12-02T16:50:20","guid":{"rendered":"https:\/\/spectacles.lamaisonduconte.com\/?page_id=748"},"modified":"2025-12-08T12:18:38","modified_gmt":"2025-12-08T11:18:38","slug":"annabelle-sergent-sauvage","status":"publish","type":"page","link":"https:\/\/spectacles.lamaisonduconte.com\/index.php\/annabelle-sergent-sauvage\/","title":{"rendered":"Annabelle Sergent &#8211; Sauvage"},"content":{"rendered":"\n<figure class=\"wp-block-image size-full is-resized\" style=\"margin-right:var(--wp--preset--spacing--40);margin-left:var(--wp--preset--spacing--40)\"><img loading=\"lazy\" decoding=\"async\" width=\"567\" height=\"700\" src=\"http:\/\/spectacles.lamaisonduconte.com\/wp-content\/uploads\/2024\/11\/SP-Sergent-sauvage.jpg\" alt=\"\" class=\"wp-image-277\" style=\"width:357px\" srcset=\"https:\/\/spectacles.lamaisonduconte.com\/wp-content\/uploads\/2024\/11\/SP-Sergent-sauvage.jpg 567w, https:\/\/spectacles.lamaisonduconte.com\/wp-content\/uploads\/2024\/11\/SP-Sergent-sauvage-243x300.jpg 243w\" sizes=\"auto, (max-width: 567px) 100vw, 567px\" \/><\/figure>\n\n\n\n<h2 class=\"wp-block-heading has-foreground-color has-text-color has-link-color wp-elements-9ba5b8a6ca94f685add70297906f6922\" style=\"padding-right:var(--wp--preset--spacing--40);padding-left:var(--wp--preset--spacing--40)\"><br>SAUVAGE, de Karin Serres<br><\/h2>\n\n\n\n<blockquote class=\"wp-block-quote has-foreground-color has-text-color has-link-color has-extra-small-font-size wp-elements-848f39f3e7fa5d7a74bfb931a7777c98 is-layout-flow wp-block-quote-is-layout-flow\" style=\"padding-right:0;padding-left:0\">\n<h6 class=\"wp-block-heading has-raleway-font-family has-extra-small-font-size\" style=\"padding-right:var(--wp--preset--spacing--40);padding-left:var(--wp--preset--spacing--40)\">Adolescence, \u00e9mancipation, vivant, sauvage<br>\u00c2ge&nbsp;: 10 ans+, coll\u00e8ge, lyc\u00e9e, adultes<\/h6>\n\n\n\n<p><\/p>\n<\/blockquote>\n\n\n\n<p class=\"has-foreground-color has-text-color has-link-color wp-elements-690a7d93b478b78208c3908998d9a591\" style=\"padding-right:var(--wp--preset--spacing--40);padding-left:var(--wp--preset--spacing--40)\"><br>\u00ab L\u2019histoire d\u2019une bande de 3 coll\u00e9gien\u00b7nes qui s\u2019\u00e9chappent r\u00e9guli\u00e8rement de l\u2019internat. D\u2019escapades en escapades, la bande s\u2019enfonce de plus en plus dans la for\u00eat, qui devient un endroit de luttes pour faire face au monde. Mais d\u00e9pass\u00e9e par l\u2019ampleur d\u2019un \u00e9v\u00e8nement, la bande devra quitter la for\u00eat et cacher un secret pour pr\u00e9server sa libert\u00e9. Reste \u00e0 savoir ce qui s\u2019est vraiment pass\u00e9 dans cette for\u00eat ? Et pourquoi devenus adultes cette histoire les hante encore ? \u00bb<\/p>\n\n\n\n<p class=\"has-foreground-color has-text-color has-link-color wp-elements-4b9943a40f5816ba74f9591d1d1d6832\" style=\"padding-right:var(--wp--preset--spacing--40);padding-left:var(--wp--preset--spacing--40)\"><\/p>\n\n\n\n<p class=\"has-foreground-color has-text-color has-link-color wp-elements-4b9943a40f5816ba74f9591d1d1d6832\" style=\"padding-right:var(--wp--preset--spacing--40);padding-left:var(--wp--preset--spacing--40)\"><\/p>\n\n\n\n<p class=\"has-foreground-color has-text-color has-link-color wp-elements-ba1238313e84d32e61af7a13624464d4\"><\/p>\n\n\n\n<p class=\"has-foreground-color has-text-color has-link-color wp-elements-0dd571d7468db780e4d625a2c814712c\" style=\"padding-right:var(--wp--preset--spacing--40);padding-left:var(--wp--preset--spacing--40)\"><br><strong>Lieux de repr\u00e9sentation&nbsp;<\/strong>: plateau (r\u00e9gie son et lumi\u00e8re)<\/p>\n\n\n\n<p class=\"has-foreground-color has-text-color has-link-color wp-elements-8d77e5eb4edade1dcc1f338a14e7be5a\" style=\"padding-top:var(--wp--preset--spacing--40);padding-right:var(--wp--preset--spacing--40);padding-bottom:var(--wp--preset--spacing--40);padding-left:var(--wp--preset--spacing--40)\"><strong>\u00c9quipe artiste&nbsp;au plateau<\/strong>&nbsp;: <a href=\"https:\/\/spectacles.lamaisonduconte.com\/index.php\/annabelle-sergent-fiche-artiste\/\" data-type=\"page\" data-id=\"741\">Annabelle Sergent<\/a>, texte de Karin Serres<\/p>\n\n\n\n<p class=\"has-foreground-color has-text-color has-link-color wp-elements-7185997f853f1a258ffd064e069159fc\" style=\"padding-top:var(--wp--preset--spacing--40);padding-right:var(--wp--preset--spacing--40);padding-bottom:var(--wp--preset--spacing--40);padding-left:var(--wp--preset--spacing--40)\"><strong>Teaser<\/strong> (\u00a9\u00a0Tim Maubon) :<\/p>\n\n\n\n<figure class=\"wp-block-embed is-type-video is-provider-youtube wp-block-embed-youtube wp-embed-aspect-16-9 wp-has-aspect-ratio\" style=\"margin-top:var(--wp--preset--spacing--50);margin-bottom:var(--wp--preset--spacing--50)\"><div class=\"wp-block-embed__wrapper\">\n<iframe loading=\"lazy\" title=\"SAUVAGE, thriller \u00e9thologique* de Karin Serres et Annabelle Sergent\" width=\"500\" height=\"281\" src=\"https:\/\/www.youtube.com\/embed\/OWypOOhf3_I?feature=oembed\" frameborder=\"0\" allow=\"accelerometer; autoplay; clipboard-write; encrypted-media; gyroscope; picture-in-picture; web-share\" referrerpolicy=\"strict-origin-when-cross-origin\" allowfullscreen><\/iframe>\n<\/div><\/figure>\n\n\n\n<p class=\"has-foreground-color has-text-color has-link-color wp-elements-d29ea061bb7743711c61146485eba877\" style=\"padding-right:var(--wp--preset--spacing--40);padding-left:var(--wp--preset--spacing--40)\"><strong>Production&nbsp;<\/strong>: Cie Loba \/ Coproductions et accueils en r\u00e9sidence : Le NEST Th\u00e9\u00e2tre, Le Th\u00e9\u00e2tre, Sc\u00e8ne Nationale de Saint-Nazaire,Le Th\u00e9\u00e2tre d\u2019Angoul\u00eame, Sc\u00e8ne nationale Carr\u00e9-Colonnes, Bordeaux M\u00e9tropole, Le Carr\u00e9, Sc\u00e8ne Nationale \u2013 Centre d\u2019art contemporain d\u2019int\u00e9r\u00eat national du Pays de Ch\u00e2teau-Gontie, Le Parvis, Sc\u00e8nes de Pays, Sc\u00e8ne Conventionn\u00e9e d\u2019int\u00e9r\u00eat national \u00ab Art en Territoire \u00bb, Mauges Communaut\u00e9, Le THV, Sc\u00e8ne Conventionn\u00e9e d\u2019int\u00e9r\u00eat national \u00ab Art, Enfants et Jeunesse \u00bb, Sc\u00e8nes Crois\u00e9es de Loz\u00e8re, Le Th\u00e9\u00e2tre Massalia, Sc\u00e8ne Conventionn\u00e9e d\u2019int\u00e9r\u00eat national \u00ab Art, Enfance, Jeunesse \u00bb, Saison Culturelle des Co\u00ebvrons, Le TRPL, Les Th\u00e9\u00e2tres municipaux d\u2019Angers \/ Soutiens : La Compagnie LOBA est conventionn\u00e9e avec L\u2019\u00c9tat \u2013 Minist\u00e8re de la Culture et de la Communication \u2013 Direction R\u00e9gionale des Affaires Culturelles des Pays de la Loire \/ La R\u00e9gion des Pays de la Loire \/ Le D\u00e9partement de Maine-et-Loire \/ La Ville d\u2019Angers \/ Spectacle programm\u00e9 dans le cadre de Voisinages, dispositif soutenu par la R\u00e9gion des Pays de la Loire.<\/p>\n\n\n\n<p class=\"has-foreground-color has-text-color has-link-color wp-elements-4b9943a40f5816ba74f9591d1d1d6832\" style=\"padding-right:var(--wp--preset--spacing--40);padding-left:var(--wp--preset--spacing--40)\"><\/p>\n\n\n\n<p class=\"has-foreground-color has-text-color has-link-color wp-elements-4861c563b4dadc57a0686e47d2c4b742\" style=\"padding-top:var(--wp--preset--spacing--60);padding-right:var(--wp--preset--spacing--40);padding-bottom:var(--wp--preset--spacing--60);padding-left:var(--wp--preset--spacing--40)\"><strong>Contact : <\/strong><\/p>\n\n\n\n<p class=\"has-foreground-color has-text-color has-link-color wp-elements-ed8ceaf3efdea294325e4ca199630859\" style=\"padding-right:var(--wp--preset--spacing--40);padding-left:var(--wp--preset--spacing--40)\">e-mail : <a href=\"mailto:cieloba@cieloba.org\">cieloba@cieloba.org<\/a><\/p>\n\n\n\n<p class=\"has-foreground-color has-text-color has-link-color wp-elements-f618ab480551cdcf83fa1f80fab13c23\" style=\"padding-right:var(--wp--preset--spacing--40);padding-left:var(--wp--preset--spacing--40)\">Site web : <a href=\"https:\/\/www.cieloba.org\">www.cieloba.org<\/a><\/p>\n\n\n\n<p class=\"has-foreground-color has-text-color has-link-color wp-elements-4b9943a40f5816ba74f9591d1d1d6832\" style=\"padding-right:var(--wp--preset--spacing--40);padding-left:var(--wp--preset--spacing--40)\"><\/p>\n\n\n\n<p class=\"has-foreground-color has-text-color has-link-color wp-elements-4b9943a40f5816ba74f9591d1d1d6832\" style=\"padding-right:var(--wp--preset--spacing--40);padding-left:var(--wp--preset--spacing--40)\"><\/p>\n","protected":false},"excerpt":{"rendered":"<p>SAUVAGE, de Karin Serres Adolescence, \u00e9mancipation, vivant, sauvage\u00c2ge&nbsp;: 10 ans+, coll\u00e8ge, lyc\u00e9e, adultes \u00ab L\u2019histoire d\u2019une bande de 3 coll\u00e9gien\u00b7nes [&hellip;]<\/p>\n","protected":false},"author":1,"featured_media":277,"parent":0,"menu_order":0,"comment_status":"closed","ping_status":"closed","template":"","meta":{"footnotes":""},"class_list":["post-748","page","type-page","status-publish","has-post-thumbnail","hentry"],"_links":{"self":[{"href":"https:\/\/spectacles.lamaisonduconte.com\/index.php\/wp-json\/wp\/v2\/pages\/748","targetHints":{"allow":["GET"]}}],"collection":[{"href":"https:\/\/spectacles.lamaisonduconte.com\/index.php\/wp-json\/wp\/v2\/pages"}],"about":[{"href":"https:\/\/spectacles.lamaisonduconte.com\/index.php\/wp-json\/wp\/v2\/types\/page"}],"author":[{"embeddable":true,"href":"https:\/\/spectacles.lamaisonduconte.com\/index.php\/wp-json\/wp\/v2\/users\/1"}],"replies":[{"embeddable":true,"href":"https:\/\/spectacles.lamaisonduconte.com\/index.php\/wp-json\/wp\/v2\/comments?post=748"}],"version-history":[{"count":10,"href":"https:\/\/spectacles.lamaisonduconte.com\/index.php\/wp-json\/wp\/v2\/pages\/748\/revisions"}],"predecessor-version":[{"id":1700,"href":"https:\/\/spectacles.lamaisonduconte.com\/index.php\/wp-json\/wp\/v2\/pages\/748\/revisions\/1700"}],"wp:featuredmedia":[{"embeddable":true,"href":"https:\/\/spectacles.lamaisonduconte.com\/index.php\/wp-json\/wp\/v2\/media\/277"}],"wp:attachment":[{"href":"https:\/\/spectacles.lamaisonduconte.com\/index.php\/wp-json\/wp\/v2\/media?parent=748"}],"curies":[{"name":"wp","href":"https:\/\/api.w.org\/{rel}","templated":true}]}}