{"id":758,"date":"2024-12-02T18:13:24","date_gmt":"2024-12-02T17:13:24","guid":{"rendered":"https:\/\/spectacles.lamaisonduconte.com\/?page_id=758"},"modified":"2025-01-28T13:49:01","modified_gmt":"2025-01-28T12:49:01","slug":"david-sire-fuguer-or-not-fuguer","status":"publish","type":"page","link":"https:\/\/spectacles.lamaisonduconte.com\/index.php\/david-sire-fuguer-or-not-fuguer\/","title":{"rendered":"David Sire &#8211; Fuguer or not fuguer"},"content":{"rendered":"\n<figure class=\"wp-block-image size-full is-resized\" style=\"margin-right:var(--wp--preset--spacing--40);margin-left:var(--wp--preset--spacing--40)\"><img loading=\"lazy\" decoding=\"async\" width=\"567\" height=\"700\" src=\"http:\/\/spectacles.lamaisonduconte.com\/wp-content\/uploads\/2024\/11\/SP-Sire-fuguer.jpg\" alt=\"\" class=\"wp-image-260\" style=\"width:357px\" srcset=\"https:\/\/spectacles.lamaisonduconte.com\/wp-content\/uploads\/2024\/11\/SP-Sire-fuguer.jpg 567w, https:\/\/spectacles.lamaisonduconte.com\/wp-content\/uploads\/2024\/11\/SP-Sire-fuguer-243x300.jpg 243w\" sizes=\"auto, (max-width: 567px) 100vw, 567px\" \/><\/figure>\n\n\n\n<h2 class=\"wp-block-heading has-foreground-color has-text-color has-link-color wp-elements-3733a6bdc377f7dadba2aabc98c2aa95\" style=\"padding-right:var(--wp--preset--spacing--40);padding-left:var(--wp--preset--spacing--40)\"><br>FUGUER OR NOT FUGUER<br><\/h2>\n\n\n\n<blockquote class=\"wp-block-quote has-foreground-color has-text-color has-link-color has-extra-small-font-size wp-elements-5314063506694a2a011eee43a2ba1b32 is-layout-flow wp-block-quote-is-layout-flow\" style=\"padding-right:0;padding-left:0\">\n<h6 class=\"wp-block-heading has-raleway-font-family has-extra-small-font-size\" style=\"padding-right:var(--wp--preset--spacing--40);padding-left:var(--wp--preset--spacing--40)\">Marche, paternit\u00e9, transmission<br>\u00c2ge&nbsp;: 14 ans+, coll\u00e8ge, lyc\u00e9e, adultes<\/h6>\n\n\n\n<p><\/p>\n<\/blockquote>\n\n\n\n<p class=\"has-foreground-color has-text-color has-link-color wp-elements-e305723db151685957bdc72a3ff432be\" style=\"padding-right:var(--wp--preset--spacing--40);padding-left:var(--wp--preset--spacing--40)\"><br>\u00ab Voyage jubilatoire \u00e0 travers l&rsquo;histoire de la bip\u00e9die humaine, r\u00e9cit sur la paternit\u00e9, la filiation et la transmission, Fuguer or not fuguer explore avec humour et tendresse cette difficile libert\u00e9 qui t\u00e2tonne au c\u0153ur du lien interg\u00e9n\u00e9rationnel. \u00bb<\/p>\n\n\n\n<p class=\"has-foreground-color has-text-color has-link-color wp-elements-4b9943a40f5816ba74f9591d1d1d6832\" style=\"padding-right:var(--wp--preset--spacing--40);padding-left:var(--wp--preset--spacing--40)\"><\/p>\n\n\n\n<p class=\"has-foreground-color has-text-color has-link-color wp-elements-ba1238313e84d32e61af7a13624464d4\"><\/p>\n\n\n\n<p class=\"has-foreground-color has-text-color has-link-color wp-elements-4dfc9323796df775130d5c41ee7be06e\" style=\"padding-right:var(--wp--preset--spacing--40);padding-left:var(--wp--preset--spacing--40)\"><br><strong>Lieux de repr\u00e9sentation&nbsp;<\/strong>: forme plateau (r\u00e9gie son et lumi\u00e8re) et forme LND (lieux non-d\u00e9di\u00e9s)<\/p>\n\n\n\n<p class=\"has-foreground-color has-text-color has-link-color wp-elements-f295e42046ca4a258f606f9621ee78aa\" style=\"padding-top:var(--wp--preset--spacing--40);padding-right:var(--wp--preset--spacing--40);padding-bottom:var(--wp--preset--spacing--40);padding-left:var(--wp--preset--spacing--40)\"><strong>\u00c9quipe artiste&nbsp;au plateau<\/strong>&nbsp;: <a href=\"https:\/\/spectacles.lamaisonduconte.com\/index.php\/david-sire-fiche-artiste\/\" data-type=\"page\" data-id=\"756\">David Sire<\/a><\/p>\n\n\n\n<p class=\"has-foreground-color has-text-color has-link-color wp-elements-00f97c7b74e1e07a7f5556c2c16569e0\" style=\"padding-right:var(--wp--preset--spacing--40);padding-left:var(--wp--preset--spacing--40)\"><strong>Teaser<\/strong> :<\/p>\n\n\n\n<figure class=\"wp-block-embed is-type-video is-provider-vimeo wp-block-embed-vimeo wp-embed-aspect-16-9 wp-has-aspect-ratio\"><div class=\"wp-block-embed__wrapper\">\n<iframe loading=\"lazy\" title=\"Fuguer ot not fuguer - note d&#039;intention\" src=\"https:\/\/player.vimeo.com\/video\/1023174004?dnt=1&amp;app_id=122963\" width=\"500\" height=\"281\" frameborder=\"0\" allow=\"autoplay; fullscreen; picture-in-picture; clipboard-write; encrypted-media\"><\/iframe>\n<\/div><\/figure>\n\n\n\n<p class=\"has-foreground-color has-text-color has-link-color wp-elements-1c79c1fc3293c927e9c5b23573300450\" style=\"padding-right:var(--wp--preset--spacing--40);padding-left:var(--wp--preset--spacing--40)\"><strong>Production&nbsp;<\/strong>: <\/p>\n\n\n\n<p class=\"has-foreground-color has-text-color has-link-color wp-elements-0c85fa9e42180185a515d867b9d755d0\" style=\"padding-right:var(--wp--preset--spacing--40);padding-left:var(--wp--preset--spacing--40)\">Cie S\u00e9l\u00e9note \/ Soutiens : Gommette Production, Th\u00e9\u00e2tre d&rsquo;Angoul\u00eame &#8211; Sc\u00e8ne nationale, La Maison du Conte, Office Artistique de la R\u00e9gion Nouvelle-Aquitaine, Centre des Arts du R\u00e9cit, Ville de Capbreton, Communaut\u00e9 de Communes Maremne Adour C\u00f4te-Sud, Union R\u00e9gionale des Foyers Ruraux du Poitou-Charentes et de son p\u00f4le culturel r\u00e9gionale des arts de la parole et des \u00e9critures contemporaines, Les 3 Aires (La Canop\u00e9e-Ruffec, La Pal\u00e8ne-Rouillac, Les Carmes-La Rochefoucauld), La Barbacane &#8211; Sc\u00e8ne convetionn\u00e9e d&rsquo;int\u00e9r\u00eat national Art en territoire &#8211; Musique, Centre National de la Musique, R\u00e9gion Nouvelle-Aquitaine, Direction r\u00e9gionale des Affaires culturelles de Nouvelle-Aquitaine, Charente le D\u00e9partement, Grand&rsquo;Angoul\u00eame, Th\u00e9\u00e2tre du Clo\u00eetre de Bellac, Le Nombril du Monde \/ <em>Fuguer or not fuguer<\/em> a b\u00e9n\u00e9fici\u00e9 d\u2019une bourse \u00e0 l\u2019\u00e9criture dramatique de l\u2019OARA et d\u2019une bourse du CNM.<\/p>\n\n\n\n<p class=\"has-foreground-color has-text-color has-link-color wp-elements-4861c563b4dadc57a0686e47d2c4b742\" style=\"padding-top:var(--wp--preset--spacing--60);padding-right:var(--wp--preset--spacing--40);padding-bottom:var(--wp--preset--spacing--60);padding-left:var(--wp--preset--spacing--40)\"><strong>Contact : <\/strong><\/p>\n\n\n\n<p class=\"has-foreground-color has-text-color has-link-color wp-elements-37c990f02ebb4deb7ac62e9402917743\" style=\"margin-top:var(--wp--preset--spacing--30);margin-right:0;margin-bottom:var(--wp--preset--spacing--30);margin-left:var(--wp--preset--spacing--60);padding-right:var(--wp--preset--spacing--40);padding-left:var(--wp--preset--spacing--40)\">e-mail : <a href=\"mailto:contact@davidsire.com\">contact@davidsire.com<\/a><\/p>\n\n\n\n<p class=\"has-foreground-color has-text-color has-link-color wp-elements-b3c8193ccd5c5d82dfbf7a804e5e41f6\" style=\"padding-right:var(--wp--preset--spacing--40);padding-left:var(--wp--preset--spacing--40)\">Site web : <a href=\"https:\/\/www.davidsire.com\">www.davidsire.com<\/a><\/p>\n","protected":false},"excerpt":{"rendered":"<p>FUGUER OR NOT FUGUER Marche, paternit\u00e9, transmission\u00c2ge&nbsp;: 14 ans+, coll\u00e8ge, lyc\u00e9e, adultes \u00ab Voyage jubilatoire \u00e0 travers l&rsquo;histoire de la [&hellip;]<\/p>\n","protected":false},"author":1,"featured_media":260,"parent":0,"menu_order":0,"comment_status":"closed","ping_status":"closed","template":"","meta":{"footnotes":""},"class_list":["post-758","page","type-page","status-publish","has-post-thumbnail","hentry"],"_links":{"self":[{"href":"https:\/\/spectacles.lamaisonduconte.com\/index.php\/wp-json\/wp\/v2\/pages\/758","targetHints":{"allow":["GET"]}}],"collection":[{"href":"https:\/\/spectacles.lamaisonduconte.com\/index.php\/wp-json\/wp\/v2\/pages"}],"about":[{"href":"https:\/\/spectacles.lamaisonduconte.com\/index.php\/wp-json\/wp\/v2\/types\/page"}],"author":[{"embeddable":true,"href":"https:\/\/spectacles.lamaisonduconte.com\/index.php\/wp-json\/wp\/v2\/users\/1"}],"replies":[{"embeddable":true,"href":"https:\/\/spectacles.lamaisonduconte.com\/index.php\/wp-json\/wp\/v2\/comments?post=758"}],"version-history":[{"count":7,"href":"https:\/\/spectacles.lamaisonduconte.com\/index.php\/wp-json\/wp\/v2\/pages\/758\/revisions"}],"predecessor-version":[{"id":1663,"href":"https:\/\/spectacles.lamaisonduconte.com\/index.php\/wp-json\/wp\/v2\/pages\/758\/revisions\/1663"}],"wp:featuredmedia":[{"embeddable":true,"href":"https:\/\/spectacles.lamaisonduconte.com\/index.php\/wp-json\/wp\/v2\/media\/260"}],"wp:attachment":[{"href":"https:\/\/spectacles.lamaisonduconte.com\/index.php\/wp-json\/wp\/v2\/media?parent=758"}],"curies":[{"name":"wp","href":"https:\/\/api.w.org\/{rel}","templated":true}]}}