{"id":778,"date":"2024-12-02T18:42:01","date_gmt":"2024-12-02T17:42:01","guid":{"rendered":"https:\/\/spectacles.lamaisonduconte.com\/?page_id=778"},"modified":"2025-01-14T12:29:53","modified_gmt":"2025-01-14T11:29:53","slug":"marien-tillet-le-dernier-ogre","status":"publish","type":"page","link":"https:\/\/spectacles.lamaisonduconte.com\/index.php\/marien-tillet-le-dernier-ogre\/","title":{"rendered":"Marien Tillet \/ Mathias Castagn\u00e9 \/ Samuel Poncet &#8211; Le dernier ogre"},"content":{"rendered":"\n<figure class=\"wp-block-image size-full is-resized\" style=\"margin-right:var(--wp--preset--spacing--40);margin-left:var(--wp--preset--spacing--40)\"><img loading=\"lazy\" decoding=\"async\" width=\"567\" height=\"700\" src=\"https:\/\/spectacles.lamaisonduconte.com\/wp-content\/uploads\/2024\/12\/SP-Tillet-ogre.jpg\" alt=\"\" class=\"wp-image-1192\" style=\"width:357px\" srcset=\"https:\/\/spectacles.lamaisonduconte.com\/wp-content\/uploads\/2024\/12\/SP-Tillet-ogre.jpg 567w, https:\/\/spectacles.lamaisonduconte.com\/wp-content\/uploads\/2024\/12\/SP-Tillet-ogre-243x300.jpg 243w\" sizes=\"auto, (max-width: 567px) 100vw, 567px\" \/><\/figure>\n\n\n\n<h2 class=\"wp-block-heading has-foreground-color has-text-color has-link-color wp-elements-6d130fdabd8ad2c7e87e60a4f24a8b01\" style=\"padding-right:var(--wp--preset--spacing--40);padding-left:var(--wp--preset--spacing--40)\"><br>LE DERNIER OGRE<br><\/h2>\n\n\n\n<blockquote class=\"wp-block-quote has-foreground-color has-text-color has-link-color has-extra-small-font-size wp-elements-9e8acf838bc99b785faf8fd2118699ba is-layout-flow wp-block-quote-is-layout-flow\" style=\"padding-right:0;padding-left:0\">\n<h6 class=\"wp-block-heading has-raleway-font-family has-extra-small-font-size\" style=\"padding-right:var(--wp--preset--spacing--40);padding-left:var(--wp--preset--spacing--40)\">Histoire fantastique, ogre, faim, conte merveilleux, Petit Poucet, \u00e9cologie<br>\u00c2ge\u00a0: 13 ans+, lyc\u00e9e, adultes<\/h6>\n\n\n\n<p><\/p>\n<\/blockquote>\n\n\n\n<p class=\"has-foreground-color has-text-color has-link-color wp-elements-bbfcb9d733ee10b6571fe80e3bb1bd7e\" style=\"padding-right:var(--wp--preset--spacing--40);padding-left:var(--wp--preset--spacing--40)\"><br>\u00ab Face A : Un ogre raconte, meurtri, l\u2019irr\u00e9parable commis de ses propres mains quand sept gar\u00e7ons ont p\u00e9n\u00e9tr\u00e9 dans sa maison. Face B : Un homme explique sa d\u00e9cision de partir de la ville avec sa famille, pour tenter un changement radical de mode de vie. Les 2 histoires se t\u00e9lescopent et font appara\u00eetre une motivation sournoise : la faim. Entre slam, concert et live painting, une mise en ab\u00eeme de la figure de l\u2019ogre travers\u00e9e par le r\u00e9cit d&rsquo;une famille d&rsquo;aujourd&rsquo;hui. \u00bb<\/p>\n\n\n\n<p class=\"has-foreground-color has-text-color has-link-color wp-elements-4b9943a40f5816ba74f9591d1d1d6832\" style=\"padding-right:var(--wp--preset--spacing--40);padding-left:var(--wp--preset--spacing--40)\"><\/p>\n\n\n\n<p class=\"has-foreground-color has-text-color has-link-color wp-elements-ba1238313e84d32e61af7a13624464d4\"><\/p>\n\n\n\n<p class=\"has-foreground-color has-text-color has-link-color wp-elements-b245ad21586fd04584a3d60ea37708b3\" style=\"padding-right:var(--wp--preset--spacing--40);padding-left:var(--wp--preset--spacing--40)\"><br><strong>Lieux de repr\u00e9sentation&nbsp;<\/strong>: forme plateau (r\u00e9gie son et lumi\u00e8re)<\/p>\n\n\n\n<p class=\"has-foreground-color has-text-color has-link-color wp-elements-97c7e79f90efa70e72b5f2cb0c6de2ee\" style=\"padding-top:var(--wp--preset--spacing--40);padding-right:var(--wp--preset--spacing--40);padding-bottom:var(--wp--preset--spacing--40);padding-left:var(--wp--preset--spacing--40)\"><strong>\u00c9quipe artiste&nbsp;au plateau<\/strong>&nbsp;: <a href=\"https:\/\/spectacles.lamaisonduconte.com\/index.php\/marien-tillet-fiche-artiste\/\" data-type=\"page\" data-id=\"773\">Marien Tillet<\/a> (mise en sc\u00e8ne, \u00e9criture et r\u00e9cit), Mathias Castagn\u00e9 (composition musicale et guitare) et Samuel Poncet (sc\u00e9nographie et live painting)<\/p>\n\n\n\n<p class=\"has-foreground-color has-text-color has-link-color wp-elements-00f97c7b74e1e07a7f5556c2c16569e0\" style=\"padding-right:var(--wp--preset--spacing--40);padding-left:var(--wp--preset--spacing--40)\"><strong>Teaser<\/strong> :<\/p>\n\n\n\n<figure class=\"wp-block-embed is-type-video is-provider-vimeo wp-block-embed-vimeo wp-embed-aspect-16-9 wp-has-aspect-ratio\"><div class=\"wp-block-embed__wrapper\">\n<iframe loading=\"lazy\" title=\"LE DERNIER OGRE bande-annonce\" src=\"https:\/\/player.vimeo.com\/video\/499599849?dnt=1&amp;app_id=122963\" width=\"500\" height=\"281\" frameborder=\"0\" allow=\"autoplay; fullscreen; picture-in-picture; clipboard-write\"><\/iframe>\n<\/div><\/figure>\n\n\n\n<p class=\"has-foreground-color has-text-color has-link-color wp-elements-1c79c1fc3293c927e9c5b23573300450\" style=\"padding-right:var(--wp--preset--spacing--40);padding-left:var(--wp--preset--spacing--40)\"><strong>Production&nbsp;<\/strong>: <\/p>\n\n\n\n<p class=\"has-foreground-color has-text-color has-link-color wp-elements-d54e6b4b4e547a57c408e8851e267e14\" style=\"padding-right:var(--wp--preset--spacing--40);padding-left:var(--wp--preset--spacing--40)\">Cie Le Cri de l\u2019Armoire \/ Coproductions : La Maison du Conte, Th\u00e9\u00e2tre Andr\u00e9 Malraux, Th\u00e9\u00e2tre des Sources \/ Partenaires et r\u00e9sidences : Espace Germinal, Th\u00e9\u00e2tre du Cormier, La Canop\u00e9e de Ruffec \/ Soutien : Le Liburnia \/ Aide \u00e0 la production dramatique de la DRAC \u00cele de France et Aide aux projets du Conseil G\u00e9n\u00e9ral du Val d&rsquo;Oise et l\u2019aide \u00e0 la cr\u00e9ation du Conseil G\u00e9n\u00e9ral du Val de Marne.<\/p>\n\n\n\n<p class=\"has-foreground-color has-text-color has-link-color wp-elements-4861c563b4dadc57a0686e47d2c4b742\" style=\"padding-top:var(--wp--preset--spacing--60);padding-right:var(--wp--preset--spacing--40);padding-bottom:var(--wp--preset--spacing--60);padding-left:var(--wp--preset--spacing--40)\"><strong>Contact : <\/strong><\/p>\n\n\n\n<p class=\"has-foreground-color has-text-color has-link-color wp-elements-f4d1f6c9144e718af439459a6833200e\" style=\"margin-top:var(--wp--preset--spacing--30);margin-right:0;margin-bottom:var(--wp--preset--spacing--30);margin-left:var(--wp--preset--spacing--60);padding-right:var(--wp--preset--spacing--40);padding-left:var(--wp--preset--spacing--40)\">e-mail : <a href=\"mailto:marien.tillet@gmail.com\">marien.tillet@gmail.com<\/a><\/p>\n\n\n\n<p class=\"has-foreground-color has-text-color has-link-color wp-elements-02ee47aa436d180e221657962ba4c880\" style=\"padding-right:var(--wp--preset--spacing--40);padding-left:var(--wp--preset--spacing--40)\">Site web : <a href=\"https:\/\/www.lecridelarmoire.fr\">www.lecridelarmoire.fr<\/a><\/p>\n","protected":false},"excerpt":{"rendered":"<p>LE DERNIER OGRE Histoire fantastique, ogre, faim, conte merveilleux, Petit Poucet, \u00e9cologie\u00c2ge\u00a0: 13 ans+, lyc\u00e9e, adultes \u00ab Face A : [&hellip;]<\/p>\n","protected":false},"author":1,"featured_media":1192,"parent":0,"menu_order":0,"comment_status":"closed","ping_status":"closed","template":"","meta":{"footnotes":""},"class_list":["post-778","page","type-page","status-publish","has-post-thumbnail","hentry"],"_links":{"self":[{"href":"https:\/\/spectacles.lamaisonduconte.com\/index.php\/wp-json\/wp\/v2\/pages\/778","targetHints":{"allow":["GET"]}}],"collection":[{"href":"https:\/\/spectacles.lamaisonduconte.com\/index.php\/wp-json\/wp\/v2\/pages"}],"about":[{"href":"https:\/\/spectacles.lamaisonduconte.com\/index.php\/wp-json\/wp\/v2\/types\/page"}],"author":[{"embeddable":true,"href":"https:\/\/spectacles.lamaisonduconte.com\/index.php\/wp-json\/wp\/v2\/users\/1"}],"replies":[{"embeddable":true,"href":"https:\/\/spectacles.lamaisonduconte.com\/index.php\/wp-json\/wp\/v2\/comments?post=778"}],"version-history":[{"count":6,"href":"https:\/\/spectacles.lamaisonduconte.com\/index.php\/wp-json\/wp\/v2\/pages\/778\/revisions"}],"predecessor-version":[{"id":1501,"href":"https:\/\/spectacles.lamaisonduconte.com\/index.php\/wp-json\/wp\/v2\/pages\/778\/revisions\/1501"}],"wp:featuredmedia":[{"embeddable":true,"href":"https:\/\/spectacles.lamaisonduconte.com\/index.php\/wp-json\/wp\/v2\/media\/1192"}],"wp:attachment":[{"href":"https:\/\/spectacles.lamaisonduconte.com\/index.php\/wp-json\/wp\/v2\/media?parent=778"}],"curies":[{"name":"wp","href":"https:\/\/api.w.org\/{rel}","templated":true}]}}