{"id":780,"date":"2024-12-02T18:46:49","date_gmt":"2024-12-02T17:46:49","guid":{"rendered":"https:\/\/spectacles.lamaisonduconte.com\/?page_id=780"},"modified":"2025-01-14T12:29:35","modified_gmt":"2025-01-14T11:29:35","slug":"marien-tillet-pecs","status":"publish","type":"page","link":"https:\/\/spectacles.lamaisonduconte.com\/index.php\/marien-tillet-pecs\/","title":{"rendered":"Marien Tillet &#8211; PECS"},"content":{"rendered":"\n<figure class=\"wp-block-image size-full is-resized\" style=\"margin-right:var(--wp--preset--spacing--40);margin-left:var(--wp--preset--spacing--40)\"><img loading=\"lazy\" decoding=\"async\" width=\"567\" height=\"700\" src=\"http:\/\/spectacles.lamaisonduconte.com\/wp-content\/uploads\/2024\/11\/SP-Tillet-pecs.jpg\" alt=\"\" class=\"wp-image-268\" style=\"width:357px\" srcset=\"https:\/\/spectacles.lamaisonduconte.com\/wp-content\/uploads\/2024\/11\/SP-Tillet-pecs.jpg 567w, https:\/\/spectacles.lamaisonduconte.com\/wp-content\/uploads\/2024\/11\/SP-Tillet-pecs-243x300.jpg 243w\" sizes=\"auto, (max-width: 567px) 100vw, 567px\" \/><\/figure>\n\n\n\n<h2 class=\"wp-block-heading has-foreground-color has-text-color has-link-color wp-elements-e53042307fd8002594671f20058cb55b\" style=\"padding-right:var(--wp--preset--spacing--40);padding-left:var(--wp--preset--spacing--40)\"><br>P.E.C.S (Parcours Emb\u00fbch\u00e9 \u00e0 la Cr\u00e9ation d\u2019un Spectacle)<br><\/h2>\n\n\n\n<blockquote class=\"wp-block-quote has-foreground-color has-text-color has-link-color has-extra-small-font-size wp-elements-5342723de5e948b1b31ac4d7d8d036ea is-layout-flow wp-block-quote-is-layout-flow\" style=\"padding-right:0;padding-left:0\">\n<h6 class=\"wp-block-heading has-raleway-font-family has-extra-small-font-size\" style=\"padding-right:var(--wp--preset--spacing--40);padding-left:var(--wp--preset--spacing--40)\">Fabrique d\u2019un spectacle, m\u00e9tier, humour, improvisation, participatif<br>\u00c2ge\u00a0: 13 ans+, coll\u00e8ge, lyc\u00e9e, adultes<\/h6>\n\n\n\n<p><\/p>\n<\/blockquote>\n\n\n\n<p class=\"has-foreground-color has-text-color has-link-color wp-elements-584db9397912c71385861c3fdeb091e7\" style=\"padding-right:var(--wp--preset--spacing--40);padding-left:var(--wp--preset--spacing--40)\"><br>\u00ab P.E.C.S. est un spectacle qui raconte comment se construit un spectacle. P.E.C.S. montre les obstacles, les emb\u00fbches, les pi\u00e8ges, les doutes, la production, les rendez-vous, l&rsquo;administration, l&rsquo;inspiration, le manque d&rsquo;inspiration, l&rsquo;angoisse caus\u00e9e par le manque d&rsquo;inspiration, l&rsquo;insomnie due \u00e0 l&rsquo;angoisse caus\u00e9e par le manque d&rsquo;inspiration, et toutes les choses merveilleuses qui accompagnent la vie d&rsquo;un auteur-metteur en sc\u00e8ne pendant une ann\u00e9e de cr\u00e9ation. \u00bb<\/p>\n\n\n\n<p class=\"has-foreground-color has-text-color has-link-color wp-elements-4b9943a40f5816ba74f9591d1d1d6832\" style=\"padding-right:var(--wp--preset--spacing--40);padding-left:var(--wp--preset--spacing--40)\"><\/p>\n\n\n\n<p class=\"has-foreground-color has-text-color has-link-color wp-elements-ba1238313e84d32e61af7a13624464d4\"><\/p>\n\n\n\n<p class=\"has-foreground-color has-text-color has-link-color wp-elements-5e4ec7be5121406c09e3104371e550a9\" style=\"padding-right:var(--wp--preset--spacing--40);padding-left:var(--wp--preset--spacing--40)\"><br><strong>Lieux de repr\u00e9sentation&nbsp;<\/strong>: forme LND (lieux non-d\u00e9di\u00e9s dont les salles de classe)<\/p>\n\n\n\n<p class=\"has-foreground-color has-text-color has-link-color wp-elements-16ac35722bd49890cdb48593243067bf\" style=\"padding-top:var(--wp--preset--spacing--40);padding-right:var(--wp--preset--spacing--40);padding-bottom:var(--wp--preset--spacing--40);padding-left:var(--wp--preset--spacing--40)\"><strong>\u00c9quipe artiste&nbsp;au plateau<\/strong>&nbsp;: <a href=\"https:\/\/spectacles.lamaisonduconte.com\/index.php\/marien-tillet-fiche-artiste\/\" data-type=\"page\" data-id=\"773\">Marien Tillet<\/a><\/p>\n\n\n\n<p class=\"has-foreground-color has-text-color has-link-color wp-elements-4b9943a40f5816ba74f9591d1d1d6832\" style=\"padding-right:var(--wp--preset--spacing--40);padding-left:var(--wp--preset--spacing--40)\"><\/p>\n\n\n\n<p class=\"has-foreground-color has-text-color has-link-color wp-elements-1c79c1fc3293c927e9c5b23573300450\" style=\"padding-right:var(--wp--preset--spacing--40);padding-left:var(--wp--preset--spacing--40)\"><strong>Production&nbsp;<\/strong>: <\/p>\n\n\n\n<p class=\"has-foreground-color has-text-color has-link-color wp-elements-a74d5864d7791f2978ff786dc2441352\" style=\"padding-right:var(--wp--preset--spacing--40);padding-left:var(--wp--preset--spacing--40)\">Cie Le Cri de l\u2019Armoire \/ Cor\u00e9alisation : Th\u00e9\u00e2tre Dunois \/ Accueil en r\u00e9sidence : Le TAG \/ Aide \u00e0 la r\u00e9sidence artistique et culturelle de la Ville de Paris \/Aides \u00e0 la diffusion des \u0153uvres dans le domaine du spectacle vivant de la R\u00e9gion \u00cele de France<\/p>\n\n\n\n<p class=\"has-foreground-color has-text-color has-link-color wp-elements-4861c563b4dadc57a0686e47d2c4b742\" style=\"padding-top:var(--wp--preset--spacing--60);padding-right:var(--wp--preset--spacing--40);padding-bottom:var(--wp--preset--spacing--60);padding-left:var(--wp--preset--spacing--40)\"><strong>Contact : <\/strong><\/p>\n\n\n\n<p class=\"has-foreground-color has-text-color has-link-color wp-elements-f4d1f6c9144e718af439459a6833200e\" style=\"margin-top:var(--wp--preset--spacing--30);margin-right:0;margin-bottom:var(--wp--preset--spacing--30);margin-left:var(--wp--preset--spacing--60);padding-right:var(--wp--preset--spacing--40);padding-left:var(--wp--preset--spacing--40)\">e-mail : <a href=\"mailto:marien.tillet@gmail.com\">marien.tillet@gmail.com<\/a><\/p>\n\n\n\n<p class=\"has-foreground-color has-text-color has-link-color wp-elements-02ee47aa436d180e221657962ba4c880\" style=\"padding-right:var(--wp--preset--spacing--40);padding-left:var(--wp--preset--spacing--40)\">Site web : <a href=\"https:\/\/www.lecridelarmoire.fr\">www.lecridelarmoire.fr<\/a><\/p>\n","protected":false},"excerpt":{"rendered":"<p>P.E.C.S (Parcours Emb\u00fbch\u00e9 \u00e0 la Cr\u00e9ation d\u2019un Spectacle) Fabrique d\u2019un spectacle, m\u00e9tier, humour, improvisation, participatif\u00c2ge\u00a0: 13 ans+, coll\u00e8ge, lyc\u00e9e, adultes [&hellip;]<\/p>\n","protected":false},"author":1,"featured_media":268,"parent":0,"menu_order":0,"comment_status":"closed","ping_status":"closed","template":"","meta":{"footnotes":""},"class_list":["post-780","page","type-page","status-publish","has-post-thumbnail","hentry"],"_links":{"self":[{"href":"https:\/\/spectacles.lamaisonduconte.com\/index.php\/wp-json\/wp\/v2\/pages\/780","targetHints":{"allow":["GET"]}}],"collection":[{"href":"https:\/\/spectacles.lamaisonduconte.com\/index.php\/wp-json\/wp\/v2\/pages"}],"about":[{"href":"https:\/\/spectacles.lamaisonduconte.com\/index.php\/wp-json\/wp\/v2\/types\/page"}],"author":[{"embeddable":true,"href":"https:\/\/spectacles.lamaisonduconte.com\/index.php\/wp-json\/wp\/v2\/users\/1"}],"replies":[{"embeddable":true,"href":"https:\/\/spectacles.lamaisonduconte.com\/index.php\/wp-json\/wp\/v2\/comments?post=780"}],"version-history":[{"count":4,"href":"https:\/\/spectacles.lamaisonduconte.com\/index.php\/wp-json\/wp\/v2\/pages\/780\/revisions"}],"predecessor-version":[{"id":1500,"href":"https:\/\/spectacles.lamaisonduconte.com\/index.php\/wp-json\/wp\/v2\/pages\/780\/revisions\/1500"}],"wp:featuredmedia":[{"embeddable":true,"href":"https:\/\/spectacles.lamaisonduconte.com\/index.php\/wp-json\/wp\/v2\/media\/268"}],"wp:attachment":[{"href":"https:\/\/spectacles.lamaisonduconte.com\/index.php\/wp-json\/wp\/v2\/media?parent=780"}],"curies":[{"name":"wp","href":"https:\/\/api.w.org\/{rel}","templated":true}]}}