{"id":786,"date":"2024-12-02T18:57:47","date_gmt":"2024-12-02T17:57:47","guid":{"rendered":"https:\/\/spectacles.lamaisonduconte.com\/?page_id=786"},"modified":"2026-03-24T09:39:53","modified_gmt":"2026-03-24T08:39:53","slug":"francine-vidal-ta-langue-est-ton-cheval","status":"publish","type":"page","link":"https:\/\/spectacles.lamaisonduconte.com\/index.php\/francine-vidal-ta-langue-est-ton-cheval\/","title":{"rendered":"Francine Vidal &#8211; Ta langue est ton cheval"},"content":{"rendered":"\n<figure class=\"wp-block-image size-full is-resized\" style=\"margin-right:var(--wp--preset--spacing--40);margin-left:var(--wp--preset--spacing--40)\"><img loading=\"lazy\" decoding=\"async\" width=\"567\" height=\"700\" src=\"http:\/\/spectacles.lamaisonduconte.com\/wp-content\/uploads\/2024\/11\/SP-Vidal-cheval.jpg\" alt=\"\" class=\"wp-image-264\" style=\"width:357px\" srcset=\"https:\/\/spectacles.lamaisonduconte.com\/wp-content\/uploads\/2024\/11\/SP-Vidal-cheval.jpg 567w, https:\/\/spectacles.lamaisonduconte.com\/wp-content\/uploads\/2024\/11\/SP-Vidal-cheval-243x300.jpg 243w\" sizes=\"auto, (max-width: 567px) 100vw, 567px\" \/><\/figure>\n\n\n\n<h2 class=\"wp-block-heading has-foreground-color has-text-color has-link-color wp-elements-ea29335a978380a153cbd88784afea94\" style=\"padding-right:var(--wp--preset--spacing--40);padding-left:var(--wp--preset--spacing--40)\"><br>TA LANGUE EST TON CHEVAL<br><\/h2>\n\n\n\n<blockquote class=\"wp-block-quote has-foreground-color has-text-color has-link-color has-extra-small-font-size wp-elements-a8d311f7b01384b42c7d06d4f9c38482 is-layout-flow wp-block-quote-is-layout-flow\" style=\"padding-right:0;padding-left:0\">\n<h6 class=\"wp-block-heading has-raleway-font-family has-extra-small-font-size\" style=\"padding-right:var(--wp--preset--spacing--40);padding-left:var(--wp--preset--spacing--40)\">Contes du monde, Langue des Signes Fran\u00e7aise (LSF), langage, Voyage<br>\u00c2ge&nbsp;: version 3 ans+, version 5 ans+, maternelle, \u00e9l\u00e9mentaire, adultes<\/h6>\n\n\n\n<p><\/p>\n<\/blockquote>\n\n\n\n<p class=\"has-foreground-color has-text-color has-link-color wp-elements-0f7906839b89b6b29480f31c09b13f43\" style=\"padding-right:var(--wp--preset--spacing--40);padding-left:var(--wp--preset--spacing--40)\"><br>\u00ab La terre est un grand jardin du parler. Chacun a ses mani\u00e8res de dire et de rire ! En prenant sa langue pour cheval, Francine Vidal vous emm\u00e8ne sur son terrain de jeu favori, une mappemonde. Des contes du monde entier qui ont pour point commun d\u2019explorer le pouvoir extravagant et gourmand des mots. Un voyage original et d\u00e9paysant dans le monde du dire et du rire. \u00bb<\/p>\n\n\n\n<p class=\"has-foreground-color has-text-color has-link-color wp-elements-4b9943a40f5816ba74f9591d1d1d6832\" style=\"padding-right:var(--wp--preset--spacing--40);padding-left:var(--wp--preset--spacing--40)\"><\/p>\n\n\n\n<p class=\"has-tertiary-color has-text-color has-link-color wp-elements-aecd5bd44d4c8bfb8bdd466746d8c3b3\"><br><em>Spectacle existant en deux versions, pour les 3-5 ans et les 5-9 ans.<\/em><\/p>\n\n\n\n<p class=\"has-foreground-color has-text-color has-link-color wp-elements-ba1238313e84d32e61af7a13624464d4\"><\/p>\n\n\n\n<p class=\"has-foreground-color has-text-color has-link-color wp-elements-b40ca65d1d78b9f2c587b890c70a0867\" style=\"padding-right:var(--wp--preset--spacing--40);padding-left:var(--wp--preset--spacing--40)\"><br><strong>Lieux de repr\u00e9sentation&nbsp;<\/strong>: forme plateau (r\u00e9gie son et lumi\u00e8re) et forme LND (lieux non-d\u00e9di\u00e9s en int\u00e9rieur)<\/p>\n\n\n\n<p class=\"has-foreground-color has-text-color has-link-color wp-elements-1e8b480e6446278376d9397b8b67e555\" style=\"padding-top:var(--wp--preset--spacing--40);padding-right:var(--wp--preset--spacing--40);padding-bottom:var(--wp--preset--spacing--40);padding-left:var(--wp--preset--spacing--40)\"><strong>\u00c9quipe artiste&nbsp;au plateau<\/strong>&nbsp;: <a href=\"https:\/\/spectacles.lamaisonduconte.com\/index.php\/francine-vidal-fiche-artiste\/\" data-type=\"page\" data-id=\"784\">Francine Vidal<\/a><\/p>\n\n\n\n<p class=\"has-foreground-color has-text-color has-link-color wp-elements-00f97c7b74e1e07a7f5556c2c16569e0\" style=\"padding-right:var(--wp--preset--spacing--40);padding-left:var(--wp--preset--spacing--40)\"><strong>Teaser<\/strong> :<\/p>\n\n\n\n<figure class=\"wp-block-embed is-type-video is-provider-vimeo wp-block-embed-vimeo wp-embed-aspect-16-9 wp-has-aspect-ratio\"><div class=\"wp-block-embed__wrapper\">\n<iframe loading=\"lazy\" title=\"Ta langue est ton cheval - teaser\" src=\"https:\/\/player.vimeo.com\/video\/957557620?dnt=1&amp;app_id=122963\" width=\"500\" height=\"281\" frameborder=\"0\" allow=\"autoplay; fullscreen; picture-in-picture; clipboard-write; encrypted-media; web-share\" referrerpolicy=\"strict-origin-when-cross-origin\"><\/iframe>\n<\/div><\/figure>\n\n\n\n<p class=\"has-foreground-color has-text-color has-link-color wp-elements-1c79c1fc3293c927e9c5b23573300450\" style=\"padding-right:var(--wp--preset--spacing--40);padding-left:var(--wp--preset--spacing--40)\"><strong>Production&nbsp;<\/strong>: <\/p>\n\n\n\n<p class=\"has-foreground-color has-text-color has-link-color wp-elements-b87aaedce2cf8ed23c573ca358546d42\" style=\"padding-right:var(--wp--preset--spacing--40);padding-left:var(--wp--preset--spacing--40)\">Cie Caracol \/ Coproductions : Forum Jacques Pr\u00e9vert, Sc\u00e8ne conventionn\u00e9e d\u2019int\u00e9r\u00eat national Art \u2013 Enfance &#8211; Jeunesse, La Maison du Conte, Sc\u00e8ne nationale de l\u2019Essonne \u2013 Agora-Desnos \/ Soutiens : DRAC Bourgogne-Franche-Comt\u00e9, Conseil D\u00e9partemental de Sa\u00f4ne-et-Loire, SPEDIDAM\/ Accueils en r\u00e9sidence : Th\u00e9\u00e2tre de l\u2019Unit\u00e9, La Maison du Conte, Studio AKA \/ Remerciements au Festival Rumeurs Urbaines \u2013 Cie Le Temps de Vivre<\/p>\n\n\n\n<p class=\"has-foreground-color has-text-color has-link-color wp-elements-4861c563b4dadc57a0686e47d2c4b742\" style=\"padding-top:var(--wp--preset--spacing--60);padding-right:var(--wp--preset--spacing--40);padding-bottom:var(--wp--preset--spacing--60);padding-left:var(--wp--preset--spacing--40)\"><strong>Contact : <\/strong><\/p>\n\n\n\n<p class=\"has-foreground-color has-text-color has-link-color wp-elements-b3b896a272283a76bbb9a5ab0b0ad303\" style=\"margin-top:var(--wp--preset--spacing--30);margin-right:0;margin-bottom:var(--wp--preset--spacing--30);margin-left:var(--wp--preset--spacing--60);padding-right:var(--wp--preset--spacing--40);padding-left:var(--wp--preset--spacing--40)\">e-mail : <a href=\"mailto:bonjour@parolesenjeu.fr\">bonjour@parolesenjeu.fr<\/a><\/p>\n\n\n\n<p class=\"has-foreground-color has-text-color has-link-color wp-elements-43fe9a45a306af138eaf31a19c784a6b\" style=\"padding-right:var(--wp--preset--spacing--40);padding-left:var(--wp--preset--spacing--40)\">Site web : <a href=\"https:\/\/www.parolesenjeu.fr\/\">parolesenjeu.fr<\/a><\/p>\n\n\n\n<p><\/p>\n","protected":false},"excerpt":{"rendered":"<p>TA LANGUE EST TON CHEVAL Contes du monde, Langue des Signes Fran\u00e7aise (LSF), langage, Voyage\u00c2ge&nbsp;: version 3 ans+, version 5 [&hellip;]<\/p>\n","protected":false},"author":1,"featured_media":264,"parent":0,"menu_order":0,"comment_status":"closed","ping_status":"closed","template":"","meta":{"footnotes":""},"class_list":["post-786","page","type-page","status-publish","has-post-thumbnail","hentry"],"_links":{"self":[{"href":"https:\/\/spectacles.lamaisonduconte.com\/index.php\/wp-json\/wp\/v2\/pages\/786","targetHints":{"allow":["GET"]}}],"collection":[{"href":"https:\/\/spectacles.lamaisonduconte.com\/index.php\/wp-json\/wp\/v2\/pages"}],"about":[{"href":"https:\/\/spectacles.lamaisonduconte.com\/index.php\/wp-json\/wp\/v2\/types\/page"}],"author":[{"embeddable":true,"href":"https:\/\/spectacles.lamaisonduconte.com\/index.php\/wp-json\/wp\/v2\/users\/1"}],"replies":[{"embeddable":true,"href":"https:\/\/spectacles.lamaisonduconte.com\/index.php\/wp-json\/wp\/v2\/comments?post=786"}],"version-history":[{"count":11,"href":"https:\/\/spectacles.lamaisonduconte.com\/index.php\/wp-json\/wp\/v2\/pages\/786\/revisions"}],"predecessor-version":[{"id":1810,"href":"https:\/\/spectacles.lamaisonduconte.com\/index.php\/wp-json\/wp\/v2\/pages\/786\/revisions\/1810"}],"wp:featuredmedia":[{"embeddable":true,"href":"https:\/\/spectacles.lamaisonduconte.com\/index.php\/wp-json\/wp\/v2\/media\/264"}],"wp:attachment":[{"href":"https:\/\/spectacles.lamaisonduconte.com\/index.php\/wp-json\/wp\/v2\/media?parent=786"}],"curies":[{"name":"wp","href":"https:\/\/api.w.org\/{rel}","templated":true}]}}